{"id":23,"date":"2023-07-03T08:27:16","date_gmt":"2023-07-03T08:27:16","guid":{"rendered":"http:\/\/projects.45press.com\/disneyonice\/?page_id=23"},"modified":"2026-03-19T10:07:19","modified_gmt":"2026-03-19T14:07:19","slug":"faq","status":"publish","type":"page","link":"https:\/\/www.disneyonice.com\/sv-se\/faq\/","title":{"rendered":"FAQ"},"content":{"rendered":"<div class=\"full\" id=\"block_d5bd55333433f5a5aab431b5514701d6\">\n\t<section class=\"felds-block felds-banner-block page-header banner-small pos-center pos-bottom\" style=\"background-color:#000000;\">\n\t\t<div class=\"info align-center below-title\" style=\"width: 80%;\">\n\t\t\t\t\t\t<div class=\"info-title\">\n\t\t\t\tVANLIGA FR\u00c5GOR\t\t\t<\/div>\n\t\t\t\t\t\t\t\t\t\t\t\t\t\t<\/div>\n\t\t<div class=\"bg-images\">\n\t\t\t\t\t\t<img decoding=\"async\" class=\"desktop\" src=\"https:\/\/www.disneyonice.com\/wp-content\/uploads\/2023\/09\/doi-faq-header_0.png\" alt=\"<em>Disney On Ice<\/em>\" width=\"1920\" height=\"1080\" fetchpriority=\"high\">\n\t\t\t\t\t\t\t\t\t<img decoding=\"async\" loading=\"lazy\" class=\"mobile\" src=\"https:\/\/www.disneyonice.com\/wp-content\/uploads\/2023\/09\/DOI-interiorpage_hero_mobile-faq.jpg\" alt=\"<em>Disney On Ice<\/em>\" width=\"750\" height=\"1334\">\n\t\t\t\t\t<\/div>\n\t\t\t\t\t<\/section>\n\t<\/div>\n\n\n\n\n\n\n<div class=\"full\">\n\t<section id=\"\" class=\"felds-block felds-faq-anchors-block\">\n\t\t<div class=\"block-content\">\n\t\t\t<ul>\n\t\t\t\t\t\t\t<li>\n\t\t\t\t\t<a href=\"#faq-the-shows\">OM F\u00d6REST\u00c4LLNINGARNA<\/a>\n\t\t\t\t<\/li>\n\t\t\t\t\t\t\t<li>\n\t\t\t\t\t<a href=\"#faq-disney-on-ice\">About <em>Disney On Ice<\/em><\/a>\n\t\t\t\t<\/li>\n\t\t\t\t\t\t\t<li>\n\t\t\t\t\t<a href=\"#faq-merchandise\">OM SOUVENIRER<\/a>\n\t\t\t\t<\/li>\n\t\t\t\t\t\t\t<li>\n\t\t\t\t\t<a href=\"#faq-tickets\">OM BILJETTER<\/a>\n\t\t\t\t<\/li>\n\t\t\t\t\t\t\t<li>\n\t\t\t\t\t<a href=\"#faq-feld-entertainment\">OM FELD ENTERTAINMENT<\/a>\n\t\t\t\t<\/li>\n\t\t\t\t\t\t<\/ul>\n\t\t<\/div>\n\t<\/section>\n<\/div>\n\n\n\n\n\n\n\n\n\n\n\n\n\n\n\n\n\n\n\n\n\n\n\n\n\n\n\n\n\n\n\n\n\n\n\n\n\n\n\n\n\n\n\n\n\n\n\n\n\n\n\n\n\n\n\n\n\n\n\n\n\n\n\n\n\n\n\n\n\n\n\n\n\n\n\n\n<div class=\"full\">\n\t<section id=\"faq-the-shows\" class=\"felds-block felds-faq-block\">\n\t\t<div class=\"block-title\">OM F\u00d6REST\u00c4LLNINGARNA<\/div>\n\t\t<div class=\"block-content\">\n\t\t\t\t\t\t<div class=\"item\">\n\t\t\t\t<div class=\"item-title\">Information om v\u00e4skor p\u00e5 evenemanget<\/div>\n\t\t\t\t<div class=\"item-content\"><div dir=\"auto\">Polismyndigheten har h\u00e4vt det tidigare v\u00e4skf\u00f6rbudet f\u00f6r st\u00f6rre evenemang, vilket inneb\u00e4r att det nu \u00e4r till\u00e5tet att ta med sig v\u00e4ska in p\u00e5 arenan \u2013 med vissa begr\u00e4nsningar.<\/div>\n<p>&nbsp;<\/p>\n<div dir=\"auto\">F\u00f6r att s\u00e4kerst\u00e4lla en trygg och smidig upplevelse f\u00f6r alla bes\u00f6kare till\u00e5ter vi endast v\u00e4skor med en maximal storlek p\u00e5 40 x 40 x 20 cm.<\/div>\n<p>&nbsp;<\/p>\n<div dir=\"auto\">Observera att alla v\u00e4skor kommer att genoms\u00f6kas vid insl\u00e4pp, s\u00e5 vi ber dig att komma i god tid och vara beredd att visa upp din v\u00e4ska f\u00f6r kontroll. V\u00e4skor som \u00f6verstiger den till\u00e5tna storleken kommer inte att till\u00e5tas p\u00e5 omr\u00e5det.<\/div>\n<p>&nbsp;<\/p>\n<div dir=\"auto\">Vi tackar f\u00f6r din f\u00f6rst\u00e5else och ditt samarbete \u2013 tillsammans skapar vi ett s\u00e4kert evenemang!<\/div>\n<\/div>\n\t\t\t<\/div>\n\t\t\t\t\t\t<div class=\"item\">\n\t\t\t\t<div class=\"item-title\">Hur l\u00e5ng \u00e4r f\u00f6rest\u00e4llningen och \u00e4r det n\u00e5gon paus?<\/div>\n\t\t\t\t<div class=\"item-content\"><p><em>F\u00f6rest\u00e4llningen \u00e4r mellan en och en halv timme till tv\u00e5 timmar l\u00e5ng, inklusive en paus p\u00e5 15-20 minuter.<\/em><\/p>\n<\/div>\n\t\t\t<\/div>\n\t\t\t\t\t\t<div class=\"item\">\n\t\t\t\t<div class=\"item-title\">Hur ska jag kl\u00e4 mig inf\u00f6r f\u00f6rest\u00e4llningen?<\/div>\n\t\t\t\t<div class=\"item-content\"><p>Vi f\u00f6resl\u00e5r att du kl\u00e4r dig bekv\u00e4mt. Praktiska skor rekommenderas f\u00f6r att s\u00e4kert ta dig runt i arenans trappor. Korrekt kl\u00e4dsel, inklusive skor och tr\u00f6ja, m\u00e5ste b\u00e4ras hela tiden. V\u00e5ra evenemang \u00e4r en avslappnad och familjeinriktad upplevelse. Kl\u00e4dsel som exponerar \u00f6verdrivet mycket och som kan anses ol\u00e4mplig f\u00f6r en familjemilj\u00f6 kommer inte att till\u00e5tas. Vi ber vi dig att anv\u00e4nda omd\u00f6me och sunt f\u00f6rnuft.<\/p>\n<p>&nbsp;<\/p>\n<p><strong>Ol\u00e4mplig kl\u00e4dsel<\/strong><\/p>\n<p>Feld Entertainment och partners f\u00f6rbeh\u00e5ller sig r\u00e4tten att neka intr\u00e4de eller avl\u00e4gsna personer som b\u00e4r kl\u00e4dsel som anses ol\u00e4mplig eller kl\u00e4dsel som kan f\u00f6rs\u00e4mra upplevelsen f\u00f6r andra g\u00e4ster. Kl\u00e4dsel som inte \u00e4r l\u00e4mplig och som kan leda till avslag fr\u00e5n intr\u00e4de inkluderar, men \u00e4r inte begr\u00e4nsad till:<\/p>\n<p>&nbsp;<\/p>\n<ul>\n<li>Kostymer och masker till kostymer, f\u00e5r inte b\u00e4ras av g\u00e4ster som \u00e4r 14 \u00e5r eller \u00e4ldre.<\/li>\n<li>Kl\u00e4der med anst\u00f6tligt material, inklusive st\u00f6tande spr\u00e5k eller grafik.<\/li>\n<li>\u00d6verdrivet trasiga kl\u00e4der.<\/li>\n<li>Som tidigare n\u00e4mnts, kl\u00e4dsel som exponerar \u00f6verdrivet mycket kan anses ol\u00e4mplig f\u00f6r en familjemilj\u00f6.<\/li>\n<li>Kl\u00e4der som vidr\u00f6r marken eller dras \u00f6ver marken.<\/li>\n<li>Obscena eller svordomstatueringar.<\/li>\n<\/ul>\n<p>&nbsp;<\/p>\n<p>Kostymer \u00e4r inte till\u00e5tna f\u00f6r g\u00e4ster som \u00e4r 14 \u00e5r och \u00e4ldre.<\/p>\n<p>&nbsp;<\/p>\n<p><strong>F\u00f6r g\u00e4ster som \u00e4r 14 \u00e5r eller yngre:<\/strong><\/p>\n<p>Kostymer f\u00e5r b\u00e4ras enligt dessa riktlinjer. G\u00e4ster som inte f\u00f6ljer dessa riktlinjer kan nekas intr\u00e4de till <em>Disney On Ice<\/em>, om inte deras kostym kan modifieras f\u00f6r att uppfylla ovanst\u00e5ende standarder:<\/p>\n<p>&nbsp;<\/p>\n<ul>\n<li>Alla g\u00e4ster kan kl\u00e4 ut sig till sin favoritkarakt\u00e4r, men f\u00e5r inte posera f\u00f6r bilder eller skriva autografer till andra g\u00e4ster.<\/li>\n<li>Kostymer m\u00e5ste vara familjev\u00e4nliga och f\u00e5r inte vara st\u00f6tande eller v\u00e5ldsamma.<\/li>\n<li>Kostymer f\u00e5r inte inneh\u00e5lla n\u00e5got som liknar eller kan f\u00f6rv\u00e4xlas med en faktisk vapen.<\/li>\n<li>Kostymer f\u00e5r inte inneh\u00e5lla vassa eller spetsiga f\u00f6rem\u00e5l eller material som oavsiktligt kan tr\u00e4ffa eller skada en annan g\u00e4st.<\/li>\n<li>Kostymer eller tillbeh\u00f6r som omger hela kroppen rekommenderas inte och kan vara f\u00f6rem\u00e5l f\u00f6r ytterligare s\u00e4kerhetskontroll.<\/li>\n<li>Kostymer f\u00e5r inte sl\u00e4pa eller dras \u00f6ver marken.<\/li>\n<li>Capes f\u00e5r b\u00e4ras om l\u00e4ngden inte g\u00e5r l\u00e4ngre \u00e4n till midjan.<\/li>\n<li>Tematiska t-shirts, blusar, sweatshirts och hattar \u00e4r accepterat.<\/li>\n<\/ul>\n<\/div>\n\t\t\t<\/div>\n\t\t\t\t\t\t<div class=\"item\">\n\t\t\t\t<div class=\"item-title\">\u00c4r det till\u00e5tet att fotografera under showen?<\/div>\n\t\t\t\t<div class=\"item-content\"><p>Det \u00e4r till\u00e5tet att fotografera under f\u00f6rest\u00e4llningen f\u00f6rutsatt att det \u00e4r f\u00f6r privat bruk. Filmning av f\u00f6rest\u00e4llningen f\u00e5r inte ske om det skymmer sikten f\u00f6r andra i publiken. Olika arenor till\u00e4mpar skilda regler f\u00f6r huruvida det \u00e4r till\u00e5tet att fotografera, v\u00e4nligen kontakta din arena f\u00f6r att f\u00e5 information om vad som g\u00e4ller d\u00e4r.<\/p>\n<\/div>\n\t\t\t<\/div>\n\t\t\t\t\t\t<div class=\"item\">\n\t\t\t\t<div class=\"item-title\">\u00c4r det n\u00e5gra specialeffekter under en <em>Disney On Ice<\/em>-show?<\/div>\n\t\t\t\t<div class=\"item-content\"><p>Som en del i den magiska upplevelsen inneh\u00e5ller en <em>Disney On Ice<\/em> show ofta specialeffekter, till exempel en helt s\u00e4ker teaterr\u00f6k, blixtrande ljus och andra bl\u00e4ndande specialeffekter.<\/p>\n<\/div>\n\t\t\t<\/div>\n\t\t\t\t\t<\/div>\n\t<\/section>\n<\/div>\n\n\n\n\n\n\n\n\n\n\n\n\n\n\n\n\n\n\n\n\n\n\n\n\n\n\n\n\n\n\n\n\n\n\n\n\n\n\n\n\n\n\n\n\n\n\n\n\n\n\n\n\n\n\n<div class=\"full\">\n\t<section id=\"faq-disney-on-ice\" class=\"felds-block felds-faq-block\">\n\t\t<div class=\"block-title\">OM <em>DISNEY ON ICE<\/em><\/div>\n\t\t<div class=\"block-content\">\n\t\t\t\t\t\t<div class=\"item\">\n\t\t\t\t<div class=\"item-title\">Varf\u00f6r kommer inte <em>Disney On Ice<\/em> till min hemstad?<\/div>\n\t\t\t\t<div class=\"item-content\"><p>Vi g\u00f6r v\u00e5rt b\u00e4sta f\u00f6r att upptr\u00e4da i s\u00e5 m\u00e5nga st\u00e4der som m\u00f6jligt. Tyv\u00e4rr kan vi inte bes\u00f6ka alla st\u00e4der med tanke p\u00e5 tidsbegr\u00e4nsningar och tillg\u00e4ngligheterna p\u00e5 arenorna.<\/p>\n<\/div>\n\t\t\t<\/div>\n\t\t\t\t\t\t<div class=\"item\">\n\t\t\t\t<div class=\"item-title\">N\u00e4r kommer <em>Disney On Ice<\/em> till min stad?<\/div>\n\t\t\t\t<div class=\"item-content\"><p>Nya st\u00e4der och datum kan tillkomma. H\u00e5ll dig uppdaterad h\u00e4r eller via Facebook.<\/p>\n<\/div>\n\t\t\t<\/div>\n\t\t\t\t\t<\/div>\n\t<\/section>\n<\/div>\n\n\n\n\n\n\n\n\n\n\n\n\n\n\n\n\n\n\n\n\n\n\n\n\n\n\n\n\n\n\n\n\n\n\n\n\n\n\n\n\n\n\n\n\n\n\n\n\n\n\n\n\n\n\n\n\n\n\n\n\n\n\n\n\n\n\n\n\n<div class=\"full\">\n\t<section id=\"faq-merchandise\" class=\"felds-block felds-faq-block\">\n\t\t<div class=\"block-title\">OM SOUVENIRER<\/div>\n\t\t<div class=\"block-content\">\n\t\t\t\t\t\t<div class=\"item\">\n\t\t\t\t<div class=\"item-title\">Finns det <em>Disney On Ice<\/em>-souvenirer att k\u00f6pa n\u00e5gon annanstans \u00e4n p\u00e5 f\u00f6rest\u00e4llningarna?<\/div>\n\t\t\t\t<div class=\"item-content\"><p>Nej, tyv\u00e4rr s\u00e4ljs v\u00e5ra <em>Disney On Ice<\/em>-souvenirer bara p\u00e5 v\u00e5ra f\u00f6rest\u00e4llningar och g\u00e5r inte att k\u00f6pa n\u00e5gon annanstans.<\/p>\n<\/div>\n\t\t\t<\/div>\n\t\t\t\t\t\t<div class=\"item\">\n\t\t\t\t<div class=\"item-title\">Hur betalar jag f\u00f6r souvenirer p\u00e5 f\u00f6rest\u00e4llningen?<\/div>\n\t\t\t\t<div class=\"item-content\"><p>Endast kortbetalning g\u00e4ller f\u00f6r souvenirer.<\/p>\n<\/div>\n\t\t\t<\/div>\n\t\t\t\t\t<\/div>\n\t<\/section>\n<\/div>\n\n\n\n\n\n\n\n\n\n\n\n\n\n\n\n\n\n\n\n\n\n\n\n\n\n\n\n\n\n\n\n\n\n\n\n\n\n\n\n\n\n\n\n\n\n\n\n\n\n\n\n\n\n\n\n\n\n\n\n\n\n\n<div class=\"full\">\n\t<section id=\"faq-tickets\" class=\"felds-block felds-faq-block\">\n\t\t<div class=\"block-title\">OM BILJETTER<\/div>\n\t\t<div class=\"block-content\">\n\t\t\t\t\t\t<div class=\"item\">\n\t\t\t\t<div class=\"item-title\">Hur k\u00f6per jag biljetter?<\/div>\n\t\t\t\t<div class=\"item-content\"><p>F\u00f6r detaljerad information om biljettbokning, v\u00e4nligen klicka l\u00e4ngst upp p\u00e5 hemsidans f\u00f6rstasida. Du kan ocks\u00e5 boka dina biljetter via ticketmaster.se eller axs.com. Biljetter g\u00e5r dessutom att k\u00f6pa direkt p\u00e5 plats p\u00e5 arenan i biljettkassan.<\/p>\n<p>FELD Entertainment rekommenderar att inte k\u00f6pa biljetter fr\u00e5n \u00e5terf\u00f6rs\u00e4ljare eller liknande webbplatser eller biljettsidor, eftersom vi inte kan garantera att biljetterna \u00e4r giltiga. G\u00e5 alltid till www.disneyonice.se direkt, eller till en av v\u00e5ra godk\u00e4nda partners, f\u00f6r b\u00e4sta tillg\u00e4nglighet och garanterat giltiga biljetter.<\/p>\n<\/div>\n\t\t\t<\/div>\n\t\t\t\t\t\t<div class=\"item\">\n\t\t\t\t<div class=\"item-title\">Beh\u00f6ver jag k\u00f6pa biljett \u00e4ven f\u00f6r riktigt sm\u00e5 barn?<\/div>\n\t\t\t\t<div class=\"item-content\"><p>Barn under 2 \u00e5r g\u00e5r in gratis om de sitter i vuxens kn\u00e4.<\/p>\n<\/div>\n\t\t\t<\/div>\n\t\t\t\t\t\t<div class=\"item\">\n\t\t\t\t<div class=\"item-title\">Finns det meet &amp; greets?<\/div>\n\t\t\t\t<div class=\"item-content\"><p>Ibland har vi m\u00f6jlighet att erbjuda tr\u00e4ffar med Disneyfigurerna genom t\u00e4vlingar. Om det inte finns n\u00e5gon planerad i din n\u00e4rhet hoppas vi att du kommer gl\u00e4djas av att f\u00e5 se Disneyfigurerna live under showen.<\/p>\n<\/div>\n\t\t\t<\/div>\n\t\t\t\t\t\t<div class=\"item\">\n\t\t\t\t<div class=\"item-title\">Har ni ett speciellt erbjudande f\u00f6r stora grupper?<\/div>\n\t\t\t\t<div class=\"item-content\"><p>Vi har erbjudanden f\u00f6r stora grupper. Erbjudandena kan variera fr\u00e5n arena till arena s\u00e5 v\u00e4nligen kontakta din arena f\u00f6r exakta prisuppgifter.<\/p>\n<\/div>\n\t\t\t<\/div>\n\t\t\t\t\t<\/div>\n\t<\/section>\n<\/div>\n\n\n\n\n\n\n\n\n\n\n\n\n\n\n\n\n\n\n\n\n\n\n\n\n\n\n\n\n\n\n\n\n\n\n\n\n\n\n\n\n\n\n\n\n\n\n\n\n\n\n<div class=\"full\">\n\t<section id=\"faq-feld-entertainment\" class=\"felds-block felds-faq-block\">\n\t\t<div class=\"block-title\">OM FELD ENTERTAINMENT<\/div>\n\t\t<div class=\"block-content\">\n\t\t\t\t\t\t<div class=\"item\">\n\t\t\t\t<div class=\"item-title\">Om Feld Entertainment, Inc.<\/div>\n\t\t\t\t<div class=\"item-content\"><p>Feld Entertainment\u00ae \u00e4r v\u00e4rldsledande i att producera och presentera turnerande liveunderh\u00e5llning f\u00f6r familjer som upplever gl\u00e4dje tillsammans och skapar gemenskap. Feld Entertainment st\u00e5r bland annat bakom <em>Ringling Bros. and Barnum &amp; Bailey\u00ae, <\/em>Monster Jam<em>\u00ae<\/em>, <em><em>Disney On Ice<\/em>, <\/em>\u00a0Monster Energy AMA Supercross, och SuperMotocross World Championship. Genom dessa f\u00f6rest\u00e4llningar har Feld Entertainment underh\u00e5llit miljontals familjer i mer \u00e4n 80 l\u00e4nder och p\u00e5 sex kontinenter. Bes\u00f6k <a href=\"https:\/\/www.feldentertainment.com\">feldentertainment.com<\/a> f\u00f6r mer information.<\/p>\n<\/div>\n\t\t\t<\/div>\n\t\t\t\t\t\t<div class=\"item\">\n\t\t\t\t<div class=\"item-title\">Hur blir jag en artist hos <em>Disney On Ice<\/em>?<\/div>\n\t\t\t\t<div class=\"item-content\"><p>V\u00e4nligen bes\u00f6k <a href=\"https:\/\/www.feldentertainment.com\/performer-auditions\/disney-on-ice\/\">https:\/\/www.feldentertainment.com\/performer-auditions\/disney-on-ice\/<\/a> f\u00f6r mer information.<\/p>\n<\/div>\n\t\t\t<\/div>\n\t\t\t\t\t<\/div>\n\t<\/section>\n<\/div>","protected":false},"excerpt":{"rendered":"","protected":false},"author":1,"featured_media":16425,"parent":0,"menu_order":0,"comment_status":"closed","ping_status":"closed","template":"","meta":{"footnotes":""},"acf":[],"yoast_head":"<!-- This site is optimized with the Yoast SEO plugin v21.4 - https:\/\/yoast.com\/wordpress\/plugins\/seo\/ -->\n<title>FAQ | The Official Site of Disney On Ice<\/title>\n<meta name=\"description\" content=\"All of your Disney On Ice questions answered here!\" \/>\n<meta name=\"robots\" content=\"index, follow, max-snippet:-1, max-image-preview:large, max-video-preview:-1\" \/>\n<link rel=\"canonical\" href=\"https:\/\/www.disneyonice.com\/sv-se\/faq\/\" \/>\n<meta property=\"og:locale\" content=\"sv_SE\" \/>\n<meta property=\"og:type\" content=\"article\" \/>\n<meta property=\"og:title\" content=\"FAQ | The Official Site of Disney On Ice\" \/>\n<meta property=\"og:description\" content=\"All of your Disney On Ice questions answered here!\" \/>\n<meta property=\"og:url\" content=\"https:\/\/www.disneyonice.com\/sv-se\/faq\/\" \/>\n<meta property=\"og:site_name\" content=\"The Official Site of Disney On Ice\" \/>\n<meta property=\"article:modified_time\" content=\"2026-03-19T14:07:19+00:00\" \/>\n<meta property=\"og:image\" content=\"https:\/\/www.disneyonice.com\/wp-content\/uploads\/2025\/06\/D38_20240831_Orlando_GEO_10503-Edit.png\" \/>\n\t<meta property=\"og:image:width\" content=\"560\" \/>\n\t<meta property=\"og:image:height\" content=\"400\" \/>\n\t<meta property=\"og:image:type\" content=\"image\/png\" \/>\n<meta name=\"twitter:card\" content=\"summary_large_image\" \/>\n<script type=\"application\/ld+json\" class=\"yoast-schema-graph\">{\"@context\":\"https:\/\/schema.org\",\"@graph\":[{\"@type\":\"WebPage\",\"@id\":\"https:\/\/www.disneyonice.com\/faq\/\",\"url\":\"https:\/\/www.disneyonice.com\/faq\/\",\"name\":\"FAQ | The Official Site of Disney On Ice\",\"isPartOf\":{\"@id\":\"https:\/\/www.disneyonice.com\/es-cl\/#website\"},\"datePublished\":\"2023-07-03T08:27:16+00:00\",\"dateModified\":\"2026-03-19T14:07:19+00:00\",\"description\":\"All of your Disney On Ice questions answered here!\",\"breadcrumb\":{\"@id\":\"https:\/\/www.disneyonice.com\/faq\/#breadcrumb\"},\"inLanguage\":\"sv-SE\",\"potentialAction\":[{\"@type\":\"ReadAction\",\"target\":[\"https:\/\/www.disneyonice.com\/faq\/\"]}]},{\"@type\":\"BreadcrumbList\",\"@id\":\"https:\/\/www.disneyonice.com\/faq\/#breadcrumb\",\"itemListElement\":[{\"@type\":\"ListItem\",\"position\":1,\"name\":\"Home\",\"item\":\"https:\/\/www.disneyonice.com\/\"},{\"@type\":\"ListItem\",\"position\":2,\"name\":\"FAQ\"}]},{\"@type\":\"WebSite\",\"@id\":\"https:\/\/www.disneyonice.com\/es-cl\/#website\",\"url\":\"https:\/\/www.disneyonice.com\/es-cl\/\",\"name\":\"The Official Site of Disney On Ice\",\"description\":\"A series of touring ice shows produced by Feld Entertainment under agreement with The Walt Disney Company.\",\"publisher\":{\"@id\":\"https:\/\/www.disneyonice.com\/es-cl\/#organization\"},\"potentialAction\":[{\"@type\":\"SearchAction\",\"target\":{\"@type\":\"EntryPoint\",\"urlTemplate\":\"https:\/\/www.disneyonice.com\/es-cl\/?s={search_term_string}\"},\"query-input\":\"required name=search_term_string\"}],\"inLanguage\":\"sv-SE\"},{\"@type\":\"Organization\",\"@id\":\"https:\/\/www.disneyonice.com\/es-cl\/#organization\",\"name\":\"Disney On Ice\",\"url\":\"https:\/\/www.disneyonice.com\/es-cl\/\",\"logo\":{\"@type\":\"ImageObject\",\"inLanguage\":\"sv-SE\",\"@id\":\"https:\/\/www.disneyonice.com\/es-cl\/#\/schema\/logo\/image\/\",\"url\":\"https:\/\/www.disneyonice.com\/wp-content\/uploads\/2023\/08\/Disney-Check.png\",\"contentUrl\":\"https:\/\/www.disneyonice.com\/wp-content\/uploads\/2023\/08\/Disney-Check.png\",\"width\":100,\"height\":104,\"caption\":\"Disney On Ice\"},\"image\":{\"@id\":\"https:\/\/www.disneyonice.com\/es-cl\/#\/schema\/logo\/image\/\"}}]}<\/script>\n<!-- \/ Yoast SEO plugin. -->","yoast_head_json":{"title":"FAQ | The Official Site of Disney On Ice","description":"All of your Disney On Ice questions answered here!","robots":{"index":"index","follow":"follow","max-snippet":"max-snippet:-1","max-image-preview":"max-image-preview:large","max-video-preview":"max-video-preview:-1"},"canonical":"https:\/\/www.disneyonice.com\/sv-se\/faq\/","og_locale":"sv_SE","og_type":"article","og_title":"FAQ | The Official Site of Disney On Ice","og_description":"All of your Disney On Ice questions answered here!","og_url":"https:\/\/www.disneyonice.com\/sv-se\/faq\/","og_site_name":"The Official Site of Disney On Ice","article_modified_time":"2026-03-19T14:07:19+00:00","og_image":[{"width":560,"height":400,"url":"https:\/\/www.disneyonice.com\/wp-content\/uploads\/2025\/06\/D38_20240831_Orlando_GEO_10503-Edit.png","type":"image\/png"}],"twitter_card":"summary_large_image","schema":{"@context":"https:\/\/schema.org","@graph":[{"@type":"WebPage","@id":"https:\/\/www.disneyonice.com\/faq\/","url":"https:\/\/www.disneyonice.com\/faq\/","name":"FAQ | The Official Site of Disney On Ice","isPartOf":{"@id":"https:\/\/www.disneyonice.com\/es-cl\/#website"},"datePublished":"2023-07-03T08:27:16+00:00","dateModified":"2026-03-19T14:07:19+00:00","description":"All of your Disney On Ice questions answered here!","breadcrumb":{"@id":"https:\/\/www.disneyonice.com\/faq\/#breadcrumb"},"inLanguage":"sv-SE","potentialAction":[{"@type":"ReadAction","target":["https:\/\/www.disneyonice.com\/faq\/"]}]},{"@type":"BreadcrumbList","@id":"https:\/\/www.disneyonice.com\/faq\/#breadcrumb","itemListElement":[{"@type":"ListItem","position":1,"name":"Home","item":"https:\/\/www.disneyonice.com\/"},{"@type":"ListItem","position":2,"name":"FAQ"}]},{"@type":"WebSite","@id":"https:\/\/www.disneyonice.com\/es-cl\/#website","url":"https:\/\/www.disneyonice.com\/es-cl\/","name":"The Official Site of Disney On Ice","description":"A series of touring ice shows produced by Feld Entertainment under agreement with The Walt Disney Company.","publisher":{"@id":"https:\/\/www.disneyonice.com\/es-cl\/#organization"},"potentialAction":[{"@type":"SearchAction","target":{"@type":"EntryPoint","urlTemplate":"https:\/\/www.disneyonice.com\/es-cl\/?s={search_term_string}"},"query-input":"required name=search_term_string"}],"inLanguage":"sv-SE"},{"@type":"Organization","@id":"https:\/\/www.disneyonice.com\/es-cl\/#organization","name":"Disney On Ice","url":"https:\/\/www.disneyonice.com\/es-cl\/","logo":{"@type":"ImageObject","inLanguage":"sv-SE","@id":"https:\/\/www.disneyonice.com\/es-cl\/#\/schema\/logo\/image\/","url":"https:\/\/www.disneyonice.com\/wp-content\/uploads\/2023\/08\/Disney-Check.png","contentUrl":"https:\/\/www.disneyonice.com\/wp-content\/uploads\/2023\/08\/Disney-Check.png","width":100,"height":104,"caption":"Disney On Ice"},"image":{"@id":"https:\/\/www.disneyonice.com\/es-cl\/#\/schema\/logo\/image\/"}}]}},"_links":{"self":[{"href":"https:\/\/www.disneyonice.com\/sv-se\/wp-json\/wp\/v2\/pages\/23"}],"collection":[{"href":"https:\/\/www.disneyonice.com\/sv-se\/wp-json\/wp\/v2\/pages"}],"about":[{"href":"https:\/\/www.disneyonice.com\/sv-se\/wp-json\/wp\/v2\/types\/page"}],"author":[{"embeddable":true,"href":"https:\/\/www.disneyonice.com\/sv-se\/wp-json\/wp\/v2\/users\/1"}],"replies":[{"embeddable":true,"href":"https:\/\/www.disneyonice.com\/sv-se\/wp-json\/wp\/v2\/comments?post=23"}],"version-history":[{"count":5,"href":"https:\/\/www.disneyonice.com\/sv-se\/wp-json\/wp\/v2\/pages\/23\/revisions"}],"predecessor-version":[{"id":19959,"href":"https:\/\/www.disneyonice.com\/sv-se\/wp-json\/wp\/v2\/pages\/23\/revisions\/19959"}],"wp:featuredmedia":[{"embeddable":true,"href":"https:\/\/www.disneyonice.com\/sv-se\/wp-json\/wp\/v2\/media\/16425"}],"wp:attachment":[{"href":"https:\/\/www.disneyonice.com\/sv-se\/wp-json\/wp\/v2\/media?parent=23"}],"curies":[{"name":"wp","href":"https:\/\/api.w.org\/{rel}","templated":true}]}}