{"id":23,"date":"2023-07-03T08:27:16","date_gmt":"2023-07-03T08:27:16","guid":{"rendered":"http:\/\/projects.45press.com\/disneyonice\/?page_id=23"},"modified":"2026-03-19T10:07:19","modified_gmt":"2026-03-19T14:07:19","slug":"faq","status":"publish","type":"page","link":"https:\/\/www.disneyonice.com\/sr-rs\/faq\/","title":{"rendered":"\u010cPP"},"content":{"rendered":"<div class=\"full\" id=\"block_d5bd55333433f5a5aab431b5514701d6\">\n\t<section class=\"felds-block felds-banner-block page-header banner-small pos-center pos-bottom\" style=\"background-color:#000000;\">\n\t\t<div class=\"info align-center below-title\" style=\"width: 80%;\">\n\t\t\t\t\t\t<div class=\"info-title\">\n\t\t\t\t\u010cESTO POSTAVLJANA PITANJA\t\t\t<\/div>\n\t\t\t\t\t\t\t\t\t\t\t\t\t\t<\/div>\n\t\t<div class=\"bg-images\">\n\t\t\t\t\t\t<img decoding=\"async\" class=\"desktop\" src=\"https:\/\/www.disneyonice.com\/wp-content\/uploads\/2023\/09\/doi-faq-header_0.png\" alt=\"<em>Disney On Ice<\/em>\" width=\"1920\" height=\"1080\" fetchpriority=\"high\">\n\t\t\t\t\t\t\t\t\t<img decoding=\"async\" loading=\"lazy\" class=\"mobile\" src=\"https:\/\/www.disneyonice.com\/wp-content\/uploads\/2023\/09\/DOI-interiorpage_hero_mobile-faq.jpg\" alt=\"<em>Disney On Ice<\/em>\" width=\"750\" height=\"1334\">\n\t\t\t\t\t<\/div>\n\t\t\t\t\t<\/section>\n\t<\/div>\n\n\n\n\n\n\n<div class=\"full\">\n\t<section id=\"\" class=\"felds-block felds-faq-anchors-block\">\n\t\t<div class=\"block-content\">\n\t\t\t<ul>\n\t\t\t\t\t\t\t<li>\n\t\t\t\t\t<a href=\"#faq-the-shows\">O PREDSTAVAMA<\/a>\n\t\t\t\t<\/li>\n\t\t\t\t\t\t\t<li>\n\t\t\t\t\t<a href=\"#faq-disney-on-ice\">About <em>Disney On Ice<\/em><\/a>\n\t\t\t\t<\/li>\n\t\t\t\t\t\t\t<li>\n\t\t\t\t\t<a href=\"#faq-merchandise\">DODATNE INFORMACIJE O ROBI<\/a>\n\t\t\t\t<\/li>\n\t\t\t\t\t\t\t<li>\n\t\t\t\t\t<a href=\"#faq-tickets\">O KARTAMA<\/a>\n\t\t\t\t<\/li>\n\t\t\t\t\t\t\t<li>\n\t\t\t\t\t<a href=\"#faq-feld-entertainment\">O KOMPANIJI FELD ENTERTAINMENT<\/a>\n\t\t\t\t<\/li>\n\t\t\t\t\t\t<\/ul>\n\t\t<\/div>\n\t<\/section>\n<\/div>\n\n\n\n\n\n\n\n\n\n\n\n\n\n\n\n\n\n\n\n\n\n\n\n\n\n\n\n\n\n\n\n\n\n\n\n\n\n\n\n\n\n\n\n\n\n\n\n\n\n\n<div class=\"full\">\n\t<section id=\"faq-the-shows\" class=\"felds-block felds-faq-block\">\n\t\t<div class=\"block-title\">O PREDSTAVAMA<\/div>\n\t\t<div class=\"block-content\">\n\t\t\t\t\t\t<div class=\"item\">\n\t\t\t\t<div class=\"item-title\">Koliko traje predstava?<\/div>\n\t\t\t\t<div class=\"item-content\"><p>Trajanje predstave\u00a0<em><em>Disney On Ice<\/em><\/em>\u00a0varira, ali prose\u010dna du\u017eina je od sat i po do dva sata, U to je ura\u010dunata i pauza od 15 do 20 minuta.<\/p>\n<\/div>\n\t\t\t<\/div>\n\t\t\t\t\t\t<div class=\"item\">\n\t\t\t\t<div class=\"item-title\">Kako je najbolje da se obu\u010dete za predstavu <em>Disney On Ice<\/em>?<\/div>\n\t\t\t\t<div class=\"item-content\"><p>Predla\u017eemo da se obu\u010dete udobno. Temperatura u areni je obi\u010dno vi\u0161e od 10 stepeni ni\u017ea nego napolju, stoga mogu da vam zatrebaju lagan d\u017eemper \/ jakna. Tako\u0111e, preporu\u010duje se prakti\u010dna obu\u0107a da biste se bezbedno kretali po areni. Odgovaraju\u0107a garderoba, uklju\u010duju\u0107i cipele i majice, mora da se nosi sve vreme. Sve na\u0161e predstave nude opu\u0161teno, porodi\u010dno okru\u017eenje. Ode\u0107a koja po svojoj prirodi pokazuje prevelike delove ko\u017ee ili tela i koja ne prili\u010di porodi\u010dnom okru\u017eenju ne\u0107e biti dozvoljena. U tom smislu, molimo vas da budete diskretni i razumni. Kostimi za goste od 14 godina i starije nisu dozvoljeni. Ako imate dodatnih pitanja, molimo da nas kontaktirate na\u00a0customerserviceeurope@feldinc.com<\/p>\n<\/div>\n\t\t\t<\/div>\n\t\t\t\t\t\t<div class=\"item\">\n\t\t\t\t<div class=\"item-title\">Da li je dozvoljeno kori\u0161\u0107enje foto aparata i kamera?<\/div>\n\t\t\t\t<div class=\"item-content\"><p>Kompaktni foto aparati su dozvoljeni ukoliko nisu profesionalni, a fotografije namenjene isklju\u010divo li\u010dnoj upotrebi. Uno\u0161enje bilo koje vrste video kamera u Arenu nije dozvoljeno. Pravila kori\u0161\u0107enja digitalnih kamera zavise od dvorane do dvorane, pa vas molimo da se o uslovima kori\u0161\u0107enja informi\u0161ete u va\u0161oj Areni.<\/p>\n<\/div>\n\t\t\t<\/div>\n\t\t\t\t\t\t<div class=\"item\">\n\t\t\t\t<div class=\"item-title\">Does <em>Disney On Ice<\/em> features any special effects during the show?<\/div>\n\t\t\t\t<div class=\"item-content\"><p>As part of the magical experience, several\u00a0<i><em>Disney On Ice<\/em><\/i> shows feature special effects, including glitter, paper confetti, bubbles, a safe theatrical fog, strobe lights and dazzling special effects. We recommend contacting\u00a0<strong><a href=\"mailto:customerrelations@feldinc.com\">C<\/a><a href=\"https:\/\/www.disneyonice.com\/sr-rs\/contact\/\">ustomer Service<\/a><\/strong>\u00a0for specific details about the show you are attending.<\/p>\n<\/div>\n\t\t\t<\/div>\n\t\t\t\t\t<\/div>\n\t<\/section>\n<\/div>\n\n\n\n\n\n\n\n\n\n\n\n\n\n\n\n\n\n\n\n\n\n\n\n\n\n\n\n\n\n\n\n\n\n\n\n\n\n\n\n\n\n\n\n\n\n\n\n\n\n\n\n\n\n\n\n\n\n\n\n\n\n\n\n\n\n\n<div class=\"full\">\n\t<section id=\"faq-disney-on-ice\" class=\"felds-block felds-faq-block\">\n\t\t<div class=\"block-title\">O DIZNIJU NA LEDU<\/div>\n\t\t<div class=\"block-content\">\n\t\t\t\t\t\t<div class=\"item\">\n\t\t\t\t<div class=\"item-title\">Za\u0161to moj grad nije u rasporedu izvo\u0111enja va\u0161ih predstava?<\/div>\n\t\t\t\t<div class=\"item-content\"><p>Svake godine dajemo sve od sebe da predstavu izvodimo u \u0161to je mogu\u0107e vi\u0161e gradova i s vremena na vreme menjamo na\u0161u mar\u0161-rutu. Na\u017ealost, promene u planu putovanja onemogu\u0107avaju nas da ponovo gostujemo u gradovima u kojima smo ranije izvodili predstavu. Za sve dodatne informacije posetite na\u0161 sajt. Imajte na umu da se na sajtu nalaze samo datumi ve\u0107 potvr\u0111enih izvo\u0111enja \u2013 nove gradove \u0107emo blagovremeno dodavati.<\/p>\n<\/div>\n\t\t\t<\/div>\n\t\t\t\t\t\t<div class=\"item\">\n\t\t\t\t<div class=\"item-title\">Kada <em>Disney On Ice<\/em> dolazi u moj grad?<\/div>\n\t\t\t\t<div class=\"item-content\"><p>Novi gradovi i datumi se stalno dodaju, pa redovno proveravajte sve dopune!<\/p>\n<\/div>\n\t\t\t<\/div>\n\t\t\t\t\t\t<div class=\"item\">\n\t\t\t\t<div class=\"item-title\">Kome mogu da se obratim u vezi s pitanjima ili komentarima o <em>Disney on ice<\/em> robi?<\/div>\n\t\t\t\t<div class=\"item-content\"><p>Mo\u017eete poslati e-mail na\u00a0customerserviceeurope@feldinc.com.<\/p>\n<\/div>\n\t\t\t<\/div>\n\t\t\t\t\t<\/div>\n\t<\/section>\n<\/div>\n\n\n\n\n\n\n\n\n\n\n\n\n\n\n\n\n\n\n\n\n\n\n\n\n\n\n\n\n\n\n\n\n\n\n\n\n\n\n\n\n\n\n\n\n\n\n\n\n\n\n\n\n\n\n\n\n\n\n\n\n<div class=\"full\">\n\t<section id=\"faq-merchandise\" class=\"felds-block felds-faq-block\">\n\t\t<div class=\"block-title\">O ROBI<\/div>\n\t\t<div class=\"block-content\">\n\t\t\t\t\t\t<div class=\"item\">\n\t\t\t\t<div class=\"item-title\">Who do I contact regarding merchandise?<\/div>\n\t\t\t\t<div class=\"item-content\"><p>Please call Feld Entertainment Consumer Products toll-free at (800) 755-1530 or\u00a0<a href=\"mailto:QA@feldinc.com\">email\u00a0QA@feldinc.com<\/a>.<\/p>\n<\/div>\n\t\t\t<\/div>\n\t\t\t\t\t<\/div>\n\t<\/section>\n<\/div>\n\n\n\n\n\n\n\n\n\n\n\n\n\n\n\n\n\n\n\n\n\n\n\n\n\n\n\n\n\n\n\n\n\n\n\n\n\n\n\n\n\n\n\n\n\n\n\n\n\n\n\n\n\n\n\n\n\n\n\n\n\n\n<div class=\"full\">\n\t<section id=\"faq-tickets\" class=\"felds-block felds-faq-block\">\n\t\t<div class=\"block-title\">O KARTAMA<\/div>\n\t\t<div class=\"block-content\">\n\t\t\t\t\t\t<div class=\"item\">\n\t\t\t\t<div class=\"item-title\">Kako mogu kupiti ulaznice?<\/div>\n\t\t\t\t<div class=\"item-content\"><p>Za vi\u0161e informacija o ulaznicama molimo vas da posetite vrh stranice. Tako\u0111e, mo\u017eete kontaktirati i va\u0161u lokalnu agenciju za prodaju karata ili posetite prodajno mesto u Areni. Za kupovinu karata na dan predstave molimo vas da idete direktno na blagajnu Arene.<\/p>\n<\/div>\n\t\t\t<\/div>\n\t\t\t\t\t\t<div class=\"item\">\n\t\t\t\t<div class=\"item-title\">Da li je potrebno kupiti ulaznicu za dete koje \u0107e tokom cele predstave sedeti kod roditelja u krilima?<\/div>\n\t\t\t\t<div class=\"item-content\"><p>Za decu mla\u0111u od 3 godine nije potrebno kupiti katru.<\/p>\n<\/div>\n\t\t\t<\/div>\n\t\t\t\t\t\t<div class=\"item\">\n\t\t\t\t<div class=\"item-title\">Da li je mogu\u0107e upoznati izvo\u0111a\u010de?<\/div>\n\t\t\t\t<div class=\"item-content\"><p>S vremena na vreme postoji mogu\u0107nost upoznavanja izvo\u0111a\u010da, koje organizujemo kroz takmi\u010denje, koje se kao takvo i najavljuje. Ukoliko kod vas ne bude postojala ta mogu\u0107nost, nadamo se da \u0107ete u\u017eivati u Diznijevim likovima tokom same predstave.<\/p>\n<\/div>\n\t\t\t<\/div>\n\t\t\t\t\t\t<div class=\"item\">\n\t\t\t\t<div class=\"item-title\">Da li postoji posebna ponuda za ve\u0107e grupe?<\/div>\n\t\t\t\t<div class=\"item-content\"><p><strong>Ukoliko kupujete 50 i vi\u0161e karata, molimo vas da kontaktirate Taramount film na:<\/strong><\/p>\n<p>Taramount film d.o.o.<br \/>\nEmilijana Josimovi\u0107a 4\/6<br \/>\n11 000 Beograd<br \/>\ninfo@taramountfilm.com<br \/>\nCentrala: T\/F: +381 11 3340 410<\/p>\n<\/div>\n\t\t\t<\/div>\n\t\t\t\t\t<\/div>\n\t<\/section>\n<\/div>\n\n\n\n\n\n\n\n\n\n\n\n\n\n\n\n\n\n\n\n\n\n\n\n\n\n\n\n\n\n\n\n\n\n\n\n\n\n\n\n\n\n\n\n\n\n\n<div class=\"full\">\n\t<section id=\"faq-feld-entertainment\" class=\"felds-block felds-faq-block\">\n\t\t<div class=\"block-title\">O KOMPANIJI FELD ENTERTAINMENT<\/div>\n\t\t<div class=\"block-content\">\n\t\t\t\t\t\t<div class=\"item\">\n\t\t\t\t<div class=\"item-title\">Ko je Feld Entertainment?<\/div>\n\t\t\t\t<div class=\"item-content\"><p>Feld Entertainment je svetski lider u produkciji i predstavljanju gostuju\u0107ih predstava u\u017eivo, namenjenih porodi\u010dnoj zabavi koji podi\u017ee duh. Me\u0111u predstavama su <em>Ringling Bros. and Barnum &amp; Bailey\u00ae, <\/em>Monster Jam<em>\u00ae<\/em>, <em><em>Disney On Ice<\/em>, <\/em>\u00a0Monster Energy AMA Supercross, i SuperMotocross World Championship. Svojim predstavama, Feld Entertainment je zabavio milione porodica u vi\u0161e od 80 zemalja na \u0161est kontinenata. Posetite feldentertainment.com za vi\u0161e informacija.<\/p>\n<\/div>\n\t\t\t<\/div>\n\t\t\t\t\t\t<div class=\"item\">\n\t\t\t\t<div class=\"item-title\">Kako mogu postati izvo\u0111a\u010d produkcije <em>Disney On Ice<\/em>?<\/div>\n\t\t\t\t<div class=\"item-content\"><p>Za vi\u0161e informacija molimo vas da posetite sajt:\u00a0<a href=\"https:\/\/www.feldentertainment.com\/performer-auditions\/disney-on-ice\/\">https:\/\/www.feldentertainment.com\/performer-auditions\/disney-on-ice\/<\/a><\/p>\n<\/div>\n\t\t\t<\/div>\n\t\t\t\t\t<\/div>\n\t<\/section>\n<\/div>","protected":false},"excerpt":{"rendered":"","protected":false},"author":1,"featured_media":16425,"parent":0,"menu_order":0,"comment_status":"closed","ping_status":"closed","template":"","meta":{"footnotes":""},"acf":[],"yoast_head":"<!-- This site is optimized with the Yoast SEO plugin v21.4 - https:\/\/yoast.com\/wordpress\/plugins\/seo\/ -->\n<title>FAQ | The Official Site of Disney On Ice<\/title>\n<meta name=\"description\" content=\"All of your Disney On Ice questions answered here!\" \/>\n<meta name=\"robots\" content=\"index, follow, max-snippet:-1, max-image-preview:large, max-video-preview:-1\" \/>\n<link rel=\"canonical\" href=\"https:\/\/www.disneyonice.com\/sr-rs\/faq\/\" \/>\n<meta property=\"og:locale\" content=\"sr_RS\" \/>\n<meta property=\"og:type\" content=\"article\" \/>\n<meta property=\"og:title\" content=\"FAQ | The Official Site of Disney On Ice\" \/>\n<meta property=\"og:description\" content=\"All of your Disney On Ice questions answered here!\" \/>\n<meta property=\"og:url\" content=\"https:\/\/www.disneyonice.com\/sr-rs\/faq\/\" \/>\n<meta property=\"og:site_name\" content=\"The Official Site of Disney On Ice\" \/>\n<meta property=\"article:modified_time\" content=\"2026-03-19T14:07:19+00:00\" \/>\n<meta property=\"og:image\" content=\"https:\/\/www.disneyonice.com\/wp-content\/uploads\/2025\/06\/D38_20240831_Orlando_GEO_10503-Edit.png\" \/>\n\t<meta property=\"og:image:width\" content=\"560\" \/>\n\t<meta property=\"og:image:height\" content=\"400\" \/>\n\t<meta property=\"og:image:type\" content=\"image\/png\" \/>\n<meta name=\"twitter:card\" content=\"summary_large_image\" \/>\n<script type=\"application\/ld+json\" class=\"yoast-schema-graph\">{\"@context\":\"https:\/\/schema.org\",\"@graph\":[{\"@type\":\"WebPage\",\"@id\":\"https:\/\/www.disneyonice.com\/faq\/\",\"url\":\"https:\/\/www.disneyonice.com\/faq\/\",\"name\":\"FAQ | The Official Site of Disney On Ice\",\"isPartOf\":{\"@id\":\"https:\/\/www.disneyonice.com\/es-cl\/#website\"},\"datePublished\":\"2023-07-03T08:27:16+00:00\",\"dateModified\":\"2026-03-19T14:07:19+00:00\",\"description\":\"All of your Disney On Ice questions answered here!\",\"breadcrumb\":{\"@id\":\"https:\/\/www.disneyonice.com\/faq\/#breadcrumb\"},\"inLanguage\":\"sr-RS\",\"potentialAction\":[{\"@type\":\"ReadAction\",\"target\":[\"https:\/\/www.disneyonice.com\/faq\/\"]}]},{\"@type\":\"BreadcrumbList\",\"@id\":\"https:\/\/www.disneyonice.com\/faq\/#breadcrumb\",\"itemListElement\":[{\"@type\":\"ListItem\",\"position\":1,\"name\":\"Home\",\"item\":\"https:\/\/www.disneyonice.com\/\"},{\"@type\":\"ListItem\",\"position\":2,\"name\":\"FAQ\"}]},{\"@type\":\"WebSite\",\"@id\":\"https:\/\/www.disneyonice.com\/es-cl\/#website\",\"url\":\"https:\/\/www.disneyonice.com\/es-cl\/\",\"name\":\"The Official Site of Disney On Ice\",\"description\":\"A series of touring ice shows produced by Feld Entertainment under agreement with The Walt Disney Company.\",\"publisher\":{\"@id\":\"https:\/\/www.disneyonice.com\/es-cl\/#organization\"},\"potentialAction\":[{\"@type\":\"SearchAction\",\"target\":{\"@type\":\"EntryPoint\",\"urlTemplate\":\"https:\/\/www.disneyonice.com\/es-cl\/?s={search_term_string}\"},\"query-input\":\"required name=search_term_string\"}],\"inLanguage\":\"sr-RS\"},{\"@type\":\"Organization\",\"@id\":\"https:\/\/www.disneyonice.com\/es-cl\/#organization\",\"name\":\"Disney On Ice\",\"url\":\"https:\/\/www.disneyonice.com\/es-cl\/\",\"logo\":{\"@type\":\"ImageObject\",\"inLanguage\":\"sr-RS\",\"@id\":\"https:\/\/www.disneyonice.com\/es-cl\/#\/schema\/logo\/image\/\",\"url\":\"https:\/\/www.disneyonice.com\/wp-content\/uploads\/2023\/08\/Disney-Check.png\",\"contentUrl\":\"https:\/\/www.disneyonice.com\/wp-content\/uploads\/2023\/08\/Disney-Check.png\",\"width\":100,\"height\":104,\"caption\":\"Disney On Ice\"},\"image\":{\"@id\":\"https:\/\/www.disneyonice.com\/es-cl\/#\/schema\/logo\/image\/\"}}]}<\/script>\n<!-- \/ Yoast SEO plugin. -->","yoast_head_json":{"title":"FAQ | The Official Site of Disney On Ice","description":"All of your Disney On Ice questions answered here!","robots":{"index":"index","follow":"follow","max-snippet":"max-snippet:-1","max-image-preview":"max-image-preview:large","max-video-preview":"max-video-preview:-1"},"canonical":"https:\/\/www.disneyonice.com\/sr-rs\/faq\/","og_locale":"sr_RS","og_type":"article","og_title":"FAQ | The Official Site of Disney On Ice","og_description":"All of your Disney On Ice questions answered here!","og_url":"https:\/\/www.disneyonice.com\/sr-rs\/faq\/","og_site_name":"The Official Site of Disney On Ice","article_modified_time":"2026-03-19T14:07:19+00:00","og_image":[{"width":560,"height":400,"url":"https:\/\/www.disneyonice.com\/wp-content\/uploads\/2025\/06\/D38_20240831_Orlando_GEO_10503-Edit.png","type":"image\/png"}],"twitter_card":"summary_large_image","schema":{"@context":"https:\/\/schema.org","@graph":[{"@type":"WebPage","@id":"https:\/\/www.disneyonice.com\/faq\/","url":"https:\/\/www.disneyonice.com\/faq\/","name":"FAQ | The Official Site of Disney On Ice","isPartOf":{"@id":"https:\/\/www.disneyonice.com\/es-cl\/#website"},"datePublished":"2023-07-03T08:27:16+00:00","dateModified":"2026-03-19T14:07:19+00:00","description":"All of your Disney On Ice questions answered here!","breadcrumb":{"@id":"https:\/\/www.disneyonice.com\/faq\/#breadcrumb"},"inLanguage":"sr-RS","potentialAction":[{"@type":"ReadAction","target":["https:\/\/www.disneyonice.com\/faq\/"]}]},{"@type":"BreadcrumbList","@id":"https:\/\/www.disneyonice.com\/faq\/#breadcrumb","itemListElement":[{"@type":"ListItem","position":1,"name":"Home","item":"https:\/\/www.disneyonice.com\/"},{"@type":"ListItem","position":2,"name":"FAQ"}]},{"@type":"WebSite","@id":"https:\/\/www.disneyonice.com\/es-cl\/#website","url":"https:\/\/www.disneyonice.com\/es-cl\/","name":"The Official Site of Disney On Ice","description":"A series of touring ice shows produced by Feld Entertainment under agreement with The Walt Disney Company.","publisher":{"@id":"https:\/\/www.disneyonice.com\/es-cl\/#organization"},"potentialAction":[{"@type":"SearchAction","target":{"@type":"EntryPoint","urlTemplate":"https:\/\/www.disneyonice.com\/es-cl\/?s={search_term_string}"},"query-input":"required name=search_term_string"}],"inLanguage":"sr-RS"},{"@type":"Organization","@id":"https:\/\/www.disneyonice.com\/es-cl\/#organization","name":"Disney On Ice","url":"https:\/\/www.disneyonice.com\/es-cl\/","logo":{"@type":"ImageObject","inLanguage":"sr-RS","@id":"https:\/\/www.disneyonice.com\/es-cl\/#\/schema\/logo\/image\/","url":"https:\/\/www.disneyonice.com\/wp-content\/uploads\/2023\/08\/Disney-Check.png","contentUrl":"https:\/\/www.disneyonice.com\/wp-content\/uploads\/2023\/08\/Disney-Check.png","width":100,"height":104,"caption":"Disney On Ice"},"image":{"@id":"https:\/\/www.disneyonice.com\/es-cl\/#\/schema\/logo\/image\/"}}]}},"_links":{"self":[{"href":"https:\/\/www.disneyonice.com\/sr-rs\/wp-json\/wp\/v2\/pages\/23"}],"collection":[{"href":"https:\/\/www.disneyonice.com\/sr-rs\/wp-json\/wp\/v2\/pages"}],"about":[{"href":"https:\/\/www.disneyonice.com\/sr-rs\/wp-json\/wp\/v2\/types\/page"}],"author":[{"embeddable":true,"href":"https:\/\/www.disneyonice.com\/sr-rs\/wp-json\/wp\/v2\/users\/1"}],"replies":[{"embeddable":true,"href":"https:\/\/www.disneyonice.com\/sr-rs\/wp-json\/wp\/v2\/comments?post=23"}],"version-history":[{"count":5,"href":"https:\/\/www.disneyonice.com\/sr-rs\/wp-json\/wp\/v2\/pages\/23\/revisions"}],"predecessor-version":[{"id":19959,"href":"https:\/\/www.disneyonice.com\/sr-rs\/wp-json\/wp\/v2\/pages\/23\/revisions\/19959"}],"wp:featuredmedia":[{"embeddable":true,"href":"https:\/\/www.disneyonice.com\/sr-rs\/wp-json\/wp\/v2\/media\/16425"}],"wp:attachment":[{"href":"https:\/\/www.disneyonice.com\/sr-rs\/wp-json\/wp\/v2\/media?parent=23"}],"curies":[{"name":"wp","href":"https:\/\/api.w.org\/{rel}","templated":true}]}}