{"id":7129,"date":"2024-01-02T14:42:05","date_gmt":"2024-01-02T19:42:05","guid":{"rendered":"https:\/\/www.disneyonice.com\/?page_id=7129"},"modified":"2024-06-20T11:09:37","modified_gmt":"2024-06-20T15:09:37","slug":"embarque-na-magia","status":"publish","type":"page","link":"https:\/\/www.disneyonice.com\/pt-br\/embarque-na-magia\/","title":{"rendered":"Embarque Na Magia"},"content":{"rendered":"<div class=\"full\">\n\t<section id=\"felds-block-449187510\" class=\"felds-block felds-video-block felds-video-file\">\n\t\t<div class=\"video-desktop\">\n\t\t\t\t\t\t\t<video autoplay muted loop playsinline\t\t\t\t\t class=\"video-js managed-video\"\n\t\t\t\t\t   poster=\"\"\n\t\t\t\t\t   preload=\"none\"\n\t\t\t\t\t   data-stream-id=\"636b77f170ac1288c8a1cdab0480930d\"\n\t\t\t\t\t   data-mp4-url=\"\"\n\t\t\t\t\t   data-viewport=\"desktop\">\n\t\t\t\t\t<!-- Source set dynamically by VideoManager -->\n\t\t\t\t<\/video>\n\t\t\t\t\t<\/div>\n\t\t<div class=\"video-mobile\">\n\t\t\t\t\t\t\t<video autoplay muted loop playsinline\t\t\t\t\t class=\"video-js managed-video\"\n\t\t\t\t\t   poster=\"\"\n\t\t\t\t\t   preload=\"none\"\n\t\t\t\t\t   data-stream-id=\"93c4469692fbae3e1b2bcc4b9587de34\"\n\t\t\t\t\t   data-mp4-url=\"\"\n\t\t\t\t\t   data-viewport=\"mobile\">\n\t\t\t\t\t<!-- Source set dynamically by VideoManager -->\n\t\t\t\t<\/video>\n\t\t\t\t\t<\/div>\n\t\t<div class=\"video-buttons\">\n\t\t\t<img decoding=\"async\" class=\"btn-play\" src=\"https:\/\/www.disneyonice.com\/wp-content\/themes\/disneyonice\/dist\/img\/icon\/video-play.svg\" alt=\"Play\">\n\t\t\t<img decoding=\"async\" class=\"btn-pause\" src=\"https:\/\/www.disneyonice.com\/wp-content\/themes\/disneyonice\/dist\/img\/icon\/video-pause.png\" alt=\"Pause\">\n\t\t<\/div>\n\t\t<a href=\"#felds-block-449187510-mfp\" class=\"link-mfp mfp-inline\"><\/a>\n\t\t<div id=\"felds-block-449187510-mfp\" class=\"video-mfp-content mfp-hide\">\n\t\t\t<div class=\"desktop-only\">\n\t\t\t\t\t\t\t\t\t<video playsinline controls\n\t\t\t\t\t\t class=\"video-js mfp-video managed-video\"\n\t\t\t\t\t\t   poster=\"\"\n\t\t\t\t\t\t   preload=\"none\"\n\t\t\t\t\t\t   data-stream-id=\"636b77f170ac1288c8a1cdab0480930d\"\n\t\t\t\t\t\t   data-mp4-url=\"\"\n\t\t\t\t\t\t   data-lazy=\"true\">\n\t\t\t\t\t\t<!-- Source set when lightbox opens -->\n\t\t\t\t\t<\/video>\n\t\t\t\t\t\t\t<\/div>\n\t\t\t<div class=\"mobile-only\">\n\t\t\t\t\t\t\t\t\t<video playsinline controls\n\t\t\t\t\t\t class=\"video-js mfp-video managed-video\"\n\t\t\t\t\t\t   poster=\"\"\n\t\t\t\t\t\t   preload=\"none\"\n\t\t\t\t\t\t   data-stream-id=\"93c4469692fbae3e1b2bcc4b9587de34\"\n\t\t\t\t\t\t   data-mp4-url=\"\"\n\t\t\t\t\t\t   data-lazy=\"true\">\n\t\t\t\t\t\t<!-- Source set when lightbox opens -->\n\t\t\t\t\t<\/video>\n\t\t\t\t\t\t\t<\/div>\n\t\t<\/div>\n\t\t\t<\/section>\n<\/div>\n<script>\n  \/\/ Trigger VideoManager rescan for dynamically loaded content\n  if (window.feldVideoManager) {\n    window.feldVideoManager.rescan();\n  }\n<\/script>\n\n\n\n<div class=\"full\">\n\t<section id=\"felds-block-1396711475\" class=\"felds-block felds-nearest-shows-block\">\n\t\t<div class=\"block-content\">\n\t\t\t<div class=\"loader\"><\/div>\n\t\t<\/div>\n\t<\/section>\n\t<script type=\"text\/javascript\">\n\t\tjQuery( document ).ready( function( $ ) {\t\t\t\t\n\t\t\tvar postal_code = $('body').attr('data-postal-code');\t\t\n\t\t\tif (postal_code == '') postal_code = '19019';\n\t\t\t\n\t\t\tif ( postal_code ) {\n\t\t\t\t$.ajax( {\n\t\t\t\t\tmethod: 'POST',\n\t\t\t\t\turl: 'https:\/\/www.disneyonice.com\/wp-admin\/admin-ajax.php',\n\t\t\t\t\tdataType: 'html',\n\t\t\t\t\tdata: {\n\t\t\t\t\t\taction: 'feld_nearest_events_cb',\n\t\t\t\t\t\tpostal_code: postal_code,\n\t\t\t\t\t\tshow: 'DOI-32B',\n\t\t\t\t\t\tcount: 4,\n\t\t\t\t\t\teg_slug: '',\n\t\t\t\t\t\t_ajax_nonce: 'd035f034e2'\n\t\t\t\t\t\t\n\t\t\t\t\t},\n\t\t\t\t\tsuccess: function( response ) {\n\t\t\t\t\t\t$('.felds-nearest-shows-block .block-content').html( response );\n\t\t\t\t\t\tfelds_board();\n\t\t\t\t\t},\n\t\t\t\t\terror: function() {\n\t\t\t\t\t\tconsole.log('Error occured fetching events!' );\n\t\t\t\t\t}\n\t\t\t\t} );\t\t\t\t\t\t\n\t\t\t}\t\t\t\t\t\t\n\t\t} );\n\t<\/script>\n<\/div>\n\n\n\n<div class=\"full\" id=\"block_41604959ce7fdde4d3aa4d258e685437\">\n\t<section class=\"felds-block felds-banner-block banner-large pos-right pos-middle\" style=\"background-color:#000000;\">\n\t\t<div class=\"info align-left above-title\" style=\"width: 50%;\">\n\t\t\t\t\t\t<div class=\"info-title translation-block\">JOIN THE ADVENTURE<br> INTO THE MAGIC!<\/div>\n\t\t\t\t\t\t\t\t\t<div class=\"info-subtitle\">\n\t\t\t\tSOBRE O SHOW\t\t\t<\/div>\n\t\t\t\t\t\t\t\t\t<div class=\"info-content\">\n\t\t\t\t<p class=\" translation-block\">Descubra porque nenhum sonho \u00e9 grande demais no <em>Disney On Ice<\/em>, onde suas hist\u00f3rias favoritas da Disney ganham vida atrav\u00e9s da patina\u00e7\u00e3o no gelo de n\u00edvel mundial<\/p>\n\t\t\t<\/div>\n\t\t\t\t\t\t\t\t\t<div class=\"info-buttons\">\n\t\t\t                    <a class=\"btn btn-red\" href=\"https:\/\/www.disneyonice.com\/pt-br\/tickets\/\" target=\"\">\n                Compre Ingressos            <\/a>\n              \t\t\t<\/div>\n\t\t\t\t\t<\/div>\n\t\t<div class=\"bg-images\">\n\t\t\t\t\t\t<img decoding=\"async\" class=\"desktop\" src=\"https:\/\/www.disneyonice.com\/wp-content\/uploads\/2024\/01\/051222_Elsa-2.jpg\" alt=\"<em>Disney On Ice<\/em>\" width=\"1920\" height=\"1080\" fetchpriority=\"high\">\n\t\t\t\t\t\t\t\t\t<img decoding=\"async\" loading=\"lazy\" class=\"mobile\" src=\"https:\/\/www.disneyonice.com\/wp-content\/uploads\/2023\/07\/2154305-doi-d33b-uk_doi.com_mobile_images-750x830-elsa_-_copy.jpg\" alt=\"<em>Disney On Ice<\/em>\" width=\"750\" height=\"1334\">\n\t\t\t\t\t<\/div>\n\t\t\t\t\t<\/section>\n\t<\/div>\n\n\n\n\n<div class=\"full\" id=\"block_167e7c220430c71a6b40aef531198300\">\n\t<section class=\"felds-block felds-banner-block banner-large pos-left pos-middle\" style=\"background-color:#240062;\">\n\t\t<div class=\"info align-left below-title\" style=\"width: 30%;\">\n\t\t\t\t\t\t<div class=\"info-title\">\n\t\t\t\tVIVA: A VIDA \u00c9 UMA FESTA\t\t\t<\/div>\n\t\t\t\t\t\t\t\t\t\t\t\t<div class=\"info-content\">\n\t\t\t\t<p class=\" translation-block\">Cante junto com Miguel, de Viva: A Vida \u00e9 uma Festa\nenquanto ele segue a m\u00fasica em seu cora\u00e7\u00e3o.<\/p>\n\t\t\t<\/div>\n\t\t\t\t\t\t\t\t<\/div>\n\t\t<div class=\"bg-images\">\n\t\t\t\t\t\t<img decoding=\"async\" class=\"desktop\" src=\"https:\/\/www.disneyonice.com\/wp-content\/uploads\/2023\/07\/1920x700-coco.jpg\" alt=\"<em>Disney On Ice<\/em>\" width=\"1920\" height=\"1080\" fetchpriority=\"high\">\n\t\t\t\t\t\t\t\t\t<img decoding=\"async\" loading=\"lazy\" class=\"mobile\" src=\"https:\/\/www.disneyonice.com\/wp-content\/uploads\/2023\/07\/miguel-coco-familia-mobile.jpg\" alt=\"<em>Disney On Ice<\/em>\" width=\"750\" height=\"1334\">\n\t\t\t\t\t<\/div>\n\t\t\t\t\t<\/section>\n\t<\/div>\n\n\n\n\n<div class=\"full\" id=\"block_70fa15a1675c2ca630accbe82537316c\">\n\t<section class=\"felds-block felds-banner-block banner-large pos-right pos-middle\" style=\"background-color:#000e00;\">\n\t\t<div class=\"info align-left below-title\" style=\"width: 32%;\">\n\t\t\t\t\t\t<div class=\"info-title\">\n\t\t\t\tENROLADOS\t\t\t<\/div>\n\t\t\t\t\t\t\t\t\t\t\t\t<div class=\"info-content\">\n\t\t\t\t<p class=\" translation-block\">Watch Rapunzel and Flynn go to great lengths<br>\r\nto make her dream come true.<\/p>\n\t\t\t<\/div>\n\t\t\t\t\t\t\t\t<\/div>\n\t\t<div class=\"bg-images\">\n\t\t\t\t\t\t<img decoding=\"async\" class=\"desktop\" src=\"https:\/\/www.disneyonice.com\/wp-content\/uploads\/2023\/07\/1920x700-tangled.jpg\" alt=\"<em>Disney On Ice<\/em>\" width=\"1920\" height=\"1080\" fetchpriority=\"high\">\n\t\t\t\t\t\t\t\t\t<img decoding=\"async\" loading=\"lazy\" class=\"mobile\" src=\"https:\/\/www.disneyonice.com\/wp-content\/uploads\/2023\/07\/2154305-doi-d33b-uk_doi.com_mobile_images-750x830-rapunzel.jpg\" alt=\"<em>Disney On Ice<\/em>\" width=\"750\" height=\"1334\">\n\t\t\t\t\t<\/div>\n\t\t\t\t\t<\/section>\n\t<\/div>\n\n\n\n\n<div class=\"container\">\n\t<section id=\"\" class=\"felds-block felds-gallery-block\">\n\t\t<div class=\"block-top\">\n\t\t\t<div class=\"block-top__title\">PERSONAGENS AMADOS<\/div>\n\t\t\t<div class=\"block-top__desc\"><p class=\" translation-block\">Comemore a magia da coragem, do amor e da aventura quando o <em>Disney On Ice<\/em> patinar em sua cidade natal.<\/p>\n<\/div>\n\t\t<\/div>\n\t\t<div class=\"block-content\">\n\t\t\t\t\t\t\t<script src=\"https:\/\/apps.elfsight.com\/p\/platform.js\" defer=\"defer\"><\/script>\r\n<div class=\"elfsight-app-cb4011d6-e30f-4bcc-92a9-fe56679ab42c\"> <\/div>\t\t\t\t\t<\/div>\n\t<\/section>\n<\/div>\n\n\n\n\n<div class=\"full\" id=\"block_12c5ec7114c1be28d290cb57fe296204\">\n\t<section class=\"felds-block felds-banner-block banner-large pos-right pos-middle\" style=\"background-color:#000a4f;\">\n\t\t<div class=\"info align-left below-title\" style=\"width: 35%;\">\n\t\t\t\t\t\t<div class=\"info-title\">\n\t\t\t\tMOANA\t\t\t<\/div>\n\t\t\t\t\t\t\t\t\t\t\t\t<div class=\"info-content\">\n\t\t\t\t<p>Vivencie a jornada de Moana e Maui para a\nterra de Tamatoa para retornar o cora\u00e7\u00e3o de Te Fiti.<\/p>\n\t\t\t<\/div>\n\t\t\t\t\t\t\t\t<\/div>\n\t\t<div class=\"bg-images\">\n\t\t\t\t\t\t<img decoding=\"async\" class=\"desktop\" src=\"https:\/\/www.disneyonice.com\/wp-content\/uploads\/2023\/07\/moana-wayfinding-canoe-desktop.jpg\" alt=\"<em>Disney On Ice<\/em>\" width=\"1920\" height=\"1080\" fetchpriority=\"high\">\n\t\t\t\t\t\t\t\t\t<img decoding=\"async\" loading=\"lazy\" class=\"mobile\" src=\"https:\/\/www.disneyonice.com\/wp-content\/uploads\/2023\/07\/d30c-about-the-show-moana-mobile.jpg\" alt=\"<em>Disney On Ice<\/em>\" width=\"750\" height=\"1334\">\n\t\t\t\t\t<\/div>\n\t\t\t\t\t<\/section>\n\t<\/div>\n\n\n\n\n<div class=\"full\" id=\"block_0b0424eabb2f669cc20e9a0863c83f15\">\n\t<section class=\"felds-block felds-banner-block banner-xlarge pos-left pos-middle\" style=\"background-color:#0e0b16;\">\n\t\t<div class=\"info align-left above-title\" style=\"width: 35%;\">\n\t\t\t\t\t\t<div class=\"info-title translation-block\">CHEGA \u00c0 SUA CIDADE<\/div>\n\t\t\t\t\t\t\t\t\t<div class=\"info-subtitle\">\n\t\t\t\tA MAGIA\t\t\t<\/div>\n\t\t\t\t\t\t\t\t\t\t\t\t<div class=\"info-buttons\">\n\t\t\t                    <a class=\"btn btn-red\" href=\"https:\/\/www.disneyonice.com\/pt-br\/tickets\/\" target=\"\">\n                Compre Ingressos            <\/a>\n              \t\t\t<\/div>\n\t\t\t\t\t<\/div>\n\t\t<div class=\"bg-images\">\n\t\t\t\t\t\t<img decoding=\"async\" class=\"desktop\" src=\"https:\/\/www.disneyonice.com\/wp-content\/uploads\/2023\/07\/6_Mickey.jpg\" alt=\"<em>Disney On Ice<\/em>\" width=\"1920\" height=\"1080\" fetchpriority=\"high\">\n\t\t\t\t\t\t\t\t\t<img decoding=\"async\" loading=\"lazy\" class=\"mobile\" src=\"https:\/\/www.disneyonice.com\/wp-content\/uploads\/2023\/07\/2154305-doi-d33b-uk_doi.com_mobile_images-750x830-mickey_6.jpg\" alt=\"<em>Disney On Ice<\/em>\" width=\"750\" height=\"1334\">\n\t\t\t\t\t<\/div>\n\t\t\t\t\t<\/section>\n\t<\/div>\n\n\n\n\n<div class=\"full\">\n\t\t\t<style type=\"text\/css\">\n\t\t\t#felds-meet-cast-block-block_485e9ac1774524a9954111298c6a4791 {\n\t\t\t\tbackground: #f7b500;\n\t\t\t\tcolor: #FFF;\n\t\t\t}\n\t\t\t\n\t\t\t#felds-meet-cast-block-block_485e9ac1774524a9954111298c6a4791 .block-content__button .btn {\n\t\t\t\tcolor: #FFF!important;\n\t\t\t\tborder-color: #FFF!important;\n\t\t\t}\n\t\t\t\n\t\t\t#felds-meet-cast-block-block_485e9ac1774524a9954111298c6a4791 .block-content__button .btn:hover,\n\t\t\t#felds-meet-cast-block-block_485e9ac1774524a9954111298c6a4791 .block-content__button .btn:focus {\n\t\t\t\tcolor: #000!important;\n\t\t\t\tbackground: #FFF!important;\n\t\t\t\tborder-color: #FFF!important;\n\t\t\t}\t\t\t\n\t\t<\/style>\n\t\t\t<section id=\"felds-meet-cast-block-block_485e9ac1774524a9954111298c6a4791\" class=\"felds-block felds-meet-cast-block\">\n\t\t<div class=\"block-content\">\n\t\t\t<div class=\"block-content__title\">\n\t\t\t\t\t\t\t<\/div>\n\t\t\t<div class=\"block-content__button\">\n\t\t\t\t<a class=\"btn btn-white-o\" href=\"https:\/\/www.disneyonice.com\/pt-br\/embarque-na-magia\/cast\/\" target=\"\">\n\t\t\t\t\tCONHE\u00c7A O ELENCO\t\t\t\t<\/a>\n\t\t\t<\/div>\n\t\t<\/div>\n\t<\/section>\n<\/div>","protected":false},"excerpt":{"rendered":"","protected":false},"author":6,"featured_media":7153,"parent":0,"menu_order":0,"comment_status":"closed","ping_status":"closed","template":"","meta":{"footnotes":""},"acf":[],"yoast_head":"<!-- This site is optimized with the Yoast SEO plugin v21.4 - https:\/\/yoast.com\/wordpress\/plugins\/seo\/ -->\n<title>Embarque Na Magia | The Official Site of Disney On Ice<\/title>\n<meta name=\"description\" content=\"Descubra porque nenhum sonho \u00e9 grande demais no Disney On Ice, onde suas hist\u00f3rias favoritas da Disney ganham vida atrav\u00e9s da patina\u00e7\u00e3o no gelo de n\u00edvel mundial\" \/>\n<meta name=\"robots\" content=\"index, follow, max-snippet:-1, max-image-preview:large, max-video-preview:-1\" \/>\n<link rel=\"canonical\" href=\"https:\/\/www.disneyonice.com\/pt-br\/embarque-na-magia\/\" \/>\n<meta property=\"og:locale\" content=\"pt_BR\" \/>\n<meta property=\"og:type\" content=\"article\" \/>\n<meta property=\"og:title\" content=\"Embarque Na Magia | The Official Site of Disney On Ice\" \/>\n<meta property=\"og:description\" content=\"Descubra porque nenhum sonho \u00e9 grande demais no Disney On Ice, onde suas hist\u00f3rias favoritas da Disney ganham vida atrav\u00e9s da patina\u00e7\u00e3o no gelo de n\u00edvel mundial\" \/>\n<meta property=\"og:url\" content=\"https:\/\/www.disneyonice.com\/pt-br\/embarque-na-magia\/\" \/>\n<meta property=\"og:site_name\" content=\"The Official Site of Disney On Ice\" \/>\n<meta property=\"article:modified_time\" content=\"2024-06-20T15:09:37+00:00\" \/>\n<meta property=\"og:image\" content=\"https:\/\/www.disneyonice.com\/wp-content\/uploads\/2024\/01\/D32B_ITM_SHOWLOGO_HORZ_RED_DARK_BCK_Portuguese_RGB_f-Copy-Copy-1024x791.png\" \/>\n\t<meta property=\"og:image:width\" content=\"1024\" \/>\n\t<meta property=\"og:image:height\" content=\"791\" \/>\n\t<meta property=\"og:image:type\" content=\"image\/png\" \/>\n<meta name=\"twitter:card\" content=\"summary_large_image\" \/>\n<script type=\"application\/ld+json\" class=\"yoast-schema-graph\">{\"@context\":\"https:\/\/schema.org\",\"@graph\":[{\"@type\":\"WebPage\",\"@id\":\"https:\/\/www.disneyonice.com\/ar-sa\/embarque-na-magia\/\",\"url\":\"https:\/\/www.disneyonice.com\/ar-sa\/embarque-na-magia\/\",\"name\":\"Embarque Na Magia | The Official Site of Disney On Ice\",\"isPartOf\":{\"@id\":\"https:\/\/www.disneyonice.com\/es-cl\/#website\"},\"datePublished\":\"2024-01-02T19:42:05+00:00\",\"dateModified\":\"2024-06-20T15:09:37+00:00\",\"description\":\"Descubra porque nenhum sonho \u00e9 grande demais no Disney On Ice, onde suas hist\u00f3rias favoritas da Disney ganham vida atrav\u00e9s da patina\u00e7\u00e3o no gelo de n\u00edvel mundial\",\"breadcrumb\":{\"@id\":\"https:\/\/www.disneyonice.com\/ar-sa\/embarque-na-magia\/#breadcrumb\"},\"inLanguage\":\"pt-BR\",\"potentialAction\":[{\"@type\":\"ReadAction\",\"target\":[\"https:\/\/www.disneyonice.com\/ar-sa\/embarque-na-magia\/\"]}]},{\"@type\":\"BreadcrumbList\",\"@id\":\"https:\/\/www.disneyonice.com\/ar-sa\/embarque-na-magia\/#breadcrumb\",\"itemListElement\":[{\"@type\":\"ListItem\",\"position\":1,\"name\":\"Home\",\"item\":\"https:\/\/www.disneyonice.com\/\"},{\"@type\":\"ListItem\",\"position\":2,\"name\":\"Embarque Na Magia\"}]},{\"@type\":\"WebSite\",\"@id\":\"https:\/\/www.disneyonice.com\/es-cl\/#website\",\"url\":\"https:\/\/www.disneyonice.com\/es-cl\/\",\"name\":\"The Official Site of Disney On Ice\",\"description\":\"A series of touring ice shows produced by Feld Entertainment under agreement with The Walt Disney Company.\",\"publisher\":{\"@id\":\"https:\/\/www.disneyonice.com\/es-cl\/#organization\"},\"potentialAction\":[{\"@type\":\"SearchAction\",\"target\":{\"@type\":\"EntryPoint\",\"urlTemplate\":\"https:\/\/www.disneyonice.com\/es-cl\/?s={search_term_string}\"},\"query-input\":\"required name=search_term_string\"}],\"inLanguage\":\"pt-BR\"},{\"@type\":\"Organization\",\"@id\":\"https:\/\/www.disneyonice.com\/es-cl\/#organization\",\"name\":\"Disney On Ice\",\"url\":\"https:\/\/www.disneyonice.com\/es-cl\/\",\"logo\":{\"@type\":\"ImageObject\",\"inLanguage\":\"pt-BR\",\"@id\":\"https:\/\/www.disneyonice.com\/es-cl\/#\/schema\/logo\/image\/\",\"url\":\"https:\/\/www.disneyonice.com\/wp-content\/uploads\/2023\/08\/Disney-Check.png\",\"contentUrl\":\"https:\/\/www.disneyonice.com\/wp-content\/uploads\/2023\/08\/Disney-Check.png\",\"width\":100,\"height\":104,\"caption\":\"Disney On Ice\"},\"image\":{\"@id\":\"https:\/\/www.disneyonice.com\/es-cl\/#\/schema\/logo\/image\/\"}}]}<\/script>\n<!-- \/ Yoast SEO plugin. -->","yoast_head_json":{"title":"Embarque Na Magia | The Official Site of Disney On Ice","description":"Descubra porque nenhum sonho \u00e9 grande demais no Disney On Ice, onde suas hist\u00f3rias favoritas da Disney ganham vida atrav\u00e9s da patina\u00e7\u00e3o no gelo de n\u00edvel mundial","robots":{"index":"index","follow":"follow","max-snippet":"max-snippet:-1","max-image-preview":"max-image-preview:large","max-video-preview":"max-video-preview:-1"},"canonical":"https:\/\/www.disneyonice.com\/pt-br\/embarque-na-magia\/","og_locale":"pt_BR","og_type":"article","og_title":"Embarque Na Magia | The Official Site of Disney On Ice","og_description":"Descubra porque nenhum sonho \u00e9 grande demais no Disney On Ice, onde suas hist\u00f3rias favoritas da Disney ganham vida atrav\u00e9s da patina\u00e7\u00e3o no gelo de n\u00edvel mundial","og_url":"https:\/\/www.disneyonice.com\/pt-br\/embarque-na-magia\/","og_site_name":"The Official Site of Disney On Ice","article_modified_time":"2024-06-20T15:09:37+00:00","og_image":[{"width":1024,"height":791,"url":"https:\/\/www.disneyonice.com\/wp-content\/uploads\/2024\/01\/D32B_ITM_SHOWLOGO_HORZ_RED_DARK_BCK_Portuguese_RGB_f-Copy-Copy-1024x791.png","type":"image\/png"}],"twitter_card":"summary_large_image","schema":{"@context":"https:\/\/schema.org","@graph":[{"@type":"WebPage","@id":"https:\/\/www.disneyonice.com\/ar-sa\/embarque-na-magia\/","url":"https:\/\/www.disneyonice.com\/ar-sa\/embarque-na-magia\/","name":"Embarque Na Magia | The Official Site of Disney On Ice","isPartOf":{"@id":"https:\/\/www.disneyonice.com\/es-cl\/#website"},"datePublished":"2024-01-02T19:42:05+00:00","dateModified":"2024-06-20T15:09:37+00:00","description":"Descubra porque nenhum sonho \u00e9 grande demais no Disney On Ice, onde suas hist\u00f3rias favoritas da Disney ganham vida atrav\u00e9s da patina\u00e7\u00e3o no gelo de n\u00edvel mundial","breadcrumb":{"@id":"https:\/\/www.disneyonice.com\/ar-sa\/embarque-na-magia\/#breadcrumb"},"inLanguage":"pt-BR","potentialAction":[{"@type":"ReadAction","target":["https:\/\/www.disneyonice.com\/ar-sa\/embarque-na-magia\/"]}]},{"@type":"BreadcrumbList","@id":"https:\/\/www.disneyonice.com\/ar-sa\/embarque-na-magia\/#breadcrumb","itemListElement":[{"@type":"ListItem","position":1,"name":"Home","item":"https:\/\/www.disneyonice.com\/"},{"@type":"ListItem","position":2,"name":"Embarque Na Magia"}]},{"@type":"WebSite","@id":"https:\/\/www.disneyonice.com\/es-cl\/#website","url":"https:\/\/www.disneyonice.com\/es-cl\/","name":"The Official Site of Disney On Ice","description":"A series of touring ice shows produced by Feld Entertainment under agreement with The Walt Disney Company.","publisher":{"@id":"https:\/\/www.disneyonice.com\/es-cl\/#organization"},"potentialAction":[{"@type":"SearchAction","target":{"@type":"EntryPoint","urlTemplate":"https:\/\/www.disneyonice.com\/es-cl\/?s={search_term_string}"},"query-input":"required name=search_term_string"}],"inLanguage":"pt-BR"},{"@type":"Organization","@id":"https:\/\/www.disneyonice.com\/es-cl\/#organization","name":"Disney On Ice","url":"https:\/\/www.disneyonice.com\/es-cl\/","logo":{"@type":"ImageObject","inLanguage":"pt-BR","@id":"https:\/\/www.disneyonice.com\/es-cl\/#\/schema\/logo\/image\/","url":"https:\/\/www.disneyonice.com\/wp-content\/uploads\/2023\/08\/Disney-Check.png","contentUrl":"https:\/\/www.disneyonice.com\/wp-content\/uploads\/2023\/08\/Disney-Check.png","width":100,"height":104,"caption":"Disney On Ice"},"image":{"@id":"https:\/\/www.disneyonice.com\/es-cl\/#\/schema\/logo\/image\/"}}]}},"_links":{"self":[{"href":"https:\/\/www.disneyonice.com\/pt-br\/wp-json\/wp\/v2\/pages\/7129"}],"collection":[{"href":"https:\/\/www.disneyonice.com\/pt-br\/wp-json\/wp\/v2\/pages"}],"about":[{"href":"https:\/\/www.disneyonice.com\/pt-br\/wp-json\/wp\/v2\/types\/page"}],"author":[{"embeddable":true,"href":"https:\/\/www.disneyonice.com\/pt-br\/wp-json\/wp\/v2\/users\/6"}],"replies":[{"embeddable":true,"href":"https:\/\/www.disneyonice.com\/pt-br\/wp-json\/wp\/v2\/comments?post=7129"}],"version-history":[{"count":4,"href":"https:\/\/www.disneyonice.com\/pt-br\/wp-json\/wp\/v2\/pages\/7129\/revisions"}],"predecessor-version":[{"id":10405,"href":"https:\/\/www.disneyonice.com\/pt-br\/wp-json\/wp\/v2\/pages\/7129\/revisions\/10405"}],"wp:featuredmedia":[{"embeddable":true,"href":"https:\/\/www.disneyonice.com\/pt-br\/wp-json\/wp\/v2\/media\/7153"}],"wp:attachment":[{"href":"https:\/\/www.disneyonice.com\/pt-br\/wp-json\/wp\/v2\/media?parent=7129"}],"curies":[{"name":"wp","href":"https:\/\/api.w.org\/{rel}","templated":true}]}}