{"id":19814,"date":"2026-04-30T13:18:00","date_gmt":"2026-04-30T17:18:00","guid":{"rendered":"https:\/\/www.disneyonice.com\/?page_id=19814"},"modified":"2026-04-30T13:18:02","modified_gmt":"2026-04-30T17:18:02","slug":"magic-of-family","status":"publish","type":"page","link":"https:\/\/www.disneyonice.com\/pt-br\/magic-of-family\/","title":{"rendered":"Magic of Family"},"content":{"rendered":"<div class=\"full\">\n\t<section id=\"felds-block-1890124669\" class=\"felds-block felds-nearest-shows-block\">\n\t\t<div class=\"block-content\">\n\t\t\t<div class=\"loader\"><\/div>\n\t\t<\/div>\n\t<\/section>\n\t<script type=\"text\/javascript\">\n\t\tjQuery( document ).ready( function( $ ) {\t\t\t\t\n\t\t\tvar postal_code = $('body').attr('data-postal-code');\t\t\n\t\t\tif (postal_code == '') postal_code = '19019';\n\t\t\t\n\t\t\tif ( postal_code ) {\n\t\t\t\t$.ajax( {\n\t\t\t\t\tmethod: 'POST',\n\t\t\t\t\turl: 'https:\/\/www.disneyonice.com\/wp-admin\/admin-ajax.php',\n\t\t\t\t\tdataType: 'html',\n\t\t\t\t\tdata: {\n\t\t\t\t\t\taction: 'feld_nearest_events_cb',\n\t\t\t\t\t\tpostal_code: postal_code,\n\t\t\t\t\t\tshow: 'DOI-34B',\n\t\t\t\t\t\tcount: 3,\n\t\t\t\t\t\teg_slug: '',\n\t\t\t\t\t\t_ajax_nonce: 'e60d0bb202'\n\t\t\t\t\t\t\n\t\t\t\t\t},\n\t\t\t\t\tsuccess: function( response ) {\n\t\t\t\t\t\t$('.felds-nearest-shows-block .block-content').html( response );\n\t\t\t\t\t\tfelds_board();\n\t\t\t\t\t},\n\t\t\t\t\terror: function() {\n\t\t\t\t\t\tconsole.log('Error occured fetching events!' );\n\t\t\t\t\t}\n\t\t\t\t} );\t\t\t\t\t\t\n\t\t\t}\t\t\t\t\t\t\n\t\t} );\n\t<\/script>\n<\/div>\n\n\n\n\n\n<div class=\"full\" id=\"block_07370d3c806967301ed82050737cc8d4\">\n\t<section class=\"felds-block felds-banner-block banner-large pos-left pos-middle\" style=\"background-color:#000000;\">\n\t\t<div class=\"info align-left above-title\" style=\"width: 55%;\">\n\t\t\t\t\t\t<div class=\"info-title\">\n\t\t\t\tMAGIC OF FAMILY\t\t\t<\/div>\n\t\t\t\t\t\t\t\t\t<div class=\"info-subtitle\">\n\t\t\t\tSOBRE O SHOW\t\t\t<\/div>\n\t\t\t\t\t\t\t\t\t<div class=\"info-content\">\n\t\t\t\t<p>Join Mickey and Friends as they welcome you into two heart-filled worlds.<br \/>\nBe part of the magic, music, and memories at <em><em>Disney On Ice<\/em><\/em>!<\/p>\n\t\t\t<\/div>\n\t\t\t\t\t\t\t\t\t<div class=\"info-buttons\">\n\t\t\t                    <a class=\"btn btn-red\" href=\"https:\/\/www.disneyonice.com\/pt-br\/tickets\/\" target=\"\">\n                Compre Ingressos            <\/a>\n              \t\t\t<\/div>\n\t\t\t\t\t<\/div>\n\t\t<div class=\"bg-images\">\n\t\t\t\t\t\t<img decoding=\"async\" class=\"desktop\" src=\"https:\/\/www.disneyonice.com\/wp-content\/uploads\/2026\/04\/original-web-1.jpg\" alt=\"<em>Disney On Ice<\/em>\" width=\"1920\" height=\"1080\" fetchpriority=\"high\">\n\t\t\t\t\t\t\t\t\t<img decoding=\"async\" loading=\"lazy\" class=\"mobile\" src=\"https:\/\/www.disneyonice.com\/wp-content\/uploads\/2026\/04\/original-mobile-2.jpg\" alt=\"<em>Disney On Ice<\/em>\" width=\"750\" height=\"1334\">\n\t\t\t\t\t<\/div>\n\t\t\t\t\t<\/section>\n\t<\/div>\n\n\n\n\n<div class=\"full\" id=\"block_a546aec72c5739b9adb13ed990972d22\">\n\t<section class=\"felds-block felds-banner-block banner-large pos-right pos-middle\" style=\"background-color:#000000;\">\n\t\t<div class=\"info align-right below-title\" style=\"width: 48%;\">\n\t\t\t\t\t\t<div class=\"info-title\">\n\t\t\t\tFROZEN\t\t\t<\/div>\n\t\t\t\t\t\t\t\t\t\t\t\t<div class=\"info-content\">\n\t\t\t\t<p>Join the race to find Elsa and stop the eternal winter,<br \/>\ndream about summer with Olaf, and sing-along with Kristoff and Sven.<\/p>\n\t\t\t<\/div>\n\t\t\t\t\t\t\t\t<\/div>\n\t\t<div class=\"bg-images\">\n\t\t\t\t\t\t<img decoding=\"async\" class=\"desktop\" src=\"https:\/\/www.disneyonice.com\/wp-content\/uploads\/2026\/04\/frozen-web-1.jpg\" alt=\"<em>Disney On Ice<\/em>\" width=\"1920\" height=\"1080\" fetchpriority=\"high\">\n\t\t\t\t\t\t\t\t\t<img decoding=\"async\" loading=\"lazy\" class=\"mobile\" src=\"https:\/\/www.disneyonice.com\/wp-content\/uploads\/2026\/04\/frozen-mobile-2.jpg\" alt=\"<em>Disney On Ice<\/em>\" width=\"750\" height=\"1334\">\n\t\t\t\t\t<\/div>\n\t\t\t\t\t<\/section>\n\t<\/div>\n\n\n\n\n<div class=\"full\" id=\"block_e197983a10307493dfb8061c49decff1\">\n\t<section class=\"felds-block felds-banner-block banner-large pos-left pos-middle\" style=\"background-color:#000000;\">\n\t\t<div class=\"info align-left above-title\" style=\"width: 55%;\">\n\t\t\t\t\t\t<div class=\"info-title\">\n\t\t\t\tENCANTO\t\t\t<\/div>\n\t\t\t\t\t\t\t\t\t\t\t\t<div class=\"info-content\">\n\t\t\t\t<p>Celebre o amor da fam\u00edlia no novo espet\u00e1culo sobre o qual todos v\u00e3o falar!<br \/>\nSing and dance with Mirabel, her sisters, Bruno, and more!<\/p>\n\t\t\t<\/div>\n\t\t\t\t\t\t\t\t<\/div>\n\t\t<div class=\"bg-images\">\n\t\t\t\t\t\t<img decoding=\"async\" class=\"desktop\" src=\"https:\/\/www.disneyonice.com\/wp-content\/uploads\/2026\/04\/encancto-web-1.jpg\" alt=\"<em>Disney On Ice<\/em>\" width=\"1920\" height=\"1080\" fetchpriority=\"high\">\n\t\t\t\t\t\t\t\t\t<img decoding=\"async\" loading=\"lazy\" class=\"mobile\" src=\"https:\/\/www.disneyonice.com\/wp-content\/uploads\/2026\/04\/encanto-mobile-2.jpg\" alt=\"<em>Disney On Ice<\/em>\" width=\"750\" height=\"1334\">\n\t\t\t\t\t<\/div>\n\t\t\t\t\t<\/section>\n\t<\/div>\n\n\n\n\n\n\n<div class=\"full\">\n\t\t\t<style type=\"text\/css\">\n\t\t\t#felds-meet-cast-block-block_32c8bd0a010664c003584f52afea78af {\n\t\t\t\tbackground: #f7b500;\n\t\t\t\tcolor: #FFF;\n\t\t\t}\n\t\t\t\n\t\t\t#felds-meet-cast-block-block_32c8bd0a010664c003584f52afea78af .block-content__button .btn {\n\t\t\t\tcolor: #FFF!important;\n\t\t\t\tborder-color: #FFF!important;\n\t\t\t}\n\t\t\t\n\t\t\t#felds-meet-cast-block-block_32c8bd0a010664c003584f52afea78af .block-content__button .btn:hover,\n\t\t\t#felds-meet-cast-block-block_32c8bd0a010664c003584f52afea78af .block-content__button .btn:focus {\n\t\t\t\tcolor: #000!important;\n\t\t\t\tbackground: #FFF!important;\n\t\t\t\tborder-color: #FFF!important;\n\t\t\t}\t\t\t\n\t\t<\/style>\n\t\t\t<section id=\"felds-meet-cast-block-block_32c8bd0a010664c003584f52afea78af\" class=\"felds-block felds-meet-cast-block\">\n\t\t<div class=\"block-content\">\n\t\t\t<div class=\"block-content__title\">\n\t\t\t\t\t\t\t<\/div>\n\t\t\t<div class=\"block-content__button\">\n\t\t\t\t<a class=\"btn btn-white-o\" href=\"https:\/\/www.disneyonice.com\/pt-br\/frozen-and-encanto\/cast\/\" target=\"\">\n\t\t\t\t\tCONHE\u00c7A O ELENCO\t\t\t\t<\/a>\n\t\t\t<\/div>\n\t\t<\/div>\n\t<\/section>\n<\/div>\n\n\n\n\n\n\n\n\n<div class=\"full\" id=\"block_a2a82a652b311c0d9fca03779b2951a2\">\n\t<section class=\"felds-block felds-banner-block banner-large pos-right pos-middle\" style=\"background-color:#000000;\">\n\t\t<div class=\"info align-right above-title\" style=\"width: 50%;\">\n\t\t\t\t\t\t<div class=\"info-title\">\n\t\t\t\tIN YOUR HOMETOWN\t\t\t<\/div>\n\t\t\t\t\t\t\t\t\t<div class=\"info-subtitle\">\n\t\t\t\tA MAGIA\t\t\t<\/div>\n\t\t\t\t\t\t\t\t\t<div class=\"info-content\">\n\t\t\t\t<p>Don\u2019t miss the fun mischief and nonstop laughs!<\/p>\n\t\t\t<\/div>\n\t\t\t\t\t\t\t\t\t<div class=\"info-buttons\">\n\t\t\t                    <a class=\"btn btn-red\" href=\"https:\/\/www.disneyonice.com\/pt-br\/tickets\/\" target=\"\">\n                Compre Ingressos            <\/a>\n              \t\t\t<\/div>\n\t\t\t\t\t<\/div>\n\t\t<div class=\"bg-images\">\n\t\t\t\t\t\t<img decoding=\"async\" class=\"desktop\" src=\"https:\/\/www.disneyonice.com\/wp-content\/uploads\/2026\/04\/stitch-web-1.jpg\" alt=\"<em>Disney On Ice<\/em>\" width=\"1920\" height=\"1080\" fetchpriority=\"high\">\n\t\t\t\t\t\t\t\t\t<img decoding=\"async\" loading=\"lazy\" class=\"mobile\" src=\"https:\/\/www.disneyonice.com\/wp-content\/uploads\/2026\/04\/stitch-mobile-2.jpg\" alt=\"<em>Disney On Ice<\/em>\" width=\"750\" height=\"1334\">\n\t\t\t\t\t<\/div>\n\t\t\t\t\t<\/section>\n\t<\/div>","protected":false},"excerpt":{"rendered":"","protected":false},"author":8,"featured_media":0,"parent":0,"menu_order":0,"comment_status":"closed","ping_status":"closed","template":"","meta":{"footnotes":""},"acf":[],"yoast_head":"<!-- This site is optimized with the Yoast SEO plugin v21.4 - https:\/\/yoast.com\/wordpress\/plugins\/seo\/ -->\n<title>Magic of Family | The Official Site of Disney On Ice<\/title>\n<meta name=\"description\" content=\"Step inside Disney stories like never before at Disney On Ice presents Frozen &amp; Encanto! Dazzling ice skating transports you to Arendelle to be a part of Anna\u2019s adventure to find Elsa in a wintry race to bring back summer. Then, enter the Casita Madrigal to join Mirabel\u2019s journey to save her enchanted home alongside her sisters, Isabela and Luisa. Hosted by Mickey and Minnie, sing along and celebrate the power of love at Disney On Ice \u2013 the show everyone will be talking about!\" \/>\n<meta name=\"robots\" content=\"index, follow, max-snippet:-1, max-image-preview:large, max-video-preview:-1\" \/>\n<link rel=\"canonical\" href=\"https:\/\/www.disneyonice.com\/pt-br\/magic-of-family\/\" \/>\n<meta property=\"og:locale\" content=\"pt_BR\" \/>\n<meta property=\"og:type\" content=\"article\" \/>\n<meta property=\"og:title\" content=\"Magic of Family | The Official Site of Disney On Ice\" \/>\n<meta property=\"og:description\" content=\"Step inside Disney stories like never before at Disney On Ice presents Frozen &amp; Encanto! Dazzling ice skating transports you to Arendelle to be a part of Anna\u2019s adventure to find Elsa in a wintry race to bring back summer. Then, enter the Casita Madrigal to join Mirabel\u2019s journey to save her enchanted home alongside her sisters, Isabela and Luisa. Hosted by Mickey and Minnie, sing along and celebrate the power of love at Disney On Ice \u2013 the show everyone will be talking about!\" \/>\n<meta property=\"og:url\" content=\"https:\/\/www.disneyonice.com\/pt-br\/magic-of-family\/\" \/>\n<meta property=\"og:site_name\" content=\"The Official Site of Disney On Ice\" \/>\n<meta property=\"article:modified_time\" content=\"2026-04-30T17:18:02+00:00\" \/>\n<meta name=\"twitter:card\" content=\"summary_large_image\" \/>\n<script type=\"application\/ld+json\" class=\"yoast-schema-graph\">{\"@context\":\"https:\/\/schema.org\",\"@graph\":[{\"@type\":\"WebPage\",\"@id\":\"https:\/\/www.disneyonice.com\/magic-of-family\/\",\"url\":\"https:\/\/www.disneyonice.com\/magic-of-family\/\",\"name\":\"Magic of Family | The Official Site of Disney On Ice\",\"isPartOf\":{\"@id\":\"https:\/\/www.disneyonice.com\/es-cl\/#website\"},\"datePublished\":\"2026-04-30T17:18:00+00:00\",\"dateModified\":\"2026-04-30T17:18:02+00:00\",\"description\":\"Step inside Disney stories like never before at Disney On Ice presents Frozen & Encanto! Dazzling ice skating transports you to Arendelle to be a part of Anna\u2019s adventure to find Elsa in a wintry race to bring back summer. Then, enter the Casita Madrigal to join Mirabel\u2019s journey to save her enchanted home alongside her sisters, Isabela and Luisa. Hosted by Mickey and Minnie, sing along and celebrate the power of love at Disney On Ice \u2013 the show everyone will be talking about!\",\"breadcrumb\":{\"@id\":\"https:\/\/www.disneyonice.com\/magic-of-family\/#breadcrumb\"},\"inLanguage\":\"pt-BR\",\"potentialAction\":[{\"@type\":\"ReadAction\",\"target\":[\"https:\/\/www.disneyonice.com\/magic-of-family\/\"]}]},{\"@type\":\"BreadcrumbList\",\"@id\":\"https:\/\/www.disneyonice.com\/magic-of-family\/#breadcrumb\",\"itemListElement\":[{\"@type\":\"ListItem\",\"position\":1,\"name\":\"Home\",\"item\":\"https:\/\/www.disneyonice.com\/\"},{\"@type\":\"ListItem\",\"position\":2,\"name\":\"Magic of Family\"}]},{\"@type\":\"WebSite\",\"@id\":\"https:\/\/www.disneyonice.com\/es-cl\/#website\",\"url\":\"https:\/\/www.disneyonice.com\/es-cl\/\",\"name\":\"The Official Site of Disney On Ice\",\"description\":\"A series of touring ice shows produced by Feld Entertainment under agreement with The Walt Disney Company.\",\"publisher\":{\"@id\":\"https:\/\/www.disneyonice.com\/es-cl\/#organization\"},\"potentialAction\":[{\"@type\":\"SearchAction\",\"target\":{\"@type\":\"EntryPoint\",\"urlTemplate\":\"https:\/\/www.disneyonice.com\/es-cl\/?s={search_term_string}\"},\"query-input\":\"required name=search_term_string\"}],\"inLanguage\":\"pt-BR\"},{\"@type\":\"Organization\",\"@id\":\"https:\/\/www.disneyonice.com\/es-cl\/#organization\",\"name\":\"Disney On Ice\",\"url\":\"https:\/\/www.disneyonice.com\/es-cl\/\",\"logo\":{\"@type\":\"ImageObject\",\"inLanguage\":\"pt-BR\",\"@id\":\"https:\/\/www.disneyonice.com\/es-cl\/#\/schema\/logo\/image\/\",\"url\":\"https:\/\/www.disneyonice.com\/wp-content\/uploads\/2023\/08\/Disney-Check.png\",\"contentUrl\":\"https:\/\/www.disneyonice.com\/wp-content\/uploads\/2023\/08\/Disney-Check.png\",\"width\":100,\"height\":104,\"caption\":\"Disney On Ice\"},\"image\":{\"@id\":\"https:\/\/www.disneyonice.com\/es-cl\/#\/schema\/logo\/image\/\"}}]}<\/script>\n<!-- \/ Yoast SEO plugin. -->","yoast_head_json":{"title":"Magic of Family | The Official Site of Disney On Ice","description":"Step inside Disney stories like never before at Disney On Ice presents Frozen & Encanto! Dazzling ice skating transports you to Arendelle to be a part of Anna\u2019s adventure to find Elsa in a wintry race to bring back summer. Then, enter the Casita Madrigal to join Mirabel\u2019s journey to save her enchanted home alongside her sisters, Isabela and Luisa. Hosted by Mickey and Minnie, sing along and celebrate the power of love at Disney On Ice \u2013 the show everyone will be talking about!","robots":{"index":"index","follow":"follow","max-snippet":"max-snippet:-1","max-image-preview":"max-image-preview:large","max-video-preview":"max-video-preview:-1"},"canonical":"https:\/\/www.disneyonice.com\/pt-br\/magic-of-family\/","og_locale":"pt_BR","og_type":"article","og_title":"Magic of Family | The Official Site of Disney On Ice","og_description":"Step inside Disney stories like never before at Disney On Ice presents Frozen & Encanto! Dazzling ice skating transports you to Arendelle to be a part of Anna\u2019s adventure to find Elsa in a wintry race to bring back summer. Then, enter the Casita Madrigal to join Mirabel\u2019s journey to save her enchanted home alongside her sisters, Isabela and Luisa. Hosted by Mickey and Minnie, sing along and celebrate the power of love at Disney On Ice \u2013 the show everyone will be talking about!","og_url":"https:\/\/www.disneyonice.com\/pt-br\/magic-of-family\/","og_site_name":"The Official Site of Disney On Ice","article_modified_time":"2026-04-30T17:18:02+00:00","twitter_card":"summary_large_image","schema":{"@context":"https:\/\/schema.org","@graph":[{"@type":"WebPage","@id":"https:\/\/www.disneyonice.com\/magic-of-family\/","url":"https:\/\/www.disneyonice.com\/magic-of-family\/","name":"Magic of Family | The Official Site of Disney On Ice","isPartOf":{"@id":"https:\/\/www.disneyonice.com\/es-cl\/#website"},"datePublished":"2026-04-30T17:18:00+00:00","dateModified":"2026-04-30T17:18:02+00:00","description":"Step inside Disney stories like never before at Disney On Ice presents Frozen & Encanto! Dazzling ice skating transports you to Arendelle to be a part of Anna\u2019s adventure to find Elsa in a wintry race to bring back summer. Then, enter the Casita Madrigal to join Mirabel\u2019s journey to save her enchanted home alongside her sisters, Isabela and Luisa. Hosted by Mickey and Minnie, sing along and celebrate the power of love at Disney On Ice \u2013 the show everyone will be talking about!","breadcrumb":{"@id":"https:\/\/www.disneyonice.com\/magic-of-family\/#breadcrumb"},"inLanguage":"pt-BR","potentialAction":[{"@type":"ReadAction","target":["https:\/\/www.disneyonice.com\/magic-of-family\/"]}]},{"@type":"BreadcrumbList","@id":"https:\/\/www.disneyonice.com\/magic-of-family\/#breadcrumb","itemListElement":[{"@type":"ListItem","position":1,"name":"Home","item":"https:\/\/www.disneyonice.com\/"},{"@type":"ListItem","position":2,"name":"Magic of Family"}]},{"@type":"WebSite","@id":"https:\/\/www.disneyonice.com\/es-cl\/#website","url":"https:\/\/www.disneyonice.com\/es-cl\/","name":"The Official Site of Disney On Ice","description":"A series of touring ice shows produced by Feld Entertainment under agreement with The Walt Disney Company.","publisher":{"@id":"https:\/\/www.disneyonice.com\/es-cl\/#organization"},"potentialAction":[{"@type":"SearchAction","target":{"@type":"EntryPoint","urlTemplate":"https:\/\/www.disneyonice.com\/es-cl\/?s={search_term_string}"},"query-input":"required name=search_term_string"}],"inLanguage":"pt-BR"},{"@type":"Organization","@id":"https:\/\/www.disneyonice.com\/es-cl\/#organization","name":"Disney On Ice","url":"https:\/\/www.disneyonice.com\/es-cl\/","logo":{"@type":"ImageObject","inLanguage":"pt-BR","@id":"https:\/\/www.disneyonice.com\/es-cl\/#\/schema\/logo\/image\/","url":"https:\/\/www.disneyonice.com\/wp-content\/uploads\/2023\/08\/Disney-Check.png","contentUrl":"https:\/\/www.disneyonice.com\/wp-content\/uploads\/2023\/08\/Disney-Check.png","width":100,"height":104,"caption":"Disney On Ice"},"image":{"@id":"https:\/\/www.disneyonice.com\/es-cl\/#\/schema\/logo\/image\/"}}]}},"_links":{"self":[{"href":"https:\/\/www.disneyonice.com\/pt-br\/wp-json\/wp\/v2\/pages\/19814"}],"collection":[{"href":"https:\/\/www.disneyonice.com\/pt-br\/wp-json\/wp\/v2\/pages"}],"about":[{"href":"https:\/\/www.disneyonice.com\/pt-br\/wp-json\/wp\/v2\/types\/page"}],"author":[{"embeddable":true,"href":"https:\/\/www.disneyonice.com\/pt-br\/wp-json\/wp\/v2\/users\/8"}],"replies":[{"embeddable":true,"href":"https:\/\/www.disneyonice.com\/pt-br\/wp-json\/wp\/v2\/comments?post=19814"}],"version-history":[{"count":5,"href":"https:\/\/www.disneyonice.com\/pt-br\/wp-json\/wp\/v2\/pages\/19814\/revisions"}],"predecessor-version":[{"id":20258,"href":"https:\/\/www.disneyonice.com\/pt-br\/wp-json\/wp\/v2\/pages\/19814\/revisions\/20258"}],"wp:attachment":[{"href":"https:\/\/www.disneyonice.com\/pt-br\/wp-json\/wp\/v2\/media?parent=19814"}],"curies":[{"name":"wp","href":"https:\/\/api.w.org\/{rel}","templated":true}]}}