{"id":23,"date":"2023-07-03T08:27:16","date_gmt":"2023-07-03T08:27:16","guid":{"rendered":"http:\/\/projects.45press.com\/disneyonice\/?page_id=23"},"modified":"2026-05-08T10:18:04","modified_gmt":"2026-05-08T14:18:04","slug":"faq","status":"publish","type":"page","link":"https:\/\/www.disneyonice.com\/pl-pl\/faq\/","title":{"rendered":"FAQ"},"content":{"rendered":"<div class=\"full\" id=\"block_d5bd55333433f5a5aab431b5514701d6\">\n\t<section class=\"felds-block felds-banner-block page-header banner-small pos-center pos-bottom\" style=\"background-color:#000000;\">\n\t\t<div class=\"info align-center below-title\" style=\"width: 80%;\">\n\t\t\t\t\t\t<div class=\"info-title\">\n\t\t\t\tCZ\u0118STO ZADAWANE PYTANIA\t\t\t<\/div>\n\t\t\t\t\t\t\t\t\t\t\t\t\t\t<\/div>\n\t\t<div class=\"bg-images\">\n\t\t\t\t\t\t<img decoding=\"async\" class=\"desktop\" src=\"https:\/\/www.disneyonice.com\/wp-content\/uploads\/2023\/09\/doi-faq-header_0.png\" alt=\"<em>Disney On Ice<\/em>\" width=\"1920\" height=\"1080\" fetchpriority=\"high\">\n\t\t\t\t\t\t\t\t\t<img decoding=\"async\" loading=\"lazy\" class=\"mobile\" src=\"https:\/\/www.disneyonice.com\/wp-content\/uploads\/2023\/09\/DOI-interiorpage_hero_mobile-faq.jpg\" alt=\"<em>Disney On Ice<\/em>\" width=\"750\" height=\"1334\">\n\t\t\t\t\t<\/div>\n\t\t\t\t\t<\/section>\n\t<\/div>\n\n\n\n\n\n\n<div class=\"full\">\n\t<section id=\"\" class=\"felds-block felds-faq-anchors-block\">\n\t\t<div class=\"block-content\">\n\t\t\t<ul>\n\t\t\t\t\t\t\t<li>\n\t\t\t\t\t<a href=\"#faq-the-shows\">O PRZEDSTAWIENIACH<\/a>\n\t\t\t\t<\/li>\n\t\t\t\t\t\t\t<li>\n\t\t\t\t\t<a href=\"#faq-disney-on-ice\">About <em>Disney On Ice<\/em><\/a>\n\t\t\t\t<\/li>\n\t\t\t\t\t\t\t<li>\n\t\t\t\t\t<a href=\"#faq-merchandise\">O PRODUKTACH<\/a>\n\t\t\t\t<\/li>\n\t\t\t\t\t\t\t<li>\n\t\t\t\t\t<a href=\"#faq-tickets\">O BILETACH<\/a>\n\t\t\t\t<\/li>\n\t\t\t\t\t\t\t<li>\n\t\t\t\t\t<a href=\"#faq-feld-entertainment\">O FELD ENTERTAINMENT<\/a>\n\t\t\t\t<\/li>\n\t\t\t\t\t\t<\/ul>\n\t\t<\/div>\n\t<\/section>\n<\/div>\n\n\n\n\n\n\n\n\n\n\n\n\n\n\n\n\n\n\n\n\n\n\n\n\n\n\n\n\n\n\n\n\n\n\n\n\n\n\n\n\n\n\n\n\n\n\n\n\n\n\n\n\n\n\n\n\n\n\n\n\n\n\n\n\n\n\n\n\n\n\n<div class=\"full\">\n\t<section id=\"faq-the-shows\" class=\"felds-block felds-faq-block\">\n\t\t<div class=\"block-title\">O PRZEDSTAWIENIACH<\/div>\n\t\t<div class=\"block-content\">\n\t\t\t\t\t\t<div class=\"item\">\n\t\t\t\t<div class=\"item-title\">Ile czasu trwa przedstawienie?<\/div>\n\t\t\t\t<div class=\"item-content\"><p>Przedstawienie dzieli si\u0119 na dwa akty, rozdzielone oko\u0142o 15-minutow\u0105 przerw\u0105 (trwa w sumie ok. 120 minut).<\/p>\n<\/div>\n\t\t\t<\/div>\n\t\t\t\t\t\t<div class=\"item\">\n\t\t\t\t<div class=\"item-title\">Jak powinienem ubra\u0107 si\u0119 na wydarzenie <em>Disney On Ice<\/em>?<\/div>\n\t\t\t\t<div class=\"item-content\"><p>Sugerujemy, by ubra\u0107 si\u0119 wygodnie. Temperatura w hali wynosi oko\u0142o 18\u02daC, wi\u0119c sweter lub kurtka mog\u0105 si\u0119 przyda\u0107. Zalecamy za\u0142o\u017cenie praktycznego obuwia w celu swobodnego poruszania si\u0119 po arenie. Wszystkie nasze widowiska oferuj\u0105 komfortow\u0105 i przyjazn\u0105 rodzinie atmosfer\u0119, dlatego niedozwolone jest noszenie kostium\u00f3w przez osoby powy\u017cej 14. roku \u017cycia lub ubra\u0144, kt\u00f3re z natury rzeczy mog\u0105 urazi\u0107 innych, jak r\u00f3wnie\u017c nadmierne eksponowanie cia\u0142a, co mo\u017ce by\u0107 postrzegane jako niew\u0142a\u015bciwe w \u015brodowisku rodzinnym. Prosimy o wyb\u00f3r stroju zgodnie z osobistym uznaniem i zdrowym rozs\u0105dkiem.<\/p>\n<p>Je\u015bli masz wi\u0119cej pyta\u0144, prze\u015blij je na adres\u00a0<a href=\"mailto:customerserviceeurope@feldinc.com\">customerserviceeurope@feldinc.com<\/a>.<\/p>\n<\/div>\n\t\t\t<\/div>\n\t\t\t\t\t\t<div class=\"item\">\n\t\t\t\t<div class=\"item-title\">Czy na widowni\u0119 mo\u017cna wnosi\u0107 aparaty fotograficzne?<\/div>\n\t\t\t\t<div class=\"item-content\"><p>Na teren Imprezy mo\u017cna wnie\u015b\u0107 nieprofesjonalne aparaty fotograficzne (bez wymiennej optyki). Niedozwolone jest wnoszenie statyw\u00f3w, a\u00a0zdj\u0119cia musz\u0105 by\u0107 robione dla cel\u00f3w prywatnych. Nale\u017cy fotografowa\u0107 tak, by\u00a0nie zas\u0142ania\u0107 lodowiska nikomu na\u00a0widowni ani nie przeszkadza\u0107 osobom siedz\u0105cym w\u00a0pobli\u017cu. Ze\u00a0wzgl\u0119du na\u00a0bezpiecze\u0144stwo \u0142y\u017cwiarzy niedozwolone jest u\u017cywanie lamp b\u0142yskowych.<\/p>\n<\/div>\n\t\t\t<\/div>\n\t\t\t\t\t\t<div class=\"item\">\n\t\t\t\t<div class=\"item-title\">  O kt\u00f3rej godzinie nale\u017cy przyj\u015b\u0107 na przedstawienie?<\/div>\n\t\t\t\t<div class=\"item-content\"><p>Widzowie s\u0105 wpuszczani\u00a0<strong>najwcze\u015bniej na godzin\u0119 przed startem\u00a0przedstawienia<\/strong>. Aby unikn\u0105\u0107 sp\u00f3\u017anienia, zapraszamy do przyj\u015bcia z wyprzedzeniem,\u00a0<strong>najp\u00f3\u017aniej 15 minut przed rozpocz\u0119ciem\u00a0przedstawienia<\/strong>.<\/p>\n<\/div>\n\t\t\t<\/div>\n\t\t\t\t\t\t<div class=\"item\">\n\t\t\t\t<div class=\"item-title\">Czy w halach s\u0105 wydzielone sektory dla os\u00f3b na w\u00f3zkach inwalidzkich?<\/div>\n\t\t\t\t<div class=\"item-content\"><p style=\"font-weight: 400\">Przypominamy, \u017ce zar\u00f3wno osoba z niepe\u0142nosprawno\u015bciami, poruszaj\u0105ca si\u0119 na w\u00f3zku inwalidzkim, jak i jej opiekun musz\u0105 posiada\u0107 osobne bilety na przedstawienie. Ceny bilet\u00f3w dla os\u00f3b z niepe\u0142nosprawno\u015bciami, poruszaj\u0105cych si\u0119 na w\u00f3zkach inwalidzkich i ich opiekun\u00f3w s\u0105 takie, jak w kategorii Br\u0105zowej. Bilety te mo\u017cna zakupi\u0107 wy\u0142\u0105cznie za po\u015brednictwem adresu <a href=\"mailto:kontakt@ebilet.pl\">kontakt@ebilet.pl<\/a> lub poprzez formularz kontaktowy dost\u0119pny na stronie <a href=\"https:\/\/url.us.m.mimecastprotect.com\/s\/mDJ4CPNK62sN2V16hzfjIxVmVq?domain=ebilet.pl\">https:\/\/www.ebilet.pl\/kontakt<\/a>.<\/p>\n<p style=\"font-weight: 400\">Miejsca te przeznaczone s\u0105 tylko dla os\u00f3b z niepe\u0142nosprawno\u015bciami, poruszaj\u0105cych si\u0119 na w\u00f3zkach inwalidzkich i znajduj\u0105 si\u0119 w dedykowanych dla nich sektorach. Osobie niepe\u0142nosprawnej mo\u017ce towarzyszy\u0107 jeden opiekun.<\/p>\n<\/div>\n\t\t\t<\/div>\n\t\t\t\t\t\t<div class=\"item\">\n\t\t\t\t<div class=\"item-title\">Czy przy halach znajduj\u0105 si\u0119 parkingi?*<\/div>\n\t\t\t\t<div class=\"item-content\"><p>Informacje o\u00a0parkingach znajduj\u0105 si\u0119 na\u00a0poszczeg\u00f3lnych stronach internetowych hal.<\/p>\n<p><em>Ceny parking\u00f3w nie s\u0105\u00a0ustalane przez Organizatora, lecz przez operatora danej hali.<\/em><\/p>\n<\/div>\n\t\t\t<\/div>\n\t\t\t\t\t\t<div class=\"item\">\n\t\t\t\t<div class=\"item-title\">Czy mo\u017cna wej\u015b\u0107 na przedstawienie z jedzeniem i napojami?<\/div>\n\t\t\t\t<div class=\"item-content\"><p>Tak, o ile jedzenie i napoje s\u0105 w rozs\u0105dnych ilo\u015bciach, a jedz\u0105c i pij\u0105c, zachowujemy porz\u0105dek wok\u00f3\u0142 siebie. Dozwolone s\u0105 napoje wy\u0142\u0105cznie w butelkach plastikowych lub kartonikach o pojemno\u015bci do 500 ml.<\/p>\n<\/div>\n\t\t\t<\/div>\n\t\t\t\t\t\t<div class=\"item\">\n\t\t\t\t<div class=\"item-title\">Czy w halach b\u0119d\u0105 dost\u0119pne depozyty?<\/div>\n\t\t\t\t<div class=\"item-content\"><p>Organizator przewidzia\u0142 depozyt, p\u0142atny\u202f30\u00a0z\u0142 od\u00a0sztuki, wy\u0142\u0105cznie na\u00a0przedmioty uwzgl\u0119dnione w\u00a0regulaminie jako niedozwolone.<\/p>\n<\/div>\n\t\t\t<\/div>\n\t\t\t\t\t\t<div class=\"item\">\n\t\t\t\t<div class=\"item-title\">W jaki spos\u00f3b mo\u017cna p\u0142aci\u0107 podczas przedstawie\u0144?<\/div>\n\t\t\t\t<div class=\"item-content\"><p>Podczas przedstawie\u0144 b\u0119dzie mo\u017cna p\u0142aci\u0107 zar\u00f3wno got\u00f3wk\u0105 jak i kartami p\u0142atniczymi.<\/p>\n<\/div>\n\t\t\t<\/div>\n\t\t\t\t\t\t<div class=\"item\">\n\t\t\t\t<div class=\"item-title\">Czy mo\u017cna kupi\u0107 bilet w dniu przedstawienia w obiekcie\/arenie?<\/div>\n\t\t\t\t<div class=\"item-content\"><p style=\"font-weight: 400\">Tak, w dniu przedstawienia b\u0119dzie mo\u017cna zakupi\u0107 bilety w kasach biletowych, o ile bilety b\u0119d\u0105 jeszcze dost\u0119pne.<\/p>\n<p style=\"font-weight: 400\">Za bilety mo\u017cna p\u0142aci\u0107 zar\u00f3wno got\u00f3wk\u0105 jak i\u00a0kart\u0105 p\u0142atnicz\u0105 (VISA, MasterCard, BLIK).<\/p>\n<\/div>\n\t\t\t<\/div>\n\t\t\t\t\t\t<div class=\"item\">\n\t\t\t\t<div class=\"item-title\">Czy mo\u017cna nagrywa\u0107 przedstawienie? <\/div>\n\t\t\t\t<div class=\"item-content\"><p>B\u0119dzie nam mi\u0142o, je\u015bli utrwal\u0105 Pa\u0144stwo wspomnienia ze swojej wizyty na sprz\u0119cie nagrywaj\u0105cym. Przypominamy, \u017ce nagrania musz\u0105 by\u0107 wykonywane wy\u0142\u0105cznie kamer\u0105 mieszcz\u0105c\u0105 si\u0119 w r\u0119ku i tylko ze swojego miejsca, na w\u0142asny u\u017cytek, nie mog\u0105 by\u0107 kopiowane ani u\u017cywane do cel\u00f3w komercyjnych. Prosimy o nie zas\u0142anianie innym podczas filmowania.<\/p>\n<\/div>\n\t\t\t<\/div>\n\t\t\t\t\t\t<div class=\"item\">\n\t\t\t\t<div class=\"item-title\">Czy po zeskanowaniu biletu i wej\u015bciu do hali mo\u017cna z niej na chwil\u0119 wyj\u015b\u0107?<\/div>\n\t\t\t\t<div class=\"item-content\"><p>Nie \u2013 bilet podlega jednorazowemu zeskanowaniu, wi\u0119c osoby wychodz\u0105ce \u201ena chwil\u0119\u201d z budynku nie b\u0119d\u0105 wpuszczane z powrotem do hali.<\/p>\n<\/div>\n\t\t\t<\/div>\n\t\t\t\t\t\t<div class=\"item\">\n\t\t\t\t<div class=\"item-title\">Czy moje dziecko jest za ma\u0142e, aby uczestniczy\u0107 w przedstawieniu <em>Disney on Ice<\/em>?<\/div>\n\t\t\t\t<div class=\"item-content\"><p>Widowisko nie ma ani dolnego, ani g\u00f3rnego limitu wieku publiczno\u015bci. <em>Disney On Ice<\/em> jest przedstawieniem dla ca\u0142ej rodziny, wi\u0119c mamusie, tatusiowie, nastolatki i dziadkowie bawi\u0105 si\u0119 tak samo dobrze, jak dzieci! Nale\u017cy pami\u0119ta\u0107 o s\u0142uchawkach ochronnych dla mniejszych dzieci.<\/p>\n<\/div>\n\t\t\t<\/div>\n\t\t\t\t\t\t<div class=\"item\">\n\t\t\t\t<div class=\"item-title\"> Czy mog\u0119 wej\u015b\u0107 na teren wydarzenia z w\u00f3zkiem dla dzieci lub fotelikiem samochodowym?<\/div>\n\t\t\t\t<div class=\"item-content\"><p>Zar\u00f3wno z w\u00f3zkiem jak i z fotelikiem mo\u017cna wej\u015b\u0107 do hali, lecz nale\u017cy pozostawi\u0107 je w szatni. Na widowni dziecko powinno przebywa\u0107 na kolanach rodzica. Fotelik nie zmie\u015bci si\u0119 w sektorze, a stawianie go na krze\u015ble lub w przej\u015bciu nie b\u0119dzie bezpieczne. Dodatkowo pragniemy przypomnie\u0107, \u017ce u tak ma\u0142ego dziecka powinno zastosowa\u0107 si\u0119 s\u0142uchawki ochronne.<\/p>\n<\/div>\n\t\t\t<\/div>\n\t\t\t\t\t\t<div class=\"item\">\n\t\t\t\t<div class=\"item-title\">W jakim j\u0119zyku jest przedstawienie?<\/div>\n\t\t\t\t<div class=\"item-content\"><p>Przedstawienie jest dubbingowane na j\u0119zyk polski, podobnie, jak wi\u0119kszo\u015b\u0107 piosenek z film\u00f3w Disneya.<\/p>\n<\/div>\n\t\t\t<\/div>\n\t\t\t\t\t\t<div class=\"item\">\n\t\t\t\t<div class=\"item-title\">Jakie \u015brodki bezpiecze\u0144stwa obowi\u0105zuj\u0105 podczas przedstawie\u0144 <em>Disney On Ice<\/em>?<\/div>\n\t\t\t\t<div class=\"item-content\"><p>Bezpiecze\u0144stwo naszych klient\u00f3w, pracownik\u00f3w i artyst\u00f3w jest naszym najwy\u017cszym priorytetem. \u015aci\u015ble wsp\u00f3\u0142pracujemy z halami i naszymi partnerami, aby zapewni\u0107 bezpiecze\u0144stwo i komfort wszystkim osobom zaanga\u017cowanym w <em>Disney On Ice<\/em>.<\/p>\n<\/div>\n\t\t\t<\/div>\n\t\t\t\t\t<\/div>\n\t<\/section>\n<\/div>\n\n\n\n\n\n\n\n\n\n\n\n\n\n\n\n\n\n\n\n\n\n\n\n\n\n\n\n\n\n\n\n\n\n\n\n\n\n\n\n\n\n\n\n\n\n\n\n\n\n\n\n\n\n\n\n\n<div class=\"full\">\n\t<section id=\"faq-disney-on-ice\" class=\"felds-block felds-faq-block\">\n\t\t<div class=\"block-title\">O <em>DISNEY ON ICE<\/em><\/div>\n\t\t<div class=\"block-content\">\n\t\t\t\t\t\t<div class=\"item\">\n\t\t\t\t<div class=\"item-title\">Z kim mog\u0119 kontaktowa\u0107 si\u0119 w razie dodatkowych pyta\u0144?<\/div>\n\t\t\t\t<div class=\"item-content\"><p>W sprawach zwi\u0105zanych z biletami prosimy o kontakt pod adresami <a title=\"mailto:bilety@alterart.pl\" href=\"mailto:bilety@alterart.pl\">bilety@alterart.pl<\/a>, <a title=\"mailto:kontakt@ebilet.pl\" href=\"mailto:kontakt@ebilet.pl\">kontakt@ebilet.pl<\/a> lub poprzez formularz kontaktowy dost\u0119pny na stronie <a title=\"https:\/\/www.ebilet.pl\/kontakt\" href=\"https:\/\/www.ebilet.pl\/kontakt\">https:\/\/www.ebilet.pl\/kontakt<\/a>. W pozosta\u0142ych zach\u0119camy do wys\u0142ania maila na <a title=\"mailto:kontakt@alterart.pl\" href=\"mailto:kontakt@alterart.pl\">kontakt@alterart.pl<\/a>.<\/p>\n<\/div>\n\t\t\t<\/div>\n\t\t\t\t\t<\/div>\n\t<\/section>\n<\/div>\n\n\n\n\n\n\n\n\n\n\n\n\n\n\n\n\n\n\n\n\n\n\n\n\n\n\n\n\n\n\n\n\n\n\n\n\n\n\n\n\n\n\n\n\n\n\n\n\n\n\n\n\n\n\n\n\n\n\n\n\n\n\n\n\n\n\n\n\n\n\n\n\n\n\n\n\n\n\n\n\n\n\n\n\n\n\n\n\n\n\n\n\n\n\n\n\n\n\n\n\n\n\n\n\n\n\n\n\n\n\n\n\n\n\n\n\n\n\n\n\n\n\n\n\n\n\n\n\n<div class=\"full\">\n\t<section id=\"faq-tickets\" class=\"felds-block felds-faq-block\">\n\t\t<div class=\"block-title\">O BILETACH<\/div>\n\t\t<div class=\"block-content\">\n\t\t\t\t\t\t<div class=\"item\">\n\t\t\t\t<div class=\"item-title\">Czy musz\u0119 kupowa\u0107 bilet dla ma\u0142ego dziecka, kt\u00f3re b\u0119dzie siedzie\u0107 mi na kolanach przez ca\u0142y czas trwania spektaklu?<\/div>\n\t\t\t\t<div class=\"item-content\"><p>Je\u015bli dziecko ma mniej ni\u017c dwa lata, nie ma konieczno\u015bci kupowania dla niego biletu. Aby skorzysta\u0107 z tej mo\u017cliwo\u015bci,\u00a0<strong>opiekunowie dzieci poni\u017cej 2. roku \u017cycia zobowi\u0105zani s\u0105 zabra\u0107 ze sob\u0105 dokument potwierdzaj\u0105cy dat\u0119 urodzenia dziecka<\/strong>. Tylko odpowiedni dokument zwalnia z obowi\u0105zku posiadania biletu dla dziecka. Dzieci powy\u017cej 2. roku \u017cycia musz\u0105 mie\u0107 bilet. Nale\u017cy pami\u0119ta\u0107 o s\u0142uchawkach ochronnych dla dzieci.<\/p>\n<\/div>\n\t\t\t<\/div>\n\t\t\t\t\t\t<div class=\"item\">\n\t\t\t\t<div class=\"item-title\">Przez pomy\u0142k\u0119 kupi\u0142em bilet na inne przedstawienie. Czy istnieje mo\u017cliwo\u015b\u0107 wymiany biletu?<\/div>\n\t\t\t\t<div class=\"item-content\"><p>Bilet upowa\u017cnia do wej\u015bcia wy\u0142\u0105cznie na przedstawienie, kt\u00f3rego data i godzina s\u0105 na nim wydrukowane. Wymiana biletu nie jest mo\u017cliwa, a osoby z nieodpowiednimi biletami nie b\u0119d\u0105 wpuszczane na spektakl. Prosimy o przemy\u015blane zakupy bilet\u00f3w oraz sprawdzenie daty i godziny widniej\u0105cej na bilecie zaraz po zakupie.<\/p>\n<\/div>\n\t\t\t<\/div>\n\t\t\t\t\t\t<div class=\"item\">\n\t\t\t\t<div class=\"item-title\">Wycieczki grupowe<\/div>\n\t\t\t\t<div class=\"item-content\"><p>Osoby odpowiedzialne za organizacj\u0119 wyjazd\u00f3w grupowych prosimy o kontakt z adresem mailowym bilety@alterart.pl. Zach\u0119camy do przyjazdu na miejsce minimum 45 minut przed rozpocz\u0119ciem spektakli.<\/p>\n<\/div>\n\t\t\t<\/div>\n\t\t\t\t\t\t<div class=\"item\">\n\t\t\t\t<div class=\"item-title\"> Z kim mog\u0119 kontaktowa\u0107 si\u0119 w razie dodatkowych pyta\u0144?<\/div>\n\t\t\t\t<div class=\"item-content\"><p>W sprawach zwi\u0105zanych z biletami prosimy o kontakt pod adresami <a href=\"mailto:bilety@alterart.pl\">bilety@alterart.pl<\/a>, <a href=\"mailto:kontakt@ebilet.pl\">kontakt@ebilet.pl<\/a> lub poprzez formularz kontaktowy dost\u0119pny na stronie<\/p>\n<p>https:\/\/www.ebilet.pl\/kontakt.<\/p>\n<\/div>\n\t\t\t<\/div>\n\t\t\t\t\t<\/div>\n\t<\/section>\n<\/div>\n\n\n\n\n\n\n\n\n\n\n\n\n\n\n\n\n\n\n\n\n\n\n\n\n\n\n\n\n\n\n\n\n\n\n\n\n\n\n\n\n\n\n\n\n\n\n\n\n\n\n\n\n<div class=\"full\">\n\t<section id=\"faq-feld-entertainment\" class=\"felds-block felds-faq-block\">\n\t\t<div class=\"block-title\">O FELD ENTERTAINMENT<\/div>\n\t\t<div class=\"block-content\">\n\t\t\t\t\t\t<div class=\"item\">\n\t\t\t\t<div class=\"item-title\">Czym jest Feld Entertainment?<\/div>\n\t\t\t\t<div class=\"item-content\"><p><a href=\"https:\/\/www.feldentertainmentl.com\">Feld Entertainment\u00ae<\/a> jest \u015bwiatowym liderem w produkcji rodzinnych widowisk na \u017cywo, kt\u00f3re \u0142\u0105cz\u0105 ludzi, podnosz\u0105 na duchu i zapewniaj\u0105 niepowtarzaln\u0105 rozrywk\u0119. Portfolio firmy zawiera <em>Ringling Bros. and Barnum &amp; Bailey\u00ae, <\/em>Monster Jam<em>\u00ae<\/em>, <em><em>Disney On Ice<\/em>, <\/em>\u00a0Monster Energy AMA Supercross, i SuperMotocross World Championship.\u00a0Feld Entertainment zachwyci\u0142o miliony rodzin w ponad 80 krajach na sze\u015bciu kontynentach. Odwied\u017a stron\u0119 feldentertainment.com, aby uzyska\u0107 wi\u0119cej informacji.<\/p>\n<\/div>\n\t\t\t<\/div>\n\t\t\t\t\t\t<div class=\"item\">\n\t\t\t\t<div class=\"item-title\">Jak mog\u0119 zosta\u0107 wykonawc\u0105 w produkcji <em>Disney On Ice<\/em>?<\/div>\n\t\t\t\t<div class=\"item-content\"><p>Aby uzyska\u0107 wi\u0119cej informacji, odwied\u017a nast\u0119puj\u0105c\u0105 witryn\u0119:<br \/>\n<a href=\"https:\/\/www.feldentertainment.com\/performer-auditions\/disney-on-ice\/\">https:\/\/www.feldentertainment.com\/performer-auditions\/disney-on-ice\/<\/a><\/p>\n<\/div>\n\t\t\t<\/div>\n\t\t\t\t\t<\/div>\n\t<\/section>\n<\/div>\n\n\n\n\n\n\n\n\n\n\n\n\n\n\n\n\n\n\n\n\n\n\n\n\n\n\n\n\n\n\n\n\n\n\n\n\n\n\n\n\n\n\n\n\n\n\n\n\n\n\n\n\n\n\n\n\n\n\n\n\n\n\n\n\n\n\n\n\n\n\n\n\n<div class=\"full\">\n\t<section id=\"faq-feld-entertainment\" class=\"felds-block felds-faq-block\">\n\t\t<div class=\"block-title\">O ALTER ART<\/div>\n\t\t<div class=\"block-content\">\n\t\t\t\t\t\t<div class=\"item\">\n\t\t\t\t<div class=\"item-title\"> Czym jest Alter Art Show?<\/div>\n\t\t\t\t<div class=\"item-content\"><p><strong>Alter Art Show\u00a0<\/strong>to najwi\u0119kszy niezale\u017cny promotor w Polsce i jeden z lider\u00f3w polskiego rynku live entertainment w zakresie organizacji spektakularnych widowisk, koncert\u00f3w i festiwali na najwy\u017cszym poziomie, gromadz\u0105cych dziesi\u0105tki tysi\u0119cy os\u00f3b. Jest wy\u0142\u0105cznym promotorem w Polsce wydarze\u0144 produkowanych przez Feld Entertainment, w tym\u00a0<em><em>Disney On Ice<\/em><\/em>\u00a0i\u00a0<em>Monster Jam.<\/em><\/p>\n<\/div>\n\t\t\t<\/div>\n\t\t\t\t\t<\/div>\n\t<\/section>\n<\/div>","protected":false},"excerpt":{"rendered":"","protected":false},"author":1,"featured_media":16425,"parent":0,"menu_order":0,"comment_status":"closed","ping_status":"closed","template":"","meta":{"footnotes":""},"acf":[],"yoast_head":"<!-- This site is optimized with the Yoast SEO plugin v21.4 - https:\/\/yoast.com\/wordpress\/plugins\/seo\/ -->\n<title>FAQ | The Official Site of Disney On Ice<\/title>\n<meta name=\"description\" content=\"All of your Disney On Ice questions answered here!\" \/>\n<meta name=\"robots\" content=\"index, follow, max-snippet:-1, max-image-preview:large, max-video-preview:-1\" \/>\n<link rel=\"canonical\" href=\"https:\/\/www.disneyonice.com\/pl-pl\/faq\/\" \/>\n<meta property=\"og:locale\" content=\"pl_PL\" \/>\n<meta property=\"og:type\" content=\"article\" \/>\n<meta property=\"og:title\" content=\"FAQ | The Official Site of Disney On Ice\" \/>\n<meta property=\"og:description\" content=\"All of your Disney On Ice questions answered here!\" \/>\n<meta property=\"og:url\" content=\"https:\/\/www.disneyonice.com\/pl-pl\/faq\/\" \/>\n<meta property=\"og:site_name\" content=\"The Official Site of Disney On Ice\" \/>\n<meta property=\"article:modified_time\" content=\"2026-05-08T14:18:04+00:00\" \/>\n<meta property=\"og:image\" content=\"https:\/\/www.disneyonice.com\/wp-content\/uploads\/2025\/06\/D38_20240831_Orlando_GEO_10503-Edit.png\" \/>\n\t<meta property=\"og:image:width\" content=\"560\" \/>\n\t<meta property=\"og:image:height\" content=\"400\" \/>\n\t<meta property=\"og:image:type\" content=\"image\/png\" \/>\n<meta name=\"twitter:card\" content=\"summary_large_image\" \/>\n<script type=\"application\/ld+json\" class=\"yoast-schema-graph\">{\"@context\":\"https:\/\/schema.org\",\"@graph\":[{\"@type\":\"WebPage\",\"@id\":\"https:\/\/www.disneyonice.com\/faq\/\",\"url\":\"https:\/\/www.disneyonice.com\/faq\/\",\"name\":\"FAQ | The Official Site of Disney On Ice\",\"isPartOf\":{\"@id\":\"https:\/\/www.disneyonice.com\/es-cl\/#website\"},\"datePublished\":\"2023-07-03T08:27:16+00:00\",\"dateModified\":\"2026-05-08T14:18:04+00:00\",\"description\":\"All of your Disney On Ice questions answered here!\",\"breadcrumb\":{\"@id\":\"https:\/\/www.disneyonice.com\/faq\/#breadcrumb\"},\"inLanguage\":\"pl-PL\",\"potentialAction\":[{\"@type\":\"ReadAction\",\"target\":[\"https:\/\/www.disneyonice.com\/faq\/\"]}]},{\"@type\":\"BreadcrumbList\",\"@id\":\"https:\/\/www.disneyonice.com\/faq\/#breadcrumb\",\"itemListElement\":[{\"@type\":\"ListItem\",\"position\":1,\"name\":\"Home\",\"item\":\"https:\/\/www.disneyonice.com\/\"},{\"@type\":\"ListItem\",\"position\":2,\"name\":\"FAQ\"}]},{\"@type\":\"WebSite\",\"@id\":\"https:\/\/www.disneyonice.com\/es-cl\/#website\",\"url\":\"https:\/\/www.disneyonice.com\/es-cl\/\",\"name\":\"The Official Site of Disney On Ice\",\"description\":\"A series of touring ice shows produced by Feld Entertainment under agreement with The Walt Disney Company.\",\"publisher\":{\"@id\":\"https:\/\/www.disneyonice.com\/es-cl\/#organization\"},\"potentialAction\":[{\"@type\":\"SearchAction\",\"target\":{\"@type\":\"EntryPoint\",\"urlTemplate\":\"https:\/\/www.disneyonice.com\/es-cl\/?s={search_term_string}\"},\"query-input\":\"required name=search_term_string\"}],\"inLanguage\":\"pl-PL\"},{\"@type\":\"Organization\",\"@id\":\"https:\/\/www.disneyonice.com\/es-cl\/#organization\",\"name\":\"Disney On Ice\",\"url\":\"https:\/\/www.disneyonice.com\/es-cl\/\",\"logo\":{\"@type\":\"ImageObject\",\"inLanguage\":\"pl-PL\",\"@id\":\"https:\/\/www.disneyonice.com\/es-cl\/#\/schema\/logo\/image\/\",\"url\":\"https:\/\/www.disneyonice.com\/wp-content\/uploads\/2023\/08\/Disney-Check.png\",\"contentUrl\":\"https:\/\/www.disneyonice.com\/wp-content\/uploads\/2023\/08\/Disney-Check.png\",\"width\":100,\"height\":104,\"caption\":\"Disney On Ice\"},\"image\":{\"@id\":\"https:\/\/www.disneyonice.com\/es-cl\/#\/schema\/logo\/image\/\"}}]}<\/script>\n<!-- \/ Yoast SEO plugin. -->","yoast_head_json":{"title":"FAQ | The Official Site of Disney On Ice","description":"All of your Disney On Ice questions answered here!","robots":{"index":"index","follow":"follow","max-snippet":"max-snippet:-1","max-image-preview":"max-image-preview:large","max-video-preview":"max-video-preview:-1"},"canonical":"https:\/\/www.disneyonice.com\/pl-pl\/faq\/","og_locale":"pl_PL","og_type":"article","og_title":"FAQ | The Official Site of Disney On Ice","og_description":"All of your Disney On Ice questions answered here!","og_url":"https:\/\/www.disneyonice.com\/pl-pl\/faq\/","og_site_name":"The Official Site of Disney On Ice","article_modified_time":"2026-05-08T14:18:04+00:00","og_image":[{"width":560,"height":400,"url":"https:\/\/www.disneyonice.com\/wp-content\/uploads\/2025\/06\/D38_20240831_Orlando_GEO_10503-Edit.png","type":"image\/png"}],"twitter_card":"summary_large_image","schema":{"@context":"https:\/\/schema.org","@graph":[{"@type":"WebPage","@id":"https:\/\/www.disneyonice.com\/faq\/","url":"https:\/\/www.disneyonice.com\/faq\/","name":"FAQ | The Official Site of Disney On Ice","isPartOf":{"@id":"https:\/\/www.disneyonice.com\/es-cl\/#website"},"datePublished":"2023-07-03T08:27:16+00:00","dateModified":"2026-05-08T14:18:04+00:00","description":"All of your Disney On Ice questions answered here!","breadcrumb":{"@id":"https:\/\/www.disneyonice.com\/faq\/#breadcrumb"},"inLanguage":"pl-PL","potentialAction":[{"@type":"ReadAction","target":["https:\/\/www.disneyonice.com\/faq\/"]}]},{"@type":"BreadcrumbList","@id":"https:\/\/www.disneyonice.com\/faq\/#breadcrumb","itemListElement":[{"@type":"ListItem","position":1,"name":"Home","item":"https:\/\/www.disneyonice.com\/"},{"@type":"ListItem","position":2,"name":"FAQ"}]},{"@type":"WebSite","@id":"https:\/\/www.disneyonice.com\/es-cl\/#website","url":"https:\/\/www.disneyonice.com\/es-cl\/","name":"The Official Site of Disney On Ice","description":"A series of touring ice shows produced by Feld Entertainment under agreement with The Walt Disney Company.","publisher":{"@id":"https:\/\/www.disneyonice.com\/es-cl\/#organization"},"potentialAction":[{"@type":"SearchAction","target":{"@type":"EntryPoint","urlTemplate":"https:\/\/www.disneyonice.com\/es-cl\/?s={search_term_string}"},"query-input":"required name=search_term_string"}],"inLanguage":"pl-PL"},{"@type":"Organization","@id":"https:\/\/www.disneyonice.com\/es-cl\/#organization","name":"Disney On Ice","url":"https:\/\/www.disneyonice.com\/es-cl\/","logo":{"@type":"ImageObject","inLanguage":"pl-PL","@id":"https:\/\/www.disneyonice.com\/es-cl\/#\/schema\/logo\/image\/","url":"https:\/\/www.disneyonice.com\/wp-content\/uploads\/2023\/08\/Disney-Check.png","contentUrl":"https:\/\/www.disneyonice.com\/wp-content\/uploads\/2023\/08\/Disney-Check.png","width":100,"height":104,"caption":"Disney On Ice"},"image":{"@id":"https:\/\/www.disneyonice.com\/es-cl\/#\/schema\/logo\/image\/"}}]}},"_links":{"self":[{"href":"https:\/\/www.disneyonice.com\/pl-pl\/wp-json\/wp\/v2\/pages\/23"}],"collection":[{"href":"https:\/\/www.disneyonice.com\/pl-pl\/wp-json\/wp\/v2\/pages"}],"about":[{"href":"https:\/\/www.disneyonice.com\/pl-pl\/wp-json\/wp\/v2\/types\/page"}],"author":[{"embeddable":true,"href":"https:\/\/www.disneyonice.com\/pl-pl\/wp-json\/wp\/v2\/users\/1"}],"replies":[{"embeddable":true,"href":"https:\/\/www.disneyonice.com\/pl-pl\/wp-json\/wp\/v2\/comments?post=23"}],"version-history":[{"count":5,"href":"https:\/\/www.disneyonice.com\/pl-pl\/wp-json\/wp\/v2\/pages\/23\/revisions"}],"predecessor-version":[{"id":20546,"href":"https:\/\/www.disneyonice.com\/pl-pl\/wp-json\/wp\/v2\/pages\/23\/revisions\/20546"}],"wp:featuredmedia":[{"embeddable":true,"href":"https:\/\/www.disneyonice.com\/pl-pl\/wp-json\/wp\/v2\/media\/16425"}],"wp:attachment":[{"href":"https:\/\/www.disneyonice.com\/pl-pl\/wp-json\/wp\/v2\/media?parent=23"}],"curies":[{"name":"wp","href":"https:\/\/api.w.org\/{rel}","templated":true}]}}