{"id":23,"date":"2023-07-03T08:27:16","date_gmt":"2023-07-03T08:27:16","guid":{"rendered":"http:\/\/projects.45press.com\/disneyonice\/?page_id=23"},"modified":"2026-03-19T10:07:19","modified_gmt":"2026-03-19T14:07:19","slug":"faq","status":"publish","type":"page","link":"https:\/\/www.disneyonice.com\/no-no\/faq\/","title":{"rendered":"OFTE STILTE SP\u00d8RSM\u00c5L"},"content":{"rendered":"<div class=\"full\" id=\"block_d5bd55333433f5a5aab431b5514701d6\">\n\t<section class=\"felds-block felds-banner-block page-header banner-small pos-center pos-bottom\" style=\"background-color:#000000;\">\n\t\t<div class=\"info align-center below-title\" style=\"width: 80%;\">\n\t\t\t\t\t\t<div class=\"info-title\">\n\t\t\t\tOFTE STILTE SP\u00d8RSM\u00c5L\t\t\t<\/div>\n\t\t\t\t\t\t\t\t\t\t\t\t\t\t<\/div>\n\t\t<div class=\"bg-images\">\n\t\t\t\t\t\t<img decoding=\"async\" class=\"desktop\" src=\"https:\/\/www.disneyonice.com\/wp-content\/uploads\/2023\/09\/doi-faq-header_0.png\" alt=\"<em>Disney On Ice<\/em>\" width=\"1920\" height=\"1080\" fetchpriority=\"high\">\n\t\t\t\t\t\t\t\t\t<img decoding=\"async\" loading=\"lazy\" class=\"mobile\" src=\"https:\/\/www.disneyonice.com\/wp-content\/uploads\/2023\/09\/DOI-interiorpage_hero_mobile-faq.jpg\" alt=\"<em>Disney On Ice<\/em>\" width=\"750\" height=\"1334\">\n\t\t\t\t\t<\/div>\n\t\t\t\t\t<\/section>\n\t<\/div>\n\n\n\n\n\n\n\n\n<div class=\"full\">\n\t<section id=\"\" class=\"felds-block felds-faq-anchors-block\">\n\t\t<div class=\"block-content\">\n\t\t\t<ul>\n\t\t\t\t\t\t\t<li>\n\t\t\t\t\t<a href=\"#faq-the-shows\">OM FORESTILLINGENE<\/a>\n\t\t\t\t<\/li>\n\t\t\t\t\t\t\t<li>\n\t\t\t\t\t<a href=\"#faq-merchandise\">OM MERCHANDISE<\/a>\n\t\t\t\t<\/li>\n\t\t\t\t\t\t\t<li>\n\t\t\t\t\t<a href=\"#faq-tickets\">OM BILLETTER<\/a>\n\t\t\t\t<\/li>\n\t\t\t\t\t\t\t<li>\n\t\t\t\t\t<a href=\"#faq-feld-entertainment\">OM FELD ENTERTAINMENT<\/a>\n\t\t\t\t<\/li>\n\t\t\t\t\t\t<\/ul>\n\t\t<\/div>\n\t<\/section>\n<\/div>\n\n\n\n\n\n\n\n\n\n\n\n\n\n\n\n\n\n\n\n\n\n\n\n\n\n\n\n\n\n\n\n\n\n\n\n\n\n\n\n\n\n\n\n\n\n\n\n\n\n\n\n\n\n\n\n\n\n\n\n\n\n\n\n\n\n\n<div class=\"full\">\n\t<section id=\"faq-the-shows\" class=\"felds-block felds-faq-block\">\n\t\t<div class=\"block-title\">OM FORESTILLINGENE<\/div>\n\t\t<div class=\"block-content\">\n\t\t\t\t\t\t<div class=\"item\">\n\t\t\t\t<div class=\"item-title\">Hvor lenge varer forestillingen?<\/div>\n\t\t\t\t<div class=\"item-content\"><p>Forestillingen begynner som annonsert og varer fra halvannen til to timer (fra 90 \u2013 120 minutter) inkludert en pause p\u00e5 15-20 minutter.<\/p>\n<\/div>\n\t\t\t<\/div>\n\t\t\t\t\t\t<div class=\"item\">\n\t\t\t\t<div class=\"item-title\">Hvordan b\u00f8r jeg kle meg p\u00e5 showet?<\/div>\n\t\t\t\t<div class=\"item-content\"><p>Vi anbefaler at du kler deg komfortabelt. Vi anbefaler at du bruker praktiske sko som er egnet og trygge til \u00e5 bevege seg i trappene og omr\u00e5det p\u00e5 arenaen. Passende antrekk, inkludert sko og kl\u00e6r, m\u00e5 brukes hele tiden.<\/p>\n<p>V\u00e5re forestillinger er familiearrangement med en avslappet stemning. Kl\u00e6r som eksponerer store deler av kroppen og som kan bli ansett som upassende p\u00e5 et familiearrangement, er ikke tillatt. Vi ber om at v\u00e5re gjester er diskret og bruker sunn fornuft ved valg av antrekk.<\/p>\n<p><strong>Upassende antrekk<\/strong><\/p>\n<p>Feld Enternainment har rett til \u00e5 nekte adgang eller fjerne personer som er kledd p\u00e5 en m\u00e5te som anses som upassende eller som kan forringe opplevelsen til de andre gjestene p\u00e5 forestillingen. Antrekk som er upassende og som kan f\u00f8re til at man nektes adgang til forestillingen er omtalt under. Denne listen er ikke utt\u00f8mmende:<\/p>\n<ul>\n<li>Kostymer og masker. Kan ikke brukes av gjester som er 14 \u00e5r eller eldre.<\/li>\n<li>Kl\u00e6r med st\u00f8tende innhold, inkludert uanstendig spr\u00e5k eller grafikk.<\/li>\n<li>Overdrevent hullete kl\u00e6r.<\/li>\n<li>Som beskrevet over, kl\u00e6r som eksponerer mye hud og som kan bli ansett som upassende p\u00e5 et familiearrangement.<\/li>\n<li>Kl\u00e6r som g\u00e5r ned til gulvet eller som slepes bortover gulvet.<\/li>\n<li>St\u00f8tende tatoveringer eller tatoveringer med banneord.<\/li>\n<\/ul>\n<p>Kostymer er ikke tillatt for gjester som er 14 \u00e5r og eldre.<\/p>\n<p><strong>Gjester som er 14 \u00e5r og yngre:<\/strong><\/p>\n<p>Kostymer kan brukes etter disse retningslinjene. Gjester som ikke f\u00f8lger disse retningslinjene kan nektes inngang eller bli bedt om \u00e5 forlate <em>Disney On Ice<\/em>, med mindre hans eller hennes kostyme kan endres slik at de m\u00f8ter standardene som er omtalt over.<\/p>\n<ul>\n<li>Gjester kan g\u00e5 kledd som sine favorittkarakterer, men kan ikke posere p\u00e5 bilder eller signere autografer for andre gjester.<\/li>\n<li>Kostymer m\u00e5 v\u00e6re familievennlige og kan ikke v\u00e6re til hinder for andre, st\u00f8tende, upassende eller voldelige.<\/li>\n<li>Kostymer kan ikke inneholde rekvisitter eller tilbeh\u00f8r som kan likne p\u00e5 eller bli forvekslet med v\u00e5pen.<\/li>\n<li>Kostymer kan ikke inneholde skarpe eller spisse gjenstander eller materialer som ved uhell kan treffe eller skade andre gjester.<\/li>\n<li>Kostymer med mange lag eller rekvisitter som dekker hele kroppen er frar\u00e5det og kan f\u00f8re til ytterligere sikkerhetssjekker.<\/li>\n<li>Kostymer kan ikke dras eller slepes p\u00e5 gulvet.<\/li>\n<li>Kapper kan brukes hvis kappen ikke g\u00e5r lenger ned enn midjen.<\/li>\n<li>T-skjorter, bluser, gensere og hatter med tema kan brukes.<\/li>\n<\/ul>\n<p>Hvis du har flere sp\u00f8rsm\u00e5l om dette ber vi om at du kontakter oss p\u00e5 engelsk via\u00a0<a href=\"mailto:customerserviceeurope@feldinc.com\">customerserviceeurope@feldinc.com<\/a>.<\/p>\n<\/div>\n\t\t\t<\/div>\n\t\t\t\t\t\t<div class=\"item\">\n\t\t\t\t<div class=\"item-title\">Er kamera tillatt inne i salen?<\/div>\n\t\t\t\t<div class=\"item-content\"><p>Fotografering uten blitz og kun til personlig bruk er tillatt, forutsatt at fotograferingen ikke forstyrrer eller sjenerer publikum og artistene. Sjekk ogs\u00e5 hjemmesiden til arenaen ang\u00e5ende deres regler for fotografering.<\/p>\n<\/div>\n\t\t\t<\/div>\n\t\t\t\t\t\t<div class=\"item\">\n\t\t\t\t<div class=\"item-title\">Er det spesialeffekter p\u00e5 <em>Disney On Ice<\/em>-forestillingene?<\/div>\n\t\t\t\t<div class=\"item-content\"><p>Som en del av den magiske opplevelsen inneholder <em>Disney On Ice<\/em>-forestillingene spesialeffekter. Dette inkluderer kunstig t\u00e5ke, strobelys og fantastiske spesialeffekter. I tillegg har flere i publikum leker\/lys som blinker og\/eller spinner. Vi anbefaler at du kontakter kundeservice for flere detaljer om forestillingen du skal p\u00e5. Du kan sende en e-post p\u00e5 engelsk til\u00a0<a href=\"mailto:customerserviceeurope@feldinc.com\">customerserviceeurope@feldinc.com<\/a>.<\/p>\n<\/div>\n\t\t\t<\/div>\n\t\t\t\t\t<\/div>\n\t<\/section>\n<\/div>\n\n\n\n\n\n\n\n\n\n\n\n\n\n\n\n\n\n\n\n\n\n\n\n\n\n\n\n\n\n\n\n\n\n\n\n\n\n\n\n\n\n\n\n\n\n\n\n\n\n\n\n\n\n\n\n\n\n\n\n\n\n\n\n\n\n\n\n\n\n\n\n\n\n\n\n\n\n\n\n\n\n\n\n\n\n\n\n\n\n\n\n\n\n\n\n\n\n\n\n\n\n\n\n\n\n\n\n\n\n\n\n\n\n\n\n\n\n\n\n\n\n\n\n\n<div class=\"full\">\n\t<section id=\"faq-merchandise\" class=\"felds-block felds-faq-block\">\n\t\t<div class=\"block-title\">OM MERCHANDISE<\/div>\n\t\t<div class=\"block-content\">\n\t\t\t\t\t\t<div class=\"item\">\n\t\t\t\t<div class=\"item-title\">Hvem kan jeg kontakte hvis jeg har sp\u00f8rsm\u00e5l om eller kommentarer til <em>Disney On Ice<\/em> leker og suvenirer?<\/div>\n\t\t\t\t<div class=\"item-content\"><p>Du kan sende en e-post p\u00e5 engelsk til\u00a0<strong><a href=\"mailto:customerserviceeurope@feldinc.com\">customerserviceeurope@feldinc.com<\/a><\/strong>.<\/p>\n<\/div>\n\t\t\t<\/div>\n\t\t\t\t\t\t<div class=\"item\">\n\t\t\t\t<div class=\"item-title\">Kan jeg kj\u00f8pe <em>Disney On Ice<\/em> leker eller suvenirer andre steder enn p\u00e5 forestillingene?<\/div>\n\t\t\t\t<div class=\"item-content\"><p>Nei, du kan dessverre kun kj\u00f8pe\u00a0<em><em>Disney On Ice<\/em><\/em>\u00a0suvenirer og leker inne i den respektive arenaen i forbindelse med hver enkelt forestilling.<\/p>\n<\/div>\n\t\t\t<\/div>\n\t\t\t\t\t\t<div class=\"item\">\n\t\t\t\t<div class=\"item-title\">Hvordan betaler jeg for suvenirer p\u00e5 showet?<\/div>\n\t\t\t\t<div class=\"item-content\"><p>Du kan bare betale for suvenirer med bankkort. <\/p>\n<\/div>\n\t\t\t<\/div>\n\t\t\t\t\t<\/div>\n\t<\/section>\n<\/div>\n\n\n\n\n\n\n\n\n\n\n\n\n\n\n\n\n\n\n\n\n\n\n\n\n\n\n\n\n\n\n\n\n\n\n\n\n\n\n\n\n\n\n\n\n\n\n\n\n\n\n\n\n\n\n\n\n\n\n\n\n<div class=\"full\">\n\t<section id=\"faq-tickets\" class=\"felds-block felds-faq-block\">\n\t\t<div class=\"block-title\">OM BILLETTER<\/div>\n\t\t<div class=\"block-content\">\n\t\t\t\t\t\t<div class=\"item\">\n\t\t\t\t<div class=\"item-title\">Hvordan f\u00e5r jeg kj\u00f8pt billetter?<\/div>\n\t\t\t\t<div class=\"item-content\"><p>Du finner mer informasjon om billetter og billettsalg \u00f8verst p\u00e5 denne siden og p\u00e5 www.ticketmaster.no samt p\u00e5 hjemmesidene til arenaene.<\/p>\n<\/div>\n\t\t\t<\/div>\n\t\t\t\t\t\t<div class=\"item\">\n\t\t\t\t<div class=\"item-title\">M\u00e5 jeg kj\u00f8pe billett til et barn som sitter p\u00e5 fanget mitt under forestillingen?<\/div>\n\t\t\t\t<div class=\"item-content\"><p>Dersom barnet er under 2 \u00e5r og sitter p\u00e5 fanget trenger du ikke \u00e5 kj\u00f8pe billett.<\/p>\n<\/div>\n\t\t\t<\/div>\n\t\t\t\t\t\t<div class=\"item\">\n\t\t\t\t<div class=\"item-title\">Er det mulig \u00e5 m\u00f8te artistene?<\/div>\n\t\t\t\t<div class=\"item-content\"><p>Det er ikke mulig \u00e5 m\u00f8te v\u00e5re artister p\u00e5 annen m\u00e5te enn n\u00e5r du er publikum p\u00e5 selve forestillingen. Ved sjeldne anledninger gjennomf\u00f8res m\u00f8ter med enkelte artister i forbindelse med ulike aktiviteter sammen med v\u00e5re samarbeidspartnere der relevant informasjon gis i hvert enkelt tilfelle. Den beste m\u00e5ten \u00e5 oppleve artistene, f\u00e5r du som publikum i salen p\u00e5 <em>Disney On Ice<\/em> forestillingene!<\/p>\n<\/div>\n\t\t\t<\/div>\n\t\t\t\t\t\t<div class=\"item\">\n\t\t\t\t<div class=\"item-title\">Tilbyr dere rabatter til grupper?<\/div>\n\t\t\t\t<div class=\"item-content\"><p>Vi tilbyr ikke grupperabatter.<\/p>\n<\/div>\n\t\t\t<\/div>\n\t\t\t\t\t<\/div>\n\t<\/section>\n<\/div>\n\n\n\n\n\n\n\n\n\n\n\n\n\n\n\n\n\n\n\n\n\n\n\n\n\n\n\n\n\n\n\n\n\n\n\n\n\n\n\n\n\n\n\n\n\n\n\n\n\n\n\n\n<div class=\"full\">\n\t<section id=\"faq-feld-entertainment\" class=\"felds-block felds-faq-block\">\n\t\t<div class=\"block-title\">OM FELD ENTERTAINMENT<\/div>\n\t\t<div class=\"block-content\">\n\t\t\t\t\t\t<div class=\"item\">\n\t\t\t\t<div class=\"item-title\">Om Feld Entertainment, Inc.<\/div>\n\t\t\t\t<div class=\"item-content\"><p>Feld Entertainment er verdensledende produsent og arrang\u00f8r av live familieunderholdning. Vi sprer glede og skaper varige minner for millioner av familier over hele verden. Showene v\u00e5re spilles i 80 land fordelt p\u00e5 6 kontinenter og inkluderer <em>Ringling Bros. and Barnum &amp; Bailey\u00ae, <\/em>Monster Jam<em>\u00ae<\/em>, <em><em>Disney On Ice<\/em>, <\/em>\u00a0Monster Energy AMA Supercross, og SuperMotocross World Championship. Bes\u00f8k <a href=\"https:\/\/www.feldentertainment.com\">www.feldentertainment.com<\/a> for mer informasjon.<\/p>\n<\/div>\n\t\t\t<\/div>\n\t\t\t\t\t\t<div class=\"item\">\n\t\t\t\t<div class=\"item-title\">Hvordan kan jeg bli en artist p\u00e5 <em>Disney On Ice<\/em>?<\/div>\n\t\t\t\t<div class=\"item-content\"><p>Informasjon om kriterier og auditions for \u00e5 jobbe p\u00e5 <em>Disney On Ice<\/em> show finner du her:<a href=\"https:\/\/www.feldentertainment.com\/performer-auditions\/disney-on-ice\/\"> https:\/\/www.feldentertainment.com\/performer-auditions\/disney-on-ice\/<\/a><\/p>\n<\/div>\n\t\t\t<\/div>\n\t\t\t\t\t<\/div>\n\t<\/section>\n<\/div>","protected":false},"excerpt":{"rendered":"","protected":false},"author":1,"featured_media":16425,"parent":0,"menu_order":0,"comment_status":"closed","ping_status":"closed","template":"","meta":{"footnotes":""},"acf":[],"yoast_head":"<!-- This site is optimized with the Yoast SEO plugin v21.4 - https:\/\/yoast.com\/wordpress\/plugins\/seo\/ -->\n<title>FAQ | The Official Site of Disney On Ice<\/title>\n<meta name=\"description\" content=\"All of your Disney On Ice questions answered here!\" \/>\n<meta name=\"robots\" content=\"index, follow, max-snippet:-1, max-image-preview:large, max-video-preview:-1\" \/>\n<link rel=\"canonical\" href=\"https:\/\/www.disneyonice.com\/no-no\/faq\/\" \/>\n<meta property=\"og:locale\" content=\"nn_NO\" \/>\n<meta property=\"og:type\" content=\"article\" \/>\n<meta property=\"og:title\" content=\"FAQ | The Official Site of Disney On Ice\" \/>\n<meta property=\"og:description\" content=\"All of your Disney On Ice questions answered here!\" \/>\n<meta property=\"og:url\" content=\"https:\/\/www.disneyonice.com\/no-no\/faq\/\" \/>\n<meta property=\"og:site_name\" content=\"The Official Site of Disney On Ice\" \/>\n<meta property=\"article:modified_time\" content=\"2026-03-19T14:07:19+00:00\" \/>\n<meta property=\"og:image\" content=\"https:\/\/www.disneyonice.com\/wp-content\/uploads\/2025\/06\/D38_20240831_Orlando_GEO_10503-Edit.png\" \/>\n\t<meta property=\"og:image:width\" content=\"560\" \/>\n\t<meta property=\"og:image:height\" content=\"400\" \/>\n\t<meta property=\"og:image:type\" content=\"image\/png\" \/>\n<meta name=\"twitter:card\" content=\"summary_large_image\" \/>\n<script type=\"application\/ld+json\" class=\"yoast-schema-graph\">{\"@context\":\"https:\/\/schema.org\",\"@graph\":[{\"@type\":\"WebPage\",\"@id\":\"https:\/\/www.disneyonice.com\/faq\/\",\"url\":\"https:\/\/www.disneyonice.com\/faq\/\",\"name\":\"FAQ | The Official Site of Disney On Ice\",\"isPartOf\":{\"@id\":\"https:\/\/www.disneyonice.com\/es-cl\/#website\"},\"datePublished\":\"2023-07-03T08:27:16+00:00\",\"dateModified\":\"2026-03-19T14:07:19+00:00\",\"description\":\"All of your Disney On Ice questions answered here!\",\"breadcrumb\":{\"@id\":\"https:\/\/www.disneyonice.com\/faq\/#breadcrumb\"},\"inLanguage\":\"nn-NO\",\"potentialAction\":[{\"@type\":\"ReadAction\",\"target\":[\"https:\/\/www.disneyonice.com\/faq\/\"]}]},{\"@type\":\"BreadcrumbList\",\"@id\":\"https:\/\/www.disneyonice.com\/faq\/#breadcrumb\",\"itemListElement\":[{\"@type\":\"ListItem\",\"position\":1,\"name\":\"Home\",\"item\":\"https:\/\/www.disneyonice.com\/\"},{\"@type\":\"ListItem\",\"position\":2,\"name\":\"FAQ\"}]},{\"@type\":\"WebSite\",\"@id\":\"https:\/\/www.disneyonice.com\/es-cl\/#website\",\"url\":\"https:\/\/www.disneyonice.com\/es-cl\/\",\"name\":\"The Official Site of Disney On Ice\",\"description\":\"A series of touring ice shows produced by Feld Entertainment under agreement with The Walt Disney Company.\",\"publisher\":{\"@id\":\"https:\/\/www.disneyonice.com\/es-cl\/#organization\"},\"potentialAction\":[{\"@type\":\"SearchAction\",\"target\":{\"@type\":\"EntryPoint\",\"urlTemplate\":\"https:\/\/www.disneyonice.com\/es-cl\/?s={search_term_string}\"},\"query-input\":\"required name=search_term_string\"}],\"inLanguage\":\"nn-NO\"},{\"@type\":\"Organization\",\"@id\":\"https:\/\/www.disneyonice.com\/es-cl\/#organization\",\"name\":\"Disney On Ice\",\"url\":\"https:\/\/www.disneyonice.com\/es-cl\/\",\"logo\":{\"@type\":\"ImageObject\",\"inLanguage\":\"nn-NO\",\"@id\":\"https:\/\/www.disneyonice.com\/es-cl\/#\/schema\/logo\/image\/\",\"url\":\"https:\/\/www.disneyonice.com\/wp-content\/uploads\/2023\/08\/Disney-Check.png\",\"contentUrl\":\"https:\/\/www.disneyonice.com\/wp-content\/uploads\/2023\/08\/Disney-Check.png\",\"width\":100,\"height\":104,\"caption\":\"Disney On Ice\"},\"image\":{\"@id\":\"https:\/\/www.disneyonice.com\/es-cl\/#\/schema\/logo\/image\/\"}}]}<\/script>\n<!-- \/ Yoast SEO plugin. -->","yoast_head_json":{"title":"FAQ | The Official Site of Disney On Ice","description":"All of your Disney On Ice questions answered here!","robots":{"index":"index","follow":"follow","max-snippet":"max-snippet:-1","max-image-preview":"max-image-preview:large","max-video-preview":"max-video-preview:-1"},"canonical":"https:\/\/www.disneyonice.com\/no-no\/faq\/","og_locale":"nn_NO","og_type":"article","og_title":"FAQ | The Official Site of Disney On Ice","og_description":"All of your Disney On Ice questions answered here!","og_url":"https:\/\/www.disneyonice.com\/no-no\/faq\/","og_site_name":"The Official Site of Disney On Ice","article_modified_time":"2026-03-19T14:07:19+00:00","og_image":[{"width":560,"height":400,"url":"https:\/\/www.disneyonice.com\/wp-content\/uploads\/2025\/06\/D38_20240831_Orlando_GEO_10503-Edit.png","type":"image\/png"}],"twitter_card":"summary_large_image","schema":{"@context":"https:\/\/schema.org","@graph":[{"@type":"WebPage","@id":"https:\/\/www.disneyonice.com\/faq\/","url":"https:\/\/www.disneyonice.com\/faq\/","name":"FAQ | The Official Site of Disney On Ice","isPartOf":{"@id":"https:\/\/www.disneyonice.com\/es-cl\/#website"},"datePublished":"2023-07-03T08:27:16+00:00","dateModified":"2026-03-19T14:07:19+00:00","description":"All of your Disney On Ice questions answered here!","breadcrumb":{"@id":"https:\/\/www.disneyonice.com\/faq\/#breadcrumb"},"inLanguage":"nn-NO","potentialAction":[{"@type":"ReadAction","target":["https:\/\/www.disneyonice.com\/faq\/"]}]},{"@type":"BreadcrumbList","@id":"https:\/\/www.disneyonice.com\/faq\/#breadcrumb","itemListElement":[{"@type":"ListItem","position":1,"name":"Home","item":"https:\/\/www.disneyonice.com\/"},{"@type":"ListItem","position":2,"name":"FAQ"}]},{"@type":"WebSite","@id":"https:\/\/www.disneyonice.com\/es-cl\/#website","url":"https:\/\/www.disneyonice.com\/es-cl\/","name":"The Official Site of Disney On Ice","description":"A series of touring ice shows produced by Feld Entertainment under agreement with The Walt Disney Company.","publisher":{"@id":"https:\/\/www.disneyonice.com\/es-cl\/#organization"},"potentialAction":[{"@type":"SearchAction","target":{"@type":"EntryPoint","urlTemplate":"https:\/\/www.disneyonice.com\/es-cl\/?s={search_term_string}"},"query-input":"required name=search_term_string"}],"inLanguage":"nn-NO"},{"@type":"Organization","@id":"https:\/\/www.disneyonice.com\/es-cl\/#organization","name":"Disney On Ice","url":"https:\/\/www.disneyonice.com\/es-cl\/","logo":{"@type":"ImageObject","inLanguage":"nn-NO","@id":"https:\/\/www.disneyonice.com\/es-cl\/#\/schema\/logo\/image\/","url":"https:\/\/www.disneyonice.com\/wp-content\/uploads\/2023\/08\/Disney-Check.png","contentUrl":"https:\/\/www.disneyonice.com\/wp-content\/uploads\/2023\/08\/Disney-Check.png","width":100,"height":104,"caption":"Disney On Ice"},"image":{"@id":"https:\/\/www.disneyonice.com\/es-cl\/#\/schema\/logo\/image\/"}}]}},"_links":{"self":[{"href":"https:\/\/www.disneyonice.com\/no-no\/wp-json\/wp\/v2\/pages\/23"}],"collection":[{"href":"https:\/\/www.disneyonice.com\/no-no\/wp-json\/wp\/v2\/pages"}],"about":[{"href":"https:\/\/www.disneyonice.com\/no-no\/wp-json\/wp\/v2\/types\/page"}],"author":[{"embeddable":true,"href":"https:\/\/www.disneyonice.com\/no-no\/wp-json\/wp\/v2\/users\/1"}],"replies":[{"embeddable":true,"href":"https:\/\/www.disneyonice.com\/no-no\/wp-json\/wp\/v2\/comments?post=23"}],"version-history":[{"count":5,"href":"https:\/\/www.disneyonice.com\/no-no\/wp-json\/wp\/v2\/pages\/23\/revisions"}],"predecessor-version":[{"id":19959,"href":"https:\/\/www.disneyonice.com\/no-no\/wp-json\/wp\/v2\/pages\/23\/revisions\/19959"}],"wp:featuredmedia":[{"embeddable":true,"href":"https:\/\/www.disneyonice.com\/no-no\/wp-json\/wp\/v2\/media\/16425"}],"wp:attachment":[{"href":"https:\/\/www.disneyonice.com\/no-no\/wp-json\/wp\/v2\/media?parent=23"}],"curies":[{"name":"wp","href":"https:\/\/api.w.org\/{rel}","templated":true}]}}