{"id":19511,"date":"2026-02-13T12:04:04","date_gmt":"2026-02-13T17:04:04","guid":{"rendered":"https:\/\/www.disneyonice.com\/?page_id=19511"},"modified":"2026-02-23T10:19:03","modified_gmt":"2026-02-23T15:19:03","slug":"mickeys-magische-avontuur","status":"publish","type":"page","link":"https:\/\/www.disneyonice.com\/fr-be\/les-aventures-de-mickey\/","title":{"rendered":"Mickey&#8217;s Magische Avontuur"},"content":{"rendered":"<div class=\"full\">\n\t<section id=\"felds-block-889476071\" class=\"felds-block felds-video-block felds-video-file\">\n\t\t<div class=\"video-desktop\">\n\t\t\t\t\t\t\t<video autoplay muted loop playsinline\t\t\t\t\t class=\"video-js managed-video\"\n\t\t\t\t\t   poster=\"\"\n\t\t\t\t\t   preload=\"none\"\n\t\t\t\t\t   data-stream-id=\"cfcf52b776837202bff5b768c4749b4d\"\n\t\t\t\t\t   data-mp4-url=\"\"\n\t\t\t\t\t   data-viewport=\"desktop\">\n\t\t\t\t\t<!-- Source set dynamically by VideoManager -->\n\t\t\t\t<\/video>\n\t\t\t\t\t<\/div>\n\t\t<div class=\"video-mobile\">\n\t\t\t\t\t\t\t<video autoplay muted loop playsinline\t\t\t\t\t class=\"video-js managed-video\"\n\t\t\t\t\t   poster=\"\"\n\t\t\t\t\t   preload=\"none\"\n\t\t\t\t\t   data-stream-id=\"71a3375603f4b7d2355f0dff33857e43\"\n\t\t\t\t\t   data-mp4-url=\"\"\n\t\t\t\t\t   data-viewport=\"mobile\">\n\t\t\t\t\t<!-- Source set dynamically by VideoManager -->\n\t\t\t\t<\/video>\n\t\t\t\t\t<\/div>\n\t\t<div class=\"video-buttons\">\n\t\t\t<img decoding=\"async\" class=\"btn-play\" src=\"https:\/\/www.disneyonice.com\/wp-content\/themes\/disneyonice\/dist\/img\/icon\/video-play.svg\" alt=\"Play\">\n\t\t\t<img decoding=\"async\" class=\"btn-pause\" src=\"https:\/\/www.disneyonice.com\/wp-content\/themes\/disneyonice\/dist\/img\/icon\/video-pause.png\" alt=\"Pause\">\n\t\t<\/div>\n\t\t<a href=\"#felds-block-889476071-mfp\" class=\"link-mfp mfp-inline\"><\/a>\n\t\t<div id=\"felds-block-889476071-mfp\" class=\"video-mfp-content mfp-hide\">\n\t\t\t<div class=\"desktop-only\">\n\t\t\t\t\t\t\t\t\t<video playsinline controls\n\t\t\t\t\t\t class=\"video-js mfp-video managed-video\"\n\t\t\t\t\t\t   poster=\"\"\n\t\t\t\t\t\t   preload=\"none\"\n\t\t\t\t\t\t   data-stream-id=\"cfcf52b776837202bff5b768c4749b4d\"\n\t\t\t\t\t\t   data-mp4-url=\"\"\n\t\t\t\t\t\t   data-lazy=\"true\">\n\t\t\t\t\t\t<!-- Source set when lightbox opens -->\n\t\t\t\t\t<\/video>\n\t\t\t\t\t\t\t<\/div>\n\t\t\t<div class=\"mobile-only\">\n\t\t\t\t\t\t\t\t\t<video playsinline controls\n\t\t\t\t\t\t class=\"video-js mfp-video managed-video\"\n\t\t\t\t\t\t   poster=\"\"\n\t\t\t\t\t\t   preload=\"none\"\n\t\t\t\t\t\t   data-stream-id=\"71a3375603f4b7d2355f0dff33857e43\"\n\t\t\t\t\t\t   data-mp4-url=\"\"\n\t\t\t\t\t\t   data-lazy=\"true\">\n\t\t\t\t\t\t<!-- Source set when lightbox opens -->\n\t\t\t\t\t<\/video>\n\t\t\t\t\t\t\t<\/div>\n\t\t<\/div>\n\t\t\t<\/section>\n<\/div>\n<script>\n  \/\/ Trigger VideoManager rescan for dynamically loaded content\n  if (window.feldVideoManager) {\n    window.feldVideoManager.rescan();\n  }\n<\/script>\n\n\n\n<div class=\"full\">\n\t<section id=\"felds-block-1338325397\" class=\"felds-block felds-nearest-shows-block\">\n\t\t<div class=\"block-content\">\n\t\t\t<div class=\"loader\"><\/div>\n\t\t<\/div>\n\t<\/section>\n\t<script type=\"text\/javascript\">\n\t\tjQuery( document ).ready( function( $ ) {\t\t\t\t\n\t\t\tvar postal_code = $('body').attr('data-postal-code');\t\t\n\t\t\tif (postal_code == '') postal_code = '19019';\n\t\t\t\n\t\t\tif ( postal_code ) {\n\t\t\t\t$.ajax( {\n\t\t\t\t\tmethod: 'POST',\n\t\t\t\t\turl: 'https:\/\/www.disneyonice.com\/wp-admin\/admin-ajax.php',\n\t\t\t\t\tdataType: 'html',\n\t\t\t\t\tdata: {\n\t\t\t\t\t\taction: 'feld_nearest_events_cb',\n\t\t\t\t\t\tpostal_code: postal_code,\n\t\t\t\t\t\tshow: 'DOI-35',\n\t\t\t\t\t\tcount: 3,\n\t\t\t\t\t\teg_slug: '',\n\t\t\t\t\t\t_ajax_nonce: '22c7e8cbc8'\n\t\t\t\t\t\t\n\t\t\t\t\t},\n\t\t\t\t\tsuccess: function( response ) {\n\t\t\t\t\t\t$('.felds-nearest-shows-block .block-content').html( response );\n\t\t\t\t\t\tfelds_board();\n\t\t\t\t\t},\n\t\t\t\t\terror: function() {\n\t\t\t\t\t\tconsole.log('Error occured fetching events!' );\n\t\t\t\t\t}\n\t\t\t\t} );\t\t\t\t\t\t\n\t\t\t}\t\t\t\t\t\t\n\t\t} );\n\t<\/script>\n<\/div>\n\n\n\n\n\n<div class=\"full\" id=\"block_4c978301f87ec4261c7fee258b0bf34b\">\n\t<section class=\"felds-block felds-banner-block banner-large pos-left pos-middle\" style=\"background-color:#05031b;\">\n\t\t<div class=\"info align-left above-title\" style=\"width: 60%;\">\n\t\t\t\t\t\t<div class=\"info-title translation-block\">UNE AVENTURE PLEINE DE PLAISIR<\/div>\n\t\t\t\t\t\t\t\t\t<div class=\"info-subtitle\">\n\t\t\t\t\u00c0 PROPOS DES SPECTACLES\t\t\t<\/div>\n\t\t\t\t\t\t\t\t\t<div class=\"info-content\">\n\t\t\t\t<p class=\" translation-block\">Partez \u00e0 l\u2019aventure avec Mickey Mouse et ses amis Disney, entre patinage d\u2019exception, acrobaties \u00e0 couper le souffle et moments totalement inattendus.<\/p>\n\t\t\t<\/div>\n\t\t\t\t\t\t\t\t\t<div class=\"info-buttons\">\n\t\t\t                    <a class=\"btn btn-red\" href=\"https:\/\/www.disneyonice.com\/fr-be\/tickets\/\" target=\"\">\n                Acheter des billets            <\/a>\n              \t\t\t<\/div>\n\t\t\t\t\t<\/div>\n\t\t<div class=\"bg-images\">\n\t\t\t\t\t\t<img decoding=\"async\" class=\"desktop\" src=\"https:\/\/www.disneyonice.com\/wp-content\/uploads\/2023\/11\/doi-mickey-desktoptablet.jpg\" alt=\"<em>Disney On Ice<\/em>\" width=\"1920\" height=\"1080\" fetchpriority=\"high\">\n\t\t\t\t\t\t\t\t\t<img decoding=\"async\" loading=\"lazy\" class=\"mobile\" src=\"https:\/\/www.disneyonice.com\/wp-content\/uploads\/2023\/11\/doi-mickey-mobile.jpg\" alt=\"<em>Disney On Ice<\/em>\" width=\"750\" height=\"1334\">\n\t\t\t\t\t<\/div>\n\t\t\t\t\t<\/section>\n\t<\/div>\n\n\n\n\n<div class=\"full\" id=\"block_d969df5a614861685cd73860791a9c3c\">\n\t<section class=\"felds-block felds-banner-block banner-medium pos-right pos-middle\" style=\"background-color:#004384;\">\n\t\t<div class=\"info align-left below-title\" style=\"width: 30%;\">\n\t\t\t\t\t\t<div class=\"info-title\">\n\t\t\t\tVAIANA\t\t\t<\/div>\n\t\t\t\t\t\t\t\t\t\t\t\t<div class=\"info-content\">\n\t\t\t\t<p class=\" translation-block\">Naviguez avec Vaiana et Maui dans leur mission courageuse pour rendre le c\u0153ur vol\u00e9 de Te Fiti.<\/p>\n\t\t\t<\/div>\n\t\t\t\t\t\t\t\t<\/div>\n\t\t<div class=\"bg-images\">\n\t\t\t\t\t\t<img decoding=\"async\" class=\"desktop\" src=\"https:\/\/www.disneyonice.com\/wp-content\/uploads\/2023\/07\/moana-wayfinding-canoe-desktop-1.jpg\" alt=\"<em>Disney On Ice<\/em>\" width=\"1920\" height=\"1080\" fetchpriority=\"high\">\n\t\t\t\t\t\t\t\t\t<img decoding=\"async\" loading=\"lazy\" class=\"mobile\" src=\"https:\/\/www.disneyonice.com\/wp-content\/uploads\/2023\/07\/moana-wayfinder-mobile.jpg\" alt=\"<em>Disney On Ice<\/em>\" width=\"750\" height=\"1334\">\n\t\t\t\t\t<\/div>\n\t\t\t\t\t<\/section>\n\t<\/div>\n\n\n\n\n<div class=\"full\" id=\"block_c018a3f96494e84789037d258e1d5fc0\">\n\t<section class=\"felds-block felds-banner-block banner-small pos-left pos-middle\" style=\"background-color:#240062;\">\n\t\t<div class=\"info align-center below-title\" style=\"width: 35%;\">\n\t\t\t\t\t\t<div class=\"info-title\">\n\t\t\t\tCOCO\t\t\t<\/div>\n\t\t\t\t\t\t\t\t\t\t\t\t<div class=\"info-content\">\n\t\t\t\t<p class=\" translation-block\">Suivez le voyage de Miguel \u00e0 travers du Pays des Morts pour d\u00e9couvrir l'histoire de sa famille.<\/p>\n\t\t\t<\/div>\n\t\t\t\t\t\t\t\t<\/div>\n\t\t<div class=\"bg-images\">\n\t\t\t\t\t\t<img decoding=\"async\" class=\"desktop\" src=\"https:\/\/www.disneyonice.com\/wp-content\/uploads\/2023\/07\/miguel-coco-familia-desktop.jpg\" alt=\"<em>Disney On Ice<\/em>\" width=\"1920\" height=\"1080\" fetchpriority=\"high\">\n\t\t\t\t\t\t\t\t\t<img decoding=\"async\" loading=\"lazy\" class=\"mobile\" src=\"https:\/\/www.disneyonice.com\/wp-content\/uploads\/2023\/07\/miguel-coco-familia-mobile-1.jpg\" alt=\"<em>Disney On Ice<\/em>\" width=\"750\" height=\"1334\">\n\t\t\t\t\t<\/div>\n\t\t\t\t\t<\/section>\n\t<\/div>\n\n\n\n\n<div class=\"full\" id=\"block_9fae37d6262aeeac8e590acf61e4225c\">\n\t<section class=\"felds-block felds-banner-block banner-large pos-left pos-middle\" style=\"background-color:#000000;\">\n\t\t<div class=\"info align-left below-title\" style=\"width: 35%;\">\n\t\t\t\t\t\t<div class=\"info-title\">\n\t\t\t\tALADDIN\t\t\t<\/div>\n\t\t\t\t\t\t\t\t\t\t\t\t<div class=\"info-content\">\n\t\t\t\t<p class=\" translation-block\">Chantez avec Aladdin, G\u00e9nie et Jasmine lors que leur aventure les guides vers un R\u00eave Blue.<\/p>\n\t\t\t<\/div>\n\t\t\t\t\t\t\t\t\t<div class=\"info-buttons\">\n\t\t\t                    <a class=\"btn btn-red\" href=\"https:\/\/www.disneyonice.com\/fr-be\/tickets\/\" target=\"\">\n                Acheter des billets            <\/a>\n              \t\t\t<\/div>\n\t\t\t\t\t<\/div>\n\t\t<div class=\"bg-images\">\n\t\t\t\t\t\t<img decoding=\"async\" class=\"desktop\" src=\"https:\/\/www.disneyonice.com\/wp-content\/uploads\/2023\/07\/dare-to-dream-aladdin-desktop.jpg\" alt=\"<em>Disney On Ice<\/em>\" width=\"1920\" height=\"1080\" fetchpriority=\"high\">\n\t\t\t\t\t\t\t\t\t<img decoding=\"async\" loading=\"lazy\" class=\"mobile\" src=\"https:\/\/www.disneyonice.com\/wp-content\/uploads\/2023\/07\/dare-to-dream-aladdin-mobile.jpg\" alt=\"<em>Disney On Ice<\/em>\" width=\"750\" height=\"1334\">\n\t\t\t\t\t<\/div>\n\t\t\t\t\t<\/section>\n\t<\/div>\n\n\n\n\n<div class=\"full\" id=\"block_0c0270424fb18f11596f59220db3bd22\">\n\t<section class=\"felds-block felds-banner-block banner-medium pos-right pos-middle\" style=\"background-color:#0068a7;\">\n\t\t<div class=\"info align-left below-title\" style=\"width: 40%;\">\n\t\t\t\t\t\t<div class=\"info-title\">\n\t\t\t\tTOY STORY\t\t\t<\/div>\n\t\t\t\t\t\t\t\t\t\t\t\t<div class=\"info-content\">\n\t\t\t\t<p class=\" translation-block\">Dites \u00ab Salut, l\u2019ami ! \u00bb \u00e0 Woody et ses amis et regardez les soldats verts voler dans  le ciel.<\/p>\n\t\t\t<\/div>\n\t\t\t\t\t\t\t\t<\/div>\n\t\t<div class=\"bg-images\">\n\t\t\t\t\t\t<img decoding=\"async\" class=\"desktop\" src=\"https:\/\/www.disneyonice.com\/wp-content\/uploads\/2023\/07\/toy-story-woody-desktop.jpg\" alt=\"<em>Disney On Ice<\/em>\" width=\"1920\" height=\"1080\" fetchpriority=\"high\">\n\t\t\t\t\t\t\t\t\t<img decoding=\"async\" loading=\"lazy\" class=\"mobile\" src=\"https:\/\/www.disneyonice.com\/wp-content\/uploads\/2023\/07\/frozen-ice-jump-mobile.jpg\" alt=\"<em>Disney On Ice<\/em>\" width=\"750\" height=\"1334\">\n\t\t\t\t\t<\/div>\n\t\t\t\t\t<\/section>\n\t<\/div>\n\n\n\n\n<div class=\"full\" id=\"block_40308b21a7c68483dd46149f27b4dcb3\">\n\t<section class=\"felds-block felds-banner-block banner-medium pos-left pos-middle\" style=\"background-color:#08041d;\">\n\t\t<div class=\"info align-center below-title\" style=\"width: 35%;\">\n\t\t\t\t\t\t<div class=\"info-title\">\n\t\t\t\tLA REINE DES NEIGES\t\t\t<\/div>\n\t\t\t\t\t\t\t\t\t\t\t\t<div class=\"info-content\">\n\t\t\t\t<p class=\" translation-block\">D\u00e9couvrez Anna, Elsa, Kristoff et Olaf en direct sur glace comme jamais auparavant.<\/p>\n\t\t\t<\/div>\n\t\t\t\t\t\t\t\t<\/div>\n\t\t<div class=\"bg-images\">\n\t\t\t\t\t\t<img decoding=\"async\" class=\"desktop\" src=\"https:\/\/www.disneyonice.com\/wp-content\/uploads\/2023\/07\/frozen-ice-jumpers-desktop.jpg\" alt=\"<em>Disney On Ice<\/em>\" width=\"1920\" height=\"1080\" fetchpriority=\"high\">\n\t\t\t\t\t\t\t\t\t<img decoding=\"async\" loading=\"lazy\" class=\"mobile\" src=\"https:\/\/www.disneyonice.com\/wp-content\/uploads\/2023\/07\/frozen-ice-jump-mob.jpg\" alt=\"<em>Disney On Ice<\/em>\" width=\"750\" height=\"1334\">\n\t\t\t\t\t<\/div>\n\t\t\t\t\t<\/section>\n\t<\/div>\n\n\n\n\n<div class=\"container\">\n\t<section id=\"\" class=\"felds-block felds-gallery-block\">\n\t\t<div class=\"block-top\">\n\t\t\t<div class=\"block-top__title\">PERSONNAGES BIEN-AIM\u00c9S<\/div>\n\t\t\t<div class=\"block-top__desc\"><p>Participez \u00e0 vos histoires Disney pr\u00e9f\u00e9r\u00e9es avec <em><em>Disney On Ice<\/em><\/em>!<\/p>\n<\/div>\n\t\t<\/div>\n\t\t<div class=\"block-content\">\n\t\t\t\t\t\t\t<script src=\"https:\/\/apps.elfsight.com\/p\/platform.js\" defer=\"defer\"><\/script>\r\n<div class=\"elfsight-app-6625085d-3cff-4358-bfe3-be3c83e3b14e\"> <\/div>\t\t\t\t\t<\/div>\n\t<\/section>\n<\/div>\n\n\n\n\n<div class=\"full\">\n\t\t\t<style type=\"text\/css\">\n\t\t\t#felds-meet-cast-block-block_991e5a09269d0b9e740b5e5de2ef236e {\n\t\t\t\tbackground: #f7b500;\n\t\t\t\tcolor: #FFF;\n\t\t\t}\n\t\t\t\n\t\t\t#felds-meet-cast-block-block_991e5a09269d0b9e740b5e5de2ef236e .block-content__button .btn {\n\t\t\t\tcolor: #FFF!important;\n\t\t\t\tborder-color: #FFF!important;\n\t\t\t}\n\t\t\t\n\t\t\t#felds-meet-cast-block-block_991e5a09269d0b9e740b5e5de2ef236e .block-content__button .btn:hover,\n\t\t\t#felds-meet-cast-block-block_991e5a09269d0b9e740b5e5de2ef236e .block-content__button .btn:focus {\n\t\t\t\tcolor: #000!important;\n\t\t\t\tbackground: #FFF!important;\n\t\t\t\tborder-color: #FFF!important;\n\t\t\t}\t\t\t\n\t\t<\/style>\n\t\t\t<section id=\"felds-meet-cast-block-block_991e5a09269d0b9e740b5e5de2ef236e\" class=\"felds-block felds-meet-cast-block\">\n\t\t<div class=\"block-content\">\n\t\t\t<div class=\"block-content__title\">\n\t\t\t\t\t\t\t<\/div>\n\t\t\t<div class=\"block-content__button\">\n\t\t\t\t<a class=\"btn btn-white-o\" href=\"https:\/\/www.disneyonice.com\/fr-be\/mickeys-search-party\/cast\/\" target=\"\">\n\t\t\t\t\tD\u00e9couvrez le casting\t\t\t\t<\/a>\n\t\t\t<\/div>\n\t\t<\/div>\n\t<\/section>\n<\/div>\n\n\n\n\n<div class=\"full\" id=\"block_745c37d03ac57d7032947feaf49263b5\">\n\t<section class=\"felds-block felds-banner-block banner-large pos-right pos-middle\" style=\"background-color:#000326;\">\n\t\t<div class=\"info align-left above-title\" style=\"width: 45%;\">\n\t\t\t\t\t\t<div class=\"info-title translation-block\">SUR LA GLACE DE FOREST NATIONAL<\/div>\n\t\t\t\t\t\t\t\t\t<div class=\"info-subtitle\">\n\t\t\t\tVENEZ VIVRE LA MAGIE\t\t\t<\/div>\n\t\t\t\t\t\t\t\t\t\t\t\t<div class=\"info-buttons\">\n\t\t\t                    <a class=\"btn btn-red\" href=\"https:\/\/www.disneyonice.com\/fr-be\/tickets\/\" target=\"\">\n                Acheter des billets            <\/a>\n              \t\t\t<\/div>\n\t\t\t\t\t<\/div>\n\t\t<div class=\"bg-images\">\n\t\t\t\t\t\t<img decoding=\"async\" class=\"desktop\" src=\"https:\/\/www.disneyonice.com\/wp-content\/uploads\/2023\/07\/ariel-under-the-sea-wide.jpg\" alt=\"<em>Disney On Ice<\/em>\" width=\"1920\" height=\"1080\" fetchpriority=\"high\">\n\t\t\t\t\t\t\t\t\t<img decoding=\"async\" loading=\"lazy\" class=\"mobile\" src=\"https:\/\/www.disneyonice.com\/wp-content\/uploads\/2023\/07\/ariel-under-the-sea-mob.jpg\" alt=\"<em>Disney On Ice<\/em>\" width=\"750\" height=\"1334\">\n\t\t\t\t\t<\/div>\n\t\t\t\t\t<\/section>\n\t<\/div>\n\n\n\n\n\n<\/p>","protected":false},"excerpt":{"rendered":"","protected":false},"author":19,"featured_media":7314,"parent":0,"menu_order":0,"comment_status":"closed","ping_status":"closed","template":"","meta":{"footnotes":""},"acf":[],"yoast_head":"<!-- This site is optimized with the Yoast SEO plugin v21.4 - https:\/\/yoast.com\/wordpress\/plugins\/seo\/ -->\n<title>Mickey&#039;s Magische Avontuur | The Official Site of Disney On Ice<\/title>\n<meta name=\"description\" content=\"Join Mickey and his friends at Disney On Ice presents Mickey\u2019s Search Party, an adventure filled with world-class skating, high-flying acrobatics and unexpected stunts! Explore the colorful spirit realm of Coco, sail away with Moana, see Belle in the sky as the enchanted chandelier comes to life, and sing-along with Elsa. Make memories during Aladdin, Toy Story and The Little Mermaid as the search party becomes an all-out celebration!\" \/>\n<meta name=\"robots\" content=\"index, follow, max-snippet:-1, max-image-preview:large, max-video-preview:-1\" \/>\n<link rel=\"canonical\" href=\"https:\/\/www.disneyonice.com\/fr-be\/les-aventures-de-mickey\/\" \/>\n<meta property=\"og:locale\" content=\"fr_FR\" \/>\n<meta property=\"og:type\" content=\"article\" \/>\n<meta property=\"og:title\" content=\"Mickey&#039;s Magische Avontuur | The Official Site of Disney On Ice\" \/>\n<meta property=\"og:description\" content=\"Join Mickey and his friends at Disney On Ice presents Mickey\u2019s Search Party, an adventure filled with world-class skating, high-flying acrobatics and unexpected stunts! Explore the colorful spirit realm of Coco, sail away with Moana, see Belle in the sky as the enchanted chandelier comes to life, and sing-along with Elsa. Make memories during Aladdin, Toy Story and The Little Mermaid as the search party becomes an all-out celebration!\" \/>\n<meta property=\"og:url\" content=\"https:\/\/www.disneyonice.com\/fr-be\/les-aventures-de-mickey\/\" \/>\n<meta property=\"og:site_name\" content=\"The Official Site of Disney On Ice\" \/>\n<meta property=\"article:modified_time\" content=\"2026-02-23T15:19:03+00:00\" \/>\n<meta property=\"og:image\" content=\"https:\/\/www.disneyonice.com\/wp-content\/uploads\/2024\/01\/D35-Show-Logo-1.jpg\" \/>\n\t<meta property=\"og:image:width\" content=\"1038\" \/>\n\t<meta property=\"og:image:height\" content=\"674\" \/>\n\t<meta property=\"og:image:type\" content=\"image\/jpeg\" \/>\n<meta name=\"twitter:card\" content=\"summary_large_image\" \/>\n<script type=\"application\/ld+json\" class=\"yoast-schema-graph\">{\"@context\":\"https:\/\/schema.org\",\"@graph\":[{\"@type\":\"WebPage\",\"@id\":\"https:\/\/www.disneyonice.com\/mickeys-magische-avontuur\/\",\"url\":\"https:\/\/www.disneyonice.com\/mickeys-magische-avontuur\/\",\"name\":\"Mickey's Magische Avontuur | The Official Site of Disney On Ice\",\"isPartOf\":{\"@id\":\"https:\/\/www.disneyonice.com\/es-cl\/#website\"},\"datePublished\":\"2026-02-13T17:04:04+00:00\",\"dateModified\":\"2026-02-23T15:19:03+00:00\",\"description\":\"Join Mickey and his friends at Disney On Ice presents Mickey\u2019s Search Party, an adventure filled with world-class skating, high-flying acrobatics and unexpected stunts! Explore the colorful spirit realm of Coco, sail away with Moana, see Belle in the sky as the enchanted chandelier comes to life, and sing-along with Elsa. Make memories during Aladdin, Toy Story and The Little Mermaid as the search party becomes an all-out celebration!\",\"breadcrumb\":{\"@id\":\"https:\/\/www.disneyonice.com\/mickeys-magische-avontuur\/#breadcrumb\"},\"inLanguage\":\"fr-BE\",\"potentialAction\":[{\"@type\":\"ReadAction\",\"target\":[\"https:\/\/www.disneyonice.com\/mickeys-magische-avontuur\/\"]}]},{\"@type\":\"BreadcrumbList\",\"@id\":\"https:\/\/www.disneyonice.com\/mickeys-magische-avontuur\/#breadcrumb\",\"itemListElement\":[{\"@type\":\"ListItem\",\"position\":1,\"name\":\"Home\",\"item\":\"https:\/\/www.disneyonice.com\/\"},{\"@type\":\"ListItem\",\"position\":2,\"name\":\"Mickey&#8217;s Magische Avontuur\"}]},{\"@type\":\"WebSite\",\"@id\":\"https:\/\/www.disneyonice.com\/es-cl\/#website\",\"url\":\"https:\/\/www.disneyonice.com\/es-cl\/\",\"name\":\"The Official Site of Disney On Ice\",\"description\":\"A series of touring ice shows produced by Feld Entertainment under agreement with The Walt Disney Company.\",\"publisher\":{\"@id\":\"https:\/\/www.disneyonice.com\/es-cl\/#organization\"},\"potentialAction\":[{\"@type\":\"SearchAction\",\"target\":{\"@type\":\"EntryPoint\",\"urlTemplate\":\"https:\/\/www.disneyonice.com\/es-cl\/?s={search_term_string}\"},\"query-input\":\"required name=search_term_string\"}],\"inLanguage\":\"fr-BE\"},{\"@type\":\"Organization\",\"@id\":\"https:\/\/www.disneyonice.com\/es-cl\/#organization\",\"name\":\"Disney On Ice\",\"url\":\"https:\/\/www.disneyonice.com\/es-cl\/\",\"logo\":{\"@type\":\"ImageObject\",\"inLanguage\":\"fr-BE\",\"@id\":\"https:\/\/www.disneyonice.com\/es-cl\/#\/schema\/logo\/image\/\",\"url\":\"https:\/\/www.disneyonice.com\/wp-content\/uploads\/2023\/08\/Disney-Check.png\",\"contentUrl\":\"https:\/\/www.disneyonice.com\/wp-content\/uploads\/2023\/08\/Disney-Check.png\",\"width\":100,\"height\":104,\"caption\":\"Disney On Ice\"},\"image\":{\"@id\":\"https:\/\/www.disneyonice.com\/es-cl\/#\/schema\/logo\/image\/\"}}]}<\/script>\n<!-- \/ Yoast SEO plugin. -->","yoast_head_json":{"title":"Mickey's Magische Avontuur | The Official Site of Disney On Ice","description":"Join Mickey and his friends at Disney On Ice presents Mickey\u2019s Search Party, an adventure filled with world-class skating, high-flying acrobatics and unexpected stunts! Explore the colorful spirit realm of Coco, sail away with Moana, see Belle in the sky as the enchanted chandelier comes to life, and sing-along with Elsa. Make memories during Aladdin, Toy Story and The Little Mermaid as the search party becomes an all-out celebration!","robots":{"index":"index","follow":"follow","max-snippet":"max-snippet:-1","max-image-preview":"max-image-preview:large","max-video-preview":"max-video-preview:-1"},"canonical":"https:\/\/www.disneyonice.com\/fr-be\/les-aventures-de-mickey\/","og_locale":"fr_FR","og_type":"article","og_title":"Mickey's Magische Avontuur | The Official Site of Disney On Ice","og_description":"Join Mickey and his friends at Disney On Ice presents Mickey\u2019s Search Party, an adventure filled with world-class skating, high-flying acrobatics and unexpected stunts! Explore the colorful spirit realm of Coco, sail away with Moana, see Belle in the sky as the enchanted chandelier comes to life, and sing-along with Elsa. Make memories during Aladdin, Toy Story and The Little Mermaid as the search party becomes an all-out celebration!","og_url":"https:\/\/www.disneyonice.com\/fr-be\/les-aventures-de-mickey\/","og_site_name":"The Official Site of Disney On Ice","article_modified_time":"2026-02-23T15:19:03+00:00","og_image":[{"width":1038,"height":674,"url":"https:\/\/www.disneyonice.com\/wp-content\/uploads\/2024\/01\/D35-Show-Logo-1.jpg","type":"image\/jpeg"}],"twitter_card":"summary_large_image","schema":{"@context":"https:\/\/schema.org","@graph":[{"@type":"WebPage","@id":"https:\/\/www.disneyonice.com\/mickeys-magische-avontuur\/","url":"https:\/\/www.disneyonice.com\/mickeys-magische-avontuur\/","name":"Mickey's Magische Avontuur | The Official Site of Disney On Ice","isPartOf":{"@id":"https:\/\/www.disneyonice.com\/es-cl\/#website"},"datePublished":"2026-02-13T17:04:04+00:00","dateModified":"2026-02-23T15:19:03+00:00","description":"Join Mickey and his friends at Disney On Ice presents Mickey\u2019s Search Party, an adventure filled with world-class skating, high-flying acrobatics and unexpected stunts! Explore the colorful spirit realm of Coco, sail away with Moana, see Belle in the sky as the enchanted chandelier comes to life, and sing-along with Elsa. Make memories during Aladdin, Toy Story and The Little Mermaid as the search party becomes an all-out celebration!","breadcrumb":{"@id":"https:\/\/www.disneyonice.com\/mickeys-magische-avontuur\/#breadcrumb"},"inLanguage":"fr-BE","potentialAction":[{"@type":"ReadAction","target":["https:\/\/www.disneyonice.com\/mickeys-magische-avontuur\/"]}]},{"@type":"BreadcrumbList","@id":"https:\/\/www.disneyonice.com\/mickeys-magische-avontuur\/#breadcrumb","itemListElement":[{"@type":"ListItem","position":1,"name":"Home","item":"https:\/\/www.disneyonice.com\/"},{"@type":"ListItem","position":2,"name":"Mickey&#8217;s Magische Avontuur"}]},{"@type":"WebSite","@id":"https:\/\/www.disneyonice.com\/es-cl\/#website","url":"https:\/\/www.disneyonice.com\/es-cl\/","name":"The Official Site of Disney On Ice","description":"A series of touring ice shows produced by Feld Entertainment under agreement with The Walt Disney Company.","publisher":{"@id":"https:\/\/www.disneyonice.com\/es-cl\/#organization"},"potentialAction":[{"@type":"SearchAction","target":{"@type":"EntryPoint","urlTemplate":"https:\/\/www.disneyonice.com\/es-cl\/?s={search_term_string}"},"query-input":"required name=search_term_string"}],"inLanguage":"fr-BE"},{"@type":"Organization","@id":"https:\/\/www.disneyonice.com\/es-cl\/#organization","name":"Disney On Ice","url":"https:\/\/www.disneyonice.com\/es-cl\/","logo":{"@type":"ImageObject","inLanguage":"fr-BE","@id":"https:\/\/www.disneyonice.com\/es-cl\/#\/schema\/logo\/image\/","url":"https:\/\/www.disneyonice.com\/wp-content\/uploads\/2023\/08\/Disney-Check.png","contentUrl":"https:\/\/www.disneyonice.com\/wp-content\/uploads\/2023\/08\/Disney-Check.png","width":100,"height":104,"caption":"Disney On Ice"},"image":{"@id":"https:\/\/www.disneyonice.com\/es-cl\/#\/schema\/logo\/image\/"}}]}},"_links":{"self":[{"href":"https:\/\/www.disneyonice.com\/fr-be\/wp-json\/wp\/v2\/pages\/19511"}],"collection":[{"href":"https:\/\/www.disneyonice.com\/fr-be\/wp-json\/wp\/v2\/pages"}],"about":[{"href":"https:\/\/www.disneyonice.com\/fr-be\/wp-json\/wp\/v2\/types\/page"}],"author":[{"embeddable":true,"href":"https:\/\/www.disneyonice.com\/fr-be\/wp-json\/wp\/v2\/users\/19"}],"replies":[{"embeddable":true,"href":"https:\/\/www.disneyonice.com\/fr-be\/wp-json\/wp\/v2\/comments?post=19511"}],"version-history":[{"count":5,"href":"https:\/\/www.disneyonice.com\/fr-be\/wp-json\/wp\/v2\/pages\/19511\/revisions"}],"predecessor-version":[{"id":19635,"href":"https:\/\/www.disneyonice.com\/fr-be\/wp-json\/wp\/v2\/pages\/19511\/revisions\/19635"}],"wp:featuredmedia":[{"embeddable":true,"href":"https:\/\/www.disneyonice.com\/fr-be\/wp-json\/wp\/v2\/media\/7314"}],"wp:attachment":[{"href":"https:\/\/www.disneyonice.com\/fr-be\/wp-json\/wp\/v2\/media?parent=19511"}],"curies":[{"name":"wp","href":"https:\/\/api.w.org\/{rel}","templated":true}]}}