{"id":23,"date":"2023-07-03T08:27:16","date_gmt":"2023-07-03T08:27:16","guid":{"rendered":"http:\/\/projects.45press.com\/disneyonice\/?page_id=23"},"modified":"2026-03-19T10:07:19","modified_gmt":"2026-03-19T14:07:19","slug":"faq","status":"publish","type":"page","link":"https:\/\/www.disneyonice.com\/fi-fi\/faq\/","title":{"rendered":"UKK"},"content":{"rendered":"<div class=\"full\" id=\"block_d5bd55333433f5a5aab431b5514701d6\">\n\t<section class=\"felds-block felds-banner-block page-header banner-small pos-center pos-bottom\" style=\"background-color:#000000;\">\n\t\t<div class=\"info align-center below-title\" style=\"width: 80%;\">\n\t\t\t\t\t\t<div class=\"info-title\">\n\t\t\t\tUSEIN KYSYTYT KYSYMYKSET\t\t\t<\/div>\n\t\t\t\t\t\t\t\t\t\t\t\t\t\t<\/div>\n\t\t<div class=\"bg-images\">\n\t\t\t\t\t\t<img decoding=\"async\" class=\"desktop\" src=\"https:\/\/www.disneyonice.com\/wp-content\/uploads\/2023\/09\/doi-faq-header_0.png\" alt=\"<em>Disney On Ice<\/em>\" width=\"1920\" height=\"1080\" fetchpriority=\"high\">\n\t\t\t\t\t\t\t\t\t<img decoding=\"async\" loading=\"lazy\" class=\"mobile\" src=\"https:\/\/www.disneyonice.com\/wp-content\/uploads\/2023\/09\/DOI-interiorpage_hero_mobile-faq.jpg\" alt=\"<em>Disney On Ice<\/em>\" width=\"750\" height=\"1334\">\n\t\t\t\t\t<\/div>\n\t\t\t\t\t<\/section>\n\t<\/div>\n\n\n\n\n\n\n<div class=\"full\">\n\t<section id=\"\" class=\"felds-block felds-faq-anchors-block\">\n\t\t<div class=\"block-content\">\n\t\t\t<ul>\n\t\t\t\t\t\t\t<li>\n\t\t\t\t\t<a href=\"#faq-the-shows\">TIETOA SHOW\u2019STA<\/a>\n\t\t\t\t<\/li>\n\t\t\t\t\t\t\t<li>\n\t\t\t\t\t<a href=\"#faq-disney-on-ice\">About <em>Disney On Ice<\/em><\/a>\n\t\t\t\t<\/li>\n\t\t\t\t\t\t\t<li>\n\t\t\t\t\t<a href=\"#faq-merchandise\">TIETOA FANITUOTTEISTA<\/a>\n\t\t\t\t<\/li>\n\t\t\t\t\t\t\t<li>\n\t\t\t\t\t<a href=\"#faq-tickets\">TIETOA LIPUISTA<\/a>\n\t\t\t\t<\/li>\n\t\t\t\t\t\t\t<li>\n\t\t\t\t\t<a href=\"#faq-feld-entertainment\">TIETOA FELD-YHTI\u00d6ST\u00c4<\/a>\n\t\t\t\t<\/li>\n\t\t\t\t\t\t<\/ul>\n\t\t<\/div>\n\t<\/section>\n<\/div>\n\n\n\n\n\n\n\n\n\n\n\n\n\n\n\n\n\n\n\n\n\n\n\n\n\n\n\n\n\n\n\n\n\n\n\n\n\n\n\n\n\n\n\n\n\n\n\n\n\n\n\n\n\n\n\n\n\n\n\n\n<div class=\"full\">\n\t<section id=\"faq-the-shows\" class=\"felds-block felds-faq-block\">\n\t\t<div class=\"block-title\">TIETOA SHOW\u2019STA<\/div>\n\t\t<div class=\"block-content\">\n\t\t\t\t\t\t<div class=\"item\">\n\t\t\t\t<div class=\"item-title\">Esityksen kesto \/ v\u00e4liaika.<\/div>\n\t\t\t\t<div class=\"item-content\"><p>Esitys alkaa aina ajallaan ja on kestoltaan n. 90\u2013120 minuuttia. T\u00e4m\u00e4 pit\u00e4\u00e4 sis\u00e4ll\u00e4\u00e4n 15\u201320 minuutin v\u00e4liajan.<\/p>\n<\/div>\n\t\t\t<\/div>\n\t\t\t\t\t\t<div class=\"item\">\n\t\t\t\t<div class=\"item-title\">Miten <em>Disney on Ice<\/em> show\u2019hun kannattaa pukeutua?<\/div>\n\t\t\t\t<div class=\"item-content\"><p><p>Suosittelemme pukeutumaan mukavasti. Turvallisen liikkumisen varmistamiseksi tapahtumapaikalla suosittelemme k\u00e4ytt\u00e4m\u00e4\u00e4n k\u00e4yt\u00e4nn\u00f6llisi\u00e4 kenki\u00e4, joissa on helppo liikkua. Asianmukaista vaatetusta, kuten kenki\u00e4 ja paitoja, on pidett\u00e4v\u00e4 p\u00e4\u00e4ll\u00e4 koko ajan. Tapahtumamme ovat rentoja, koko perheelle suunnattuja kokemuksia. Vaatteet, jotka paljastavat liiallisia osia kehosta ja joita voidaan pit\u00e4\u00e4 perheymp\u00e4rist\u00f6\u00f6n sopimattomina, eiv\u00e4t ole sallittuja. Pyyd\u00e4mme k\u00e4ytt\u00e4m\u00e4\u00e4n harkintaa ja maalaisj\u00e4rke\u00e4.<\/p>\n\n\n<p><strong>Sopimaton pukeutuminen<\/strong><\/p>\n\n<p>Feld Entertainment ja sen yhteisty\u00f6kumppanit varaavat oikeuden ev\u00e4t\u00e4 p\u00e4\u00e4syn henkil\u00f6ilt\u00e4 tai poistaa tapahtumasta sellaiset henkil\u00f6t, jotka k\u00e4ytt\u00e4v\u00e4t sopimattomina pidettyj\u00e4 vaatteita tai sellaisia vaatteita, jotka voivat heikent\u00e4\u00e4 muiden vieraiden tapahtumakokemusta. Vaatteet, jotka eiv\u00e4t ole asianmukaisia ja jotka voivat johtaa p\u00e4\u00e4syn ep\u00e4\u00e4miseen, sis\u00e4lt\u00e4v\u00e4t, mutta eiv\u00e4t rajoitu:<\/p>\n<ul>\n\t<li>\n\t<p>Naamiaispuvut ja naamarit, joita 14-vuotiaat tai sit\u00e4 vanhemmat eiv\u00e4t saa k\u00e4ytt\u00e4\u00e4<\/p>\n\t<\/li>\n\t<li>\n\t<p>Vaatteet, joissa on sopimatonta materiaalia, mukaan lukien s\u00e4\u00e4dyt\u00f6n kielenk\u00e4ytt\u00f6 tai grafiikka.<\/p>\n\t<\/li>\n\t<li>\n\t<p>Liian repeytyneet vaatteet.<\/p>\n\t<\/li>\n\t<li>\n\t<p>Kuten yll\u00e4 on mainittu, sellaiset vaatteet, jotka paljastavat ihon liiallisia osia ja joita voidaan siksi pit\u00e4\u00e4 perheymp\u00e4rist\u00f6\u00f6n sopimattomina.<\/p>\n\t<\/li>\n\t<li>\n\t<p>Vaatteet, jotka koskettavat tai raahaavat maata.<\/p>\n\t<\/li>\n\t<li>\n\t<p>S\u00e4\u00e4dytt\u00f6m\u00e4t tai h\u00e4vytt\u00f6m\u00e4t tatuoinnit.<\/p>\n\t<\/li>\n<\/ul>\n\n<p>Kostymer \u00e4r inte till\u00e5tna f\u00f6r g\u00e4ster som \u00e4r 14 \u00e5r och \u00e4ldre.<\/p>\n\n\n<p><strong>14-vuotiaille tai sit\u00e4 nuoremmille vieraille:<\/strong><\/p>\n\n<p>Pukuja saa k\u00e4ytt\u00e4\u00e4 n\u00e4iden ohjeiden mukaisesti. Vierailta, jotka eiv\u00e4t noudata n\u00e4it\u00e4 ohjeita, voidaan ev\u00e4t\u00e4 p\u00e4\u00e4sy Disney On Iceen ja\/tai heid\u00e4t voidaan poistaa sielt\u00e4, ellei pukua voida muokata vastaamaan yll\u00e4 olevia standardeja:<\/p>\n\n\n<ul>\n\t<li>\n\t<p>Kaikki vieraat voivat pukeutua suosikkihahmoikseen, mutta eiv\u00e4t saa poseerata kuvissa tai jakaa nimikirjoituksia muille vieraille.<\/p>\n\t<\/li>\n\t<li>\n\t<p>Pukujen tulee olla perheyst\u00e4v\u00e4llisi\u00e4, eiv\u00e4tk\u00e4 ne saa olla h\u00e4iritsevi\u00e4, loukkaavia, vastenmielisi\u00e4 tai v\u00e4kivaltaisia.<\/p>\n\t<\/li>\n\t<li>\n\t<p>Puvut eiv\u00e4t saa sis\u00e4lt\u00e4\u00e4 mit\u00e4\u00e4n rekvisiittaa tai tarvikkeita, jotka muistuttavat todellista asetta tai joita voitaisiin erehty\u00e4 pit\u00e4m\u00e4\u00e4n sellaisena.<\/p>\n\t<\/li>\n\t<li>\n\t<p>Puvut eiv\u00e4t saa sis\u00e4lt\u00e4\u00e4 ter\u00e4vi\u00e4 osia tai materiaaleja, jotka voivat vahingossa osua tai vahingoittaa toista vierasta.<\/p>\n\t<\/li>\n\t<li>\n\t<p>Kerrospuvut tai koko kehoa ymp\u00e4r\u00f6iv\u00e4t asusteet eiv\u00e4t ole suositeltavia ja niille voidaan tehd\u00e4 ylim\u00e4\u00e4r\u00e4inen turvatarkastus.<\/p>\n\t<\/li>\n\t<li>\n\t<p>Puvuissa ei saa olla laahusta eiv\u00e4tk\u00e4 ne saa raahata maata.<\/p>\n\t<\/li>\n\t<li>\n\t<p>Viittoja voidaan k\u00e4ytt\u00e4\u00e4, jos niiden pituus ei ole vy\u00f6t\u00e4r\u00f6n alapuolella.<\/p>\n\t<\/li>\n\t<li>\n\t<p>Teemalliset t-paidat, puserot, collegepaidat ja hatut hyv\u00e4ksyt\u00e4\u00e4n.<\/p>\n\t<\/li>\n<\/ul><\/p>\n<\/div>\n\t\t\t<\/div>\n\t\t\t\t\t\t<div class=\"item\">\n\t\t\t\t<div class=\"item-title\">Sallitaanko valokuvaus\/kamerat areenalla?<\/div>\n\t\t\t\t<div class=\"item-content\"><p>Kuvaaminen amat\u00f6\u00f6rikameroilla on sallittua. Kamerajalustoja tai videokameroita ei saa k\u00e4ytt\u00e4\u00e4. Kuvia voi k\u00e4ytt\u00e4\u00e4 vain henkil\u00f6kohtaiseen, ei-kaupalliseen tarkoitukseen. Kuvaus ei saa est\u00e4\u00e4 yleis\u00f6n n\u00e4kym\u00e4\u00e4 tai haitata muuten tapahtumakokemusta.<\/p>\n<\/div>\n\t\t\t<\/div>\n\t\t\t\t\t\t<div class=\"item\">\n\t\t\t\t<div class=\"item-title\">K\u00e4ytet\u00e4\u00e4nk\u00f6 <em>Disney On Ice<\/em> -esityksen aikana erikoistehosteita?<\/div>\n\t\t\t\t<div class=\"item-content\"><p>Osana taianomaista kokemusta, useissa\u00a0<em><em>Disney On Ice<\/em>\u00a0<\/em>-esityksiss\u00e4 k\u00e4ytet\u00e4\u00e4n erikoistehosteita, kuten turvallista teatterisumua, vilkkuvia strobovaloja ja h\u00e4ik\u00e4isevi\u00e4 tehosteita. Suosittelemme ottamaan yhteytt\u00e4 osoitteeseen\u00a0<strong><a href=\"mailto:customerserviceeurop@feldinc.com\">customerserviceeurop@feldinc.com<\/a><\/strong>\u00a0saadaksesi lis\u00e4tietoja siit\u00e4 esityksest\u00e4, johon olet osallistumassa.<\/p>\n<\/div>\n\t\t\t<\/div>\n\t\t\t\t\t<\/div>\n\t<\/section>\n<\/div>\n\n\n\n\n\n\n\n\n\n\n\n\n\n\n\n\n\n\n\n\n\n\n\n\n\n\n\n\n\n\n\n\n\n\n\n\n\n\n\n\n\n\n\n\n\n\n\n\n\n\n\n\n\n\n\n\n\n\n\n\n\n\n\n\n\n\n\n\n\n\n\n\n\n\n\n\n\n\n\n\n\n\n\n\n\n\n\n\n\n\n<div class=\"full\">\n\t<section id=\"faq-disney-on-ice\" class=\"felds-block felds-faq-block\">\n\t\t<div class=\"block-title\">TIETOA <em>DISNEY ON ICE<\/em> -ESITYKSIST\u00c4<\/div>\n\t\t<div class=\"block-content\">\n\t\t\t\t\t\t<div class=\"item\">\n\t\t\t\t<div class=\"item-title\">Miksei kotikaupunkiani ole esitysaikataulussa?<\/div>\n\t\t\t\t<div class=\"item-content\"><p>Teemme parhaamme voidaksemme esiinty\u00e4 niin monessa kaupungissa kuin mahdollista. Valitettavasti emme voi esiinty\u00e4 kaikissa kaupungeissa rajoitetun aikataulun ja esiintymispaikkojen varaustilanteen takia. N\u00e4ilt\u00e4 sivuilta l\u00f6yd\u00e4t ajantasaisimmat tiedot kiertueestamme. T\u00e4m\u00e4 sivu n\u00e4ytt\u00e4\u00e4 vain vahvistuneet tapahtumat \u2013 lis\u00e4\u00e4mme jatkuvasti lis\u00e4\u00e4 tapahtumia kiertueeseemme.<\/p>\n<\/div>\n\t\t\t<\/div>\n\t\t\t\t\t\t<div class=\"item\">\n\t\t\t\t<div class=\"item-title\">Koska <em>Disney On Ice<\/em> saapuu kaupunkiini?<\/div>\n\t\t\t\t<div class=\"item-content\"><p>Lis\u00e4\u00e4mme kiertueeseemme jatkuvasti uusia kaupunkeja, joten seuraa n\u00e4it\u00e4 sivuja!<\/p>\n<\/div>\n\t\t\t<\/div>\n\t\t\t\t\t\t<div class=\"item\">\n\t\t\t\t<div class=\"item-title\">Kehen voin olla yhteydess\u00e4, mik\u00e4li minulla on kysytt\u00e4v\u00e4\u00e4 tai haluan antaa palautetta?<\/div>\n\t\t\t\t<div class=\"item-content\"><p>Voit l\u00e4hett\u00e4\u00e4 s\u00e4hk\u00f6postia osoitteeseen <a href=\"mailto:customerserviceeurope@feldinc.com\">customerserviceeurope@feldinc.com<\/a> tai <a href=\"https:\/\/help.livenation.fi\/hc\/fi\/articles\/13044270224657-Miten-voin-ottaa-yhteytt%C3%A4-asiakaspalveluun\">https:\/\/help.livenation.fi\/hc\/fi\/articles\/13044270224657-Miten-voin-ottaa-yhteytt%C3%A4-asiakaspalveluun<\/a>.<\/p>\n<\/div>\n\t\t\t<\/div>\n\t\t\t\t\t<\/div>\n\t<\/section>\n<\/div>\n\n\n\n\n\n\n\n\n\n\n\n\n\n\n\n\n\n\n\n\n\n\n\n\n\n\n\n\n\n\n\n\n\n\n<div class=\"full\">\n\t<section id=\"faq-merchandise\" class=\"felds-block felds-faq-block\">\n\t\t<div class=\"block-title\">TIETOA FANITUOTTEISTA<\/div>\n\t\t<div class=\"block-content\">\n\t\t\t\t\t\t<div class=\"item\">\n\t\t\t\t<div class=\"item-title\">Kehen voin olla yhteydess\u00e4, mik\u00e4li minulla on kysytt\u00e4v\u00e4\u00e4 <em>Disney On Ice<\/em> &#8211; fanituotteista?<\/div>\n\t\t\t\t<div class=\"item-content\"><p>Voit l\u00e4hett\u00e4\u00e4 s\u00e4hk\u00f6postia osoitteeseen\u00a0<a href=\"mailto:customerserviceeurope@feldinc.com\">customerserviceeurope@feldinc.com<\/a>.<\/p>\n<\/div>\n\t\t\t<\/div>\n\t\t\t\t\t\t<div class=\"item\">\n\t\t\t\t<div class=\"item-title\">Voinko ostaa fanituotteita muualta kuin esityksiss\u00e4?<\/div>\n\t\t\t\t<div class=\"item-content\"><p>Valitettavasti tavarat ovat myynniss\u00e4 vain tapahtumapaikoilla.<\/p>\n<\/div>\n\t\t\t<\/div>\n\t\t\t\t\t\t<div class=\"item\">\n\t\t\t\t<div class=\"item-title\">Mit\u00e4 maksutapoja voin k\u00e4ytt\u00e4\u00e4 esityksen tuotemyyntipisteiss\u00e4?<\/div>\n\t\t\t\t<div class=\"item-content\"><p>Tuotemyyntipisteiss\u00e4 maksutapana k\u00e4y ainoastaan kortti.<\/p>\n<\/div>\n\t\t\t<\/div>\n\t\t\t\t\t<\/div>\n\t<\/section>\n<\/div>\n\n\n\n\n\n\n\n\n\n\n\n\n\n\n\n\n\n\n\n\n\n\n\n\n\n\n\n\n\n\n\n\n\n\n\n\n\n\n\n\n\n\n\n\n\n\n\n\n\n\n\n\n\n\n\n\n\n\n\n\n\n\n<div class=\"full\">\n\t<section id=\"faq-tickets\" class=\"felds-block felds-faq-block\">\n\t\t<div class=\"block-title\">TIETOA LIPUISTA<\/div>\n\t\t<div class=\"block-content\">\n\t\t\t\t\t\t<div class=\"item\">\n\t\t\t\t<div class=\"item-title\">Miten voin ostaa lippuja?<\/div>\n\t\t\t\t<div class=\"item-content\"><p>L\u00f6yd\u00e4t lis\u00e4\u00e4 tietoa lipuista t\u00e4m\u00e4n sivun yl\u00e4laidasta. Voit my\u00f6s olla yhteydess\u00e4 paikalliseen lipunmyyj\u00e4\u00e4n tai tapahtumapaikkaan saadaksesi lis\u00e4tietoja. Esitysp\u00e4iv\u00e4n\u00e4 lippuja on myynniss\u00e4 tapahtumapaikan lippukassalla.<\/p>\n<\/div>\n\t\t\t<\/div>\n\t\t\t\t\t\t<div class=\"item\">\n\t\t\t\t<div class=\"item-title\">Tarvitseeko vauvaik\u00e4inen lapseni oman lipun, jos h\u00e4n istuu koko esityksen ajan syliss\u00e4ni?<\/div>\n\t\t\t\t<div class=\"item-content\"><p>Alle kaksivuotias syliss\u00e4 istuva lapsi ei tarvitse omaa lippua.<\/p>\n<\/div>\n\t\t\t<\/div>\n\t\t\t\t\t\t<div class=\"item\">\n\t\t\t\t<div class=\"item-title\">Onko hahmoja mahdollista tavata?<\/div>\n\t\t\t\t<div class=\"item-content\"><p><em><em>Disney On Ice<\/em><\/em>\u00a0ei t\u00e4ll\u00e4 hetkell\u00e4 tarjoa Meet &amp; Greetej\u00e4.<\/p>\n<\/div>\n\t\t\t<\/div>\n\t\t\t\t\t<\/div>\n\t<\/section>\n<\/div>\n\n\n\n\n\n\n\n\n\n\n\n\n\n\n\n\n\n\n\n\n\n\n\n\n\n\n\n\n\n\n\n\n\n\n\n\n\n\n\n\n\n\n\n\n\n\n\n\n\n\n\n\n\n\n<div class=\"full\">\n\t<section id=\"faq-feld-entertainment\" class=\"felds-block felds-faq-block\">\n\t\t<div class=\"block-title\">TIETOA FELD-YHTI\u00d6ST\u00c4<\/div>\n\t\t<div class=\"block-content\">\n\t\t\t\t\t\t<div class=\"item\">\n\t\t\t\t<div class=\"item-title\">Mik\u00e4 on Feld Entertainment?<\/div>\n\t\t\t\t<div class=\"item-content\"><p>Feld Entertainment\u00ae on maailmanlaajuinen johtaja perheviihteen live-el\u00e4mysten tuottamisessa, jotka nostattavat hyv\u00e4\u00e4 mielt\u00e4 ja tuovat ihmisi\u00e4 yhteen.Tuotteisiin kuuluvat <em>Ringling Bros. and Barnum &amp; Bailey\u00ae, <\/em>Monster Jam<em>\u00ae<\/em>, <em><em>Disney On Ice<\/em>, <\/em>\u00a0Monster Energy AMA Supercross, ja SuperMotocross World Championship.\u00a0Feld Entertainment on viihdytt\u00e4nyt ihmisi\u00e4 ymp\u00e4ri maailman 80 eri maassa ja kuudessa maanosassa. Lis\u00e4\u00e4 infoa: <a href=\"https:\/\/www.feldentertainment.com\">www.feldentertainment.com<\/a><\/p>\n<\/div>\n\t\t\t<\/div>\n\t\t\t\t\t\t<div class=\"item\">\n\t\t\t\t<div class=\"item-title\">Miten p\u00e4\u00e4sen esiintym\u00e4\u00e4n Disney On Iceen?<\/div>\n\t\t\t\t<div class=\"item-content\"><p>Saat lis\u00e4tietoja seuraavasta osoitteesta: <a href=\"https:\/\/www.feldentertainment.com\/performer-auditions\/disney-on-ice\/\">https:\/\/www.feldentertainment.com\/performer-auditions\/disney-on-ice\/<\/a><\/p>\n<\/div>\n\t\t\t<\/div>\n\t\t\t\t\t<\/div>\n\t<\/section>\n<\/div>","protected":false},"excerpt":{"rendered":"","protected":false},"author":1,"featured_media":16425,"parent":0,"menu_order":0,"comment_status":"closed","ping_status":"closed","template":"","meta":{"footnotes":""},"acf":[],"yoast_head":"<!-- This site is optimized with the Yoast SEO plugin v21.4 - https:\/\/yoast.com\/wordpress\/plugins\/seo\/ -->\n<title>FAQ | The Official Site of Disney On Ice<\/title>\n<meta name=\"description\" content=\"All of your Disney On Ice questions answered here!\" \/>\n<meta name=\"robots\" content=\"index, follow, max-snippet:-1, max-image-preview:large, max-video-preview:-1\" \/>\n<link rel=\"canonical\" href=\"https:\/\/www.disneyonice.com\/fi-fi\/faq\/\" \/>\n<meta property=\"og:locale\" content=\"fi_FI\" \/>\n<meta property=\"og:type\" content=\"article\" \/>\n<meta property=\"og:title\" content=\"FAQ | The Official Site of Disney On Ice\" \/>\n<meta property=\"og:description\" content=\"All of your Disney On Ice questions answered here!\" \/>\n<meta property=\"og:url\" content=\"https:\/\/www.disneyonice.com\/fi-fi\/faq\/\" \/>\n<meta property=\"og:site_name\" content=\"The Official Site of Disney On Ice\" \/>\n<meta property=\"article:modified_time\" content=\"2026-03-19T14:07:19+00:00\" \/>\n<meta property=\"og:image\" content=\"https:\/\/www.disneyonice.com\/wp-content\/uploads\/2025\/06\/D38_20240831_Orlando_GEO_10503-Edit.png\" \/>\n\t<meta property=\"og:image:width\" content=\"560\" \/>\n\t<meta property=\"og:image:height\" content=\"400\" \/>\n\t<meta property=\"og:image:type\" content=\"image\/png\" \/>\n<meta name=\"twitter:card\" content=\"summary_large_image\" \/>\n<script type=\"application\/ld+json\" class=\"yoast-schema-graph\">{\"@context\":\"https:\/\/schema.org\",\"@graph\":[{\"@type\":\"WebPage\",\"@id\":\"https:\/\/www.disneyonice.com\/faq\/\",\"url\":\"https:\/\/www.disneyonice.com\/faq\/\",\"name\":\"FAQ | The Official Site of Disney On Ice\",\"isPartOf\":{\"@id\":\"https:\/\/www.disneyonice.com\/es-cl\/#website\"},\"datePublished\":\"2023-07-03T08:27:16+00:00\",\"dateModified\":\"2026-03-19T14:07:19+00:00\",\"description\":\"All of your Disney On Ice questions answered here!\",\"breadcrumb\":{\"@id\":\"https:\/\/www.disneyonice.com\/faq\/#breadcrumb\"},\"inLanguage\":\"fi-FI\",\"potentialAction\":[{\"@type\":\"ReadAction\",\"target\":[\"https:\/\/www.disneyonice.com\/faq\/\"]}]},{\"@type\":\"BreadcrumbList\",\"@id\":\"https:\/\/www.disneyonice.com\/faq\/#breadcrumb\",\"itemListElement\":[{\"@type\":\"ListItem\",\"position\":1,\"name\":\"Home\",\"item\":\"https:\/\/www.disneyonice.com\/\"},{\"@type\":\"ListItem\",\"position\":2,\"name\":\"FAQ\"}]},{\"@type\":\"WebSite\",\"@id\":\"https:\/\/www.disneyonice.com\/es-cl\/#website\",\"url\":\"https:\/\/www.disneyonice.com\/es-cl\/\",\"name\":\"The Official Site of Disney On Ice\",\"description\":\"A series of touring ice shows produced by Feld Entertainment under agreement with The Walt Disney Company.\",\"publisher\":{\"@id\":\"https:\/\/www.disneyonice.com\/es-cl\/#organization\"},\"potentialAction\":[{\"@type\":\"SearchAction\",\"target\":{\"@type\":\"EntryPoint\",\"urlTemplate\":\"https:\/\/www.disneyonice.com\/es-cl\/?s={search_term_string}\"},\"query-input\":\"required name=search_term_string\"}],\"inLanguage\":\"fi-FI\"},{\"@type\":\"Organization\",\"@id\":\"https:\/\/www.disneyonice.com\/es-cl\/#organization\",\"name\":\"Disney On Ice\",\"url\":\"https:\/\/www.disneyonice.com\/es-cl\/\",\"logo\":{\"@type\":\"ImageObject\",\"inLanguage\":\"fi-FI\",\"@id\":\"https:\/\/www.disneyonice.com\/es-cl\/#\/schema\/logo\/image\/\",\"url\":\"https:\/\/www.disneyonice.com\/wp-content\/uploads\/2023\/08\/Disney-Check.png\",\"contentUrl\":\"https:\/\/www.disneyonice.com\/wp-content\/uploads\/2023\/08\/Disney-Check.png\",\"width\":100,\"height\":104,\"caption\":\"Disney On Ice\"},\"image\":{\"@id\":\"https:\/\/www.disneyonice.com\/es-cl\/#\/schema\/logo\/image\/\"}}]}<\/script>\n<!-- \/ Yoast SEO plugin. -->","yoast_head_json":{"title":"FAQ | The Official Site of Disney On Ice","description":"All of your Disney On Ice questions answered here!","robots":{"index":"index","follow":"follow","max-snippet":"max-snippet:-1","max-image-preview":"max-image-preview:large","max-video-preview":"max-video-preview:-1"},"canonical":"https:\/\/www.disneyonice.com\/fi-fi\/faq\/","og_locale":"fi_FI","og_type":"article","og_title":"FAQ | The Official Site of Disney On Ice","og_description":"All of your Disney On Ice questions answered here!","og_url":"https:\/\/www.disneyonice.com\/fi-fi\/faq\/","og_site_name":"The Official Site of Disney On Ice","article_modified_time":"2026-03-19T14:07:19+00:00","og_image":[{"width":560,"height":400,"url":"https:\/\/www.disneyonice.com\/wp-content\/uploads\/2025\/06\/D38_20240831_Orlando_GEO_10503-Edit.png","type":"image\/png"}],"twitter_card":"summary_large_image","schema":{"@context":"https:\/\/schema.org","@graph":[{"@type":"WebPage","@id":"https:\/\/www.disneyonice.com\/faq\/","url":"https:\/\/www.disneyonice.com\/faq\/","name":"FAQ | The Official Site of Disney On Ice","isPartOf":{"@id":"https:\/\/www.disneyonice.com\/es-cl\/#website"},"datePublished":"2023-07-03T08:27:16+00:00","dateModified":"2026-03-19T14:07:19+00:00","description":"All of your Disney On Ice questions answered here!","breadcrumb":{"@id":"https:\/\/www.disneyonice.com\/faq\/#breadcrumb"},"inLanguage":"fi-FI","potentialAction":[{"@type":"ReadAction","target":["https:\/\/www.disneyonice.com\/faq\/"]}]},{"@type":"BreadcrumbList","@id":"https:\/\/www.disneyonice.com\/faq\/#breadcrumb","itemListElement":[{"@type":"ListItem","position":1,"name":"Home","item":"https:\/\/www.disneyonice.com\/"},{"@type":"ListItem","position":2,"name":"FAQ"}]},{"@type":"WebSite","@id":"https:\/\/www.disneyonice.com\/es-cl\/#website","url":"https:\/\/www.disneyonice.com\/es-cl\/","name":"The Official Site of Disney On Ice","description":"A series of touring ice shows produced by Feld Entertainment under agreement with The Walt Disney Company.","publisher":{"@id":"https:\/\/www.disneyonice.com\/es-cl\/#organization"},"potentialAction":[{"@type":"SearchAction","target":{"@type":"EntryPoint","urlTemplate":"https:\/\/www.disneyonice.com\/es-cl\/?s={search_term_string}"},"query-input":"required name=search_term_string"}],"inLanguage":"fi-FI"},{"@type":"Organization","@id":"https:\/\/www.disneyonice.com\/es-cl\/#organization","name":"Disney On Ice","url":"https:\/\/www.disneyonice.com\/es-cl\/","logo":{"@type":"ImageObject","inLanguage":"fi-FI","@id":"https:\/\/www.disneyonice.com\/es-cl\/#\/schema\/logo\/image\/","url":"https:\/\/www.disneyonice.com\/wp-content\/uploads\/2023\/08\/Disney-Check.png","contentUrl":"https:\/\/www.disneyonice.com\/wp-content\/uploads\/2023\/08\/Disney-Check.png","width":100,"height":104,"caption":"Disney On Ice"},"image":{"@id":"https:\/\/www.disneyonice.com\/es-cl\/#\/schema\/logo\/image\/"}}]}},"_links":{"self":[{"href":"https:\/\/www.disneyonice.com\/fi-fi\/wp-json\/wp\/v2\/pages\/23"}],"collection":[{"href":"https:\/\/www.disneyonice.com\/fi-fi\/wp-json\/wp\/v2\/pages"}],"about":[{"href":"https:\/\/www.disneyonice.com\/fi-fi\/wp-json\/wp\/v2\/types\/page"}],"author":[{"embeddable":true,"href":"https:\/\/www.disneyonice.com\/fi-fi\/wp-json\/wp\/v2\/users\/1"}],"replies":[{"embeddable":true,"href":"https:\/\/www.disneyonice.com\/fi-fi\/wp-json\/wp\/v2\/comments?post=23"}],"version-history":[{"count":5,"href":"https:\/\/www.disneyonice.com\/fi-fi\/wp-json\/wp\/v2\/pages\/23\/revisions"}],"predecessor-version":[{"id":19959,"href":"https:\/\/www.disneyonice.com\/fi-fi\/wp-json\/wp\/v2\/pages\/23\/revisions\/19959"}],"wp:featuredmedia":[{"embeddable":true,"href":"https:\/\/www.disneyonice.com\/fi-fi\/wp-json\/wp\/v2\/media\/16425"}],"wp:attachment":[{"href":"https:\/\/www.disneyonice.com\/fi-fi\/wp-json\/wp\/v2\/media?parent=23"}],"curies":[{"name":"wp","href":"https:\/\/api.w.org\/{rel}","templated":true}]}}