{"id":23,"date":"2023-07-03T08:27:16","date_gmt":"2023-07-03T08:27:16","guid":{"rendered":"http:\/\/projects.45press.com\/disneyonice\/?page_id=23"},"modified":"2026-03-19T10:07:19","modified_gmt":"2026-03-19T14:07:19","slug":"faq","status":"publish","type":"page","link":"https:\/\/www.disneyonice.com\/es-py\/faq\/","title":{"rendered":"PREGUNTAS FRECUENTES"},"content":{"rendered":"<div class=\"full\" id=\"block_9bec2ecee636e7aadc0f4aa0415fc2b9\">\n\t<section class=\"felds-block felds-banner-block page-header banner-small pos-center pos-bottom\" style=\"background-color:#000000;\">\n\t\t<div class=\"info align-center below-title\" style=\"width: 80%;\">\n\t\t\t\t\t\t<div class=\"info-title\">\n\t\t\t\tPREGUNTAS FRECUENTES\t\t\t<\/div>\n\t\t\t\t\t\t\t\t\t\t\t\t\t\t<\/div>\n\t\t<div class=\"bg-images\">\n\t\t\t\t\t\t<img decoding=\"async\" class=\"desktop\" src=\"https:\/\/www.disneyonice.com\/wp-content\/uploads\/2023\/07\/faqs-header-desktop.jpg\" alt=\"<em>Disney On Ice<\/em>\" width=\"1920\" height=\"1080\" fetchpriority=\"high\">\n\t\t\t\t\t\t\t\t\t<img decoding=\"async\" loading=\"lazy\" class=\"mobile\" src=\"https:\/\/www.disneyonice.com\/wp-content\/uploads\/2023\/07\/faqs-header-mobile.jpg\" alt=\"<em>Disney On Ice<\/em>\" width=\"750\" height=\"1334\">\n\t\t\t\t\t<\/div>\n\t\t\t\t\t<\/section>\n\t<\/div>\n\n\n\n\n\n\n\n\n<div class=\"full\">\n\t<section id=\"\" class=\"felds-block felds-faq-anchors-block\">\n\t\t<div class=\"block-content\">\n\t\t\t<ul>\n\t\t\t\t\t\t\t<li>\n\t\t\t\t\t<a href=\"#faq-the-shows\">ACERCA DE LOS ESPECT\u00c1CULOS<\/a>\n\t\t\t\t<\/li>\n\t\t\t\t\t\t\t<li>\n\t\t\t\t\t<a href=\"#faq-disney-on-ice\">About <em>Disney On Ice<\/em><\/a>\n\t\t\t\t<\/li>\n\t\t\t\t\t\t\t<li>\n\t\t\t\t\t<a href=\"#faq-merchandise\">ACERCA DE LA MERCANC\u00cdA<\/a>\n\t\t\t\t<\/li>\n\t\t\t\t\t\t\t<li>\n\t\t\t\t\t<a href=\"#faq-tickets\">ACERCA DE LAS ENTRADAS<\/a>\n\t\t\t\t<\/li>\n\t\t\t\t\t\t\t<li>\n\t\t\t\t\t<a href=\"#faq-feld-entertainment\">ACERCA DE FELD ENTERTAINMENT<\/a>\n\t\t\t\t<\/li>\n\t\t\t\t\t\t<\/ul>\n\t\t<\/div>\n\t<\/section>\n<\/div>\n\n\n\n\n\n\n\n\n\n\n\n\n\n\n\n\n\n\n\n\n\n\n\n\n\n\n\n\n\n\n\n\n\n\n\n\n\n\n\n\n\n\n\n\n\n\n\n\n\n\n\n\n\n\n\n\n\n\n\n\n\n\n\n\n\n\n\n\n\n\n\n\n\n\n\n\n\n\n\n\n<div class=\"full\">\n\t<section id=\"faq-the-shows\" class=\"felds-block felds-faq-block\">\n\t\t<div class=\"block-title\">ACERCA DE LOS ESPECT\u00c1CULOS<\/div>\n\t\t<div class=\"block-content\">\n\t\t\t\t\t\t<div class=\"item\">\n\t\t\t\t<div class=\"item-title\">\u00bfCu\u00e1l es el tiempo de duraci\u00f3n del espect\u00e1culo?<\/div>\n\t\t\t\t<div class=\"item-content\"><p>\u200bLas producciones de <em>Disney On Ice<\/em> var\u00edan en tiempo de duraci\u00f3n, pero su promedio es de una hora y media a dos horas. Esto incluye un intervalo de 15-20 minutos.<\/p>\n<\/div>\n\t\t\t<\/div>\n\t\t\t\t\t\t<div class=\"item\">\n\t\t\t\t<div class=\"item-title\">\u00bfSe permiten c\u00e1maras fotogr\u00e1ficas en el recinto?<\/div>\n\t\t\t\t<div class=\"item-content\"><p>\u200bLas c\u00e1maras fotogr\u00e1ficas est\u00e1n permitidas, siempre y cuando sean c\u00e1maras no profesionales y las fotos sean para uso personal solamente. No se permiten c\u00e1maras de video de ning\u00fan tipo en el lugar del evento. Las pol\u00edticas de las c\u00e1maras digitales son diferentes de un lugar a otro, por lo que si tiene inquietudes, comun\u00edquese con el lugar del evento espec\u00edfico de su \u00e1rea para verificar los detalles de la pol\u00edtica.<\/p>\n<\/div>\n\t\t\t<\/div>\n\t\t\t\t\t\t<div class=\"item\">\n\t\t\t\t<div class=\"item-title\">\u00bfHay encuentros disponibles con los personajes?<\/div>\n\t\t\t\t<div class=\"item-content\"><p>De vez en cuando, ofrecemos encuentros y salidas p\u00fablicas a trav\u00e9s de concursos, los cuales ser\u00e1n anunciados. Si no hay ning\u00fan encuentro planeado en su \u00e1rea, esperamos que disfrute viendo a los personajes de Disney en el show.\u200b<\/p>\n<\/div>\n\t\t\t<\/div>\n\t\t\t\t\t\t<div class=\"item\">\n\t\t\t\t<div class=\"item-title\">\u00bfPueden mis hijos pasar tiempo en el hielo con los personajes?<\/div>\n\t\t\t\t<div class=\"item-content\"><p><i><em>Disney On Ice<\/em><\/i>\u00a0no vende entradas para estar en el hielo con los personajes. La experiencia est\u00e1 reservada para grupos selectos como Olimpiadas Especiales y la\u00a0<i>Fundaci\u00f3n Make-A-Wish<\/i>. Algunos espect\u00e1culos de\u00a0<i><em>Disney On Ice<\/em><\/i>\u00a0tienen momentos que interact\u00faan con la audiencia, sin embargo estos ni\u00f1os son elegidos al azar.\u200b<\/p>\n<\/div>\n\t\t\t<\/div>\n\t\t\t\t\t\t<div class=\"item\">\n\t\t\t\t<div class=\"item-title\">\u00bfA qui\u00e9n contacto en caso de tener preguntas sobre accesibilidad del show?<\/div>\n\t\t\t\t<div class=\"item-content\"><p>Para preguntas relacionadas a la accesibilidad del show, por favor comun\u00edquese directamente con la taquilla para que puedan brindarle asistencia a usted y a sus acompa\u00f1antes.<\/p>\n<\/div>\n\t\t\t<\/div>\n\t\t\t\t\t\t<div class=\"item\">\n\t\t\t\t<div class=\"item-title\">\u00bfQu\u00e9 debo usar para el show?<\/div>\n\t\t\t\t<div class=\"item-content\"><p>Le sugerimos que se vista c\u00f3modamente. Se recomiendan zapatos pr\u00e1cticos para caminar con seguridad por el Estadio y poder subir\/bajar escalones en caso de ser necesario. Se debe usar vestimenta adecuada, incluidos zapatos y camisas, en todo momento. Nuestros eventos son una experiencia informal y familiar. No se permitir\u00e1 la ropa que, por naturaleza, exponga partes excesivas del cuerpo que puedan considerarse inapropiadas para un entorno familiar. En ese esp\u00edritu, le pedimos que use la discreci\u00f3n y el sentido com\u00fan.<\/p>\n<p>&nbsp;<\/p>\n<p><strong>Vestimenta inapropiada<\/strong><\/p>\n<p>Feld Entertainment y sus productores locales se reservan el derecho de denegar la entrada o retirar a cualquier persona que lleve un atuendo que se considere inapropiado o que pueda restar valor a la experiencia de otros invitados. La vestimenta que no es apropiada y que puede resultar en la denegaci\u00f3n de la admisi\u00f3n incluye pero no se limita a:<\/p>\n<p>&nbsp;<\/p>\n<ul>\n<li>Disfraces y m\u00e1scaras de disfraces, que no pueden usar los Visitantes mayores de 14 a\u00f1os<\/li>\n<li>Ropa con material objetable, incluido lenguaje o gr\u00e1ficos obscenos<\/li>\n<li>Ropa excesivamente rasgada<\/li>\n<li>Como se indic\u00f3 anteriormente, la ropa que, por naturaleza, expone porciones excesivas de la piel que pueden considerarse inapropiadas para un entorno familiar<\/li>\n<li>Ropa que toca o arrastra por el suelo<\/li>\n<li>Tatuajes obscenos o vulgares<\/li>\n<\/ul>\n<p>&nbsp;<\/p>\n<p>No se permiten disfraces para hu\u00e9spedes mayores de 14 a\u00f1os.<\/p>\n<p>&nbsp;<\/p>\n<p><strong>Para Hu\u00e9spedes de 14 a\u00f1os o menos:<\/strong><\/p>\n<p>Los disfraces se pueden usar de acuerdo con estas pautas. A los invitados que no cumplan con estas pautas se les puede negar la entrada o retirarlos de <em>Disney On Ice<\/em> 100 a\u00f1os de emoci\u00f3n, a menos que su disfraz se pueda modificar para cumplir con los est\u00e1ndares anteriores:<\/p>\n<p>&nbsp;<\/p>\n<ul>\n<li>Todos los invitados pueden vestirse como su personaje favorito, pero no pueden posar para fotograf\u00edas ni firmar aut\u00f3grafos para otros invitados.<\/li>\n<li>Los disfraces deben ser aptos para toda la familia y no pueden ser obstructivos, ofensivos, objetables o violentos.<\/li>\n<li>Los disfraces no pueden contener accesorios o accesorios que se parezcan o puedan confundirse con un arma real.<\/li>\n<li>Los disfraces no pueden contener objetos afilados, puntiagudos o materiales que accidentalmente puedan golpear o lesionar a otro invitado.<\/li>\n<li>Se desaconsejan los disfraces en capas o los accesorios de disfraces que rodean todo el cuerpo y pueden estar sujetos a controles de seguridad adicionales.<\/li>\n<li>Los disfraces no pueden arrastrarse por el suelo.<\/li>\n<li>Se pueden usar capas si el largo no pasa por debajo de la cintura.<\/li>\n<li>Se aceptan camisetas, blusas, sudaderas y sombreros tem\u00e1ticos.<\/li>\n<\/ul>\n<\/div>\n\t\t\t<\/div>\n\t\t\t\t\t<\/div>\n\t<\/section>\n<\/div>\n\n\n\n\n\n\n\n\n\n\n\n\n\n\n\n\n\n\n\n\n\n\n\n\n\n\n\n\n\n\n\n\n\n\n\n\n\n\n\n\n\n\n\n\n\n\n\n\n\n\n\n\n\n\n<div class=\"full\">\n\t<section id=\"faq-disney-on-ice\" class=\"felds-block felds-faq-block\">\n\t\t<div class=\"block-title\">ACERCA DE <em>DISNEY ON ICE<\/em><\/div>\n\t\t<div class=\"block-content\">\n\t\t\t\t\t\t<div class=\"item\">\n\t\t\t\t<div class=\"item-title\">\u00bfPor qu\u00e9 mi ciudad no est\u00e1 en su programa de rendimiento?<\/div>\n\t\t\t\t<div class=\"item-content\"><p>Intentamos nuestro mejor esfuerzo para actuar en tantas ciudades como sea posible en el transcurso de determinado a\u00f1o y variamos nuestras rutas de viaje de vez en cuando. Para obtener la informaci\u00f3nn m\u00e1s actualizada sobre horarios, vis\u00edtenos aqu\u00ed. Tenga en cuenta que este sitio s\u00f3lo muestra fechas de espect\u00e1culos confirmados: se agregan regularmente nuevas ciudades a nuestros programas.\u200b<\/p>\n<\/div>\n\t\t\t<\/div>\n\t\t\t\t\t\t<div class=\"item\">\n\t\t\t\t<div class=\"item-title\">\u00bfCu\u00e1ndo llegar\u00e1 <em>Disney On Ice<\/em> a mi ciudad?<\/div>\n\t\t\t\t<div class=\"item-content\"><p>Nuevas ciudades y fechas se est\u00e1n agregando todo el tiempo, as\u00ed que aseg\u00farese de seguir buscando actualizaciones.\u200b<\/p>\n<\/div>\n\t\t\t<\/div>\n\t\t\t\t\t\t<div class=\"item\">\n\t\t\t\t<div class=\"item-title\">\u00bfQu\u00e9 espect\u00e1culos <em>Disney On Ice<\/em> est\u00e1n en gira por todo el mundo?<\/div>\n\t\t\t\t<div class=\"item-content\"><p><i><em>Disney On Ice<\/em><\/i>\u00a0tiene varios espect\u00e1culos de gira por todo el mundo. Para m\u00e1s informaci\u00f3n sobre\u00a0<i><em>Disney On Ice<\/em><\/i>\u00a0en su pa\u00eds, puede visitar aqu\u00ed.\u200b<\/p>\n<\/div>\n\t\t\t<\/div>\n\t\t\t\t\t\t<div class=\"item\">\n\t\t\t\t<div class=\"item-title\">\u00bfCon qui\u00e9n contacto en relaci\u00f3n a una pregunta o comentario sobre <em>Disney On Ice<\/em>?<\/div>\n\t\t\t\t<div class=\"item-content\"><p>Por favor visita el siguiente sitio: <a href=\"https:\/\/www.feldentertainment.com\/customer-service\/\">www.feldentertainment.com\/customer-service\/<\/a><\/p>\n<\/div>\n\t\t\t<\/div>\n\t\t\t\t\t<\/div>\n\t<\/section>\n<\/div>\n\n\n\n\n\n\n\n\n\n\n\n\n\n\n\n\n\n\n\n\n\n\n\n\n\n\n\n\n\n\n\n\n\n\n\n\n\n\n\n\n\n\n\n\n\n\n\n\n\n\n\n\n\n\n\n\n\n\n\n\n\n\n\n\n\n\n\n\n<div class=\"full\">\n\t<section id=\"faq-merchandise\" class=\"felds-block felds-faq-block\">\n\t\t<div class=\"block-title\">ACERCA DE LA MERCANC\u00cdA<\/div>\n\t\t<div class=\"block-content\">\n\t\t\t\t\t\t<div class=\"item\">\n\t\t\t\t<div class=\"item-title\">\u00bfCon qui\u00e9n me contacto en relaci\u00f3n a una pregunta o comentario sobre la mercanc\u00eda de <em>Disney On Ice<\/em>?<\/div>\n\t\t\t\t<div class=\"item-content\"><p>Puedes ponerte en contacto directamente con nosotros por correo\u00a0<b>electr\u00f3nico <a href=\"mailto:customerserviceeurope@feldinc.com\">customerserviceeurope@feldinc.com<\/a><\/b><b>.\u200b<\/b><\/p>\n<\/div>\n\t\t\t<\/div>\n\t\t\t\t\t\t<div class=\"item\">\n\t\t\t\t<div class=\"item-title\">\u00bfPuedo comprar recuerdos de <em>Disney On Ice<\/em> fuera del lugar de las actuaciones?<\/div>\n\t\t\t\t<div class=\"item-content\"><p>No, desafortunadamente s\u00f3lo puedes comprar nuestra mercanc\u00eda en los espect\u00e1culos.<\/p>\n<\/div>\n\t\t\t<\/div>\n\t\t\t\t\t<\/div>\n\t<\/section>\n<\/div>\n\n\n\n\n\n\n\n\n\n\n\n\n\n\n\n\n\n\n\n\n\n\n\n\n\n\n\n\n\n\n\n\n\n\n\n\n\n\n\n\n\n\n\n\n\n\n\n\n\n\n\n\n\n\n\n\n\n\n\n\n\n\n<div class=\"full\">\n\t<section id=\"faq-tickets\" class=\"felds-block felds-faq-block\">\n\t\t<div class=\"block-title\">ACERCA DE LAS ENTRADAS<\/div>\n\t\t<div class=\"block-content\">\n\t\t\t\t\t\t<div class=\"item\">\n\t\t\t\t<div class=\"item-title\">\u00bfC\u00f3mo puedo comprar entradas?<\/div>\n\t\t\t\t<div class=\"item-content\"><p>Por favor, revise la parte superior de esta p\u00e1gina para obtener m\u00e1s informaci\u00f3n sobre los entradas. Tambi\u00e9n puede ponerse en contacto con su agencia de entradas local o sus puntos de venta, o visite la taquilla del local del evento. Para comprar entradas el d\u00eda del evento, por favor vaya directamente a la taquilla del lugar del evento.<\/p>\n<\/div>\n\t\t\t<\/div>\n\t\t\t\t\t\t<div class=\"item\">\n\t\t\t\t<div class=\"item-title\">\u00bfOfrecen precios especiales para los grandes grupos?<\/div>\n\t\t\t\t<div class=\"item-content\"><p>Si, ofreceremos precios especiales para grupos y para grupos escolares.<\/p>\n<\/div>\n\t\t\t<\/div>\n\t\t\t\t\t\t<div class=\"item\">\n\t\t\t\t<div class=\"item-title\">\u00bfOfrecen precios especiales para los ni\u00f1os?<\/div>\n\t\t\t\t<div class=\"item-content\"><p>No.<\/p>\n<\/div>\n\t\t\t<\/div>\n\t\t\t\t\t\t<div class=\"item\">\n\t\t\t\t<div class=\"item-title\">\u00bfNecesito comprar una boleta para mi hijo peque\u00f1o que se sentar\u00e1 en mis piernas durante todo el show?<\/div>\n\t\t\t\t<div class=\"item-content\"><p>Todo ni\u00f1o paga boleta y ocupa puesto.<\/p>\n<\/div>\n\t\t\t<\/div>\n\t\t\t\t\t<\/div>\n\t<\/section>\n<\/div>\n\n\n\n\n\n\n\n\n\n\n\n\n\n\n\n\n\n\n\n\n\n\n\n\n\n\n\n\n\n\n\n\n\n\n\n\n\n\n\n\n\n\n\n\n\n\n\n\n\n\n<div class=\"full\">\n\t<section id=\"faq-feld-entertainment\" class=\"felds-block felds-faq-block\">\n\t\t<div class=\"block-title\">ACERCA DE FELD ENTERTAINMENT<\/div>\n\t\t<div class=\"block-content\">\n\t\t\t\t\t\t<div class=\"item\">\n\t\t\t\t<div class=\"item-title\">\u00bfQui\u00e9n es Feld Entertainment?<\/div>\n\t\t\t\t<div class=\"item-content\"><p><a href=\"https:\/\/www.feldentertainment.com\">Acerca De Feld Entertainment<\/a> es el l\u00edder mundial en la producci\u00f3n y presentaci\u00f3n de experiencias en vivo de entretenimiento familiar en que elevan el esp\u00edritu humano y crean recuerdos inolvidables, con 30 millones de personas asistiendo a sus espect\u00e1culos cada a\u00f1o. Las producciones de Feld Entertainment se han presentado en m\u00e1s de 80 pa\u00edses en seis continentes e incluyen <em>Ringling Bros. and Barnum &amp; Bailey\u00ae, <\/em>Monster Jam<em>\u00ae<\/em>, <em><em>Disney On Ice<\/em>, <\/em>\u00a0Monster Energy AMA Supercross, y SuperMotocross World Championship.<\/p>\n<\/div>\n\t\t\t<\/div>\n\t\t\t\t\t\t<div class=\"item\">\n\t\t\t\t<div class=\"item-title\">\u00bfC\u00f3mo puedo convertirme en un patinador\/patinadora en una producci\u00f3n de <em>Disney On Ice<\/em>?<\/div>\n\t\t\t\t<div class=\"item-content\"><p>Por favor visita el siguiente sitio para m\u00e1s informaci\u00f3n al respecto: <a href=\"https:\/\/www.feldentertainment.com\/performer-auditions\/disney-on-ice\/\">https:\/\/www.feldentertainment.com\/performer-auditions\/disney-on-ice\/<\/a><\/p>\n<\/div>\n\t\t\t<\/div>\n\t\t\t\t\t<\/div>\n\t<\/section>\n<\/div>","protected":false},"excerpt":{"rendered":"","protected":false},"author":1,"featured_media":16425,"parent":0,"menu_order":0,"comment_status":"closed","ping_status":"closed","template":"","meta":{"footnotes":""},"acf":[],"yoast_head":"<!-- This site is optimized with the Yoast SEO plugin v21.4 - https:\/\/yoast.com\/wordpress\/plugins\/seo\/ -->\n<title>FAQ | The Official Site of Disney On Ice<\/title>\n<meta name=\"description\" content=\"All of your Disney On Ice questions answered here!\" \/>\n<meta name=\"robots\" content=\"index, follow, max-snippet:-1, max-image-preview:large, max-video-preview:-1\" \/>\n<link rel=\"canonical\" href=\"https:\/\/www.disneyonice.com\/es-py\/faq\/\" \/>\n<meta property=\"og:locale\" content=\"es_ES\" \/>\n<meta property=\"og:type\" content=\"article\" \/>\n<meta property=\"og:title\" content=\"FAQ | The Official Site of Disney On Ice\" \/>\n<meta property=\"og:description\" content=\"All of your Disney On Ice questions answered here!\" \/>\n<meta property=\"og:url\" content=\"https:\/\/www.disneyonice.com\/es-py\/faq\/\" \/>\n<meta property=\"og:site_name\" content=\"The Official Site of Disney On Ice\" \/>\n<meta property=\"article:modified_time\" content=\"2026-03-19T14:07:19+00:00\" \/>\n<meta property=\"og:image\" content=\"https:\/\/www.disneyonice.com\/wp-content\/uploads\/2025\/06\/D38_20240831_Orlando_GEO_10503-Edit.png\" \/>\n\t<meta property=\"og:image:width\" content=\"560\" \/>\n\t<meta property=\"og:image:height\" content=\"400\" \/>\n\t<meta property=\"og:image:type\" content=\"image\/png\" \/>\n<meta name=\"twitter:card\" content=\"summary_large_image\" \/>\n<script type=\"application\/ld+json\" class=\"yoast-schema-graph\">{\"@context\":\"https:\/\/schema.org\",\"@graph\":[{\"@type\":\"WebPage\",\"@id\":\"https:\/\/www.disneyonice.com\/faq\/\",\"url\":\"https:\/\/www.disneyonice.com\/faq\/\",\"name\":\"FAQ | The Official Site of Disney On Ice\",\"isPartOf\":{\"@id\":\"https:\/\/www.disneyonice.com\/es-cl\/#website\"},\"datePublished\":\"2023-07-03T08:27:16+00:00\",\"dateModified\":\"2026-03-19T14:07:19+00:00\",\"description\":\"All of your Disney On Ice questions answered here!\",\"breadcrumb\":{\"@id\":\"https:\/\/www.disneyonice.com\/faq\/#breadcrumb\"},\"inLanguage\":\"es-PY\",\"potentialAction\":[{\"@type\":\"ReadAction\",\"target\":[\"https:\/\/www.disneyonice.com\/faq\/\"]}]},{\"@type\":\"BreadcrumbList\",\"@id\":\"https:\/\/www.disneyonice.com\/faq\/#breadcrumb\",\"itemListElement\":[{\"@type\":\"ListItem\",\"position\":1,\"name\":\"Home\",\"item\":\"https:\/\/www.disneyonice.com\/\"},{\"@type\":\"ListItem\",\"position\":2,\"name\":\"FAQ\"}]},{\"@type\":\"WebSite\",\"@id\":\"https:\/\/www.disneyonice.com\/es-cl\/#website\",\"url\":\"https:\/\/www.disneyonice.com\/es-cl\/\",\"name\":\"The Official Site of Disney On Ice\",\"description\":\"A series of touring ice shows produced by Feld Entertainment under agreement with The Walt Disney Company.\",\"publisher\":{\"@id\":\"https:\/\/www.disneyonice.com\/es-cl\/#organization\"},\"potentialAction\":[{\"@type\":\"SearchAction\",\"target\":{\"@type\":\"EntryPoint\",\"urlTemplate\":\"https:\/\/www.disneyonice.com\/es-cl\/?s={search_term_string}\"},\"query-input\":\"required name=search_term_string\"}],\"inLanguage\":\"es-PY\"},{\"@type\":\"Organization\",\"@id\":\"https:\/\/www.disneyonice.com\/es-cl\/#organization\",\"name\":\"Disney On Ice\",\"url\":\"https:\/\/www.disneyonice.com\/es-cl\/\",\"logo\":{\"@type\":\"ImageObject\",\"inLanguage\":\"es-PY\",\"@id\":\"https:\/\/www.disneyonice.com\/es-cl\/#\/schema\/logo\/image\/\",\"url\":\"https:\/\/www.disneyonice.com\/wp-content\/uploads\/2023\/08\/Disney-Check.png\",\"contentUrl\":\"https:\/\/www.disneyonice.com\/wp-content\/uploads\/2023\/08\/Disney-Check.png\",\"width\":100,\"height\":104,\"caption\":\"Disney On Ice\"},\"image\":{\"@id\":\"https:\/\/www.disneyonice.com\/es-cl\/#\/schema\/logo\/image\/\"}}]}<\/script>\n<!-- \/ Yoast SEO plugin. -->","yoast_head_json":{"title":"FAQ | The Official Site of Disney On Ice","description":"All of your Disney On Ice questions answered here!","robots":{"index":"index","follow":"follow","max-snippet":"max-snippet:-1","max-image-preview":"max-image-preview:large","max-video-preview":"max-video-preview:-1"},"canonical":"https:\/\/www.disneyonice.com\/es-py\/faq\/","og_locale":"es_ES","og_type":"article","og_title":"FAQ | The Official Site of Disney On Ice","og_description":"All of your Disney On Ice questions answered here!","og_url":"https:\/\/www.disneyonice.com\/es-py\/faq\/","og_site_name":"The Official Site of Disney On Ice","article_modified_time":"2026-03-19T14:07:19+00:00","og_image":[{"width":560,"height":400,"url":"https:\/\/www.disneyonice.com\/wp-content\/uploads\/2025\/06\/D38_20240831_Orlando_GEO_10503-Edit.png","type":"image\/png"}],"twitter_card":"summary_large_image","schema":{"@context":"https:\/\/schema.org","@graph":[{"@type":"WebPage","@id":"https:\/\/www.disneyonice.com\/faq\/","url":"https:\/\/www.disneyonice.com\/faq\/","name":"FAQ | The Official Site of Disney On Ice","isPartOf":{"@id":"https:\/\/www.disneyonice.com\/es-cl\/#website"},"datePublished":"2023-07-03T08:27:16+00:00","dateModified":"2026-03-19T14:07:19+00:00","description":"All of your Disney On Ice questions answered here!","breadcrumb":{"@id":"https:\/\/www.disneyonice.com\/faq\/#breadcrumb"},"inLanguage":"es-PY","potentialAction":[{"@type":"ReadAction","target":["https:\/\/www.disneyonice.com\/faq\/"]}]},{"@type":"BreadcrumbList","@id":"https:\/\/www.disneyonice.com\/faq\/#breadcrumb","itemListElement":[{"@type":"ListItem","position":1,"name":"Home","item":"https:\/\/www.disneyonice.com\/"},{"@type":"ListItem","position":2,"name":"FAQ"}]},{"@type":"WebSite","@id":"https:\/\/www.disneyonice.com\/es-cl\/#website","url":"https:\/\/www.disneyonice.com\/es-cl\/","name":"The Official Site of Disney On Ice","description":"A series of touring ice shows produced by Feld Entertainment under agreement with The Walt Disney Company.","publisher":{"@id":"https:\/\/www.disneyonice.com\/es-cl\/#organization"},"potentialAction":[{"@type":"SearchAction","target":{"@type":"EntryPoint","urlTemplate":"https:\/\/www.disneyonice.com\/es-cl\/?s={search_term_string}"},"query-input":"required name=search_term_string"}],"inLanguage":"es-PY"},{"@type":"Organization","@id":"https:\/\/www.disneyonice.com\/es-cl\/#organization","name":"Disney On Ice","url":"https:\/\/www.disneyonice.com\/es-cl\/","logo":{"@type":"ImageObject","inLanguage":"es-PY","@id":"https:\/\/www.disneyonice.com\/es-cl\/#\/schema\/logo\/image\/","url":"https:\/\/www.disneyonice.com\/wp-content\/uploads\/2023\/08\/Disney-Check.png","contentUrl":"https:\/\/www.disneyonice.com\/wp-content\/uploads\/2023\/08\/Disney-Check.png","width":100,"height":104,"caption":"Disney On Ice"},"image":{"@id":"https:\/\/www.disneyonice.com\/es-cl\/#\/schema\/logo\/image\/"}}]}},"_links":{"self":[{"href":"https:\/\/www.disneyonice.com\/es-py\/wp-json\/wp\/v2\/pages\/23"}],"collection":[{"href":"https:\/\/www.disneyonice.com\/es-py\/wp-json\/wp\/v2\/pages"}],"about":[{"href":"https:\/\/www.disneyonice.com\/es-py\/wp-json\/wp\/v2\/types\/page"}],"author":[{"embeddable":true,"href":"https:\/\/www.disneyonice.com\/es-py\/wp-json\/wp\/v2\/users\/1"}],"replies":[{"embeddable":true,"href":"https:\/\/www.disneyonice.com\/es-py\/wp-json\/wp\/v2\/comments?post=23"}],"version-history":[{"count":5,"href":"https:\/\/www.disneyonice.com\/es-py\/wp-json\/wp\/v2\/pages\/23\/revisions"}],"predecessor-version":[{"id":19959,"href":"https:\/\/www.disneyonice.com\/es-py\/wp-json\/wp\/v2\/pages\/23\/revisions\/19959"}],"wp:featuredmedia":[{"embeddable":true,"href":"https:\/\/www.disneyonice.com\/es-py\/wp-json\/wp\/v2\/media\/16425"}],"wp:attachment":[{"href":"https:\/\/www.disneyonice.com\/es-py\/wp-json\/wp\/v2\/media?parent=23"}],"curies":[{"name":"wp","href":"https:\/\/api.w.org\/{rel}","templated":true}]}}