{"id":7,"date":"2023-07-03T08:23:44","date_gmt":"2023-07-03T12:23:44","guid":{"rendered":"http:\/\/projects.45press.com\/disneyonice\/?page_id=7"},"modified":"2026-04-15T17:04:41","modified_gmt":"2026-04-15T21:04:41","slug":"home","status":"publish","type":"page","link":"https:\/\/www.disneyonice.com\/es-pa\/","title":{"rendered":"Home"},"content":{"rendered":"<div class=\"full\">\n\t<section id=\"felds-block-330164039\" class=\"felds-block felds-video-block felds-video-file\">\n\t\t<div class=\"video-desktop\">\n\t\t\t\t\t\t\t<video autoplay muted loop playsinline\t\t\t\t\t class=\"video-js managed-video\"\n\t\t\t\t\t   poster=\"\"\n\t\t\t\t\t   preload=\"none\"\n\t\t\t\t\t   data-stream-id=\"b69a4e02ec6c5e4900c7660525c07ca7\"\n\t\t\t\t\t   data-mp4-url=\"\"\n\t\t\t\t\t   data-viewport=\"desktop\">\n\t\t\t\t\t<!-- Source set dynamically by VideoManager -->\n\t\t\t\t<\/video>\n\t\t\t\t\t<\/div>\n\t\t<div class=\"video-mobile\">\n\t\t\t\t\t\t\t<video autoplay muted loop playsinline\t\t\t\t\t class=\"video-js managed-video\"\n\t\t\t\t\t   poster=\"\"\n\t\t\t\t\t   preload=\"none\"\n\t\t\t\t\t   data-stream-id=\"85b1dc5aa2d2ac84a42659dfad695c29\"\n\t\t\t\t\t   data-mp4-url=\"\"\n\t\t\t\t\t   data-viewport=\"mobile\">\n\t\t\t\t\t<!-- Source set dynamically by VideoManager -->\n\t\t\t\t<\/video>\n\t\t\t\t\t<\/div>\n\t\t<div class=\"video-buttons\">\n\t\t\t<img decoding=\"async\" class=\"btn-play\" src=\"https:\/\/www.disneyonice.com\/wp-content\/themes\/disneyonice\/dist\/img\/icon\/video-play.svg\" alt=\"Play\">\n\t\t\t<img decoding=\"async\" class=\"btn-pause\" src=\"https:\/\/www.disneyonice.com\/wp-content\/themes\/disneyonice\/dist\/img\/icon\/video-pause.png\" alt=\"Pause\">\n\t\t<\/div>\n\t\t<a href=\"#felds-block-330164039-mfp\" class=\"link-mfp mfp-inline\"><\/a>\n\t\t<div id=\"felds-block-330164039-mfp\" class=\"video-mfp-content mfp-hide\">\n\t\t\t<div class=\"desktop-only\">\n\t\t\t\t\t\t\t\t\t<video playsinline controls\n\t\t\t\t\t\t class=\"video-js mfp-video managed-video\"\n\t\t\t\t\t\t   poster=\"\"\n\t\t\t\t\t\t   preload=\"none\"\n\t\t\t\t\t\t   data-stream-id=\"b69a4e02ec6c5e4900c7660525c07ca7\"\n\t\t\t\t\t\t   data-mp4-url=\"\"\n\t\t\t\t\t\t   data-lazy=\"true\">\n\t\t\t\t\t\t<!-- Source set when lightbox opens -->\n\t\t\t\t\t<\/video>\n\t\t\t\t\t\t\t<\/div>\n\t\t\t<div class=\"mobile-only\">\n\t\t\t\t\t\t\t\t\t<video playsinline controls\n\t\t\t\t\t\t class=\"video-js mfp-video managed-video\"\n\t\t\t\t\t\t   poster=\"\"\n\t\t\t\t\t\t   preload=\"none\"\n\t\t\t\t\t\t   data-stream-id=\"85b1dc5aa2d2ac84a42659dfad695c29\"\n\t\t\t\t\t\t   data-mp4-url=\"\"\n\t\t\t\t\t\t   data-lazy=\"true\">\n\t\t\t\t\t\t<!-- Source set when lightbox opens -->\n\t\t\t\t\t<\/video>\n\t\t\t\t\t\t\t<\/div>\n\t\t<\/div>\n\t\t\t<\/section>\n<\/div>\n<script>\n  \/\/ Trigger VideoManager rescan for dynamically loaded content\n  if (window.feldVideoManager) {\n    window.feldVideoManager.rescan();\n  }\n<\/script>\n\n\n\n\n\n\n\n\n\n\n\n\n\n\n\n\n\n\n\n\n\n\n\n\n\n\n\n\n\n\n\n\n\n<div class=\"wp-block-columns is-layout-flex wp-container-7 wp-block-columns-is-layout-flex\">\n<div class=\"wp-block-column is-layout-flow wp-block-column-is-layout-flow\"><\/div>\n<\/div>\n\n\n\n\n\n<div class=\"full\" id=\"block_1ee320a00540a296745d5e562beca284\">\n\t<section class=\"felds-block felds-banner-block banner-mini pos-center pos-middle\" style=\"background-color:#010e37;\">\n\t\t<div class=\"info align-center below-title\" style=\"width: 100%;\">\n\t\t\t\t\t\t\t\t\t\t\t\t<div class=\"info-content\">\n\t\t\t\t<h3 class=\" translation-block\"><em>Disney On Ice<\/em> actualmente no tiene shows a la venta. Pronto se anunciar\u00e1 m\u00e1s informaci\u00f3n.<\/h3>\n\t\t\t<\/div>\n\t\t\t\t\t\t\t\t<\/div>\n\t\t<div class=\"bg-images\">\n\t\t\t\t\t\t\t\t<\/div>\n\t\t\t\t<div class=\"felds-banner-block__gallery\">\n\t\t\t\t\t\t\t<a href=\"\" title=\"\"><\/a>\n\t\t\t\t\t<\/div>\n\t\t\t\t\t<\/section>\n\t<\/div>\n\n\n\n\n<div class=\"full\" id=\"block_b54e30b640e355b9963e58d03e9c7917\">\n\t<section class=\"felds-block felds-banner-block banner-small pos-center pos-middle\" style=\"background-color:#010e37;\">\n\t\t<div class=\"info align-center above-title\" style=\"width: 80%;\">\n\t\t\t\t\t\t<div class=\"info-title translation-block\">DISNEY ON ICE EN TODO EL MUNDO<\/div>\n\t\t\t\t\t\t\t\t\t\t\t\t\t\t<\/div>\n\t\t<div class=\"bg-images\">\n\t\t\t\t\t\t<img decoding=\"async\" class=\"desktop\" src=\"https:\/\/www.disneyonice.com\/wp-content\/uploads\/2023\/08\/doi-world-locations-map-desktop.png\" alt=\"<em>Disney On Ice<\/em>\" width=\"1920\" height=\"1080\" fetchpriority=\"high\">\n\t\t\t\t\t\t\t\t\t<img decoding=\"async\" loading=\"lazy\" class=\"mobile\" src=\"https:\/\/www.disneyonice.com\/wp-content\/uploads\/2023\/08\/doi-world-locations-map-mobile.png\" alt=\"<em>Disney On Ice<\/em>\" width=\"750\" height=\"1334\">\n\t\t\t\t\t<\/div>\n\t\t\t\t\t<\/section>\n\t<\/div>\n\n\n\n\n\n\n\n\n<div class=\"full\" id=\"block_ccfb509100b2c3128bca06248ab25c02\">\n\t<section class=\"felds-block felds-banner-block banner-medium pos-right pos-middle\" style=\"background-color:#310a46;\">\n\t\t<div class=\"info align-right above-title\" style=\"width: 50%;\">\n\t\t\t\t\t\t<div class=\"info-title\">\n\t\t\t\t\u00a1MANT\u00c9NGASE INFORMADO!\t\t\t<\/div>\n\t\t\t\t\t\t\t\t\t\t\t\t<div class=\"info-content\">\n\t\t\t\t<p class=\" translation-block\">Follow us on Facebook and find out the latest updates for upcoming <em>Disney On Ice<\/em> shows in your area.<\/p>\n\t\t\t<\/div>\n\t\t\t\t\t\t\t\t\t<div class=\"info-buttons\">\n\t\t\t                    <a class=\"btn btn-white-o\" href=\"https:\/\/www.facebook.com\/DisneyOnIceLatinAmerica\" target=\"\">\n                \u00a1\u00danete a nosotros!            <\/a>\n              \t\t\t<\/div>\n\t\t\t\t\t<\/div>\n\t\t<div class=\"bg-images\">\n\t\t\t\t\t\t<img decoding=\"async\" class=\"desktop\" src=\"https:\/\/www.disneyonice.com\/wp-content\/uploads\/2023\/07\/sign-up-desktop.jpg\" alt=\"<em>Disney On Ice<\/em>\" width=\"1920\" height=\"1080\" fetchpriority=\"high\">\n\t\t\t\t\t\t\t\t\t<img decoding=\"async\" loading=\"lazy\" class=\"mobile\" src=\"https:\/\/www.disneyonice.com\/wp-content\/uploads\/2023\/07\/preferred-customer-mobile-bg.jpg\" alt=\"<em>Disney On Ice<\/em>\" width=\"750\" height=\"1334\">\n\t\t\t\t\t<\/div>\n\t\t\t\t\t<\/section>\n\t<\/div>\n\n\n\n\n\n\n\n\n\n\n\n\n\n\n\n\n<div class=\"full\">\n\t<section id=\"\" class=\"felds-block felds-tagboard-block\">\n\t\t<div class=\"block-title\">#DisneyOnIce<\/div>\n\t\t<div class=\"block-content\">\n\t\t\t<div id=\"tagboard-div\" class=\"tagboard-embed\" tgb-embed-id=\"7125\"> <\/div>\n\t\t\t<script data-src=\"https:\/\/static.tagboard.com\/embed\/assets\/js\/embed.js\"><\/script>\n\t\t\t<script>\n\t\t\t\tconst onIntersection = (entries, observer) => {\n\t\t\t\t  for (const { isIntersecting, target } of entries) {\n\t\t\t\t\tif (isIntersecting) {\n\t\t\t\t\t  tagboard_div.nextElementSibling.src = tagboard_div.nextElementSibling.dataset.src;\n\t\t\t\t\t  observer.unobserve(target);\n\t\t\t\t\t}\n\t\t\t\t  }\n\t\t\t\t};\n\n\t\t\t\tconst tagboard_div = document.getElementById('tagboard-div');\n\t\t\t\tconst observer = new IntersectionObserver(onIntersection, {\n\t\t\t\t  root: null,\n\t\t\t\t  rootMargin: '50px 0px',\n\t\t\t\t  threshold: [0]\n\t\t\t\t});\n\n\t\t\t\tobserver.observe(tagboard_div);\t\t\t\n\t\t\t<\/script>\n\t\t<\/div>\n\t<\/section>\n<\/div>\n\n\n\n\n<div class=\"full\">\n\t<section id=\"\" class=\"felds-block felds-feature-list-block\">\n\t\t\t\t\t<div class=\"feature-list feature-list-4\">\n\t\t\t\t\t\t\t\t\t<div class=\"item\" style=\"background-image:url(https:\/\/www.disneyonice.com\/wp-content\/uploads\/2023\/07\/shows-in-your-hometown.jpg);\">\n\t\t\t\t\t\t<div class=\"item-subtitle\">ESPECT\u00c1CULOS DE DISNEY<\/div>\n\t\t\t\t\t\t<div class=\"item-title\">EN VIVO EN TU CIUDAD<\/div>\n\t\t\t\t\t<\/div>\n\t\t\t\t\t\t\t\t\t<div class=\"item\" style=\"background-image:url(https:\/\/www.disneyonice.com\/wp-content\/uploads\/2023\/07\/immersive-audience-experiences.jpg);\">\n\t\t\t\t\t\t<div class=\"item-subtitle\">EXPERIENCIAS ENVOLVENTES<\/div>\n\t\t\t\t\t\t<div class=\"item-title\">PARA LOS ESPECTADORES<\/div>\n\t\t\t\t\t<\/div>\n\t\t\t\t\t\t\t\t\t<div class=\"item\" style=\"background-image:url(https:\/\/www.disneyonice.com\/wp-content\/uploads\/2023\/07\/world-class-athletes.jpg);\">\n\t\t\t\t\t\t<div class=\"item-subtitle\">ACTUACI\u00d3N DE ATLETAS<\/div>\n\t\t\t\t\t\t<div class=\"item-title\">DE CLASE MUNDIAL<\/div>\n\t\t\t\t\t<\/div>\n\t\t\t\t\t\t\t\t\t<div class=\"item\" style=\"background-image:url(https:\/\/www.disneyonice.com\/wp-content\/uploads\/2023\/07\/connecting-generations.jpg);\">\n\t\t\t\t\t\t<div class=\"item-subtitle\">ENTRETENIMIENTO<\/div>\n\t\t\t\t\t\t<div class=\"item-title\">QUE CONECTA A LAS GENERACIONES<\/div>\n\t\t\t\t\t<\/div>\n\t\t\t\t\t\t\t<\/div>\n\t\t\t\t<\/section>\n<\/div>","protected":false},"excerpt":{"rendered":"<p>Spring 2025 Tour Celebrate with Mickey and friends while reliving the adventures of your favourite Disney stories at&nbsp;Disney On Ice presents 100 Years of Wonder.&nbsp;Set sail with Moana, bring back summer with Anna and Elsa, and see Mirabel and the stars of&nbsp;Encanto&nbsp;live on ice! Sing and dance with the Disney Princesses and the&nbsp;Toy Story&nbsp;gang. Just [&hellip;]<\/p>","protected":false},"author":1,"featured_media":7327,"parent":0,"menu_order":0,"comment_status":"closed","ping_status":"closed","template":"templates\/non-guest-block.php","meta":{"footnotes":""},"acf":[],"yoast_head":"<!-- This site is optimized with the Yoast SEO plugin v21.4 - https:\/\/yoast.com\/wordpress\/plugins\/seo\/ -->\n<title>The Official Site of Disney On Ice | A series of touring ice shows produced by Feld Entertainment under agreement with The Walt Disney Company.<\/title>\n<meta name=\"description\" content=\"It\u2019s time for magic when Disney On Ice comes to your town! Fan favorite Disney stories are retold in new and exciting ways, bringing you into the adventure with world-class ice skating, unexpected stunts, and immersive environments, leading to non-stop fun for the entire family.\" \/>\n<meta name=\"robots\" content=\"index, follow, max-snippet:-1, max-image-preview:large, max-video-preview:-1\" \/>\n<link rel=\"canonical\" href=\"https:\/\/www.disneyonice.com\/es-pa\/\" \/>\n<meta property=\"og:locale\" content=\"es_ES\" \/>\n<meta property=\"og:type\" content=\"article\" \/>\n<meta property=\"og:title\" content=\"The Official Site of Disney On Ice | A series of touring ice shows produced by Feld Entertainment under agreement with The Walt Disney Company.\" \/>\n<meta property=\"og:description\" content=\"It\u2019s time for magic when Disney On Ice comes to your town! Fan favorite Disney stories are retold in new and exciting ways, bringing you into the adventure with world-class ice skating, unexpected stunts, and immersive environments, leading to non-stop fun for the entire family.\" \/>\n<meta property=\"og:url\" content=\"https:\/\/www.disneyonice.com\/es-pa\/\" \/>\n<meta property=\"og:site_name\" content=\"The Official Site of Disney On Ice\" \/>\n<meta property=\"article:modified_time\" content=\"2026-04-15T21:04:41+00:00\" \/>\n<meta property=\"og:image\" content=\"https:\/\/www.disneyonice.com\/wp-content\/uploads\/2024\/01\/DOI-logo.png\" \/>\n\t<meta property=\"og:image:width\" content=\"861\" \/>\n\t<meta property=\"og:image:height\" content=\"381\" \/>\n\t<meta property=\"og:image:type\" content=\"image\/png\" \/>\n<meta name=\"twitter:card\" content=\"summary_large_image\" \/>\n<meta name=\"twitter:label1\" content=\"Est. reading time\" \/>\n\t<meta name=\"twitter:data1\" content=\"1 minute\" \/>\n<script type=\"application\/ld+json\" class=\"yoast-schema-graph\">{\"@context\":\"https:\/\/schema.org\",\"@graph\":[{\"@type\":\"WebPage\",\"@id\":\"https:\/\/www.disneyonice.com\/\",\"url\":\"https:\/\/www.disneyonice.com\/\",\"name\":\"The Official Site of Disney On Ice | A series of touring ice shows produced by Feld Entertainment under agreement with The Walt Disney Company.\",\"isPartOf\":{\"@id\":\"https:\/\/www.disneyonice.com\/es-cl\/#website\"},\"datePublished\":\"2023-07-03T12:23:44+00:00\",\"dateModified\":\"2026-04-15T21:04:41+00:00\",\"description\":\"It\u2019s time for magic when Disney On Ice comes to your town! Fan favorite Disney stories are retold in new and exciting ways, bringing you into the adventure with world-class ice skating, unexpected stunts, and immersive environments, leading to non-stop fun for the entire family.\",\"breadcrumb\":{\"@id\":\"https:\/\/www.disneyonice.com\/#breadcrumb\"},\"inLanguage\":\"es-PA\",\"potentialAction\":[{\"@type\":\"ReadAction\",\"target\":[\"https:\/\/www.disneyonice.com\/\"]}]},{\"@type\":\"BreadcrumbList\",\"@id\":\"https:\/\/www.disneyonice.com\/#breadcrumb\",\"itemListElement\":[{\"@type\":\"ListItem\",\"position\":1,\"name\":\"Home\",\"item\":\"https:\/\/www.disneyonice.com\/\"},{\"@type\":\"ListItem\",\"position\":2,\"name\":\"Home\"}]},{\"@type\":\"WebSite\",\"@id\":\"https:\/\/www.disneyonice.com\/es-cl\/#website\",\"url\":\"https:\/\/www.disneyonice.com\/es-cl\/\",\"name\":\"The Official Site of Disney On Ice\",\"description\":\"A series of touring ice shows produced by Feld Entertainment under agreement with The Walt Disney Company.\",\"publisher\":{\"@id\":\"https:\/\/www.disneyonice.com\/es-cl\/#organization\"},\"potentialAction\":[{\"@type\":\"SearchAction\",\"target\":{\"@type\":\"EntryPoint\",\"urlTemplate\":\"https:\/\/www.disneyonice.com\/es-cl\/?s={search_term_string}\"},\"query-input\":\"required name=search_term_string\"}],\"inLanguage\":\"es-PA\"},{\"@type\":\"Organization\",\"@id\":\"https:\/\/www.disneyonice.com\/es-cl\/#organization\",\"name\":\"Disney On Ice\",\"url\":\"https:\/\/www.disneyonice.com\/es-cl\/\",\"logo\":{\"@type\":\"ImageObject\",\"inLanguage\":\"es-PA\",\"@id\":\"https:\/\/www.disneyonice.com\/es-cl\/#\/schema\/logo\/image\/\",\"url\":\"https:\/\/www.disneyonice.com\/wp-content\/uploads\/2023\/08\/Disney-Check.png\",\"contentUrl\":\"https:\/\/www.disneyonice.com\/wp-content\/uploads\/2023\/08\/Disney-Check.png\",\"width\":100,\"height\":104,\"caption\":\"Disney On Ice\"},\"image\":{\"@id\":\"https:\/\/www.disneyonice.com\/es-cl\/#\/schema\/logo\/image\/\"}}]}<\/script>\n<!-- \/ Yoast SEO plugin. -->","yoast_head_json":{"title":"The Official Site of Disney On Ice | A series of touring ice shows produced by Feld Entertainment under agreement with The Walt Disney Company.","description":"It\u2019s time for magic when Disney On Ice comes to your town! Fan favorite Disney stories are retold in new and exciting ways, bringing you into the adventure with world-class ice skating, unexpected stunts, and immersive environments, leading to non-stop fun for the entire family.","robots":{"index":"index","follow":"follow","max-snippet":"max-snippet:-1","max-image-preview":"max-image-preview:large","max-video-preview":"max-video-preview:-1"},"canonical":"https:\/\/www.disneyonice.com\/es-pa\/","og_locale":"es_ES","og_type":"article","og_title":"The Official Site of Disney On Ice | A series of touring ice shows produced by Feld Entertainment under agreement with The Walt Disney Company.","og_description":"It\u2019s time for magic when Disney On Ice comes to your town! Fan favorite Disney stories are retold in new and exciting ways, bringing you into the adventure with world-class ice skating, unexpected stunts, and immersive environments, leading to non-stop fun for the entire family.","og_url":"https:\/\/www.disneyonice.com\/es-pa\/","og_site_name":"The Official Site of Disney On Ice","article_modified_time":"2026-04-15T21:04:41+00:00","og_image":[{"width":861,"height":381,"url":"https:\/\/www.disneyonice.com\/wp-content\/uploads\/2024\/01\/DOI-logo.png","type":"image\/png"}],"twitter_card":"summary_large_image","twitter_misc":{"Est. reading time":"1 minute"},"schema":{"@context":"https:\/\/schema.org","@graph":[{"@type":"WebPage","@id":"https:\/\/www.disneyonice.com\/","url":"https:\/\/www.disneyonice.com\/","name":"The Official Site of Disney On Ice | A series of touring ice shows produced by Feld Entertainment under agreement with The Walt Disney Company.","isPartOf":{"@id":"https:\/\/www.disneyonice.com\/es-cl\/#website"},"datePublished":"2023-07-03T12:23:44+00:00","dateModified":"2026-04-15T21:04:41+00:00","description":"It\u2019s time for magic when Disney On Ice comes to your town! Fan favorite Disney stories are retold in new and exciting ways, bringing you into the adventure with world-class ice skating, unexpected stunts, and immersive environments, leading to non-stop fun for the entire family.","breadcrumb":{"@id":"https:\/\/www.disneyonice.com\/#breadcrumb"},"inLanguage":"es-PA","potentialAction":[{"@type":"ReadAction","target":["https:\/\/www.disneyonice.com\/"]}]},{"@type":"BreadcrumbList","@id":"https:\/\/www.disneyonice.com\/#breadcrumb","itemListElement":[{"@type":"ListItem","position":1,"name":"Home","item":"https:\/\/www.disneyonice.com\/"},{"@type":"ListItem","position":2,"name":"Home"}]},{"@type":"WebSite","@id":"https:\/\/www.disneyonice.com\/es-cl\/#website","url":"https:\/\/www.disneyonice.com\/es-cl\/","name":"The Official Site of Disney On Ice","description":"A series of touring ice shows produced by Feld Entertainment under agreement with The Walt Disney Company.","publisher":{"@id":"https:\/\/www.disneyonice.com\/es-cl\/#organization"},"potentialAction":[{"@type":"SearchAction","target":{"@type":"EntryPoint","urlTemplate":"https:\/\/www.disneyonice.com\/es-cl\/?s={search_term_string}"},"query-input":"required name=search_term_string"}],"inLanguage":"es-PA"},{"@type":"Organization","@id":"https:\/\/www.disneyonice.com\/es-cl\/#organization","name":"Disney On Ice","url":"https:\/\/www.disneyonice.com\/es-cl\/","logo":{"@type":"ImageObject","inLanguage":"es-PA","@id":"https:\/\/www.disneyonice.com\/es-cl\/#\/schema\/logo\/image\/","url":"https:\/\/www.disneyonice.com\/wp-content\/uploads\/2023\/08\/Disney-Check.png","contentUrl":"https:\/\/www.disneyonice.com\/wp-content\/uploads\/2023\/08\/Disney-Check.png","width":100,"height":104,"caption":"Disney On Ice"},"image":{"@id":"https:\/\/www.disneyonice.com\/es-cl\/#\/schema\/logo\/image\/"}}]}},"_links":{"self":[{"href":"https:\/\/www.disneyonice.com\/es-pa\/wp-json\/wp\/v2\/pages\/7"}],"collection":[{"href":"https:\/\/www.disneyonice.com\/es-pa\/wp-json\/wp\/v2\/pages"}],"about":[{"href":"https:\/\/www.disneyonice.com\/es-pa\/wp-json\/wp\/v2\/types\/page"}],"author":[{"embeddable":true,"href":"https:\/\/www.disneyonice.com\/es-pa\/wp-json\/wp\/v2\/users\/1"}],"replies":[{"embeddable":true,"href":"https:\/\/www.disneyonice.com\/es-pa\/wp-json\/wp\/v2\/comments?post=7"}],"version-history":[{"count":4,"href":"https:\/\/www.disneyonice.com\/es-pa\/wp-json\/wp\/v2\/pages\/7\/revisions"}],"predecessor-version":[{"id":20169,"href":"https:\/\/www.disneyonice.com\/es-pa\/wp-json\/wp\/v2\/pages\/7\/revisions\/20169"}],"wp:featuredmedia":[{"embeddable":true,"href":"https:\/\/www.disneyonice.com\/es-pa\/wp-json\/wp\/v2\/media\/7327"}],"wp:attachment":[{"href":"https:\/\/www.disneyonice.com\/es-pa\/wp-json\/wp\/v2\/media?parent=7"}],"curies":[{"name":"wp","href":"https:\/\/api.w.org\/{rel}","templated":true}]}}