{"id":8601,"date":"2024-05-16T10:56:00","date_gmt":"2024-05-16T14:56:00","guid":{"rendered":"https:\/\/www.disneyonice.com\/?page_id=8601"},"modified":"2024-09-02T13:57:54","modified_gmt":"2024-09-02T17:57:54","slug":"magia-en-las-estrellas","status":"publish","type":"page","link":"https:\/\/www.disneyonice.com\/es-mx\/magia-en-las-estrellas\/","title":{"rendered":"Magia en Las Estrellas"},"content":{"rendered":"<div class=\"full\">\n\t<section id=\"felds-block-55673803\" class=\"felds-block felds-video-block felds-video-file\">\n\t\t<div class=\"video-desktop\">\n\t\t\t\t\t\t\t<video autoplay muted loop playsinline\t\t\t\t\t class=\"video-js managed-video\"\n\t\t\t\t\t   poster=\"\"\n\t\t\t\t\t   preload=\"none\"\n\t\t\t\t\t   data-stream-id=\"3db8728ef5a742779ba665d930728ec8\"\n\t\t\t\t\t   data-mp4-url=\"\"\n\t\t\t\t\t   data-viewport=\"desktop\">\n\t\t\t\t\t<!-- Source set dynamically by VideoManager -->\n\t\t\t\t<\/video>\n\t\t\t\t\t<\/div>\n\t\t<div class=\"video-mobile\">\n\t\t\t\t\t\t\t<video autoplay muted loop playsinline\t\t\t\t\t class=\"video-js managed-video\"\n\t\t\t\t\t   poster=\"\"\n\t\t\t\t\t   preload=\"none\"\n\t\t\t\t\t   data-stream-id=\"e97e7acf79053ad37281c4ee8a5acd82\"\n\t\t\t\t\t   data-mp4-url=\"\"\n\t\t\t\t\t   data-viewport=\"mobile\">\n\t\t\t\t\t<!-- Source set dynamically by VideoManager -->\n\t\t\t\t<\/video>\n\t\t\t\t\t<\/div>\n\t\t<div class=\"video-buttons\">\n\t\t\t<img decoding=\"async\" class=\"btn-play\" src=\"https:\/\/www.disneyonice.com\/wp-content\/themes\/disneyonice\/dist\/img\/icon\/video-play.svg\" alt=\"Play\">\n\t\t\t<img decoding=\"async\" class=\"btn-pause\" src=\"https:\/\/www.disneyonice.com\/wp-content\/themes\/disneyonice\/dist\/img\/icon\/video-pause.png\" alt=\"Pause\">\n\t\t<\/div>\n\t\t<a href=\"#felds-block-55673803-mfp\" class=\"link-mfp mfp-inline\"><\/a>\n\t\t<div id=\"felds-block-55673803-mfp\" class=\"video-mfp-content mfp-hide\">\n\t\t\t<div class=\"desktop-only\">\n\t\t\t\t\t\t\t\t\t<video playsinline controls\n\t\t\t\t\t\t class=\"video-js mfp-video managed-video\"\n\t\t\t\t\t\t   poster=\"\"\n\t\t\t\t\t\t   preload=\"none\"\n\t\t\t\t\t\t   data-stream-id=\"3db8728ef5a742779ba665d930728ec8\"\n\t\t\t\t\t\t   data-mp4-url=\"\"\n\t\t\t\t\t\t   data-lazy=\"true\">\n\t\t\t\t\t\t<!-- Source set when lightbox opens -->\n\t\t\t\t\t<\/video>\n\t\t\t\t\t\t\t<\/div>\n\t\t\t<div class=\"mobile-only\">\n\t\t\t\t\t\t\t\t\t<video playsinline controls\n\t\t\t\t\t\t class=\"video-js mfp-video managed-video\"\n\t\t\t\t\t\t   poster=\"\"\n\t\t\t\t\t\t   preload=\"none\"\n\t\t\t\t\t\t   data-stream-id=\"e97e7acf79053ad37281c4ee8a5acd82\"\n\t\t\t\t\t\t   data-mp4-url=\"\"\n\t\t\t\t\t\t   data-lazy=\"true\">\n\t\t\t\t\t\t<!-- Source set when lightbox opens -->\n\t\t\t\t\t<\/video>\n\t\t\t\t\t\t\t<\/div>\n\t\t<\/div>\n\t\t\t<\/section>\n<\/div>\n<script>\n  \/\/ Trigger VideoManager rescan for dynamically loaded content\n  if (window.feldVideoManager) {\n    window.feldVideoManager.rescan();\n  }\n<\/script>\n\n\n\n\n\n<div class=\"full\" id=\"block_f72d8e7a775b1e2a0cb4980fed25b1e5\">\n\t<section class=\"felds-block felds-banner-block banner-large pos-left pos-middle\" style=\"background-color:#0f1f52;\">\n\t\t<div class=\"info align-left below-title\" style=\"width: 50%;\">\n\t\t\t\t\t\t<div class=\"info-title\">\n\t\t\t\tSOBRE EL SHOW\t\t\t<\/div>\n\t\t\t\t\t\t\t\t\t\t\t\t<div class=\"info-content\">\n\t\t\t\t<p>Tracemos un camino a trav\u00e9s del cielo nocturno hacia <em><em>Disney On Ice<\/em><\/em>, \u00a1donde cada historia comienza con un deseo! Experimenta la magia de Frozen 2 y celebra el poder del amor con Elsa, Anna, Olaf y Kristoff.<\/p>\n\t\t\t<\/div>\n\t\t\t\t\t\t\t\t\t<div class=\"info-buttons\">\n\t\t\t                    <a class=\"btn btn-red\" href=\"https:\/\/www.disneyonice.com\/es-mx\/tickets\/\" target=\"\">\n                Comprar Boletos            <\/a>\n              \t\t\t<\/div>\n\t\t\t\t\t<\/div>\n\t\t<div class=\"bg-images\">\n\t\t\t\t\t\t<img decoding=\"async\" class=\"desktop\" src=\"https:\/\/www.disneyonice.com\/wp-content\/uploads\/2024\/05\/D37_DOI.com_Frozen2_BookEndBlade_Desktop_1920x822_R2_RT.png\" alt=\"<em>Disney On Ice<\/em>\" width=\"1920\" height=\"1080\" fetchpriority=\"high\">\n\t\t\t\t\t\t\t\t\t<img decoding=\"async\" loading=\"lazy\" class=\"mobile\" src=\"https:\/\/www.disneyonice.com\/wp-content\/uploads\/2024\/05\/D37_DOI.com_Frozen2_BookEndBlade_Mobile_750x900_R2_RT.jpg\" alt=\"<em>Disney On Ice<\/em>\" width=\"750\" height=\"1334\">\n\t\t\t\t\t<\/div>\n\t\t\t\t\t<\/section>\n\t<\/div>\n\n\n\n\n<div class=\"full\" id=\"block_f5a605fbd37f19cd6a3c1fd85a263983\">\n\t<section class=\"felds-block felds-banner-block banner-large pos-right pos-middle\" style=\"background-color:#0f1f52;\">\n\t\t<div class=\"info align-left below-title\" style=\"width: 45%;\">\n\t\t\t\t\t\t<div class=\"info-title\">\n\t\t\t\tENCANTO\t\t\t<\/div>\n\t\t\t\t\t\t\t\t\t\t\t\t<div class=\"info-content\">\n\t\t\t\t<p>\u00a1Abraza los sue\u00f1os y regalos que llevamos dentro con Mirabel, Luisa, Isabela y tal vez, hasta con Bruno!<\/p>\n\t\t\t<\/div>\n\t\t\t\t\t\t\t\t<\/div>\n\t\t<div class=\"bg-images\">\n\t\t\t\t\t\t<img decoding=\"async\" class=\"desktop\" src=\"https:\/\/www.disneyonice.com\/wp-content\/uploads\/2023\/07\/d37_doi.com_encanto_bookendblade_desktop_l_1920x822_v2_rt.jpg\" alt=\"<em>Disney On Ice<\/em>\" width=\"1920\" height=\"1080\" fetchpriority=\"high\">\n\t\t\t\t\t\t\t\t\t<img decoding=\"async\" loading=\"lazy\" class=\"mobile\" src=\"https:\/\/www.disneyonice.com\/wp-content\/uploads\/2023\/07\/d37_doi.com_encanto_bookendblade_mobile_750x900_v1_rt.jpg\" alt=\"<em>Disney On Ice<\/em>\" width=\"750\" height=\"1334\">\n\t\t\t\t\t<\/div>\n\t\t\t\t\t<\/section>\n\t<\/div>\n\n\n\n\n<div class=\"full\" id=\"block_56ee1e2473f038765aca74166be2f132\">\n\t<section class=\"felds-block felds-banner-block banner-large pos-left pos-middle\" style=\"background-color:#0f1f52;\">\n\t\t<div class=\"info align-left below-title\" style=\"width: 45%;\">\n\t\t\t\t\t\t<div class=\"info-title\">\n\t\t\t\tALADDIN\t\t\t<\/div>\n\t\t\t\t\t\t\t\t\t\t\t\t<div class=\"info-content\">\n\t\t\t\t<p>\u00a1Pide un deseo y ag\u00e1rrate fuerte! Explora los cielos con Aladd\u00edn y Jasmine, y mira c\u00f3mo el Genio se multiplica frente a tus ojos.<\/p>\n\t\t\t<\/div>\n\t\t\t\t\t\t\t\t<\/div>\n\t\t<div class=\"bg-images\">\n\t\t\t\t\t\t<img decoding=\"async\" class=\"desktop\" src=\"https:\/\/www.disneyonice.com\/wp-content\/uploads\/2023\/07\/23734603-_website_blades-1920x822-1.jpg\" alt=\"<em>Disney On Ice<\/em>\" width=\"1920\" height=\"1080\" fetchpriority=\"high\">\n\t\t\t\t\t\t\t\t\t<img decoding=\"async\" loading=\"lazy\" class=\"mobile\" src=\"https:\/\/www.disneyonice.com\/wp-content\/uploads\/2023\/07\/wd37-key1-750x900-rgb-web_ad-aladdin_0.jpg\" alt=\"<em>Disney On Ice<\/em>\" width=\"750\" height=\"1334\">\n\t\t\t\t\t<\/div>\n\t\t\t\t\t<\/section>\n\t<\/div>\n\n\n\n\n<div class=\"full\" id=\"block_e985bacef0f825a520edfbb06cace3df\">\n\t<section class=\"felds-block felds-banner-block banner-large pos-right pos-middle\" style=\"background-color:#0f1f52;\">\n\t\t<div class=\"info align-left below-title\" style=\"width: 40%;\">\n\t\t\t\t\t\t<div class=\"info-title\">\n\t\t\t\tTIANA\t\t\t<\/div>\n\t\t\t\t\t\t\t\t\t\t\t\t<div class=\"info-content\">\n\t\t\t\t<p>Est\u00e1s invitado para adentrarte un poco m\u00e1s y cantar junto a Tiana, mientras sue\u00f1a con tener su propio restaurante.<\/p>\n\t\t\t<\/div>\n\t\t\t\t\t\t\t\t<\/div>\n\t\t<div class=\"bg-images\">\n\t\t\t\t\t\t<img decoding=\"async\" class=\"desktop\" src=\"https:\/\/www.disneyonice.com\/wp-content\/uploads\/2023\/07\/d37_doi.com_tiana_bookendblade_desktop_l_1920x822_v1_rt.jpg\" alt=\"<em>Disney On Ice<\/em>\" width=\"1920\" height=\"1080\" fetchpriority=\"high\">\n\t\t\t\t\t\t\t\t\t<img decoding=\"async\" loading=\"lazy\" class=\"mobile\" src=\"https:\/\/www.disneyonice.com\/wp-content\/uploads\/2023\/07\/d37_doi.com_tiana_bookendblade_mobile_750x900_v1_rt.jpg\" alt=\"<em>Disney On Ice<\/em>\" width=\"750\" height=\"1334\">\n\t\t\t\t\t<\/div>\n\t\t\t\t\t<\/section>\n\t<\/div>\n\n\n\n\n<div class=\"container\">\n\t<section id=\"\" class=\"felds-block felds-gallery-block\">\n\t\t<div class=\"block-top\">\n\t\t\t<div class=\"block-top__title\">PRINCESAS DISNEY <\/div>\n\t\t\t<div class=\"block-top__desc\"><p>Crea encantadores recuerdos con Moana, Rapunzel y m\u00e1s princesas de Disney y sus amigos.<\/p>\n<\/div>\n\t\t<\/div>\n\t\t<div class=\"block-content\">\n\t\t\t\t\t\t\t<script src=\"https:\/\/apps.elfsight.com\/p\/platform.js\" defer=\"defer\"><\/script>\r\n<div class=\"elfsight-app-3641d207-cf89-499c-bd2e-4f165a6d2c23\"> <\/div>\t\t\t\t\t<\/div>\n\t<\/section>\n<\/div>\n\n\n\n\n<div class=\"full\" id=\"block_b540ab086917118a10902cc4855fceac\">\n\t<section class=\"felds-block felds-banner-block banner-large pos-center pos-middle\" style=\"background-color:#0f1f52;\">\n\t\t<div class=\"info align-center below-title\" style=\"width: 35%;\">\n\t\t\t\t\t\t<div class=\"info-title\">\n\t\t\t\tPIXAR\t\t\t<\/div>\n\t\t\t\t\t\t\t\t\t\t\t\t<div class=\"info-content\">\n\t\t\t\t<p>Celebra las inolvidables aventuras de las historias favoritas de Pixar, llevadas a la vida en nuevas formas.<\/p>\n\t\t\t<\/div>\n\t\t\t\t\t\t\t\t<\/div>\n\t\t<div class=\"bg-images\">\n\t\t\t\t\t\t<img decoding=\"async\" class=\"desktop\" src=\"https:\/\/www.disneyonice.com\/wp-content\/uploads\/2023\/07\/d37_doi.com_carstoystory_bookendblade_desktop_1920x822_v2_rt.jpg\" alt=\"<em>Disney On Ice<\/em>\" width=\"1920\" height=\"1080\" fetchpriority=\"high\">\n\t\t\t\t\t\t\t\t\t<img decoding=\"async\" loading=\"lazy\" class=\"mobile\" src=\"https:\/\/www.disneyonice.com\/wp-content\/uploads\/2023\/07\/d37_doi.com_cars_bookendblade_mobile_750x900_v1_rt.jpg\" alt=\"<em>Disney On Ice<\/em>\" width=\"750\" height=\"1334\">\n\t\t\t\t\t<\/div>\n\t\t\t\t\t<\/section>\n\t<\/div>\n\n\n\n\n<div class=\"full\" id=\"block_9d206db0751dd7b17d7a3d21397dd25d\">\n\t<section class=\"felds-block felds-banner-block banner-xlarge pos-left pos-middle\" style=\"background-color:#0b1530;\">\n\t\t<div class=\"info align-left above-title\" style=\"width: 35%;\">\n\t\t\t\t\t\t<div class=\"info-title\">\n\t\t\t\tLLEGA A TU CIUDAD \t\t\t<\/div>\n\t\t\t\t\t\t\t\t\t<div class=\"info-subtitle\">\n\t\t\t\tLA MAGIA\t\t\t<\/div>\n\t\t\t\t\t\t\t\t\t<div class=\"info-content\">\n\t\t\t\t<p>\u00a1Lleva a tu familia y amigos en un viaje maravilloso, donde los deseos s\u00ed se hacen realidad en <em><em>Disney On Ice<\/em><\/em>!<\/p>\n\t\t\t<\/div>\n\t\t\t\t\t\t\t\t\t<div class=\"info-buttons\">\n\t\t\t                    <a class=\"btn btn-red\" href=\"https:\/\/www.disneyonice.com\/es-mx\/tickets\/\" target=\"\">\n                Comprar Boletos            <\/a>\n              \t\t\t<\/div>\n\t\t\t\t\t<\/div>\n\t\t<div class=\"bg-images\">\n\t\t\t\t\t\t<img decoding=\"async\" class=\"desktop\" src=\"https:\/\/www.disneyonice.com\/wp-content\/uploads\/2023\/11\/D37_DOI.com_Asha_BookEndBlade_Desktop_R_1920x822_v1_RT.jpg\" alt=\"<em>Disney On Ice<\/em>\" width=\"1920\" height=\"1080\" fetchpriority=\"high\">\n\t\t\t\t\t\t\t\t\t<img decoding=\"async\" loading=\"lazy\" class=\"mobile\" src=\"https:\/\/www.disneyonice.com\/wp-content\/uploads\/2023\/11\/D37_DOI.com_Asha_BookEndBlade_Mobile_750x900_v1_RT.jpg\" alt=\"<em>Disney On Ice<\/em>\" width=\"750\" height=\"1334\">\n\t\t\t\t\t<\/div>\n\t\t\t\t\t<\/section>\n\t<\/div>\n\n\n\n\n<div class=\"full\">\n\t\t\t<style type=\"text\/css\">\n\t\t\t#felds-meet-cast-block-block_f99365479e96cf01e0465092c7d61b0d {\n\t\t\t\tbackground: #f7b500;\n\t\t\t\tcolor: #FFF;\n\t\t\t}\n\t\t\t\n\t\t\t#felds-meet-cast-block-block_f99365479e96cf01e0465092c7d61b0d .block-content__button .btn {\n\t\t\t\tcolor: #FFF!important;\n\t\t\t\tborder-color: #FFF!important;\n\t\t\t}\n\t\t\t\n\t\t\t#felds-meet-cast-block-block_f99365479e96cf01e0465092c7d61b0d .block-content__button .btn:hover,\n\t\t\t#felds-meet-cast-block-block_f99365479e96cf01e0465092c7d61b0d .block-content__button .btn:focus {\n\t\t\t\tcolor: #000!important;\n\t\t\t\tbackground: #FFF!important;\n\t\t\t\tborder-color: #FFF!important;\n\t\t\t}\t\t\t\n\t\t<\/style>\n\t\t\t<section id=\"felds-meet-cast-block-block_f99365479e96cf01e0465092c7d61b0d\" class=\"felds-block felds-meet-cast-block\">\n\t\t<div class=\"block-content\">\n\t\t\t<div class=\"block-content__title\">\n\t\t\t\t\t\t\t<\/div>\n\t\t\t<div class=\"block-content__button\">\n\t\t\t\t<a class=\"btn btn-white-o\" href=\"https:\/\/www.disneyonice.com\/es-mx\/magia-en-las-estrellas\/cast\/\" target=\"\">\n\t\t\t\t\tCONOCE AL ELENCO \t\t\t\t<\/a>\n\t\t\t<\/div>\n\t\t<\/div>\n\t<\/section>\n<\/div>","protected":false},"excerpt":{"rendered":"","protected":false},"author":6,"featured_media":8619,"parent":0,"menu_order":0,"comment_status":"closed","ping_status":"closed","template":"","meta":{"footnotes":""},"acf":[],"yoast_head":"<!-- This site is optimized with the Yoast SEO plugin v21.4 - https:\/\/yoast.com\/wordpress\/plugins\/seo\/ -->\n<title>Magia en Las Estrellas | The Official Site of Disney On Ice<\/title>\n<meta name=\"description\" content=\"Traza tu rumbo en el cielo nocturno en Disney On Ice... \u00a1donde cada historia comienza con un deseo! Viajaa trav\u00e9s de las historias de Disney de LA CENICIENTA, ALADD\u00cdN, TOY STORY, ENCANTO, FROZEN 2 y MOANA: UN MAR DE AVENTURAS, que cobran vida en formas completamente nuevas. Crea recuerdos encantados con las Princesas de Disney y celebra el debut sobre hielo de Raya y Asha. Puedes alcanzar las estrellas si tan s\u00f3lo lo crees en Disney On Ice: Magia en las Estrellas.\" \/>\n<meta name=\"robots\" content=\"index, follow, max-snippet:-1, max-image-preview:large, max-video-preview:-1\" \/>\n<link rel=\"canonical\" href=\"https:\/\/www.disneyonice.com\/es-mx\/magia-en-las-estrellas\/\" \/>\n<meta property=\"og:locale\" content=\"es_MX\" \/>\n<meta property=\"og:type\" content=\"article\" \/>\n<meta property=\"og:title\" content=\"Magia en Las Estrellas | The Official Site of Disney On Ice\" \/>\n<meta property=\"og:description\" content=\"Traza tu rumbo en el cielo nocturno en Disney On Ice... \u00a1donde cada historia comienza con un deseo! Viajaa trav\u00e9s de las historias de Disney de LA CENICIENTA, ALADD\u00cdN, TOY STORY, ENCANTO, FROZEN 2 y MOANA: UN MAR DE AVENTURAS, que cobran vida en formas completamente nuevas. Crea recuerdos encantados con las Princesas de Disney y celebra el debut sobre hielo de Raya y Asha. Puedes alcanzar las estrellas si tan s\u00f3lo lo crees en Disney On Ice: Magia en las Estrellas.\" \/>\n<meta property=\"og:url\" content=\"https:\/\/www.disneyonice.com\/es-mx\/magia-en-las-estrellas\/\" \/>\n<meta property=\"og:site_name\" content=\"The Official Site of Disney On Ice\" \/>\n<meta property=\"article:modified_time\" content=\"2024-09-02T17:57:54+00:00\" \/>\n<meta property=\"og:image\" content=\"https:\/\/www.disneyonice.com\/wp-content\/uploads\/2024\/04\/LDOI-D37-Raster-RGB-ShowLogo_HORIZ_Light-Background-SPANISH-No-produced-by-line-1024x382.png\" \/>\n\t<meta property=\"og:image:width\" content=\"1024\" \/>\n\t<meta property=\"og:image:height\" content=\"382\" \/>\n\t<meta property=\"og:image:type\" content=\"image\/png\" \/>\n<meta name=\"twitter:card\" content=\"summary_large_image\" \/>\n<script type=\"application\/ld+json\" class=\"yoast-schema-graph\">{\"@context\":\"https:\/\/schema.org\",\"@graph\":[{\"@type\":\"WebPage\",\"@id\":\"https:\/\/www.disneyonice.com\/de-ch\/magia-en-las-estrellas\/\",\"url\":\"https:\/\/www.disneyonice.com\/de-ch\/magia-en-las-estrellas\/\",\"name\":\"Magia en Las Estrellas | The Official Site of Disney On Ice\",\"isPartOf\":{\"@id\":\"https:\/\/www.disneyonice.com\/es-cl\/#website\"},\"datePublished\":\"2024-05-16T14:56:00+00:00\",\"dateModified\":\"2024-09-02T17:57:54+00:00\",\"description\":\"Traza tu rumbo en el cielo nocturno en Disney On Ice... \u00a1donde cada historia comienza con un deseo! Viajaa trav\u00e9s de las historias de Disney de LA CENICIENTA, ALADD\u00cdN, TOY STORY, ENCANTO, FROZEN 2 y MOANA: UN MAR DE AVENTURAS, que cobran vida en formas completamente nuevas. Crea recuerdos encantados con las Princesas de Disney y celebra el debut sobre hielo de Raya y Asha. Puedes alcanzar las estrellas si tan s\u00f3lo lo crees en Disney On Ice: Magia en las Estrellas.\",\"breadcrumb\":{\"@id\":\"https:\/\/www.disneyonice.com\/de-ch\/magia-en-las-estrellas\/#breadcrumb\"},\"inLanguage\":\"es-MX\",\"potentialAction\":[{\"@type\":\"ReadAction\",\"target\":[\"https:\/\/www.disneyonice.com\/de-ch\/magia-en-las-estrellas\/\"]}]},{\"@type\":\"BreadcrumbList\",\"@id\":\"https:\/\/www.disneyonice.com\/de-ch\/magia-en-las-estrellas\/#breadcrumb\",\"itemListElement\":[{\"@type\":\"ListItem\",\"position\":1,\"name\":\"Home\",\"item\":\"https:\/\/www.disneyonice.com\/\"},{\"@type\":\"ListItem\",\"position\":2,\"name\":\"Magia en Las Estrellas\"}]},{\"@type\":\"WebSite\",\"@id\":\"https:\/\/www.disneyonice.com\/es-cl\/#website\",\"url\":\"https:\/\/www.disneyonice.com\/es-cl\/\",\"name\":\"The Official Site of Disney On Ice\",\"description\":\"A series of touring ice shows produced by Feld Entertainment under agreement with The Walt Disney Company.\",\"publisher\":{\"@id\":\"https:\/\/www.disneyonice.com\/es-cl\/#organization\"},\"potentialAction\":[{\"@type\":\"SearchAction\",\"target\":{\"@type\":\"EntryPoint\",\"urlTemplate\":\"https:\/\/www.disneyonice.com\/es-cl\/?s={search_term_string}\"},\"query-input\":\"required name=search_term_string\"}],\"inLanguage\":\"es-MX\"},{\"@type\":\"Organization\",\"@id\":\"https:\/\/www.disneyonice.com\/es-cl\/#organization\",\"name\":\"Disney On Ice\",\"url\":\"https:\/\/www.disneyonice.com\/es-cl\/\",\"logo\":{\"@type\":\"ImageObject\",\"inLanguage\":\"es-MX\",\"@id\":\"https:\/\/www.disneyonice.com\/es-cl\/#\/schema\/logo\/image\/\",\"url\":\"https:\/\/www.disneyonice.com\/wp-content\/uploads\/2023\/08\/Disney-Check.png\",\"contentUrl\":\"https:\/\/www.disneyonice.com\/wp-content\/uploads\/2023\/08\/Disney-Check.png\",\"width\":100,\"height\":104,\"caption\":\"Disney On Ice\"},\"image\":{\"@id\":\"https:\/\/www.disneyonice.com\/es-cl\/#\/schema\/logo\/image\/\"}}]}<\/script>\n<!-- \/ Yoast SEO plugin. -->","yoast_head_json":{"title":"Magia en Las Estrellas | The Official Site of Disney On Ice","description":"Traza tu rumbo en el cielo nocturno en Disney On Ice... \u00a1donde cada historia comienza con un deseo! Viajaa trav\u00e9s de las historias de Disney de LA CENICIENTA, ALADD\u00cdN, TOY STORY, ENCANTO, FROZEN 2 y MOANA: UN MAR DE AVENTURAS, que cobran vida en formas completamente nuevas. Crea recuerdos encantados con las Princesas de Disney y celebra el debut sobre hielo de Raya y Asha. Puedes alcanzar las estrellas si tan s\u00f3lo lo crees en Disney On Ice: Magia en las Estrellas.","robots":{"index":"index","follow":"follow","max-snippet":"max-snippet:-1","max-image-preview":"max-image-preview:large","max-video-preview":"max-video-preview:-1"},"canonical":"https:\/\/www.disneyonice.com\/es-mx\/magia-en-las-estrellas\/","og_locale":"es_MX","og_type":"article","og_title":"Magia en Las Estrellas | The Official Site of Disney On Ice","og_description":"Traza tu rumbo en el cielo nocturno en Disney On Ice... \u00a1donde cada historia comienza con un deseo! Viajaa trav\u00e9s de las historias de Disney de LA CENICIENTA, ALADD\u00cdN, TOY STORY, ENCANTO, FROZEN 2 y MOANA: UN MAR DE AVENTURAS, que cobran vida en formas completamente nuevas. Crea recuerdos encantados con las Princesas de Disney y celebra el debut sobre hielo de Raya y Asha. Puedes alcanzar las estrellas si tan s\u00f3lo lo crees en Disney On Ice: Magia en las Estrellas.","og_url":"https:\/\/www.disneyonice.com\/es-mx\/magia-en-las-estrellas\/","og_site_name":"The Official Site of Disney On Ice","article_modified_time":"2024-09-02T17:57:54+00:00","og_image":[{"width":1024,"height":382,"url":"https:\/\/www.disneyonice.com\/wp-content\/uploads\/2024\/04\/LDOI-D37-Raster-RGB-ShowLogo_HORIZ_Light-Background-SPANISH-No-produced-by-line-1024x382.png","type":"image\/png"}],"twitter_card":"summary_large_image","schema":{"@context":"https:\/\/schema.org","@graph":[{"@type":"WebPage","@id":"https:\/\/www.disneyonice.com\/de-ch\/magia-en-las-estrellas\/","url":"https:\/\/www.disneyonice.com\/de-ch\/magia-en-las-estrellas\/","name":"Magia en Las Estrellas | The Official Site of Disney On Ice","isPartOf":{"@id":"https:\/\/www.disneyonice.com\/es-cl\/#website"},"datePublished":"2024-05-16T14:56:00+00:00","dateModified":"2024-09-02T17:57:54+00:00","description":"Traza tu rumbo en el cielo nocturno en Disney On Ice... \u00a1donde cada historia comienza con un deseo! Viajaa trav\u00e9s de las historias de Disney de LA CENICIENTA, ALADD\u00cdN, TOY STORY, ENCANTO, FROZEN 2 y MOANA: UN MAR DE AVENTURAS, que cobran vida en formas completamente nuevas. Crea recuerdos encantados con las Princesas de Disney y celebra el debut sobre hielo de Raya y Asha. Puedes alcanzar las estrellas si tan s\u00f3lo lo crees en Disney On Ice: Magia en las Estrellas.","breadcrumb":{"@id":"https:\/\/www.disneyonice.com\/de-ch\/magia-en-las-estrellas\/#breadcrumb"},"inLanguage":"es-MX","potentialAction":[{"@type":"ReadAction","target":["https:\/\/www.disneyonice.com\/de-ch\/magia-en-las-estrellas\/"]}]},{"@type":"BreadcrumbList","@id":"https:\/\/www.disneyonice.com\/de-ch\/magia-en-las-estrellas\/#breadcrumb","itemListElement":[{"@type":"ListItem","position":1,"name":"Home","item":"https:\/\/www.disneyonice.com\/"},{"@type":"ListItem","position":2,"name":"Magia en Las Estrellas"}]},{"@type":"WebSite","@id":"https:\/\/www.disneyonice.com\/es-cl\/#website","url":"https:\/\/www.disneyonice.com\/es-cl\/","name":"The Official Site of Disney On Ice","description":"A series of touring ice shows produced by Feld Entertainment under agreement with The Walt Disney Company.","publisher":{"@id":"https:\/\/www.disneyonice.com\/es-cl\/#organization"},"potentialAction":[{"@type":"SearchAction","target":{"@type":"EntryPoint","urlTemplate":"https:\/\/www.disneyonice.com\/es-cl\/?s={search_term_string}"},"query-input":"required name=search_term_string"}],"inLanguage":"es-MX"},{"@type":"Organization","@id":"https:\/\/www.disneyonice.com\/es-cl\/#organization","name":"Disney On Ice","url":"https:\/\/www.disneyonice.com\/es-cl\/","logo":{"@type":"ImageObject","inLanguage":"es-MX","@id":"https:\/\/www.disneyonice.com\/es-cl\/#\/schema\/logo\/image\/","url":"https:\/\/www.disneyonice.com\/wp-content\/uploads\/2023\/08\/Disney-Check.png","contentUrl":"https:\/\/www.disneyonice.com\/wp-content\/uploads\/2023\/08\/Disney-Check.png","width":100,"height":104,"caption":"Disney On Ice"},"image":{"@id":"https:\/\/www.disneyonice.com\/es-cl\/#\/schema\/logo\/image\/"}}]}},"_links":{"self":[{"href":"https:\/\/www.disneyonice.com\/es-mx\/wp-json\/wp\/v2\/pages\/8601"}],"collection":[{"href":"https:\/\/www.disneyonice.com\/es-mx\/wp-json\/wp\/v2\/pages"}],"about":[{"href":"https:\/\/www.disneyonice.com\/es-mx\/wp-json\/wp\/v2\/types\/page"}],"author":[{"embeddable":true,"href":"https:\/\/www.disneyonice.com\/es-mx\/wp-json\/wp\/v2\/users\/6"}],"replies":[{"embeddable":true,"href":"https:\/\/www.disneyonice.com\/es-mx\/wp-json\/wp\/v2\/comments?post=8601"}],"version-history":[{"count":5,"href":"https:\/\/www.disneyonice.com\/es-mx\/wp-json\/wp\/v2\/pages\/8601\/revisions"}],"predecessor-version":[{"id":11321,"href":"https:\/\/www.disneyonice.com\/es-mx\/wp-json\/wp\/v2\/pages\/8601\/revisions\/11321"}],"wp:featuredmedia":[{"embeddable":true,"href":"https:\/\/www.disneyonice.com\/es-mx\/wp-json\/wp\/v2\/media\/8619"}],"wp:attachment":[{"href":"https:\/\/www.disneyonice.com\/es-mx\/wp-json\/wp\/v2\/media?parent=8601"}],"curies":[{"name":"wp","href":"https:\/\/api.w.org\/{rel}","templated":true}]}}