{"id":15334,"date":"2025-05-06T09:42:41","date_gmt":"2025-05-06T13:42:41","guid":{"rendered":"https:\/\/www.disneyonice.com\/?page_id=15334"},"modified":"2025-05-06T10:12:51","modified_gmt":"2025-05-06T14:12:51","slug":"revons-ensemble","status":"publish","type":"page","link":"https:\/\/www.disneyonice.com\/es-es\/revons-ensemble\/","title":{"rendered":"R\u00eavons Ensemble"},"content":{"rendered":"<div class=\"full\">\n\t<section id=\"felds-block-1644903336\" class=\"felds-block felds-nearest-shows-block\">\n\t\t<div class=\"block-content\">\n\t\t\t<div class=\"loader\"><\/div>\n\t\t<\/div>\n\t<\/section>\n\t<script type=\"text\/javascript\">\n\t\tjQuery( document ).ready( function( $ ) {\t\t\t\t\n\t\t\tvar postal_code = $('body').attr('data-postal-code');\t\t\n\t\t\tif (postal_code == '') postal_code = '19019';\n\t\t\t\n\t\t\tif ( postal_code ) {\n\t\t\t\t$.ajax( {\n\t\t\t\t\tmethod: 'POST',\n\t\t\t\t\turl: 'https:\/\/www.disneyonice.com\/wp-admin\/admin-ajax.php',\n\t\t\t\t\tdataType: 'html',\n\t\t\t\t\tdata: {\n\t\t\t\t\t\taction: 'feld_nearest_events_cb',\n\t\t\t\t\t\tpostal_code: postal_code,\n\t\t\t\t\t\tshow: 'DOI-32B',\n\t\t\t\t\t\tcount: 10,\n\t\t\t\t\t\teg_slug: '',\n\t\t\t\t\t\t_ajax_nonce: '4449e80912'\n\t\t\t\t\t\t\n\t\t\t\t\t},\n\t\t\t\t\tsuccess: function( response ) {\n\t\t\t\t\t\t$('.felds-nearest-shows-block .block-content').html( response );\n\t\t\t\t\t\tfelds_board();\n\t\t\t\t\t},\n\t\t\t\t\terror: function() {\n\t\t\t\t\t\tconsole.log('Error occured fetching events!' );\n\t\t\t\t\t}\n\t\t\t\t} );\t\t\t\t\t\t\n\t\t\t}\t\t\t\t\t\t\n\t\t} );\n\t<\/script>\n<\/div>\n\n\n\n<div class=\"full\" id=\"block_b61628adf2f360ce324fec68db6ab4fd\">\n\t<section class=\"felds-block felds-banner-block banner-large pos-right pos-middle\" style=\"background-color:#000000;\">\n\t\t<div class=\"info align-left above-title\" style=\"width: 50%;\">\n\t\t\t\t\t\t<div class=\"info-title\">\n\t\t\t\tREJOIGNEZ L\u2019AVENTURE <br>R\u00caVONS ENSEMBLE !\t\t\t<\/div>\n\t\t\t\t\t\t\t\t\t<div class=\"info-subtitle\">\n\t\t\t\t\u00c0 PROPOS DU SPECTACLE\t\t\t<\/div>\n\t\t\t\t\t\t\t\t\t<div class=\"info-content\">\n\t\t\t\t<p>D\u00e9couvrez pourquoi aucun r\u00eave n&#8217;est trop grand avec <em>Disney Sur Glace<\/em>, o\u00f9 vos histoires Disney pr\u00e9f\u00e9r\u00e9es prennent vie.<\/p>\n\t\t\t<\/div>\n\t\t\t\t\t\t\t\t\t<div class=\"info-buttons\">\n\t\t\t                    <a class=\"btn btn-red\" href=\"https:\/\/www.disneyonice.com\/es-es\/tickets\/\" target=\"\">\n                Compra tus Entradas            <\/a>\n              \t\t\t<\/div>\n\t\t\t\t\t<\/div>\n\t\t<div class=\"bg-images\">\n\t\t\t\t\t\t<img decoding=\"async\" class=\"desktop\" src=\"https:\/\/www.disneyonice.com\/wp-content\/uploads\/2024\/01\/051222_Elsa-2.jpg\" alt=\"<em>Disney On Ice<\/em>\" width=\"1920\" height=\"1080\" fetchpriority=\"high\">\n\t\t\t\t\t\t\t\t\t<img decoding=\"async\" loading=\"lazy\" class=\"mobile\" src=\"https:\/\/www.disneyonice.com\/wp-content\/uploads\/2024\/04\/2154305-doi-d33b-uk_doi.com_mobile_images-750x830-elsa.jpg\" alt=\"<em>Disney On Ice<\/em>\" width=\"750\" height=\"1334\">\n\t\t\t\t\t<\/div>\n\t\t\t\t\t<\/section>\n\t<\/div>\n\n\n\n\n<div class=\"full\" id=\"block_4b27896aa47a3af752812b36b1d69f38\">\n\t<section class=\"felds-block felds-banner-block banner-large pos-left pos-middle\" style=\"background-color:#240062;\">\n\t\t<div class=\"info align-left below-title\" style=\"width: 30%;\">\n\t\t\t\t\t\t<div class=\"info-title\">\n\t\t\t\tCOCO\t\t\t<\/div>\n\t\t\t\t\t\t\t\t\t\t\t\t<div class=\"info-content\">\n\t\t\t\t<p>Chantez avec Miguel de <em>Coco<\/em> alors qu&#8217;il suit la musique de son c\u0153ur.<\/p>\n\t\t\t<\/div>\n\t\t\t\t\t\t\t\t<\/div>\n\t\t<div class=\"bg-images\">\n\t\t\t\t\t\t<img decoding=\"async\" class=\"desktop\" src=\"https:\/\/www.disneyonice.com\/wp-content\/uploads\/2023\/07\/1920x700-coco.jpg\" alt=\"<em>Disney On Ice<\/em>\" width=\"1920\" height=\"1080\" fetchpriority=\"high\">\n\t\t\t\t\t\t\t\t\t<img decoding=\"async\" loading=\"lazy\" class=\"mobile\" src=\"https:\/\/www.disneyonice.com\/wp-content\/uploads\/2023\/07\/miguel-coco-familia-mobile.jpg\" alt=\"<em>Disney On Ice<\/em>\" width=\"750\" height=\"1334\">\n\t\t\t\t\t<\/div>\n\t\t\t\t\t<\/section>\n\t<\/div>\n\n\n\n\n\n\n<div class=\"container\">\n\t<section id=\"\" class=\"felds-block felds-gallery-block\">\n\t\t<div class=\"block-top\">\n\t\t\t<div class=\"block-top__title\">PERSONNAGES FAVORIS<\/div>\n\t\t\t<div class=\"block-top__desc\"><p>C\u00e9l\u00e9brez la magie du courage, de l&#8217;amour et de l&#8217;aventure pr\u00e8s de chez vous avec <em>Disney Sur Glace.<\/em><\/p>\n<\/div>\n\t\t<\/div>\n\t\t<div class=\"block-content\">\n\t\t\t\t\t\t\t<script src=\"https:\/\/apps.elfsight.com\/p\/platform.js\" defer=\"defer\"><\/script>\r\n<div class=\"elfsight-app-cb4011d6-e30f-4bcc-92a9-fe56679ab42c\"> <\/div>\t\t\t\t\t<\/div>\n\t<\/section>\n<\/div>\n\n\n\n\n<div class=\"full\" id=\"block_34e4d6558362038a781a1710ec0a976a\">\n\t<section class=\"felds-block felds-banner-block banner-large pos-right pos-middle\" style=\"background-color:#000a4f;\">\n\t\t<div class=\"info align-left below-title\" style=\"width: 35%;\">\n\t\t\t\t\t\t<div class=\"info-title\">\n\t\t\t\tVAIANA\t\t\t<\/div>\n\t\t\t\t\t\t\t\t\t\t\t\t<div class=\"info-content\">\n\t\t\t\t<p>Naviguez avec Vaiana et Maui jusqu\u2019\u00e0 la terre de Tamatoa pour restituer le c\u0153ur de Te Fiti.<\/p>\n\t\t\t<\/div>\n\t\t\t\t\t\t\t\t<\/div>\n\t\t<div class=\"bg-images\">\n\t\t\t\t\t\t<img decoding=\"async\" class=\"desktop\" src=\"https:\/\/www.disneyonice.com\/wp-content\/uploads\/2023\/07\/moana-wayfinding-canoe-desktop.jpg\" alt=\"<em>Disney On Ice<\/em>\" width=\"1920\" height=\"1080\" fetchpriority=\"high\">\n\t\t\t\t\t\t\t\t\t<img decoding=\"async\" loading=\"lazy\" class=\"mobile\" src=\"https:\/\/www.disneyonice.com\/wp-content\/uploads\/2023\/07\/d30c-about-the-show-moana-mobile.jpg\" alt=\"<em>Disney On Ice<\/em>\" width=\"750\" height=\"1334\">\n\t\t\t\t\t<\/div>\n\t\t\t\t\t<\/section>\n\t<\/div>\n\n\n\n\n<div class=\"full\" id=\"block_66240df1a2b4dd8f6049c8bf5be176ea\">\n\t<section class=\"felds-block felds-banner-block banner-xlarge pos-left pos-middle\" style=\"background-color:#0e0b16;\">\n\t\t<div class=\"info align-left above-title\" style=\"width: 35%;\">\n\t\t\t\t\t\t<div class=\"info-title\">\n\t\t\t\tARRIVE DANS VOTRE VILL\t\t\t<\/div>\n\t\t\t\t\t\t\t\t\t<div class=\"info-subtitle\">\n\t\t\t\tLA MAGIE\t\t\t<\/div>\n\t\t\t\t\t\t\t\t\t\t\t\t<div class=\"info-buttons\">\n\t\t\t                    <a class=\"btn btn-red\" href=\"https:\/\/www.disneyonice.com\/es-es\/tickets\/\" target=\"\">\n                Compra tus Entradas            <\/a>\n              \t\t\t<\/div>\n\t\t\t\t\t<\/div>\n\t\t<div class=\"bg-images\">\n\t\t\t\t\t\t<img decoding=\"async\" class=\"desktop\" src=\"https:\/\/www.disneyonice.com\/wp-content\/uploads\/2023\/07\/6_Mickey.jpg\" alt=\"<em>Disney On Ice<\/em>\" width=\"1920\" height=\"1080\" fetchpriority=\"high\">\n\t\t\t\t\t\t\t\t\t<img decoding=\"async\" loading=\"lazy\" class=\"mobile\" src=\"https:\/\/www.disneyonice.com\/wp-content\/uploads\/2023\/07\/2154305-doi-d33b-uk_doi.com_mobile_images-750x830-mickey_6.jpg\" alt=\"<em>Disney On Ice<\/em>\" width=\"750\" height=\"1334\">\n\t\t\t\t\t<\/div>\n\t\t\t\t\t<\/section>\n\t<\/div>\n\n\n\n\n<div class=\"full\">\n\t\t\t<style type=\"text\/css\">\n\t\t\t#felds-meet-cast-block-block_c8807b883e9a544ec4f17737a392fb03 {\n\t\t\t\tbackground: #f7b500;\n\t\t\t\tcolor: #FFF;\n\t\t\t}\n\t\t\t\n\t\t\t#felds-meet-cast-block-block_c8807b883e9a544ec4f17737a392fb03 .block-content__button .btn {\n\t\t\t\tcolor: #FFF!important;\n\t\t\t\tborder-color: #FFF!important;\n\t\t\t}\n\t\t\t\n\t\t\t#felds-meet-cast-block-block_c8807b883e9a544ec4f17737a392fb03 .block-content__button .btn:hover,\n\t\t\t#felds-meet-cast-block-block_c8807b883e9a544ec4f17737a392fb03 .block-content__button .btn:focus {\n\t\t\t\tcolor: #000!important;\n\t\t\t\tbackground: #FFF!important;\n\t\t\t\tborder-color: #FFF!important;\n\t\t\t}\t\t\t\n\t\t<\/style>\n\t\t\t<section id=\"felds-meet-cast-block-block_c8807b883e9a544ec4f17737a392fb03\" class=\"felds-block felds-meet-cast-block\">\n\t\t<div class=\"block-content\">\n\t\t\t<div class=\"block-content__title\">\n\t\t\t\t\t\t\t<\/div>\n\t\t\t<div class=\"block-content__button\">\n\t\t\t\t<a class=\"btn btn-white-o\" href=\"https:\/\/www.disneyonice.com\/es-es\/revons-ensemble\/cast\/\" target=\"\">\n\t\t\t\t\tRencontrez le casting\t\t\t\t<\/a>\n\t\t\t<\/div>\n\t\t<\/div>\n\t<\/section>\n<\/div>","protected":false},"excerpt":{"rendered":"","protected":false},"author":10,"featured_media":7307,"parent":0,"menu_order":0,"comment_status":"closed","ping_status":"closed","template":"","meta":{"footnotes":""},"acf":[],"yoast_head":"<!-- This site is optimized with the Yoast SEO plugin v21.4 - https:\/\/yoast.com\/wordpress\/plugins\/seo\/ -->\n<title>R\u00eavons Ensemble | The Official Site of Disney On Ice<\/title>\n<meta name=\"description\" content=\"No dream is too big at Disney On Ice presents Into the Magic! Seek adventure in the great wide somewhere with Belle, experience Moana\u2019s journey to save her island, and sing-along with Miguel from Coco. Be inspired by Anna\u2019s devotion to her sister Elsa and watch Rapunzel and Flynn go to great lengths to fulfill her dream. Celebrate the magic of courage, love and adventure at Disney On Ice!\" \/>\n<meta name=\"robots\" content=\"index, follow, max-snippet:-1, max-image-preview:large, max-video-preview:-1\" \/>\n<link rel=\"canonical\" href=\"https:\/\/www.disneyonice.com\/es-es\/revons-ensemble\/\" \/>\n<meta property=\"og:locale\" content=\"es_ES\" \/>\n<meta property=\"og:type\" content=\"article\" \/>\n<meta property=\"og:title\" content=\"R\u00eavons Ensemble | The Official Site of Disney On Ice\" \/>\n<meta property=\"og:description\" content=\"No dream is too big at Disney On Ice presents Into the Magic! Seek adventure in the great wide somewhere with Belle, experience Moana\u2019s journey to save her island, and sing-along with Miguel from Coco. Be inspired by Anna\u2019s devotion to her sister Elsa and watch Rapunzel and Flynn go to great lengths to fulfill her dream. Celebrate the magic of courage, love and adventure at Disney On Ice!\" \/>\n<meta property=\"og:url\" content=\"https:\/\/www.disneyonice.com\/es-es\/revons-ensemble\/\" \/>\n<meta property=\"og:site_name\" content=\"The Official Site of Disney On Ice\" \/>\n<meta property=\"article:modified_time\" content=\"2025-05-06T14:12:51+00:00\" \/>\n<meta property=\"og:image\" content=\"https:\/\/www.disneyonice.com\/wp-content\/uploads\/2024\/01\/D32B-Show-Logo-No-produced-by-line.png\" \/>\n\t<meta property=\"og:image:width\" content=\"1200\" \/>\n\t<meta property=\"og:image:height\" content=\"720\" \/>\n\t<meta property=\"og:image:type\" content=\"image\/png\" \/>\n<meta name=\"twitter:card\" content=\"summary_large_image\" \/>\n<script type=\"application\/ld+json\" class=\"yoast-schema-graph\">{\"@context\":\"https:\/\/schema.org\",\"@graph\":[{\"@type\":\"WebPage\",\"@id\":\"https:\/\/www.disneyonice.com\/en-nz\/revons-ensemble\/\",\"url\":\"https:\/\/www.disneyonice.com\/en-nz\/revons-ensemble\/\",\"name\":\"R\u00eavons Ensemble | The Official Site of Disney On Ice\",\"isPartOf\":{\"@id\":\"https:\/\/www.disneyonice.com\/es-cl\/#website\"},\"datePublished\":\"2025-05-06T13:42:41+00:00\",\"dateModified\":\"2025-05-06T14:12:51+00:00\",\"description\":\"No dream is too big at Disney On Ice presents Into the Magic! Seek adventure in the great wide somewhere with Belle, experience Moana\u2019s journey to save her island, and sing-along with Miguel from Coco. Be inspired by Anna\u2019s devotion to her sister Elsa and watch Rapunzel and Flynn go to great lengths to fulfill her dream. Celebrate the magic of courage, love and adventure at Disney On Ice!\",\"breadcrumb\":{\"@id\":\"https:\/\/www.disneyonice.com\/en-nz\/revons-ensemble\/#breadcrumb\"},\"inLanguage\":\"es-ES\",\"potentialAction\":[{\"@type\":\"ReadAction\",\"target\":[\"https:\/\/www.disneyonice.com\/en-nz\/revons-ensemble\/\"]}]},{\"@type\":\"BreadcrumbList\",\"@id\":\"https:\/\/www.disneyonice.com\/en-nz\/revons-ensemble\/#breadcrumb\",\"itemListElement\":[{\"@type\":\"ListItem\",\"position\":1,\"name\":\"Home\",\"item\":\"https:\/\/www.disneyonice.com\/\"},{\"@type\":\"ListItem\",\"position\":2,\"name\":\"R\u00eavons Ensemble\"}]},{\"@type\":\"WebSite\",\"@id\":\"https:\/\/www.disneyonice.com\/es-cl\/#website\",\"url\":\"https:\/\/www.disneyonice.com\/es-cl\/\",\"name\":\"The Official Site of Disney On Ice\",\"description\":\"A series of touring ice shows produced by Feld Entertainment under agreement with The Walt Disney Company.\",\"publisher\":{\"@id\":\"https:\/\/www.disneyonice.com\/es-cl\/#organization\"},\"potentialAction\":[{\"@type\":\"SearchAction\",\"target\":{\"@type\":\"EntryPoint\",\"urlTemplate\":\"https:\/\/www.disneyonice.com\/es-cl\/?s={search_term_string}\"},\"query-input\":\"required name=search_term_string\"}],\"inLanguage\":\"es-ES\"},{\"@type\":\"Organization\",\"@id\":\"https:\/\/www.disneyonice.com\/es-cl\/#organization\",\"name\":\"Disney On Ice\",\"url\":\"https:\/\/www.disneyonice.com\/es-cl\/\",\"logo\":{\"@type\":\"ImageObject\",\"inLanguage\":\"es-ES\",\"@id\":\"https:\/\/www.disneyonice.com\/es-cl\/#\/schema\/logo\/image\/\",\"url\":\"https:\/\/www.disneyonice.com\/wp-content\/uploads\/2023\/08\/Disney-Check.png\",\"contentUrl\":\"https:\/\/www.disneyonice.com\/wp-content\/uploads\/2023\/08\/Disney-Check.png\",\"width\":100,\"height\":104,\"caption\":\"Disney On Ice\"},\"image\":{\"@id\":\"https:\/\/www.disneyonice.com\/es-cl\/#\/schema\/logo\/image\/\"}}]}<\/script>\n<!-- \/ Yoast SEO plugin. -->","yoast_head_json":{"title":"R\u00eavons Ensemble | The Official Site of Disney On Ice","description":"No dream is too big at Disney On Ice presents Into the Magic! Seek adventure in the great wide somewhere with Belle, experience Moana\u2019s journey to save her island, and sing-along with Miguel from Coco. Be inspired by Anna\u2019s devotion to her sister Elsa and watch Rapunzel and Flynn go to great lengths to fulfill her dream. Celebrate the magic of courage, love and adventure at Disney On Ice!","robots":{"index":"index","follow":"follow","max-snippet":"max-snippet:-1","max-image-preview":"max-image-preview:large","max-video-preview":"max-video-preview:-1"},"canonical":"https:\/\/www.disneyonice.com\/es-es\/revons-ensemble\/","og_locale":"es_ES","og_type":"article","og_title":"R\u00eavons Ensemble | The Official Site of Disney On Ice","og_description":"No dream is too big at Disney On Ice presents Into the Magic! Seek adventure in the great wide somewhere with Belle, experience Moana\u2019s journey to save her island, and sing-along with Miguel from Coco. Be inspired by Anna\u2019s devotion to her sister Elsa and watch Rapunzel and Flynn go to great lengths to fulfill her dream. Celebrate the magic of courage, love and adventure at Disney On Ice!","og_url":"https:\/\/www.disneyonice.com\/es-es\/revons-ensemble\/","og_site_name":"The Official Site of Disney On Ice","article_modified_time":"2025-05-06T14:12:51+00:00","og_image":[{"width":1200,"height":720,"url":"https:\/\/www.disneyonice.com\/wp-content\/uploads\/2024\/01\/D32B-Show-Logo-No-produced-by-line.png","type":"image\/png"}],"twitter_card":"summary_large_image","schema":{"@context":"https:\/\/schema.org","@graph":[{"@type":"WebPage","@id":"https:\/\/www.disneyonice.com\/en-nz\/revons-ensemble\/","url":"https:\/\/www.disneyonice.com\/en-nz\/revons-ensemble\/","name":"R\u00eavons Ensemble | The Official Site of Disney On Ice","isPartOf":{"@id":"https:\/\/www.disneyonice.com\/es-cl\/#website"},"datePublished":"2025-05-06T13:42:41+00:00","dateModified":"2025-05-06T14:12:51+00:00","description":"No dream is too big at Disney On Ice presents Into the Magic! Seek adventure in the great wide somewhere with Belle, experience Moana\u2019s journey to save her island, and sing-along with Miguel from Coco. Be inspired by Anna\u2019s devotion to her sister Elsa and watch Rapunzel and Flynn go to great lengths to fulfill her dream. Celebrate the magic of courage, love and adventure at Disney On Ice!","breadcrumb":{"@id":"https:\/\/www.disneyonice.com\/en-nz\/revons-ensemble\/#breadcrumb"},"inLanguage":"es-ES","potentialAction":[{"@type":"ReadAction","target":["https:\/\/www.disneyonice.com\/en-nz\/revons-ensemble\/"]}]},{"@type":"BreadcrumbList","@id":"https:\/\/www.disneyonice.com\/en-nz\/revons-ensemble\/#breadcrumb","itemListElement":[{"@type":"ListItem","position":1,"name":"Home","item":"https:\/\/www.disneyonice.com\/"},{"@type":"ListItem","position":2,"name":"R\u00eavons Ensemble"}]},{"@type":"WebSite","@id":"https:\/\/www.disneyonice.com\/es-cl\/#website","url":"https:\/\/www.disneyonice.com\/es-cl\/","name":"The Official Site of Disney On Ice","description":"A series of touring ice shows produced by Feld Entertainment under agreement with The Walt Disney Company.","publisher":{"@id":"https:\/\/www.disneyonice.com\/es-cl\/#organization"},"potentialAction":[{"@type":"SearchAction","target":{"@type":"EntryPoint","urlTemplate":"https:\/\/www.disneyonice.com\/es-cl\/?s={search_term_string}"},"query-input":"required name=search_term_string"}],"inLanguage":"es-ES"},{"@type":"Organization","@id":"https:\/\/www.disneyonice.com\/es-cl\/#organization","name":"Disney On Ice","url":"https:\/\/www.disneyonice.com\/es-cl\/","logo":{"@type":"ImageObject","inLanguage":"es-ES","@id":"https:\/\/www.disneyonice.com\/es-cl\/#\/schema\/logo\/image\/","url":"https:\/\/www.disneyonice.com\/wp-content\/uploads\/2023\/08\/Disney-Check.png","contentUrl":"https:\/\/www.disneyonice.com\/wp-content\/uploads\/2023\/08\/Disney-Check.png","width":100,"height":104,"caption":"Disney On Ice"},"image":{"@id":"https:\/\/www.disneyonice.com\/es-cl\/#\/schema\/logo\/image\/"}}]}},"_links":{"self":[{"href":"https:\/\/www.disneyonice.com\/es-es\/wp-json\/wp\/v2\/pages\/15334"}],"collection":[{"href":"https:\/\/www.disneyonice.com\/es-es\/wp-json\/wp\/v2\/pages"}],"about":[{"href":"https:\/\/www.disneyonice.com\/es-es\/wp-json\/wp\/v2\/types\/page"}],"author":[{"embeddable":true,"href":"https:\/\/www.disneyonice.com\/es-es\/wp-json\/wp\/v2\/users\/10"}],"replies":[{"embeddable":true,"href":"https:\/\/www.disneyonice.com\/es-es\/wp-json\/wp\/v2\/comments?post=15334"}],"version-history":[{"count":5,"href":"https:\/\/www.disneyonice.com\/es-es\/wp-json\/wp\/v2\/pages\/15334\/revisions"}],"predecessor-version":[{"id":15352,"href":"https:\/\/www.disneyonice.com\/es-es\/wp-json\/wp\/v2\/pages\/15334\/revisions\/15352"}],"wp:featuredmedia":[{"embeddable":true,"href":"https:\/\/www.disneyonice.com\/es-es\/wp-json\/wp\/v2\/media\/7307"}],"wp:attachment":[{"href":"https:\/\/www.disneyonice.com\/es-es\/wp-json\/wp\/v2\/media?parent=15334"}],"curies":[{"name":"wp","href":"https:\/\/api.w.org\/{rel}","templated":true}]}}