{"id":13,"date":"2023-07-03T08:25:09","date_gmt":"2023-07-03T08:25:09","guid":{"rendered":"http:\/\/projects.45press.com\/disneyonice\/?page_id=13"},"modified":"2026-01-02T10:46:03","modified_gmt":"2026-01-02T15:46:03","slug":"into-the-magic","status":"publish","type":"page","link":"https:\/\/www.disneyonice.com\/es-es\/into-the-magic\/","title":{"rendered":"vive tus sue\u00f1os"},"content":{"rendered":"<div class=\"full\">\n\t<section id=\"felds-block-374481381\" class=\"felds-block felds-video-block felds-video-file\">\n\t\t<div class=\"video-desktop\">\n\t\t\t\t\t\t\t<video autoplay muted loop playsinline\t\t\t\t\t class=\"video-js managed-video\"\n\t\t\t\t\t   poster=\"\"\n\t\t\t\t\t   preload=\"none\"\n\t\t\t\t\t   data-stream-id=\"ff3c600db2751a70d1a728d38e52ea9f\"\n\t\t\t\t\t   data-mp4-url=\"\"\n\t\t\t\t\t   data-viewport=\"desktop\">\n\t\t\t\t\t<!-- Source set dynamically by VideoManager -->\n\t\t\t\t<\/video>\n\t\t\t\t\t<\/div>\n\t\t<div class=\"video-mobile\">\n\t\t\t\t\t\t\t<video autoplay muted loop playsinline\t\t\t\t\t class=\"video-js managed-video\"\n\t\t\t\t\t   poster=\"\"\n\t\t\t\t\t   preload=\"none\"\n\t\t\t\t\t   data-stream-id=\"8ae355bccaa58175402183a48b5d28f4\"\n\t\t\t\t\t   data-mp4-url=\"\"\n\t\t\t\t\t   data-viewport=\"mobile\">\n\t\t\t\t\t<!-- Source set dynamically by VideoManager -->\n\t\t\t\t<\/video>\n\t\t\t\t\t<\/div>\n\t\t<div class=\"video-buttons\">\n\t\t\t<img decoding=\"async\" class=\"btn-play\" src=\"https:\/\/www.disneyonice.com\/wp-content\/themes\/disneyonice\/dist\/img\/icon\/video-play.svg\" alt=\"Play\">\n\t\t\t<img decoding=\"async\" class=\"btn-pause\" src=\"https:\/\/www.disneyonice.com\/wp-content\/themes\/disneyonice\/dist\/img\/icon\/video-pause.png\" alt=\"Pause\">\n\t\t<\/div>\n\t\t<a href=\"#felds-block-374481381-mfp\" class=\"link-mfp mfp-inline\"><\/a>\n\t\t<div id=\"felds-block-374481381-mfp\" class=\"video-mfp-content mfp-hide\">\n\t\t\t<div class=\"desktop-only\">\n\t\t\t\t\t\t\t\t\t<video playsinline controls\n\t\t\t\t\t\t class=\"video-js mfp-video managed-video\"\n\t\t\t\t\t\t   poster=\"\"\n\t\t\t\t\t\t   preload=\"none\"\n\t\t\t\t\t\t   data-stream-id=\"ff3c600db2751a70d1a728d38e52ea9f\"\n\t\t\t\t\t\t   data-mp4-url=\"\"\n\t\t\t\t\t\t   data-lazy=\"true\">\n\t\t\t\t\t\t<!-- Source set when lightbox opens -->\n\t\t\t\t\t<\/video>\n\t\t\t\t\t\t\t<\/div>\n\t\t\t<div class=\"mobile-only\">\n\t\t\t\t\t\t\t\t\t<video playsinline controls\n\t\t\t\t\t\t class=\"video-js mfp-video managed-video\"\n\t\t\t\t\t\t   poster=\"\"\n\t\t\t\t\t\t   preload=\"none\"\n\t\t\t\t\t\t   data-stream-id=\"8ae355bccaa58175402183a48b5d28f4\"\n\t\t\t\t\t\t   data-mp4-url=\"\"\n\t\t\t\t\t\t   data-lazy=\"true\">\n\t\t\t\t\t\t<!-- Source set when lightbox opens -->\n\t\t\t\t\t<\/video>\n\t\t\t\t\t\t\t<\/div>\n\t\t<\/div>\n\t\t\t<\/section>\n<\/div>\n<script>\n  \/\/ Trigger VideoManager rescan for dynamically loaded content\n  if (window.feldVideoManager) {\n    window.feldVideoManager.rescan();\n  }\n<\/script>\n\n\n\n\n\n\n\n<div class=\"full\">\n\t<section id=\"felds-block-951703872\" class=\"felds-block felds-nearest-shows-block\">\n\t\t<div class=\"block-content\">\n\t\t\t<div class=\"loader\"><\/div>\n\t\t<\/div>\n\t<\/section>\n\t<script type=\"text\/javascript\">\n\t\tjQuery( document ).ready( function( $ ) {\t\t\t\t\n\t\t\tvar postal_code = $('body').attr('data-postal-code');\t\t\n\t\t\tif (postal_code == '') postal_code = '19019';\n\t\t\t\n\t\t\tif ( postal_code ) {\n\t\t\t\t$.ajax( {\n\t\t\t\t\tmethod: 'POST',\n\t\t\t\t\turl: 'https:\/\/www.disneyonice.com\/wp-admin\/admin-ajax.php',\n\t\t\t\t\tdataType: 'html',\n\t\t\t\t\tdata: {\n\t\t\t\t\t\taction: 'feld_nearest_events_cb',\n\t\t\t\t\t\tpostal_code: postal_code,\n\t\t\t\t\t\tshow: 'DOI-32B',\n\t\t\t\t\t\tcount: 8,\n\t\t\t\t\t\teg_slug: '',\n\t\t\t\t\t\t_ajax_nonce: 'f0705a927c'\n\t\t\t\t\t\t\n\t\t\t\t\t},\n\t\t\t\t\tsuccess: function( response ) {\n\t\t\t\t\t\t$('.felds-nearest-shows-block .block-content').html( response );\n\t\t\t\t\t\tfelds_board();\n\t\t\t\t\t},\n\t\t\t\t\terror: function() {\n\t\t\t\t\t\tconsole.log('Error occured fetching events!' );\n\t\t\t\t\t}\n\t\t\t\t} );\t\t\t\t\t\t\n\t\t\t}\t\t\t\t\t\t\n\t\t} );\n\t<\/script>\n<\/div>\n\n\n\n\n\n<div class=\"full\" id=\"block_b3f833aa2be2cf177b6f2413b2990718\">\n\t<section class=\"felds-block felds-banner-block banner-large pos-right pos-middle\" style=\"background-color:#000000;\">\n\t\t<div class=\"info align-left above-title\" style=\"width: 50%;\">\n\t\t\t\t\t\t<div class=\"info-title translation-block\">\u00a1\u00daNETE A LA AVENTURA<br>\nY DESCUBRE LA MAGIA!<\/div>\n\t\t\t\t\t\t\t\t\t<div class=\"info-subtitle\">\n\t\t\t\tSOBRE EL SHOW\t\t\t<\/div>\n\t\t\t\t\t\t\t\t\t<div class=\"info-content\">\n\t\t\t\t<p class=\" translation-block\">Descubre por qu\u00e9 ning\u00fan sue\u00f1o es demasiado grande en <em> Disney On Ice, <\/em> cuando tus historias favoritas de  Disney cobran vida a trav\u00e9s de un espect\u00e1culo de patinaje sobre hielo de primer nivel<\/p>\n\t\t\t<\/div>\n\t\t\t\t\t\t\t\t\t<div class=\"info-buttons\">\n\t\t\t                    <a class=\"btn btn-red\" href=\"https:\/\/www.disneyonice.com\/es-es\/tickets\/\" target=\"\">\n                Compra tus Entradas            <\/a>\n              \t\t\t<\/div>\n\t\t\t\t\t<\/div>\n\t\t<div class=\"bg-images\">\n\t\t\t\t\t\t<img decoding=\"async\" class=\"desktop\" src=\"https:\/\/www.disneyonice.com\/wp-content\/uploads\/2024\/01\/051222_Elsa-2.jpg\" alt=\"<em>Disney On Ice<\/em>\" width=\"1920\" height=\"1080\" fetchpriority=\"high\">\n\t\t\t\t\t\t\t\t\t<img decoding=\"async\" loading=\"lazy\" class=\"mobile\" src=\"https:\/\/www.disneyonice.com\/wp-content\/uploads\/2024\/04\/2154305-doi-d33b-uk_doi.com_mobile_images-750x830-elsa.jpg\" alt=\"<em>Disney On Ice<\/em>\" width=\"750\" height=\"1334\">\n\t\t\t\t\t<\/div>\n\t\t\t\t\t<\/section>\n\t<\/div>\n\n\n\n\n\n\n<div class=\"full\" id=\"block_e3e6cf8173eb1040da3c98d235a45de0\">\n\t<section class=\"felds-block felds-banner-block banner-large pos-left pos-middle\" style=\"background-color:#240062;\">\n\t\t<div class=\"info align-left below-title\" style=\"width: 30%;\">\n\t\t\t\t\t\t<div class=\"info-title\">\n\t\t\t\tCOCO\t\t\t<\/div>\n\t\t\t\t\t\t\t\t\t\t\t\t<div class=\"info-content\">\n\t\t\t\t<p class=\" translation-block\">Canta junto a Miguel de <em> Coco <\/em> mientras sigue la m\u00fasica de su coraz\u00f3n.<\/p>\n\t\t\t<\/div>\n\t\t\t\t\t\t\t\t<\/div>\n\t\t<div class=\"bg-images\">\n\t\t\t\t\t\t<img decoding=\"async\" class=\"desktop\" src=\"https:\/\/www.disneyonice.com\/wp-content\/uploads\/2023\/07\/1920x700-coco.jpg\" alt=\"<em>Disney On Ice<\/em>\" width=\"1920\" height=\"1080\" fetchpriority=\"high\">\n\t\t\t\t\t\t\t\t\t<img decoding=\"async\" loading=\"lazy\" class=\"mobile\" src=\"https:\/\/www.disneyonice.com\/wp-content\/uploads\/2023\/07\/miguel-coco-familia-mobile.jpg\" alt=\"<em>Disney On Ice<\/em>\" width=\"750\" height=\"1334\">\n\t\t\t\t\t<\/div>\n\t\t\t\t\t<\/section>\n\t<\/div>\n\n\n\n\n\n\n<div class=\"container\">\n\t<section id=\"\" class=\"felds-block felds-gallery-block\">\n\t\t<div class=\"block-top\">\n\t\t\t<div class=\"block-top__title\">PERSONAJES QUERIDOS<\/div>\n\t\t\t<div class=\"block-top__desc\"><p class=\" translation-block\">Celebra la magia del coraje, el amor y la aventura cuando <em> Disney On Ice <\/em> patine en tu ciudad m\u00e1s cercana.<\/p>\n<\/div>\n\t\t<\/div>\n\t\t<div class=\"block-content\">\n\t\t\t\t\t\t\t<script src=\"https:\/\/apps.elfsight.com\/p\/platform.js\" defer=\"defer\"><\/script>\r\n<div class=\"elfsight-app-cb4011d6-e30f-4bcc-92a9-fe56679ab42c\"> <\/div>\t\t\t\t\t<\/div>\n\t<\/section>\n<\/div>\n\n\n\n\n\n\n<div class=\"full\" id=\"block_8537d61c71da5ed235c79aa50a689f20\">\n\t<section class=\"felds-block felds-banner-block banner-large pos-right pos-middle\" style=\"background-color:#000a4f;\">\n\t\t<div class=\"info align-left below-title\" style=\"width: 35%;\">\n\t\t\t\t\t\t<div class=\"info-title\">\n\t\t\t\tMOANA\t\t\t<\/div>\n\t\t\t\t\t\t\t\t\t\t\t\t<div class=\"info-content\">\n\t\t\t\t<p>Vive el viaje de Moana y Maui a la tierra de Tamatoa y su misi\u00f3n de devolver el coraz\u00f3n de Te Fiti.<\/p>\n\t\t\t<\/div>\n\t\t\t\t\t\t\t\t<\/div>\n\t\t<div class=\"bg-images\">\n\t\t\t\t\t\t<img decoding=\"async\" class=\"desktop\" src=\"https:\/\/www.disneyonice.com\/wp-content\/uploads\/2023\/07\/moana-wayfinding-canoe-desktop.jpg\" alt=\"<em>Disney On Ice<\/em>\" width=\"1920\" height=\"1080\" fetchpriority=\"high\">\n\t\t\t\t\t\t\t\t\t<img decoding=\"async\" loading=\"lazy\" class=\"mobile\" src=\"https:\/\/www.disneyonice.com\/wp-content\/uploads\/2023\/07\/d30c-about-the-show-moana-mobile.jpg\" alt=\"<em>Disney On Ice<\/em>\" width=\"750\" height=\"1334\">\n\t\t\t\t\t<\/div>\n\t\t\t\t\t<\/section>\n\t<\/div>\n\n\n\n\n\n\n<div class=\"full\" id=\"block_c197e282dc07240f8cf3ac76048fba43\">\n\t<section class=\"felds-block felds-banner-block banner-xlarge pos-left pos-middle\" style=\"background-color:#0e0b16;\">\n\t\t<div class=\"info align-left above-title\" style=\"width: 35%;\">\n\t\t\t\t\t\t<div class=\"info-title translation-block\">EST\u00c1 M\u00c1S CERCA DE LO QUE TE IMAGINAS!<\/div>\n\t\t\t\t\t\t\t\t\t<div class=\"info-subtitle\">\n\t\t\t\t\u00a1LA MAGIA\t\t\t<\/div>\n\t\t\t\t\t\t\t\t\t\t\t\t<div class=\"info-buttons\">\n\t\t\t                    <a class=\"btn btn-red\" href=\"https:\/\/www.disneyonice.com\/es-es\/tickets\/\" target=\"\">\n                Compra tus Entradas            <\/a>\n              \t\t\t<\/div>\n\t\t\t\t\t<\/div>\n\t\t<div class=\"bg-images\">\n\t\t\t\t\t\t<img decoding=\"async\" class=\"desktop\" src=\"https:\/\/www.disneyonice.com\/wp-content\/uploads\/2023\/07\/6_Mickey.jpg\" alt=\"<em>Disney On Ice<\/em>\" width=\"1920\" height=\"1080\" fetchpriority=\"high\">\n\t\t\t\t\t\t\t\t\t<img decoding=\"async\" loading=\"lazy\" class=\"mobile\" src=\"https:\/\/www.disneyonice.com\/wp-content\/uploads\/2023\/07\/2154305-doi-d33b-uk_doi.com_mobile_images-750x830-mickey_6.jpg\" alt=\"<em>Disney On Ice<\/em>\" width=\"750\" height=\"1334\">\n\t\t\t\t\t<\/div>\n\t\t\t\t\t<\/section>\n\t<\/div>\n\n\n\n\n\n\n<div class=\"full\">\n\t\t\t<style type=\"text\/css\">\n\t\t\t#felds-meet-cast-block-block_799934590f51dc3f9082b0bb21cb9641 {\n\t\t\t\tbackground: #f7b500;\n\t\t\t\tcolor: #FFF;\n\t\t\t}\n\t\t\t\n\t\t\t#felds-meet-cast-block-block_799934590f51dc3f9082b0bb21cb9641 .block-content__button .btn {\n\t\t\t\tcolor: #FFF!important;\n\t\t\t\tborder-color: #FFF!important;\n\t\t\t}\n\t\t\t\n\t\t\t#felds-meet-cast-block-block_799934590f51dc3f9082b0bb21cb9641 .block-content__button .btn:hover,\n\t\t\t#felds-meet-cast-block-block_799934590f51dc3f9082b0bb21cb9641 .block-content__button .btn:focus {\n\t\t\t\tcolor: #000!important;\n\t\t\t\tbackground: #FFF!important;\n\t\t\t\tborder-color: #FFF!important;\n\t\t\t}\t\t\t\n\t\t<\/style>\n\t\t\t<section id=\"felds-meet-cast-block-block_799934590f51dc3f9082b0bb21cb9641\" class=\"felds-block felds-meet-cast-block\">\n\t\t<div class=\"block-content\">\n\t\t\t<div class=\"block-content__title\">\n\t\t\t\t\t\t\t<\/div>\n\t\t\t<div class=\"block-content__button\">\n\t\t\t\t<a class=\"btn btn-white-o\" href=\"https:\/\/www.disneyonice.com\/es-es\/into-the-magic\/cast\/\" target=\"\">\n\t\t\t\t\tConoce a nuestro elenco\t\t\t\t<\/a>\n\t\t\t<\/div>\n\t\t<\/div>\n\t<\/section>\n<\/div>","protected":false},"excerpt":{"rendered":"","protected":false},"author":1,"featured_media":7307,"parent":0,"menu_order":0,"comment_status":"closed","ping_status":"closed","template":"","meta":{"footnotes":""},"acf":[],"yoast_head":"<!-- This site is optimized with the Yoast SEO plugin v21.4 - https:\/\/yoast.com\/wordpress\/plugins\/seo\/ -->\n<title>Into The Magic | The Official Site of Disney On Ice<\/title>\n<meta name=\"description\" content=\"No dream is too big at Disney On Ice presents Into the Magic! Seek adventure in the great wide somewhere with Belle, experience Moana\u2019s journey to save her island, and sing-along with Miguel from Coco. Be inspired by Anna\u2019s devotion to her sister Elsa and watch Rapunzel and Flynn go to great lengths to fulfill her dream. Celebrate the magic of courage, love and adventure at Disney On Ice!\" \/>\n<meta name=\"robots\" content=\"index, follow, max-snippet:-1, max-image-preview:large, max-video-preview:-1\" \/>\n<link rel=\"canonical\" href=\"https:\/\/www.disneyonice.com\/es-es\/into-the-magic\/\" \/>\n<meta property=\"og:locale\" content=\"es_ES\" \/>\n<meta property=\"og:type\" content=\"article\" \/>\n<meta property=\"og:title\" content=\"Into The Magic | The Official Site of Disney On Ice\" \/>\n<meta property=\"og:description\" content=\"No dream is too big at Disney On Ice presents Into the Magic! Seek adventure in the great wide somewhere with Belle, experience Moana\u2019s journey to save her island, and sing-along with Miguel from Coco. Be inspired by Anna\u2019s devotion to her sister Elsa and watch Rapunzel and Flynn go to great lengths to fulfill her dream. Celebrate the magic of courage, love and adventure at Disney On Ice!\" \/>\n<meta property=\"og:url\" content=\"https:\/\/www.disneyonice.com\/es-es\/into-the-magic\/\" \/>\n<meta property=\"og:site_name\" content=\"The Official Site of Disney On Ice\" \/>\n<meta property=\"article:modified_time\" content=\"2026-01-02T15:46:03+00:00\" \/>\n<meta property=\"og:image\" content=\"https:\/\/www.disneyonice.com\/wp-content\/uploads\/2024\/01\/D32B-Show-Logo-No-produced-by-line.png\" \/>\n\t<meta property=\"og:image:width\" content=\"1200\" \/>\n\t<meta property=\"og:image:height\" content=\"720\" \/>\n\t<meta property=\"og:image:type\" content=\"image\/png\" \/>\n<meta name=\"twitter:card\" content=\"summary_large_image\" \/>\n<script type=\"application\/ld+json\" class=\"yoast-schema-graph\">{\"@context\":\"https:\/\/schema.org\",\"@graph\":[{\"@type\":\"WebPage\",\"@id\":\"https:\/\/www.disneyonice.com\/into-the-magic\/\",\"url\":\"https:\/\/www.disneyonice.com\/into-the-magic\/\",\"name\":\"Into The Magic | The Official Site of Disney On Ice\",\"isPartOf\":{\"@id\":\"https:\/\/www.disneyonice.com\/es-cl\/#website\"},\"datePublished\":\"2023-07-03T08:25:09+00:00\",\"dateModified\":\"2026-01-02T15:46:03+00:00\",\"description\":\"No dream is too big at Disney On Ice presents Into the Magic! Seek adventure in the great wide somewhere with Belle, experience Moana\u2019s journey to save her island, and sing-along with Miguel from Coco. Be inspired by Anna\u2019s devotion to her sister Elsa and watch Rapunzel and Flynn go to great lengths to fulfill her dream. Celebrate the magic of courage, love and adventure at Disney On Ice!\",\"breadcrumb\":{\"@id\":\"https:\/\/www.disneyonice.com\/into-the-magic\/#breadcrumb\"},\"inLanguage\":\"es-ES\",\"potentialAction\":[{\"@type\":\"ReadAction\",\"target\":[\"https:\/\/www.disneyonice.com\/into-the-magic\/\"]}]},{\"@type\":\"BreadcrumbList\",\"@id\":\"https:\/\/www.disneyonice.com\/into-the-magic\/#breadcrumb\",\"itemListElement\":[{\"@type\":\"ListItem\",\"position\":1,\"name\":\"Home\",\"item\":\"https:\/\/www.disneyonice.com\/\"},{\"@type\":\"ListItem\",\"position\":2,\"name\":\"Into The Magic\"}]},{\"@type\":\"WebSite\",\"@id\":\"https:\/\/www.disneyonice.com\/es-cl\/#website\",\"url\":\"https:\/\/www.disneyonice.com\/es-cl\/\",\"name\":\"The Official Site of Disney On Ice\",\"description\":\"A series of touring ice shows produced by Feld Entertainment under agreement with The Walt Disney Company.\",\"publisher\":{\"@id\":\"https:\/\/www.disneyonice.com\/es-cl\/#organization\"},\"potentialAction\":[{\"@type\":\"SearchAction\",\"target\":{\"@type\":\"EntryPoint\",\"urlTemplate\":\"https:\/\/www.disneyonice.com\/es-cl\/?s={search_term_string}\"},\"query-input\":\"required name=search_term_string\"}],\"inLanguage\":\"es-ES\"},{\"@type\":\"Organization\",\"@id\":\"https:\/\/www.disneyonice.com\/es-cl\/#organization\",\"name\":\"Disney On Ice\",\"url\":\"https:\/\/www.disneyonice.com\/es-cl\/\",\"logo\":{\"@type\":\"ImageObject\",\"inLanguage\":\"es-ES\",\"@id\":\"https:\/\/www.disneyonice.com\/es-cl\/#\/schema\/logo\/image\/\",\"url\":\"https:\/\/www.disneyonice.com\/wp-content\/uploads\/2023\/08\/Disney-Check.png\",\"contentUrl\":\"https:\/\/www.disneyonice.com\/wp-content\/uploads\/2023\/08\/Disney-Check.png\",\"width\":100,\"height\":104,\"caption\":\"Disney On Ice\"},\"image\":{\"@id\":\"https:\/\/www.disneyonice.com\/es-cl\/#\/schema\/logo\/image\/\"}}]}<\/script>\n<!-- \/ Yoast SEO plugin. -->","yoast_head_json":{"title":"Into The Magic | The Official Site of Disney On Ice","description":"No dream is too big at Disney On Ice presents Into the Magic! Seek adventure in the great wide somewhere with Belle, experience Moana\u2019s journey to save her island, and sing-along with Miguel from Coco. Be inspired by Anna\u2019s devotion to her sister Elsa and watch Rapunzel and Flynn go to great lengths to fulfill her dream. Celebrate the magic of courage, love and adventure at Disney On Ice!","robots":{"index":"index","follow":"follow","max-snippet":"max-snippet:-1","max-image-preview":"max-image-preview:large","max-video-preview":"max-video-preview:-1"},"canonical":"https:\/\/www.disneyonice.com\/es-es\/into-the-magic\/","og_locale":"es_ES","og_type":"article","og_title":"Into The Magic | The Official Site of Disney On Ice","og_description":"No dream is too big at Disney On Ice presents Into the Magic! Seek adventure in the great wide somewhere with Belle, experience Moana\u2019s journey to save her island, and sing-along with Miguel from Coco. Be inspired by Anna\u2019s devotion to her sister Elsa and watch Rapunzel and Flynn go to great lengths to fulfill her dream. Celebrate the magic of courage, love and adventure at Disney On Ice!","og_url":"https:\/\/www.disneyonice.com\/es-es\/into-the-magic\/","og_site_name":"The Official Site of Disney On Ice","article_modified_time":"2026-01-02T15:46:03+00:00","og_image":[{"width":1200,"height":720,"url":"https:\/\/www.disneyonice.com\/wp-content\/uploads\/2024\/01\/D32B-Show-Logo-No-produced-by-line.png","type":"image\/png"}],"twitter_card":"summary_large_image","schema":{"@context":"https:\/\/schema.org","@graph":[{"@type":"WebPage","@id":"https:\/\/www.disneyonice.com\/into-the-magic\/","url":"https:\/\/www.disneyonice.com\/into-the-magic\/","name":"Into The Magic | The Official Site of Disney On Ice","isPartOf":{"@id":"https:\/\/www.disneyonice.com\/es-cl\/#website"},"datePublished":"2023-07-03T08:25:09+00:00","dateModified":"2026-01-02T15:46:03+00:00","description":"No dream is too big at Disney On Ice presents Into the Magic! Seek adventure in the great wide somewhere with Belle, experience Moana\u2019s journey to save her island, and sing-along with Miguel from Coco. Be inspired by Anna\u2019s devotion to her sister Elsa and watch Rapunzel and Flynn go to great lengths to fulfill her dream. Celebrate the magic of courage, love and adventure at Disney On Ice!","breadcrumb":{"@id":"https:\/\/www.disneyonice.com\/into-the-magic\/#breadcrumb"},"inLanguage":"es-ES","potentialAction":[{"@type":"ReadAction","target":["https:\/\/www.disneyonice.com\/into-the-magic\/"]}]},{"@type":"BreadcrumbList","@id":"https:\/\/www.disneyonice.com\/into-the-magic\/#breadcrumb","itemListElement":[{"@type":"ListItem","position":1,"name":"Home","item":"https:\/\/www.disneyonice.com\/"},{"@type":"ListItem","position":2,"name":"Into The Magic"}]},{"@type":"WebSite","@id":"https:\/\/www.disneyonice.com\/es-cl\/#website","url":"https:\/\/www.disneyonice.com\/es-cl\/","name":"The Official Site of Disney On Ice","description":"A series of touring ice shows produced by Feld Entertainment under agreement with The Walt Disney Company.","publisher":{"@id":"https:\/\/www.disneyonice.com\/es-cl\/#organization"},"potentialAction":[{"@type":"SearchAction","target":{"@type":"EntryPoint","urlTemplate":"https:\/\/www.disneyonice.com\/es-cl\/?s={search_term_string}"},"query-input":"required name=search_term_string"}],"inLanguage":"es-ES"},{"@type":"Organization","@id":"https:\/\/www.disneyonice.com\/es-cl\/#organization","name":"Disney On Ice","url":"https:\/\/www.disneyonice.com\/es-cl\/","logo":{"@type":"ImageObject","inLanguage":"es-ES","@id":"https:\/\/www.disneyonice.com\/es-cl\/#\/schema\/logo\/image\/","url":"https:\/\/www.disneyonice.com\/wp-content\/uploads\/2023\/08\/Disney-Check.png","contentUrl":"https:\/\/www.disneyonice.com\/wp-content\/uploads\/2023\/08\/Disney-Check.png","width":100,"height":104,"caption":"Disney On Ice"},"image":{"@id":"https:\/\/www.disneyonice.com\/es-cl\/#\/schema\/logo\/image\/"}}]}},"_links":{"self":[{"href":"https:\/\/www.disneyonice.com\/es-es\/wp-json\/wp\/v2\/pages\/13"}],"collection":[{"href":"https:\/\/www.disneyonice.com\/es-es\/wp-json\/wp\/v2\/pages"}],"about":[{"href":"https:\/\/www.disneyonice.com\/es-es\/wp-json\/wp\/v2\/types\/page"}],"author":[{"embeddable":true,"href":"https:\/\/www.disneyonice.com\/es-es\/wp-json\/wp\/v2\/users\/1"}],"replies":[{"embeddable":true,"href":"https:\/\/www.disneyonice.com\/es-es\/wp-json\/wp\/v2\/comments?post=13"}],"version-history":[{"count":5,"href":"https:\/\/www.disneyonice.com\/es-es\/wp-json\/wp\/v2\/pages\/13\/revisions"}],"predecessor-version":[{"id":19024,"href":"https:\/\/www.disneyonice.com\/es-es\/wp-json\/wp\/v2\/pages\/13\/revisions\/19024"}],"wp:featuredmedia":[{"embeddable":true,"href":"https:\/\/www.disneyonice.com\/es-es\/wp-json\/wp\/v2\/media\/7307"}],"wp:attachment":[{"href":"https:\/\/www.disneyonice.com\/es-es\/wp-json\/wp\/v2\/media?parent=13"}],"curies":[{"name":"wp","href":"https:\/\/api.w.org\/{rel}","templated":true}]}}