{"id":23,"date":"2023-07-03T08:27:16","date_gmt":"2023-07-03T08:27:16","guid":{"rendered":"http:\/\/projects.45press.com\/disneyonice\/?page_id=23"},"modified":"2026-03-19T10:07:19","modified_gmt":"2026-03-19T14:07:19","slug":"faq","status":"publish","type":"page","link":"https:\/\/www.disneyonice.com\/de-at\/faq\/","title":{"rendered":"FAQ"},"content":{"rendered":"<div class=\"full\" id=\"block_d5bd55333433f5a5aab431b5514701d6\">\n\t<section class=\"felds-block felds-banner-block page-header banner-small pos-center pos-bottom\" style=\"background-color:#000000;\">\n\t\t<div class=\"info align-center below-title\" style=\"width: 80%;\">\n\t\t\t\t\t\t<div class=\"info-title\">\n\t\t\t\tH\u00c4UFIG GESTELLTE FRAGEN\t\t\t<\/div>\n\t\t\t\t\t\t\t\t\t\t\t\t\t\t<\/div>\n\t\t<div class=\"bg-images\">\n\t\t\t\t\t\t<img decoding=\"async\" class=\"desktop\" src=\"https:\/\/www.disneyonice.com\/wp-content\/uploads\/2023\/09\/doi-faq-header_0.png\" alt=\"<em>Disney On Ice<\/em>\" width=\"1920\" height=\"1080\" fetchpriority=\"high\">\n\t\t\t\t\t\t\t\t\t<img decoding=\"async\" loading=\"lazy\" class=\"mobile\" src=\"https:\/\/www.disneyonice.com\/wp-content\/uploads\/2023\/09\/DOI-interiorpage_hero_mobile-faq.jpg\" alt=\"<em>Disney On Ice<\/em>\" width=\"750\" height=\"1334\">\n\t\t\t\t\t<\/div>\n\t\t\t\t\t<\/section>\n\t<\/div>\n\n\n\n\n\n\n<div class=\"full\">\n\t<section id=\"\" class=\"felds-block felds-faq-anchors-block\">\n\t\t<div class=\"block-content\">\n\t\t\t<ul>\n\t\t\t\t\t\t\t<li>\n\t\t\t\t\t<a href=\"#faq-the-shows\">\u00dcBER DIE SHOW<\/a>\n\t\t\t\t<\/li>\n\t\t\t\t\t\t\t<li>\n\t\t\t\t\t<a href=\"#faq-disney-on-ice\">About <em>Disney On Ice<\/em><\/a>\n\t\t\t\t<\/li>\n\t\t\t\t\t\t\t<li>\n\t\t\t\t\t<a href=\"#faq-merchandise\">\u00dcBER MERCHANDISE<\/a>\n\t\t\t\t<\/li>\n\t\t\t\t\t\t\t<li>\n\t\t\t\t\t<a href=\"#faq-tickets\">\u00dcBER TICKETS<\/a>\n\t\t\t\t<\/li>\n\t\t\t\t\t\t\t<li>\n\t\t\t\t\t<a href=\"#faq-feld-entertainment\">\u00dcBER FELD ENTERTAINMENT<\/a>\n\t\t\t\t<\/li>\n\t\t\t\t\t\t<\/ul>\n\t\t<\/div>\n\t<\/section>\n<\/div>\n\n\n\n\n\n\n\n\n\n\n\n\n\n\n\n\n\n\n\n\n\n\n\n\n\n\n\n\n\n\n\n\n\n\n\n\n\n\n\n\n\n\n\n\n\n\n\n\n\n\n\n\n\n\n\n\n\n\n\n\n\n\n\n\n\n\n\n\n\n\n\n\n\n\n\n\n\n\n\n\n\n\n\n\n\n\n\n\n\n\n\n\n\n\n\n\n\n\n\n\n\n\n\n\n\n\n\n\n\n\n\n\n\n\n\n\n\n\n\n\n\n\n\n\n\n\n\n\n\n\n\n\n\n\n\n\n\n\n\n\n\n\n\n\n\n\n\n\n\n\n\n\n\n\n\n\n\n\n\n\n\n\n\n\n\n\n\n\n\n\n\n\n\n\n\n\n\n\n\n\n\n\n\n\n\n\n\n\n\n\n\n\n\n\n\n\n\n\n\n\n\n\n\n\n\n\n\n\n\n\n\n\n\n\n\n\n\n\n\n\n\n\n\n\n\n\n\n\n\n\n\n\n\n\n\n\n\n\n\n\n\n\n\n\n\n\n\n\n\n\n\n\n\n\n\n\n\n\n\n\n\n\n\n\n\n\n\n\n\n\n\n\n\n\n\n\n\n\n\n\n\n\n\n\n\n\n\n\n\n\n\n\n\n\n\n\n\n\n\n\n\n\n\n\n\n\n\n\n\n\n\n\n\n\n\n\n\n\n\n\n\n\n\n\n\n\n\n\n\n\n\n\n\n\n\n\n\n\n\n\n\n\n\n\n\n\n\n\n\n\n\n\n\n\n\n\n\n\n\n\n\n\n\n\n<div class=\"full\">\n\t<section id=\"faq-feld-entertainment\" class=\"felds-block felds-faq-block\">\n\t\t<div class=\"block-title\">\u00dcBER DIE SHOWS<\/div>\n\t\t<div class=\"block-content\">\n\t\t\t\t\t\t<div class=\"item\">\n\t\t\t\t<div class=\"item-title\">Wie lange dauert die Show?<\/div>\n\t\t\t\t<div class=\"item-content\"><div class=\"\">\n<div class=\"accordion-inner-wrap bg-darker bg-new-blue-lg-down open\" data-element=\"1\">\n<div>\n<p>Die verschiedenen <em>Disney On Ice<\/em> Programme sind unterschiedlich lang. Durschnittlich dauert eine Show jedoch zwischen eineinhalb und zwei Stunden, inklusive einer 15-20 min\u00fctigen Pause.<\/p>\n<\/div>\n<\/div>\n<\/div>\n<div class=\"\">\n<div class=\"accordion-button accordion-item bg-new-blue-lg-down\" data-target=\"2\"><\/div>\n<\/div>\n<\/div>\n\t\t\t<\/div>\n\t\t\t\t\t\t<div class=\"item\">\n\t\t\t\t<div class=\"item-title\">Gibt es bei <em>Disney On Ice<\/em> Spezialeffekte w\u00e4hrend der Show?<\/div>\n\t\t\t\t<div class=\"item-content\"><p>Als Teil des magischen Erlebnisses werden bei einigen <em>Disney On Ice<\/em>-Shows Spezialeffekte eingesetzt, darunter ein ungef\u00e4hrlicher Theaternebel, Stroboskoplicht und schillernde Spezialeffekte. Wir empfehlen dir, dich unter\u00a0<a href=\"\/de-at\/customerserviceeurop@feldinc.com\/\">customerserviceeurop@feldinc.com<\/a>\u00a0\u00fcber die Einzelheiten der von dir besuchten Show zu informieren<\/p>\n<\/div>\n\t\t\t<\/div>\n\t\t\t\t\t\t<div class=\"item\">\n\t\t\t\t<div class=\"item-title\">Was sollte ich zur Show anziehen?<\/div>\n\t\t\t\t<div class=\"item-content\"><p>Wir empfehlen Ihnen bequeme Kleidung. Praktische Schuhe sind empfehlenswert, um sich sicher auf dem Gel\u00e4nde und den Stufen des Veranstaltungsortes zu bewegen. Angemessene Kleidung, einschlie\u00dflich Schuhe und Hemden, muss zu jeder Zeit getragen werden. Unsere Veranstaltungen sind ein zwangloses, familienorientiertes Erlebnis. Kleidung, die \u00fcberm\u00e4\u00dfig viel K\u00f6rperteile entbl\u00f6\u00dft und als unpassend f\u00fcr ein famili\u00e4res Umfeld angesehen werden k\u00f6nnte, ist nicht erlaubt. In diesem Sinne bitten wir Sie, Diskretion und gesunden Menschenverstand walten zu lassen.<\/p>\n<p>&nbsp;<\/p>\n<p><strong>Unangemessene Kleidung<\/strong><\/p>\n<p>Feld Entertainment und seine Partner behalten sich das Recht vor, Personen den Zutritt zu verweigern oder zu verweisen, die Kleidung tragen, die als unangemessen angesehen wird oder die das Erlebnis der anderen G\u00e4ste beeintr\u00e4chtigen k\u00f6nnte. Zu den unangemessenen Kleidungsst\u00fccken, die zu einer Einlassverweigerung f\u00fchren k\u00f6nnen, geh\u00f6ren unter anderem:<\/p>\n<p>&nbsp;<\/p>\n<ul>\n<li>\u2022 Kost\u00fcme und Kost\u00fcm-Masken, die von G\u00e4sten ab 14 Jahren nicht getragen werden d\u00fcrfen<\/li>\n<li>\u2022 Kleidung mit anst\u00f6\u00dfigem Material, einschlie\u00dflich obsz\u00f6ner Sprache oder Grafiken<\/li>\n<li>\u2022 \u00dcberm\u00e4\u00dfig zerrissene Kleidung<\/li>\n<li>\u2022 Wie oben erw\u00e4hnt, Kleidung, die von Natur aus \u00fcberm\u00e4\u00dfig viel Haut zeigt und als unpassend f\u00fcr eine famili\u00e4re Umgebung angesehen werden kann<\/li>\n<li>\u2022 Kleidung, die den Boden ber\u00fchrt oder \u00fcber ihn schleift<\/li>\n<li>\u2022 Obsz\u00f6ne Tattoos oder T\u00e4towierungen mit Obsz\u00f6nit\u00e4ten<\/li>\n<\/ul>\n<p>&nbsp;<\/p>\n<p>Kost\u00fcme sind f\u00fcr G\u00e4ste ab 14 Jahren nicht erlaubt.<\/p>\n<p>&nbsp;<\/p>\n<p><strong>F\u00fcr G\u00e4ste unter 14 Jahren:<\/strong><\/p>\n<p>Das Tragen von Kost\u00fcmen ist gem\u00e4\u00df diesen Richtlinien erlaubt. G\u00e4sten, die sich nicht an diese Richtlinien halten, kann der Zutritt zu <em>Disney On Ice<\/em> verweigert und\/oder sie k\u00f6nnen von <em>Disney On Ice<\/em> verwiesen werden, es sei denn, ihr Kost\u00fcm kann so ver\u00e4ndert werden, dass es den oben genannten Standards entspricht:<\/p>\n<p>&nbsp;<\/p>\n<ul>\n<li>\u2022 Alle G\u00e4ste d\u00fcrfen sich als ihre Lieblingsfigur verkleiden, d\u00fcrfen aber nicht f\u00fcr Fotos posieren oder Autogramme f\u00fcr andere G\u00e4ste geben.<\/li>\n<li>\u2022 Die Kost\u00fcme m\u00fcssen familienfreundlich sein und d\u00fcrfen nicht hinderlich, beleidigend, anst\u00f6\u00dfig oder gewaltt\u00e4tig sein.<\/li>\n<li>\u2022 Die Kost\u00fcme d\u00fcrfen keine Requisiten oder Accessoires enthalten, die einer echten Waffe \u00e4hneln oder mit ihr verwechselt werden k\u00f6nnten.<\/li>\n<li>\u2022 Kost\u00fcme d\u00fcrfen keine scharfen oder spitzen Gegenst\u00e4nde oder Materialien enthalten, die einen anderen Gast versehentlich treffen oder verletzen k\u00f6nnten.<\/li>\n<li>\u2022 Von mehrschichtigen Kost\u00fcmen oder Kost\u00fcmrequisiten, die den gesamten K\u00f6rper bedecken, wird dringend abgeraten; sie k\u00f6nnen einer zus\u00e4tzlichen Sicherheitskontrolle unterzogen werden.<\/li>\n<li>\u2022 Kost\u00fcme d\u00fcrfen nicht auf dem Boden schleifen oder h\u00e4ngen bleiben.<\/li>\n<li>\u2022 Umh\u00e4nge d\u00fcrfen getragen werden, wenn sie nicht unter die Taille reichen.<\/li>\n<li>\u2022 Thematische T-Shirts, Blusen, Sweatshirts und H\u00fcte sind zul\u00e4ssig.<\/li>\n<\/ul>\n<\/div>\n\t\t\t<\/div>\n\t\t\t\t\t\t<div class=\"item\">\n\t\t\t\t<div class=\"item-title\">Ist das Mitbringen von Kameras erlaubt?<\/div>\n\t\t\t\t<div class=\"item-content\"><p>Das Mitbringen von Kameras ist erlaubt, solange es sich nicht um professionelle Kameras handelt und die Bilder f\u00fcr den pers\u00f6nlichen Gebrauch bestimmt sind. Bestimmungen zu digitalen Kameras sind von Veranstaltungsort zu Veranstaltungsort unterschiedlich, bitte erkundige dich daher beim entsprechenden Veranstaltungsort.<\/p>\n<\/div>\n\t\t\t<\/div>\n\t\t\t\t\t\t<div class=\"item\">\n\t\t\t\t<div class=\"item-title\">Sicherheit in unseren Veranstaltungsst\u00e4tten<\/div>\n\t\t\t\t<div class=\"item-content\"><p>Die Sicherheit unserer Eisl\u00e4ufer, Mitarbeiter und unserer Kunden steht bei uns an erster Stelle. Wir arbeiten eng mit den Hallen und unseren Partnern zusammen um die Sicherheit aller Beteiligter bei <em>Disney On Ice<\/em> zu gew\u00e4hrleisten.<\/p>\n<p>&nbsp;<\/p>\n<p>Bitte erkundigen Sie sich auf der Website unseres Veranstaltungsortes \u00fcber Sicherheitsbestimmungen und aktuelle Hinweise.<\/p>\n<\/div>\n\t\t\t<\/div>\n\t\t\t\t\t\t<div class=\"item\">\n\t\t\t\t<div class=\"item-title\">Kann mein Kind mit den Charakteren auf die Eisfl\u00e4che?<\/div>\n\t\t\t\t<div class=\"item-content\"><p><em>Disney On Ice<\/em> verkauft keine Tickets, die das Betreten der Eisfl\u00e4che beinhalten. Diese M\u00f6glichkeit gibt es nur in Ausnahmef\u00e4llen wie beispielsweise den Special Olympics oder der Make-A-Wish Foundation. In einigen <em>Disney On Ice<\/em> Shows werden Kinder aus dem Publikum auf die Eisfl\u00e4che geholt, diese Kinder werden jedoch zuf\u00e4llig ausgesucht.<\/p>\n<\/div>\n\t\t\t<\/div>\n\t\t\t\t\t\t<div class=\"item\">\n\t\t\t\t<div class=\"item-title\">Ist die Arena f\u00fcr Besucher mit Mobilit\u00e4tseinschr\u00e4nkungen und\/oder Behinderungen leicht zug\u00e4nglich?<\/div>\n\t\t\t\t<div class=\"item-content\"><p>Bitte wenden Sie sich an den Veranstaltungsort vor Ort, der Ihnen Informationen \u00fcber die Barrierefreiheit geben kann, da die Informationen unterschiedlich sein k\u00f6nnen.<\/p>\n<\/div>\n\t\t\t<\/div>\n\t\t\t\t\t<\/div>\n\t<\/section>\n<\/div>\n\n\n\n\n<div class=\"full\">\n\t<section id=\"faq-feld-entertainment\" class=\"felds-block felds-faq-block\">\n\t\t<div class=\"block-title\">\u00dcBER <em>DISNEY ON ICE<\/em><\/div>\n\t\t<div class=\"block-content\">\n\t\t\t\t\t\t<div class=\"item\">\n\t\t\t\t<div class=\"item-title\">Warum kommt <em>Disney On Ice<\/em> nicht in meine Stadt?<\/div>\n\t\t\t\t<div class=\"item-content\"><p>Wir versuchen in so viele St\u00e4dte wie m\u00f6glich zu kommen und \u00e4ndern unsere Tour-Route h\u00e4ufig. Leider k\u00f6nnen wir deshalb manchmal nicht in St\u00e4dte kommen, in denen wir im Vorjahr bereits waren. Wir haben hier immer die neusten Termine online und aktualisieren unsere Liste laufend, da regelm\u00e4\u00dfig neue St\u00e4dte dazukommen.<\/p>\n<\/div>\n\t\t\t<\/div>\n\t\t\t\t\t\t<div class=\"item\">\n\t\t\t\t<div class=\"item-title\">Wann kommt <em>Disney On Ice<\/em> in meine Stadt?<\/div>\n\t\t\t\t<div class=\"item-content\"><p>Es kommen laufend neue St\u00e4dte und Termine dazu, also bleibe auf dem Laufenden und schau regelm\u00e4\u00dfig hier vorbei!<\/p>\n<\/div>\n\t\t\t<\/div>\n\t\t\t\t\t\t<div class=\"item\">\n\t\t\t\t<div class=\"item-title\">An wen kann ich mich mit Fragen und Anmerkungen zu <em>Disney On Ice<\/em> wenden?<\/div>\n\t\t\t\t<div class=\"item-content\"><p>Du kannst eine E-Mail an\u00a0<a title=\"customerserviceeurope@feldinc.com\" href=\"mailto:customerserviceeurope@feldinc.com\" target=\"_blank\" rel=\"noopener\">customerserviceeurope@feldinc.com<\/a>\u00a0senden.<\/p>\n<\/div>\n\t\t\t<\/div>\n\t\t\t\t\t\t<div class=\"item\">\n\t\t\t\t<div class=\"item-title\">Welche <em>Disney On Ice<\/em> Touren gibt es weltweit?<\/div>\n\t\t\t\t<div class=\"item-content\"><p><em>Disney On Ice<\/em> ist mit verschiedenen Programmen weltweit auf Tour. F\u00fcr mehr Informationen zu <em>Disney On Ice<\/em> in deinem Land klicke\u00a0<a href=\"https:\/\/www.disneyonice.com\/de-at\/choose-country\/\">hier<\/a>.<\/p>\n<\/div>\n\t\t\t<\/div>\n\t\t\t\t\t\t<div class=\"item\">\n\t\t\t\t<div class=\"item-title\">Wie kann ich Darsteller in einer <em>Disney On Ice<\/em> Produktion werden?<\/div>\n\t\t\t\t<div class=\"item-content\"><p>Mehr Informationen dazu findest du auf folgender Website:<a href=\"https:\/\/www.feldentertainment.com\/performer-auditions\/disney-on-ice\/\">https:\/\/www.feldentertainment.com\/performer-auditions\/disney-on-ice\/<\/a><\/p>\n<\/div>\n\t\t\t<\/div>\n\t\t\t\t\t<\/div>\n\t<\/section>\n<\/div>\n\n\n\n\n<div class=\"full\">\n\t<section id=\"faq-feld-entertainment\" class=\"felds-block felds-faq-block\">\n\t\t<div class=\"block-title\">\u00dcBER MERCHANDISE<\/div>\n\t\t<div class=\"block-content\">\n\t\t\t\t\t\t<div class=\"item\">\n\t\t\t\t<div class=\"item-title\">An wen kann ich mich mit Fragen zu <em>Disney On Ice<\/em> Merchandise Produkten wenden?<\/div>\n\t\t\t\t<div class=\"item-content\"><p>Du kannst uns direkt eine E-Mail an\u00a0<a title=\"customerserviceeurope@feldinc.com\" href=\"mailto:customerserviceeurope@feldinc.com\" target=\"_blank\" rel=\"noopener\">customerserviceeurope@feldinc.com<\/a>\u00a0schicken.<\/p>\n<\/div>\n\t\t\t<\/div>\n\t\t\t\t\t\t<div class=\"item\">\n\t\t\t\t<div class=\"item-title\">Kann ich <em>Disney On Ice<\/em> Souvenirs auch au\u00dferhalb der Shows kaufen?<\/div>\n\t\t\t\t<div class=\"item-content\"><p>Nein, du kannst <em>Disney On Ice<\/em> Souvenirs nur direkt bei den Shows kaufen.<\/p>\n<\/div>\n\t\t\t<\/div>\n\t\t\t\t\t<\/div>\n\t<\/section>\n<\/div>\n\n\n\n\n\n\n<div class=\"full\">\n\t<section id=\"faq-feld-entertainment\" class=\"felds-block felds-faq-block\">\n\t\t<div class=\"block-title\">\u00dcBER TICKETS<\/div>\n\t\t<div class=\"block-content\">\n\t\t\t\t\t\t<div class=\"item\">\n\t\t\t\t<div class=\"item-title\">Gibt es Kindertickets ?<\/div>\n\t\t\t\t<div class=\"item-content\"><p>Es gibt Erm\u00e4\u00dfigungen f\u00fcr Kinder bis 14 Jahre.<\/p>\n<\/div>\n\t\t\t<\/div>\n\t\t\t\t\t\t<div class=\"item\">\n\t\t\t\t<div class=\"item-title\">Gibt es Meet &amp; Greets?<\/div>\n\t\t\t\t<div class=\"item-content\"><p>Ab und zu bieten wir Meet &amp; Greets an, die durch Gewinnspiele verlost werden. Wenn keine Meet &amp; Greets in eurer N\u00e4he geplant sind, hoffen wir, dass ihr euch darauf freut die Disney Charaktere in der Show zu sehen.<\/p>\n<\/div>\n\t\t\t<\/div>\n\t\t\t\t\t\t<div class=\"item\">\n\t\t\t\t<div class=\"item-title\">Wo kann ich Tickets kaufen?<\/div>\n\t\t\t\t<div class=\"item-content\"><p>Am Seitenanfang findest du alle Informationen zum Ticketkauf. Tickets gibt es au\u00dferdem an allen bekannten Vorverkaufsstellen oder direkt am Ticketschalter des Veranstaltungsortes. Wende dich bitte ebenfalls direkt an den Ticketschalter des Veranstaltungsortes, um Tickets am Tag der Veranstaltung zu kaufen.<\/p>\n<\/div>\n\t\t\t<\/div>\n\t\t\t\t\t\t<div class=\"item\">\n\t\t\t\t<div class=\"item-title\">Gibt es Gruppentickets?<\/div>\n\t\t\t\t<div class=\"item-content\"><p>Es gibt Erm\u00e4\u00dfigungen f\u00fcr Familientickets f\u00fcr zwei Erwachsene und zwei Kinder bis 14 Jahre. (Hinweis: Es m\u00fcssen 4 Familientickets ausgew\u00e4hlt werden.)<\/p>\n<p>&nbsp;<\/p>\n<p>F\u00fcr Gruppen ab 15 Personen wendet euch bitte unter der Nennung von Wunsch-Datum und Ort an:\u00a0<a title=\"\" href=\"mailto:disneyonice@deag.de\">disneyonice@deag.de<\/a>.<\/p>\n<\/div>\n\t\t\t<\/div>\n\t\t\t\t\t\t<div class=\"item\">\n\t\t\t\t<div class=\"item-title\">Brauche ich einTicket f\u00fcr ein Kleinkind, welches w\u00e4hrend der ganzen Show auf meinem Scho\u00df sitzt?<\/div>\n\t\t\t\t<div class=\"item-content\"><p>Hier gelten verschiedene Regelungen in den einzelnen St\u00e4dten:<br \/>\n<strong>Oberhausen &amp; Frankfurt<\/strong>: Kinder unter 3 Jahren ben\u00f6tigen kein Ticket f\u00fcr die Veranstaltung, haben aber keinen Sitzplatzanspruch und m\u00fcssen daher auf den Scho\u00df genommen werden. <em>Disney On Ice<\/em> ist grunds\u00e4tzlich f\u00fcr Kinder ab 3 Jahren empfohlen. Bitte sorge in jedem Fall f\u00fcr ausreichenden Geh\u00f6rschutz f\u00fcr dein Kind.<br \/>\n<strong>Linz &amp; Berlin<\/strong>: Auch Kinder unter 3 Jahren ben\u00f6tigen ein Ticket f\u00fcr die Veranstaltung, selbst wenn sie auf den Scho\u00df genommen werden. <em>Disney On Ice<\/em> ist grunds\u00e4tzlich f\u00fcr Kinder ab 3 Jahren empfohlen. Bitte sorge in jedem Fall f\u00fcr ausreichenden Geh\u00f6rschutzf\u00fcr dein Kind.<\/p>\n<\/div>\n\t\t\t<\/div>\n\t\t\t\t\t<\/div>\n\t<\/section>\n<\/div>\n\n\n\n\n<div class=\"full\">\n\t<section id=\"faq-feld-entertainment\" class=\"felds-block felds-faq-block\">\n\t\t<div class=\"block-title\">\u00dcBER FELD ENTERTAINMENT<\/div>\n\t\t<div class=\"block-content\">\n\t\t\t\t\t\t<div class=\"item\">\n\t\t\t\t<div class=\"item-title\">Wer ist Feld Entertainment?<\/div>\n\t\t\t\t<div class=\"item-content\"><p>Feld Entertainment\u00ae ist die weltweite Nummer eins im Familien-Live-Entertainment. Ihre Shows faszinieren Jung und Alt und bringen Menschen zusammen. Dazu geh\u00f6ren <em>Ringling Bros. and Barnum &amp; Bailey\u00ae, <\/em>Monster Jam<em>\u00ae<\/em>, <em><em>Disney On Ice<\/em>, <\/em>\u00a0Monster Energy AMA Supercross, und SuperMotocross World Championship. Mit allen Produktionen hat Feld Entertainment bereits Millionen von Familien in mehr als 80 L\u00e4ndern auf sechs Kontinenten begeistert. Besuchen Sie<a href=\"https:\/\/www.feldentertainment.com\/\" target=\"_blank\" rel=\"noopener\">\u00a0feldentertainment.com<\/a>\u00a0f\u00fcr weitere Informationen.<\/p>\n<\/div>\n\t\t\t<\/div>\n\t\t\t\t\t\t<div class=\"item\">\n\t\t\t\t<div class=\"item-title\">Wie kann ich Darsteller in einer <em>Disney On Ice<\/em> Produktion werden?<\/div>\n\t\t\t\t<div class=\"item-content\"><p>Mehr Informationen dazu findest du auf folgender Website:<\/p>\n<p><a title=\"http:\/\/www.feldentertainment.com\/PerformerAuditions\/DisneyOnIce\/\" href=\"https:\/\/www.feldentertainment.com\/performer-auditions\/disney-on-ice\/\" target=\"_blank\" rel=\"noopener\">https:\/\/www.feldentertainment.com\/performer-auditions\/disney-on-ice\/<\/a><\/p>\n<\/div>\n\t\t\t<\/div>\n\t\t\t\t\t\t<div class=\"item\">\n\t\t\t\t<div class=\"item-title\">Wer ist DEAG?<\/div>\n\t\t\t\t<div class=\"item-content\"><p>Die DEAG Deutsche Entertainment AG (DEAG) ist ein f\u00fchrender Entertainment-Dienstleister und Anbieter von Live-Entertainment in Europa und mit Konzerngesellschaften in ihren Kernm\u00e4rkten pr\u00e4sent. DEAG produziert und veranstaltet profitabel ein breites Spektrum an Events und Konzerten. Mit dem eigenen Vertriebsgesch\u00e4ft, der mytic myticket AG, an dem zwei gro\u00dfe Medienh\u00e4user aus dem Print- und TV-Bereich beteiligt sind, wird eine steigende Profitabilit\u00e4t und die Skalierbarkeit des Gesch\u00e4ftsmodells erreicht.<\/p>\n<p>&nbsp;<\/p>\n<p>Die Kern-Gesch\u00e4ftsfelder der DEAG umfassen die Bereiche Rock\/Pop, Classics &amp; Jazz, das wachstumsstarke Segment Family Entertainment sowie Arts + Exhibitions. Insbesondere der Bereich Family Entertainment ist ein elementarer Baustein f\u00fcr die Weiterentwicklung des eigenen Contents. Ein Netzwerk mit starken Partnern positioniert die DEAG hervorragend im Markt als international t\u00e4tigen Live-Entertainment-Konzern.<\/p>\n<\/div>\n\t\t\t<\/div>\n\t\t\t\t\t<\/div>\n\t<\/section>\n<\/div>","protected":false},"excerpt":{"rendered":"","protected":false},"author":1,"featured_media":16425,"parent":0,"menu_order":0,"comment_status":"closed","ping_status":"closed","template":"","meta":{"footnotes":""},"acf":[],"yoast_head":"<!-- This site is optimized with the Yoast SEO plugin v21.4 - https:\/\/yoast.com\/wordpress\/plugins\/seo\/ -->\n<title>FAQ | The Official Site of Disney On Ice<\/title>\n<meta name=\"description\" content=\"All of your Disney On Ice questions answered here!\" \/>\n<meta name=\"robots\" content=\"index, follow, max-snippet:-1, max-image-preview:large, max-video-preview:-1\" \/>\n<link rel=\"canonical\" href=\"https:\/\/www.disneyonice.com\/de-at\/faq\/\" \/>\n<meta property=\"og:locale\" content=\"de_DE\" \/>\n<meta property=\"og:type\" content=\"article\" \/>\n<meta property=\"og:title\" content=\"FAQ | The Official Site of Disney On Ice\" \/>\n<meta property=\"og:description\" content=\"All of your Disney On Ice questions answered here!\" \/>\n<meta property=\"og:url\" content=\"https:\/\/www.disneyonice.com\/de-at\/faq\/\" \/>\n<meta property=\"og:site_name\" content=\"The Official Site of Disney On Ice\" \/>\n<meta property=\"article:modified_time\" content=\"2026-03-19T14:07:19+00:00\" \/>\n<meta property=\"og:image\" content=\"https:\/\/www.disneyonice.com\/wp-content\/uploads\/2025\/06\/D38_20240831_Orlando_GEO_10503-Edit.png\" \/>\n\t<meta property=\"og:image:width\" content=\"560\" \/>\n\t<meta property=\"og:image:height\" content=\"400\" \/>\n\t<meta property=\"og:image:type\" content=\"image\/png\" \/>\n<meta name=\"twitter:card\" content=\"summary_large_image\" \/>\n<script type=\"application\/ld+json\" class=\"yoast-schema-graph\">{\"@context\":\"https:\/\/schema.org\",\"@graph\":[{\"@type\":\"WebPage\",\"@id\":\"https:\/\/www.disneyonice.com\/faq\/\",\"url\":\"https:\/\/www.disneyonice.com\/faq\/\",\"name\":\"FAQ | The Official Site of Disney On Ice\",\"isPartOf\":{\"@id\":\"https:\/\/www.disneyonice.com\/es-cl\/#website\"},\"datePublished\":\"2023-07-03T08:27:16+00:00\",\"dateModified\":\"2026-03-19T14:07:19+00:00\",\"description\":\"All of your Disney On Ice questions answered here!\",\"breadcrumb\":{\"@id\":\"https:\/\/www.disneyonice.com\/faq\/#breadcrumb\"},\"inLanguage\":\"de-AT\",\"potentialAction\":[{\"@type\":\"ReadAction\",\"target\":[\"https:\/\/www.disneyonice.com\/faq\/\"]}]},{\"@type\":\"BreadcrumbList\",\"@id\":\"https:\/\/www.disneyonice.com\/faq\/#breadcrumb\",\"itemListElement\":[{\"@type\":\"ListItem\",\"position\":1,\"name\":\"Home\",\"item\":\"https:\/\/www.disneyonice.com\/\"},{\"@type\":\"ListItem\",\"position\":2,\"name\":\"FAQ\"}]},{\"@type\":\"WebSite\",\"@id\":\"https:\/\/www.disneyonice.com\/es-cl\/#website\",\"url\":\"https:\/\/www.disneyonice.com\/es-cl\/\",\"name\":\"The Official Site of Disney On Ice\",\"description\":\"A series of touring ice shows produced by Feld Entertainment under agreement with The Walt Disney Company.\",\"publisher\":{\"@id\":\"https:\/\/www.disneyonice.com\/es-cl\/#organization\"},\"potentialAction\":[{\"@type\":\"SearchAction\",\"target\":{\"@type\":\"EntryPoint\",\"urlTemplate\":\"https:\/\/www.disneyonice.com\/es-cl\/?s={search_term_string}\"},\"query-input\":\"required name=search_term_string\"}],\"inLanguage\":\"de-AT\"},{\"@type\":\"Organization\",\"@id\":\"https:\/\/www.disneyonice.com\/es-cl\/#organization\",\"name\":\"Disney On Ice\",\"url\":\"https:\/\/www.disneyonice.com\/es-cl\/\",\"logo\":{\"@type\":\"ImageObject\",\"inLanguage\":\"de-AT\",\"@id\":\"https:\/\/www.disneyonice.com\/es-cl\/#\/schema\/logo\/image\/\",\"url\":\"https:\/\/www.disneyonice.com\/wp-content\/uploads\/2023\/08\/Disney-Check.png\",\"contentUrl\":\"https:\/\/www.disneyonice.com\/wp-content\/uploads\/2023\/08\/Disney-Check.png\",\"width\":100,\"height\":104,\"caption\":\"Disney On Ice\"},\"image\":{\"@id\":\"https:\/\/www.disneyonice.com\/es-cl\/#\/schema\/logo\/image\/\"}}]}<\/script>\n<!-- \/ Yoast SEO plugin. -->","yoast_head_json":{"title":"FAQ | The Official Site of Disney On Ice","description":"All of your Disney On Ice questions answered here!","robots":{"index":"index","follow":"follow","max-snippet":"max-snippet:-1","max-image-preview":"max-image-preview:large","max-video-preview":"max-video-preview:-1"},"canonical":"https:\/\/www.disneyonice.com\/de-at\/faq\/","og_locale":"de_DE","og_type":"article","og_title":"FAQ | The Official Site of Disney On Ice","og_description":"All of your Disney On Ice questions answered here!","og_url":"https:\/\/www.disneyonice.com\/de-at\/faq\/","og_site_name":"The Official Site of Disney On Ice","article_modified_time":"2026-03-19T14:07:19+00:00","og_image":[{"width":560,"height":400,"url":"https:\/\/www.disneyonice.com\/wp-content\/uploads\/2025\/06\/D38_20240831_Orlando_GEO_10503-Edit.png","type":"image\/png"}],"twitter_card":"summary_large_image","schema":{"@context":"https:\/\/schema.org","@graph":[{"@type":"WebPage","@id":"https:\/\/www.disneyonice.com\/faq\/","url":"https:\/\/www.disneyonice.com\/faq\/","name":"FAQ | The Official Site of Disney On Ice","isPartOf":{"@id":"https:\/\/www.disneyonice.com\/es-cl\/#website"},"datePublished":"2023-07-03T08:27:16+00:00","dateModified":"2026-03-19T14:07:19+00:00","description":"All of your Disney On Ice questions answered here!","breadcrumb":{"@id":"https:\/\/www.disneyonice.com\/faq\/#breadcrumb"},"inLanguage":"de-AT","potentialAction":[{"@type":"ReadAction","target":["https:\/\/www.disneyonice.com\/faq\/"]}]},{"@type":"BreadcrumbList","@id":"https:\/\/www.disneyonice.com\/faq\/#breadcrumb","itemListElement":[{"@type":"ListItem","position":1,"name":"Home","item":"https:\/\/www.disneyonice.com\/"},{"@type":"ListItem","position":2,"name":"FAQ"}]},{"@type":"WebSite","@id":"https:\/\/www.disneyonice.com\/es-cl\/#website","url":"https:\/\/www.disneyonice.com\/es-cl\/","name":"The Official Site of Disney On Ice","description":"A series of touring ice shows produced by Feld Entertainment under agreement with The Walt Disney Company.","publisher":{"@id":"https:\/\/www.disneyonice.com\/es-cl\/#organization"},"potentialAction":[{"@type":"SearchAction","target":{"@type":"EntryPoint","urlTemplate":"https:\/\/www.disneyonice.com\/es-cl\/?s={search_term_string}"},"query-input":"required name=search_term_string"}],"inLanguage":"de-AT"},{"@type":"Organization","@id":"https:\/\/www.disneyonice.com\/es-cl\/#organization","name":"Disney On Ice","url":"https:\/\/www.disneyonice.com\/es-cl\/","logo":{"@type":"ImageObject","inLanguage":"de-AT","@id":"https:\/\/www.disneyonice.com\/es-cl\/#\/schema\/logo\/image\/","url":"https:\/\/www.disneyonice.com\/wp-content\/uploads\/2023\/08\/Disney-Check.png","contentUrl":"https:\/\/www.disneyonice.com\/wp-content\/uploads\/2023\/08\/Disney-Check.png","width":100,"height":104,"caption":"Disney On Ice"},"image":{"@id":"https:\/\/www.disneyonice.com\/es-cl\/#\/schema\/logo\/image\/"}}]}},"_links":{"self":[{"href":"https:\/\/www.disneyonice.com\/de-at\/wp-json\/wp\/v2\/pages\/23"}],"collection":[{"href":"https:\/\/www.disneyonice.com\/de-at\/wp-json\/wp\/v2\/pages"}],"about":[{"href":"https:\/\/www.disneyonice.com\/de-at\/wp-json\/wp\/v2\/types\/page"}],"author":[{"embeddable":true,"href":"https:\/\/www.disneyonice.com\/de-at\/wp-json\/wp\/v2\/users\/1"}],"replies":[{"embeddable":true,"href":"https:\/\/www.disneyonice.com\/de-at\/wp-json\/wp\/v2\/comments?post=23"}],"version-history":[{"count":5,"href":"https:\/\/www.disneyonice.com\/de-at\/wp-json\/wp\/v2\/pages\/23\/revisions"}],"predecessor-version":[{"id":19959,"href":"https:\/\/www.disneyonice.com\/de-at\/wp-json\/wp\/v2\/pages\/23\/revisions\/19959"}],"wp:featuredmedia":[{"embeddable":true,"href":"https:\/\/www.disneyonice.com\/de-at\/wp-json\/wp\/v2\/media\/16425"}],"wp:attachment":[{"href":"https:\/\/www.disneyonice.com\/de-at\/wp-json\/wp\/v2\/media?parent=23"}],"curies":[{"name":"wp","href":"https:\/\/api.w.org\/{rel}","templated":true}]}}