{"id":23,"date":"2023-07-03T08:27:16","date_gmt":"2023-07-03T08:27:16","guid":{"rendered":"http:\/\/projects.45press.com\/disneyonice\/?page_id=23"},"modified":"2026-03-19T10:07:19","modified_gmt":"2026-03-19T14:07:19","slug":"faq","status":"publish","type":"page","link":"https:\/\/www.disneyonice.com\/da-dk\/faq\/","title":{"rendered":"FAQ"},"content":{"rendered":"<div class=\"full\" id=\"block_d5bd55333433f5a5aab431b5514701d6\">\n\t<section class=\"felds-block felds-banner-block page-header banner-small pos-center pos-bottom\" style=\"background-color:#000000;\">\n\t\t<div class=\"info align-center below-title\" style=\"width: 80%;\">\n\t\t\t\t\t\t<div class=\"info-title\">\n\t\t\t\tOFTE STILLEDE SP\u00d8RGSM\u00c5L\t\t\t<\/div>\n\t\t\t\t\t\t\t\t\t\t\t\t\t\t<\/div>\n\t\t<div class=\"bg-images\">\n\t\t\t\t\t\t<img decoding=\"async\" class=\"desktop\" src=\"https:\/\/www.disneyonice.com\/wp-content\/uploads\/2023\/09\/doi-faq-header_0.png\" alt=\"<em>Disney On Ice<\/em>\" width=\"1920\" height=\"1080\" fetchpriority=\"high\">\n\t\t\t\t\t\t\t\t\t<img decoding=\"async\" loading=\"lazy\" class=\"mobile\" src=\"https:\/\/www.disneyonice.com\/wp-content\/uploads\/2023\/09\/DOI-interiorpage_hero_mobile-faq.jpg\" alt=\"<em>Disney On Ice<\/em>\" width=\"750\" height=\"1334\">\n\t\t\t\t\t<\/div>\n\t\t\t\t\t<\/section>\n\t<\/div>\n\n\n\n\n\n\n<div class=\"full\">\n\t<section id=\"\" class=\"felds-block felds-faq-anchors-block\">\n\t\t<div class=\"block-content\">\n\t\t\t<ul>\n\t\t\t\t\t\t\t<li>\n\t\t\t\t\t<a href=\"#faq-the-shows\">OM SHOWS<\/a>\n\t\t\t\t<\/li>\n\t\t\t\t\t\t\t<li>\n\t\t\t\t\t<a href=\"#faq-disney-on-ice\">About <em>Disney On Ice<\/em><\/a>\n\t\t\t\t<\/li>\n\t\t\t\t\t\t\t<li>\n\t\t\t\t\t<a href=\"#faq-merchandise\">ABOUT MERCHANDISE<\/a>\n\t\t\t\t<\/li>\n\t\t\t\t\t\t\t<li>\n\t\t\t\t\t<a href=\"#faq-tickets\">OM BILLETER<\/a>\n\t\t\t\t<\/li>\n\t\t\t\t\t\t\t<li>\n\t\t\t\t\t<a href=\"#faq-feld-entertainment\">OM FELD ENTERTAINMENT<\/a>\n\t\t\t\t<\/li>\n\t\t\t\t\t\t<\/ul>\n\t\t<\/div>\n\t<\/section>\n<\/div>\n\n\n\n\n\n\n\n\n\n\n\n\n\n\n\n\n\n\n\n\n\n\n\n\n\n\n\n\n\n\n\n\n\n\n\n\n\n\n\n\n\n\n\n\n\n\n\n\n\n\n\n\n\n\n\n\n\n\n\n\n\n\n\n\n\n\n\n\n\n\n\n\n\n\n\n\n\n\n\n\n\n\n\n\n\n\n\n\n\n\n\n\n\n\n\n\n\n\n\n\n\n\n\n\n\n\n\n\n\n\n\n\n\n\n\n\n\n\n\n\n\n\n\n\n\n\n\n\n\n\n\n\n\n\n\n\n\n\n\n\n\n\n\n\n\n\n\n\n\n\n\n\n\n\n\n\n\n\n\n\n\n\n\n\n\n\n\n\n\n\n\n\n\n\n\n\n\n\n\n\n\n\n\n\n\n\n\n\n\n\n\n\n\n\n\n\n\n\n\n\n\n\n\n\n\n\n\n\n\n\n\n\n\n\n\n\n\n\n\n\n\n\n\n\n\n\n\n\n\n\n\n\n\n\n\n\n\n\n\n\n\n\n\n\n\n\n\n\n\n\n\n\n\n\n\n\n\n\n\n\n\n\n\n\n\n\n\n\n\n\n\n\n\n\n\n\n\n\n\n\n\n\n\n\n\n\n\n\n\n\n\n\n\n\n\n\n\n\n\n\n\n\n\n\n\n\n\n\n\n\n\n\n\n\n\n\n\n\n\n\n\n\n\n\n\n\n\n\n\n\n\n\n\n\n\n\n\n\n\n\n\n\n\n\n\n\n\n\n\n\n\n\n\n\n<div class=\"full\">\n\t<section id=\"faq-feld-entertainment\" class=\"felds-block felds-faq-block\">\n\t\t<div class=\"block-title\">OM SHOWS<\/div>\n\t\t<div class=\"block-content\">\n\t\t\t\t\t\t<div class=\"item\">\n\t\t\t\t<div class=\"item-title\">Hvor lang tid tager forestillingen?<\/div>\n\t\t\t\t<div class=\"item-content\"><p>Et <em>Disney On Ice<\/em> show varer typisk mellem halvanden til to timer. Dette inkluderer en pause p\u00e5 15-20 min.<\/p>\n<\/div>\n\t\t\t<\/div>\n\t\t\t\t\t\t<div class=\"item\">\n\t\t\t\t<div class=\"item-title\">Hvilken p\u00e5kl\u00e6dning er passende til et <em>Disney On Ice<\/em> show?<\/div>\n\t\t\t\t<div class=\"item-content\"><p>Vi foresl\u00e5r, at du tager behageligt t\u00f8j p\u00e5. Temperaturen i arenaen ligger p\u00e5 ca. 16-18 grader, s\u00e5 det kan v\u00e6re n\u00f8dvendigt med en tynd sweater eller jakke.<\/p>\n<p>Det er ogs\u00e5 en god id\u00e9 at have praktiske sko p\u00e5, da der er trapper i arenaen.<\/p>\n<p>Alle vores shows byder p\u00e5 en afslappet og familieorienteret atmosf\u00e6re, og vi henviser derfor til en passende og fornuftig p\u00e5kl\u00e6dning, der tager hensyn til omgivelserne.<\/p>\n<p>Det er ikke tilladt at b\u00e6re kostumer for g\u00e6ster i alderen 14+.<\/p>\n<p>Hvis du har yderlige sp\u00f8rgsm\u00e5l, kan du kontakte os p\u00e5 mail:\u00a0customerserviceeurope@feldinc.com.<\/p>\n<\/div>\n\t\t\t<\/div>\n\t\t\t\t\t\t<div class=\"item\">\n\t\t\t\t<div class=\"item-title\">M\u00e5 jeg medbringe kamera?<\/div>\n\t\t\t\t<div class=\"item-content\"><p>Proffesionelt udstyr m\u00e5 ikke benyttes. Ligesom alle former for videokameraer ikke er tilladt. Vedr. digital kameraer er reglerne forskellige fra arena til arena, s\u00e5 hvis du vil medbringe et s\u00e5dant, venligst kontakt det sted, hvor du skal se showet.<\/p>\n<\/div>\n\t\t\t<\/div>\n\t\t\t\t\t\t<div class=\"item\">\n\t\t\t\t<div class=\"item-title\">Anvender <em>Disney On Ice<\/em> specielle effekter under showet?<\/div>\n\t\t\t\t<div class=\"item-content\"><p>Som en del af den magiske oplevelse anvender<em>\u00a0<em>Disney On Ice<\/em><\/em>\u00a0specielle effekter som sikkerhedsgodkendt teater r\u00f8g, strobelys, og andre overv\u00e6ldende specielle effekter. Vi anbefaler at kontakte<a href=\"mailto:customerserviceeurope@feldinc.com\">\u00a0<strong>customerserviceeurope@feldinc.com<\/strong><\/a><strong>\u00a0<\/strong>for specifikke detaljer om netop det show du skal deltage i.<\/p>\n<\/div>\n\t\t\t<\/div>\n\t\t\t\t\t\t<div class=\"item\">\n\t\t\t\t<div class=\"item-title\">Sikkerhed p\u00e5 vores spillesteder<\/div>\n\t\t\t\t<div class=\"item-content\"><p>Sikkerheden for vores artister, crew og kunder er vores top prioritet. Vi arbejder t\u00e6t sammen med spillestederne og vores partnere for at sikre at alle involverede i <em>Disney On Ice<\/em> har det godt og er trygge. Tjek det lokale spillesteds website for yderligere sikkerheds information og opdaterede politikker p\u00e5 omr\u00e5det.<\/p>\n<p>&nbsp;<\/p>\n<p>**Sikkerhedsprotokoller kan \u00e6ndres afh\u00e6ngigt af spillestedet.<\/p>\n<\/div>\n\t\t\t<\/div>\n\t\t\t\t\t\t<div class=\"item\">\n\t\t\t\t<div class=\"item-title\">Er der nem adgang for publikummer med nedsat mobilitet eller andre behov for \u00e6ndret adgang?<\/div>\n\t\t\t\t<div class=\"item-content\"><p>Kontakt venligst dit lokale spillested der kan oplyse adgangsmuligheder, da dette kan variere fra sted til sted.<\/p>\n<\/div>\n\t\t\t<\/div>\n\t\t\t\t\t<\/div>\n\t<\/section>\n<\/div>\n\n\n\n\n<div class=\"full\">\n\t<section id=\"faq-feld-entertainment\" class=\"felds-block felds-faq-block\">\n\t\t<div class=\"block-title\">OM <em>DISNEY ON ICE<\/em><\/div>\n\t\t<div class=\"block-content\">\n\t\t\t\t\t\t<div class=\"item\">\n\t\t\t\t<div class=\"item-title\">Hvorfor er der ikke noget show i min by?<\/div>\n\t\t\t\t<div class=\"item-content\"><p>Vi g\u00f8r vores bedste for at optr\u00e6de i s\u00e5 mange byer som muligt i l\u00f8bet af hvert \u00e5r, og vi veksler mellem vores tour-byer indimellem. Uheldigvis g\u00f8r \u00e6ndringer af tour-planen det af og til umuligt at vende tilbage til de byer vi tidligere har bes\u00f8gt. Bes\u00f8g vores hjemmeside for at f\u00e5 den nyeste tour-plan. V\u00e6r venligst opm\u00e6rksom p\u00e5, at det kun er bekr\u00e6ftede spilledatoer der fremg\u00e5r af tour-planen \u2013 nye byer tilf\u00f8jes j\u00e6vnligt vores tour-plan.<\/p>\n<\/div>\n\t\t\t<\/div>\n\t\t\t\t\t\t<div class=\"item\">\n\t\t\t\t<div class=\"item-title\">Hvem kan jeg kontakte med sp\u00f8rgsm\u00e5l eller kommentarer til <em>Disney On Ice<\/em>?<\/div>\n\t\t\t\t<div class=\"item-content\"><p>Du er velkommen til at sende en e-mail til\u00a0customerserviceeurope@feldinc.com.<\/p>\n<\/div>\n\t\t\t<\/div>\n\t\t\t\t\t<\/div>\n\t<\/section>\n<\/div>\n\n\n\n\n<div class=\"full\">\n\t<section id=\"faq-feld-entertainment\" class=\"felds-block felds-faq-block\">\n\t\t<div class=\"block-title\">VEDR\u00d8RENDE MERCHANDISE<\/div>\n\t\t<div class=\"block-content\">\n\t\t\t\t\t\t<div class=\"item\">\n\t\t\t\t<div class=\"item-title\">Hvem kan jeg kontakte med sp\u00f8rgsm\u00e5l eller kommentarer til <em>Disney On Ice<\/em> merchandise?<\/div>\n\t\t\t\t<div class=\"item-content\"><p>Du kan kontakte os direkte pr. mail til\u00a0customerserviceeurope@feldinc.com.<\/p>\n<\/div>\n\t\t\t<\/div>\n\t\t\t\t\t\t<div class=\"item\">\n\t\t\t\t<div class=\"item-title\">Kan jeg k\u00f8be <em>Disney On Ice<\/em> souvenirs andre steder end til forestillingerne?<\/div>\n\t\t\t\t<div class=\"item-content\"><p>Nej, desv\u00e6rre kan du kun k\u00f8be merchandise ved vores shows.<\/p>\n<\/div>\n\t\t\t<\/div>\n\t\t\t\t\t<\/div>\n\t<\/section>\n<\/div>\n\n\n\n\n<div class=\"full\">\n\t<section id=\"faq-feld-entertainment\" class=\"felds-block felds-faq-block\">\n\t\t<div class=\"block-title\">OM BILLETER<\/div>\n\t\t<div class=\"block-content\">\n\t\t\t\t\t\t<div class=\"item\">\n\t\t\t\t<div class=\"item-title\">Hvor kan jeg k\u00f8be billetter?<\/div>\n\t\t\t\t<div class=\"item-content\"><p>Billetter kan k\u00f8bes p\u00e5 ticketmaster.dk. Se venligst toppen af denne side for yderligere information vedr. billetter.<\/p>\n<\/div>\n\t\t\t<\/div>\n\t\t\t\t\t\t<div class=\"item\">\n\t\t\t\t<div class=\"item-title\">Skal jeg k\u00f8be billet til min baby, som sidder p\u00e5 sk\u00f8det under hele showet?<\/div>\n\t\t\t\t<div class=\"item-content\"><p>B\u00f8rn der er under 2 \u00e5r p\u00e5 showdagen \u2013 har gratis adgang. B\u00f8rn der er 2 \u00e5r eller over p\u00e5 showdagen skal have sin egen billet for at komme ind.<\/p>\n<p>Vi kan desv\u00e6rre ikke garantere plads til barne-\/klapvogne \u2013 de st\u00e5r p\u00e5 eget ansvar uden for eller i foyer omr\u00e5det.<\/p>\n<p>Der m\u00e5 medbringes ekstra s\u00e6de til b\u00f8rn \u2013 vis dog hensyn til at b\u00f8rn der sidder bagved ogs\u00e5 skal kunne se.<\/p>\n<\/div>\n\t\t\t<\/div>\n\t\t\t\t\t<\/div>\n\t<\/section>\n<\/div>\n\n\n\n\n<div class=\"full\">\n\t<section id=\"faq-feld-entertainment\" class=\"felds-block felds-faq-block\">\n\t\t<div class=\"block-title\">OM FELD ENTERTAINMENT<\/div>\n\t\t<div class=\"block-content\">\n\t\t\t\t\t\t<div class=\"item\">\n\t\t\t\t<div class=\"item-title\">Hvem er Feld Entertainment?<\/div>\n\t\t\t\t<div class=\"item-content\"><p>Feld Entertainment\u00ae er den f\u00f8rende og verdensomsp\u00e6ndende leder inden for store liveoplevelser for hele familien, som bringer folk sammen. De har rettighederne over <em>Ringling Bros. and Barnum &amp; Bailey\u00ae, <\/em>Monster Jam<em>\u00ae<\/em>, <em><em>Disney On Ice<\/em>, <\/em>\u00a0Monster Energy AMA Supercross, og SuperMotocross World Championship. Feld Entertainment har underholdt millioner af familier i mere end 80 lande og p\u00e5 seks kontinenter. Bes\u00f8g <a href=\"https:\/\/www.feldentertainment.com\">www.feldentertainment.com<\/a> for mere information.<\/p>\n<\/div>\n\t\t\t<\/div>\n\t\t\t\t\t\t<div class=\"item\">\n\t\t\t\t<div class=\"item-title\">Hvordan kan jeg blive sk\u00f8jtel\u00f8ber i en <em>Disney On Ice<\/em> produktion?<\/div>\n\t\t\t\t<div class=\"item-content\"><p>Se venligst information her: <a href=\"https:\/\/www.feldentertainment.com\/performer-auditions\/disney-on-ice\/\">https:\/\/www.feldentertainment.com\/performer-auditions\/disney-on-ice\/<\/a><\/p>\n<\/div>\n\t\t\t<\/div>\n\t\t\t\t\t<\/div>\n\t<\/section>\n<\/div>","protected":false},"excerpt":{"rendered":"","protected":false},"author":1,"featured_media":16425,"parent":0,"menu_order":0,"comment_status":"closed","ping_status":"closed","template":"","meta":{"footnotes":""},"acf":[],"yoast_head":"<!-- This site is optimized with the Yoast SEO plugin v21.4 - https:\/\/yoast.com\/wordpress\/plugins\/seo\/ -->\n<title>FAQ | The Official Site of Disney On Ice<\/title>\n<meta name=\"description\" content=\"All of your Disney On Ice questions answered here!\" \/>\n<meta name=\"robots\" content=\"index, follow, max-snippet:-1, max-image-preview:large, max-video-preview:-1\" \/>\n<link rel=\"canonical\" href=\"https:\/\/www.disneyonice.com\/da-dk\/faq\/\" \/>\n<meta property=\"og:locale\" content=\"da_DK\" \/>\n<meta property=\"og:type\" content=\"article\" \/>\n<meta property=\"og:title\" content=\"FAQ | The Official Site of Disney On Ice\" \/>\n<meta property=\"og:description\" content=\"All of your Disney On Ice questions answered here!\" \/>\n<meta property=\"og:url\" content=\"https:\/\/www.disneyonice.com\/da-dk\/faq\/\" \/>\n<meta property=\"og:site_name\" content=\"The Official Site of Disney On Ice\" \/>\n<meta property=\"article:modified_time\" content=\"2026-03-19T14:07:19+00:00\" \/>\n<meta property=\"og:image\" content=\"https:\/\/www.disneyonice.com\/wp-content\/uploads\/2025\/06\/D38_20240831_Orlando_GEO_10503-Edit.png\" \/>\n\t<meta property=\"og:image:width\" content=\"560\" \/>\n\t<meta property=\"og:image:height\" content=\"400\" \/>\n\t<meta property=\"og:image:type\" content=\"image\/png\" \/>\n<meta name=\"twitter:card\" content=\"summary_large_image\" \/>\n<script type=\"application\/ld+json\" class=\"yoast-schema-graph\">{\"@context\":\"https:\/\/schema.org\",\"@graph\":[{\"@type\":\"WebPage\",\"@id\":\"https:\/\/www.disneyonice.com\/faq\/\",\"url\":\"https:\/\/www.disneyonice.com\/faq\/\",\"name\":\"FAQ | The Official Site of Disney On Ice\",\"isPartOf\":{\"@id\":\"https:\/\/www.disneyonice.com\/es-cl\/#website\"},\"datePublished\":\"2023-07-03T08:27:16+00:00\",\"dateModified\":\"2026-03-19T14:07:19+00:00\",\"description\":\"All of your Disney On Ice questions answered here!\",\"breadcrumb\":{\"@id\":\"https:\/\/www.disneyonice.com\/faq\/#breadcrumb\"},\"inLanguage\":\"da-DK\",\"potentialAction\":[{\"@type\":\"ReadAction\",\"target\":[\"https:\/\/www.disneyonice.com\/faq\/\"]}]},{\"@type\":\"BreadcrumbList\",\"@id\":\"https:\/\/www.disneyonice.com\/faq\/#breadcrumb\",\"itemListElement\":[{\"@type\":\"ListItem\",\"position\":1,\"name\":\"Home\",\"item\":\"https:\/\/www.disneyonice.com\/\"},{\"@type\":\"ListItem\",\"position\":2,\"name\":\"FAQ\"}]},{\"@type\":\"WebSite\",\"@id\":\"https:\/\/www.disneyonice.com\/es-cl\/#website\",\"url\":\"https:\/\/www.disneyonice.com\/es-cl\/\",\"name\":\"The Official Site of Disney On Ice\",\"description\":\"A series of touring ice shows produced by Feld Entertainment under agreement with The Walt Disney Company.\",\"publisher\":{\"@id\":\"https:\/\/www.disneyonice.com\/es-cl\/#organization\"},\"potentialAction\":[{\"@type\":\"SearchAction\",\"target\":{\"@type\":\"EntryPoint\",\"urlTemplate\":\"https:\/\/www.disneyonice.com\/es-cl\/?s={search_term_string}\"},\"query-input\":\"required name=search_term_string\"}],\"inLanguage\":\"da-DK\"},{\"@type\":\"Organization\",\"@id\":\"https:\/\/www.disneyonice.com\/es-cl\/#organization\",\"name\":\"Disney On Ice\",\"url\":\"https:\/\/www.disneyonice.com\/es-cl\/\",\"logo\":{\"@type\":\"ImageObject\",\"inLanguage\":\"da-DK\",\"@id\":\"https:\/\/www.disneyonice.com\/es-cl\/#\/schema\/logo\/image\/\",\"url\":\"https:\/\/www.disneyonice.com\/wp-content\/uploads\/2023\/08\/Disney-Check.png\",\"contentUrl\":\"https:\/\/www.disneyonice.com\/wp-content\/uploads\/2023\/08\/Disney-Check.png\",\"width\":100,\"height\":104,\"caption\":\"Disney On Ice\"},\"image\":{\"@id\":\"https:\/\/www.disneyonice.com\/es-cl\/#\/schema\/logo\/image\/\"}}]}<\/script>\n<!-- \/ Yoast SEO plugin. -->","yoast_head_json":{"title":"FAQ | The Official Site of Disney On Ice","description":"All of your Disney On Ice questions answered here!","robots":{"index":"index","follow":"follow","max-snippet":"max-snippet:-1","max-image-preview":"max-image-preview:large","max-video-preview":"max-video-preview:-1"},"canonical":"https:\/\/www.disneyonice.com\/da-dk\/faq\/","og_locale":"da_DK","og_type":"article","og_title":"FAQ | The Official Site of Disney On Ice","og_description":"All of your Disney On Ice questions answered here!","og_url":"https:\/\/www.disneyonice.com\/da-dk\/faq\/","og_site_name":"The Official Site of Disney On Ice","article_modified_time":"2026-03-19T14:07:19+00:00","og_image":[{"width":560,"height":400,"url":"https:\/\/www.disneyonice.com\/wp-content\/uploads\/2025\/06\/D38_20240831_Orlando_GEO_10503-Edit.png","type":"image\/png"}],"twitter_card":"summary_large_image","schema":{"@context":"https:\/\/schema.org","@graph":[{"@type":"WebPage","@id":"https:\/\/www.disneyonice.com\/faq\/","url":"https:\/\/www.disneyonice.com\/faq\/","name":"FAQ | The Official Site of Disney On Ice","isPartOf":{"@id":"https:\/\/www.disneyonice.com\/es-cl\/#website"},"datePublished":"2023-07-03T08:27:16+00:00","dateModified":"2026-03-19T14:07:19+00:00","description":"All of your Disney On Ice questions answered here!","breadcrumb":{"@id":"https:\/\/www.disneyonice.com\/faq\/#breadcrumb"},"inLanguage":"da-DK","potentialAction":[{"@type":"ReadAction","target":["https:\/\/www.disneyonice.com\/faq\/"]}]},{"@type":"BreadcrumbList","@id":"https:\/\/www.disneyonice.com\/faq\/#breadcrumb","itemListElement":[{"@type":"ListItem","position":1,"name":"Home","item":"https:\/\/www.disneyonice.com\/"},{"@type":"ListItem","position":2,"name":"FAQ"}]},{"@type":"WebSite","@id":"https:\/\/www.disneyonice.com\/es-cl\/#website","url":"https:\/\/www.disneyonice.com\/es-cl\/","name":"The Official Site of Disney On Ice","description":"A series of touring ice shows produced by Feld Entertainment under agreement with The Walt Disney Company.","publisher":{"@id":"https:\/\/www.disneyonice.com\/es-cl\/#organization"},"potentialAction":[{"@type":"SearchAction","target":{"@type":"EntryPoint","urlTemplate":"https:\/\/www.disneyonice.com\/es-cl\/?s={search_term_string}"},"query-input":"required name=search_term_string"}],"inLanguage":"da-DK"},{"@type":"Organization","@id":"https:\/\/www.disneyonice.com\/es-cl\/#organization","name":"Disney On Ice","url":"https:\/\/www.disneyonice.com\/es-cl\/","logo":{"@type":"ImageObject","inLanguage":"da-DK","@id":"https:\/\/www.disneyonice.com\/es-cl\/#\/schema\/logo\/image\/","url":"https:\/\/www.disneyonice.com\/wp-content\/uploads\/2023\/08\/Disney-Check.png","contentUrl":"https:\/\/www.disneyonice.com\/wp-content\/uploads\/2023\/08\/Disney-Check.png","width":100,"height":104,"caption":"Disney On Ice"},"image":{"@id":"https:\/\/www.disneyonice.com\/es-cl\/#\/schema\/logo\/image\/"}}]}},"_links":{"self":[{"href":"https:\/\/www.disneyonice.com\/da-dk\/wp-json\/wp\/v2\/pages\/23"}],"collection":[{"href":"https:\/\/www.disneyonice.com\/da-dk\/wp-json\/wp\/v2\/pages"}],"about":[{"href":"https:\/\/www.disneyonice.com\/da-dk\/wp-json\/wp\/v2\/types\/page"}],"author":[{"embeddable":true,"href":"https:\/\/www.disneyonice.com\/da-dk\/wp-json\/wp\/v2\/users\/1"}],"replies":[{"embeddable":true,"href":"https:\/\/www.disneyonice.com\/da-dk\/wp-json\/wp\/v2\/comments?post=23"}],"version-history":[{"count":5,"href":"https:\/\/www.disneyonice.com\/da-dk\/wp-json\/wp\/v2\/pages\/23\/revisions"}],"predecessor-version":[{"id":19959,"href":"https:\/\/www.disneyonice.com\/da-dk\/wp-json\/wp\/v2\/pages\/23\/revisions\/19959"}],"wp:featuredmedia":[{"embeddable":true,"href":"https:\/\/www.disneyonice.com\/da-dk\/wp-json\/wp\/v2\/media\/16425"}],"wp:attachment":[{"href":"https:\/\/www.disneyonice.com\/da-dk\/wp-json\/wp\/v2\/media?parent=23"}],"curies":[{"name":"wp","href":"https:\/\/api.w.org\/{rel}","templated":true}]}}